{"id":1330,"date":"2023-04-24T09:06:00","date_gmt":"2023-04-24T09:06:00","guid":{"rendered":"https:\/\/lbcranes.es\/?page_id=1330"},"modified":"2023-06-15T10:32:53","modified_gmt":"2023-06-15T10:32:53","slug":"presupuesto-grua-semi-portico","status":"publish","type":"page","link":"https:\/\/lbcranes.es\/en\/overhead-cranes\/semi-gantry-cranes\/presupuesto-grua-semi-portico\/","title":{"rendered":"Presupuesto Gr\u00faa semi-portico"},"content":{"rendered":"<div class=\"wp-block-uagb-container uagb-block-0dc67f4b alignfull uagb-is-root-container\"><div class=\"uagb-container-inner-blocks-wrap\">\n<div class=\"wp-block-uagb-advanced-heading uagb-block-6e8f16c1\"><h1 class=\"uagb-heading-text\">Semi gantry cranes<\/h1><\/div>\n<\/div><\/div>\n\n\n\n<div class=\"wp-block-uagb-container uagb-block-1d9465ce alignfull uagb-is-root-container\"><div class=\"uagb-container-inner-blocks-wrap\">\n<hr class=\"wp-block-separator has-text-color has-alpha-channel-opacity has-background\" style=\"background-color:#ffffff00;color:#ffffff00\"\/>\n\n\n\n<h2 class=\"wp-block-heading has-text-align-center\">Semi gantry cranes, efficiency and ease<\/h2>\n\n\n\n<div class=\"wp-block-uagb-container uagb-block-9b5d2bea\">\n<div class=\"wp-block-columns is-layout-flex wp-container-core-columns-is-layout-28f84493 wp-block-columns-is-layout-flex\">\n<div class=\"wp-block-column is-layout-flow wp-block-column-is-layout-flow\"><style id=\"wpforms-css-vars-root\">\n\t\t\t\t:root {\n\t\t\t\t\t--wpforms-field-border-radius: 3px;\n--wpforms-field-background-color: #ffffff;\n--wpforms-field-border-color: rgba( 0, 0, 0, 0.25 );\n--wpforms-field-text-color: rgba( 0, 0, 0, 0.7 );\n--wpforms-label-color: rgba( 0, 0, 0, 0.85 );\n--wpforms-label-sublabel-color: rgba( 0, 0, 0, 0.55 );\n--wpforms-label-error-color: #d63637;\n--wpforms-button-border-radius: 3px;\n--wpforms-button-background-color: #066aab;\n--wpforms-button-text-color: #ffffff;\n--wpforms-page-break-color: #066aab;\n--wpforms-field-size-input-height: 43px;\n--wpforms-field-size-input-spacing: 15px;\n--wpforms-field-size-font-size: 16px;\n--wpforms-field-size-line-height: 19px;\n--wpforms-field-size-padding-h: 14px;\n--wpforms-field-size-checkbox-size: 16px;\n--wpforms-field-size-sublabel-spacing: 5px;\n--wpforms-field-size-icon-size: 1;\n--wpforms-label-size-font-size: 16px;\n--wpforms-label-size-line-height: 19px;\n--wpforms-label-size-sublabel-font-size: 14px;\n--wpforms-label-size-sublabel-line-height: 17px;\n--wpforms-button-size-font-size: 17px;\n--wpforms-button-size-height: 41px;\n--wpforms-button-size-padding-h: 15px;\n--wpforms-button-size-margin-top: 10px;\n\n\t\t\t\t}\n\t\t\t<\/style><div class=\"wpforms-container wpforms-block wpforms-block-47a99680-a584-442d-8405-48b4a9273191 wpforms-render-modern\" id=\"wpforms-1332\"><form id=\"wpforms-form-1332\" class=\"wpforms-validate wpforms-form wpforms-ajax-form\" data-formid=\"1332\" method=\"post\" enctype=\"multipart\/form-data\" action=\"\/en\/wp-json\/wp\/v2\/pages\/1330\" data-token=\"6e0e5f01b0491accc05b44bcf17966fb\" data-trp-original-action=\"\/en\/wp-json\/wp\/v2\/pages\/1330\"><noscript class=\"wpforms-error-noscript\">Please enable JavaScript in your browser to complete this form.<\/noscript><div class=\"wpforms-hidden\" id=\"wpforms-error-noscript\">Please enable JavaScript in your browser to complete this form.<\/div><div class=\"wpforms-field-container\"><div id=\"wpforms-1332-field_1-container\" class=\"wpforms-field wpforms-field-text\" data-field-id=\"1\"><label class=\"wpforms-field-label\" for=\"wpforms-1332-field_1\">Name <span class=\"wpforms-required-label\" aria-hidden=\"true\">*<\/span><\/label><input type=\"text\" id=\"wpforms-1332-field_1\" class=\"wpforms-field-medium wpforms-field-required\" name=\"wpforms[fields][1]\" aria-errormessage=\"wpforms-1332-field_1-error\" required><\/div><div id=\"wpforms-1332-field_2-container\" class=\"wpforms-field wpforms-field-text\" data-field-id=\"2\"><label class=\"wpforms-field-label\" for=\"wpforms-1332-field_2\">Business <span class=\"wpforms-required-label\" aria-hidden=\"true\">*<\/span><\/label><input type=\"text\" id=\"wpforms-1332-field_2\" class=\"wpforms-field-medium wpforms-field-required\" name=\"wpforms[fields][2]\" aria-errormessage=\"wpforms-1332-field_2-error\" required><\/div><div id=\"wpforms-1332-field_4-container\" class=\"wpforms-field wpforms-field-text\" data-field-id=\"4\"><label class=\"wpforms-field-label\" for=\"wpforms-1332-field_4\">Location <span class=\"wpforms-required-label\" aria-hidden=\"true\">*<\/span><\/label><input type=\"text\" id=\"wpforms-1332-field_4\" class=\"wpforms-field-medium wpforms-field-required\" name=\"wpforms[fields][4]\" aria-errormessage=\"wpforms-1332-field_4-error\" required><\/div><div id=\"wpforms-1332-field_7-container\" class=\"wpforms-field wpforms-field-email\" data-field-id=\"7\"><label class=\"wpforms-field-label\" for=\"wpforms-1332-field_7\">e-mail <span class=\"wpforms-required-label\" aria-hidden=\"true\">*<\/span><\/label><input type=\"email\" id=\"wpforms-1332-field_7\" class=\"wpforms-field-medium wpforms-field-required\" name=\"wpforms[fields][7]\" placeholder=\"ejemplo@tuempresa.com\" spellcheck=\"false\" aria-errormessage=\"wpforms-1332-field_7-error\" required><\/div><div id=\"wpforms-1332-field_15-container\" class=\"wpforms-field wpforms-field-text\" data-field-id=\"15\"><label class=\"wpforms-field-label\" for=\"wpforms-1332-field_15\">Phone <span class=\"wpforms-required-label\" aria-hidden=\"true\">*<\/span><\/label><input type=\"text\" id=\"wpforms-1332-field_15\" class=\"wpforms-field-medium wpforms-field-required wpforms-limit-characters-enabled\" data-form-id=\"1332\" data-field-id=\"15\" data-text-limit=\"15\" name=\"wpforms[fields][15]\" placeholder=\"+34 xxx xxx xxx\" aria-errormessage=\"wpforms-1332-field_15-error\" maxlength=\"15\" required><\/div><div id=\"wpforms-1332-field_16-container\" class=\"wpforms-field wpforms-field-text\" data-field-id=\"16\"><label class=\"wpforms-field-label\" for=\"wpforms-1332-field_16\">Lifting Capacity Needed (kg)<\/label><input type=\"text\" id=\"wpforms-1332-field_16\" class=\"wpforms-field-medium\" name=\"wpforms[fields][16]\" aria-errormessage=\"wpforms-1332-field_16-error\" ><\/div><div id=\"wpforms-1332-field_17-container\" class=\"wpforms-field wpforms-field-text\" data-field-id=\"17\"><label class=\"wpforms-field-label\" for=\"wpforms-1332-field_17\">Hook Height (AG)<\/label><input type=\"text\" id=\"wpforms-1332-field_17\" class=\"wpforms-field-medium\" name=\"wpforms[fields][17]\" placeholder=\"mm\" aria-errormessage=\"wpforms-1332-field_17-error\" ><\/div><div id=\"wpforms-1332-field_18-container\" class=\"wpforms-field wpforms-field-text\" data-field-id=\"18\"><label class=\"wpforms-field-label\" for=\"wpforms-1332-field_18\">Beam height (AV)<\/label><input type=\"text\" id=\"wpforms-1332-field_18\" class=\"wpforms-field-medium\" name=\"wpforms[fields][18]\" placeholder=\"mm\" aria-errormessage=\"wpforms-1332-field_18-error\" ><\/div><div id=\"wpforms-1332-field_19-container\" class=\"wpforms-field wpforms-field-text\" data-field-id=\"19\"><label class=\"wpforms-field-label\" for=\"wpforms-1332-field_19\">Crane Span (LZ)<\/label><input type=\"text\" id=\"wpforms-1332-field_19\" class=\"wpforms-field-medium\" name=\"wpforms[fields][19]\" placeholder=\"mm\" aria-errormessage=\"wpforms-1332-field_19-error\" ><\/div><\/div><!-- .wpforms-field-container --><div class=\"wpforms-submit-container\" ><input type=\"hidden\" name=\"wpforms[id]\" value=\"1332\"><input type=\"hidden\" name=\"wpforms[author]\" value=\"1\"><button type=\"submit\" name=\"wpforms[submit]\" id=\"wpforms-submit-1332\" class=\"wpforms-submit\" data-alt-text=\"Enviando...\" data-submit-text=\"Enviar\" aria-live=\"assertive\" value=\"wpforms-submit\">Send<\/button><img loading=\"lazy\" decoding=\"async\" src=\"https:\/\/lbcranes.es\/wp-content\/plugins\/wpforms-lite\/assets\/images\/submit-spin.svg\" class=\"wpforms-submit-spinner\" style=\"display: none;\" width=\"26\" height=\"26\" alt=\"Loading\"><\/div><input type=\"hidden\" name=\"trp-form-language\" value=\"en\"\/><\/form><\/div>  <!-- .wpforms-container --><\/div>\n\n\n\n<div class=\"wp-block-column is-layout-flow wp-block-column-is-layout-flow\">\n<figure class=\"wp-block-image size-full\"><img loading=\"lazy\" decoding=\"async\" width=\"898\" height=\"801\" src=\"https:\/\/i0.wp.com\/lbcranes.es\/wp-content\/uploads\/2023\/04\/ESQUEMA-SEMI-PORTICO.jpg?resize=898%2C801&#038;ssl=1\" alt=\"\" class=\"wp-image-1336\" srcset=\"https:\/\/i0.wp.com\/lbcranes.es\/wp-content\/uploads\/2023\/04\/ESQUEMA-SEMI-PORTICO.jpg?w=898&amp;ssl=1 898w, https:\/\/i0.wp.com\/lbcranes.es\/wp-content\/uploads\/2023\/04\/ESQUEMA-SEMI-PORTICO.jpg?resize=300%2C268&amp;ssl=1 300w, https:\/\/i0.wp.com\/lbcranes.es\/wp-content\/uploads\/2023\/04\/ESQUEMA-SEMI-PORTICO.jpg?resize=768%2C685&amp;ssl=1 768w, https:\/\/i0.wp.com\/lbcranes.es\/wp-content\/uploads\/2023\/04\/ESQUEMA-SEMI-PORTICO.jpg?resize=13%2C12&amp;ssl=1 13w\" sizes=\"auto, (max-width: 898px) 100vw, 898px\" data-recalc-dims=\"1\" \/><\/figure>\n\n\n\n<div style=\"height:20px\" aria-hidden=\"true\" class=\"wp-block-spacer\"><\/div>\n\n\n\n<p><strong>Last Projects<\/strong><\/p>\n\n\n\n<div class=\"inherit-container-width wp-block-group is-layout-constrained wp-block-group-is-layout-constrained\"><ul class=\"wp-block-latest-posts__list wp-block-latest-posts\"><li><div class=\"wp-block-latest-posts__featured-image alignleft\"><img loading=\"lazy\" decoding=\"async\" width=\"150\" height=\"150\" src=\"https:\/\/i0.wp.com\/lbcranes.es\/wp-content\/uploads\/2025\/08\/image1-2.jpeg?resize=150%2C150&amp;ssl=1\" class=\"attachment-thumbnail size-thumbnail wp-post-image\" alt=\"\" style=\"\" srcset=\"https:\/\/i0.wp.com\/lbcranes.es\/wp-content\/uploads\/2025\/08\/image1-2.jpeg?resize=150%2C150&amp;ssl=1 150w, https:\/\/i0.wp.com\/lbcranes.es\/wp-content\/uploads\/2025\/08\/image1-2.jpeg?zoom=2&amp;resize=150%2C150&amp;ssl=1 300w, https:\/\/i0.wp.com\/lbcranes.es\/wp-content\/uploads\/2025\/08\/image1-2.jpeg?zoom=3&amp;resize=150%2C150&amp;ssl=1 450w\" sizes=\"auto, (max-width: 150px) 100vw, 150px\" \/><\/div><a class=\"wp-block-latest-posts__post-title\" href=\"https:\/\/lbcranes.es\/en\/semi-gantry-crane-installation-madrid\/\">Installation of a Semi-Gantry Crane in Madrid<\/a><\/li>\n<li><div class=\"wp-block-latest-posts__featured-image alignleft\"><img loading=\"lazy\" decoding=\"async\" width=\"150\" height=\"150\" src=\"https:\/\/i0.wp.com\/lbcranes.es\/wp-content\/uploads\/2023\/03\/porcelanosa-1-e1678444896273.jpg?resize=150%2C150&amp;ssl=1\" class=\"attachment-thumbnail size-thumbnail wp-post-image\" alt=\"Semi p\u00f3rtico LBCranes.\" style=\"\" srcset=\"https:\/\/i0.wp.com\/lbcranes.es\/wp-content\/uploads\/2023\/03\/porcelanosa-1-e1678444896273.jpg?resize=150%2C150&amp;ssl=1 150w, https:\/\/i0.wp.com\/lbcranes.es\/wp-content\/uploads\/2023\/03\/porcelanosa-1-e1678444896273.jpg?zoom=2&amp;resize=150%2C150&amp;ssl=1 300w, https:\/\/i0.wp.com\/lbcranes.es\/wp-content\/uploads\/2023\/03\/porcelanosa-1-e1678444896273.jpg?zoom=3&amp;resize=150%2C150&amp;ssl=1 450w\" sizes=\"auto, (max-width: 150px) 100vw, 150px\" \/><\/div><a class=\"wp-block-latest-posts__post-title\" href=\"https:\/\/lbcranes.es\/en\/diseno-puente-grua-semi-portico-5-0tn\/\">Semi Gantry Bridge Crane Design - 5.0Tn<\/a><\/li>\n<\/ul><\/div>\n<\/div>\n<\/div>\n<\/div>\n\n\n\n<div style=\"height:50px\" aria-hidden=\"true\" class=\"wp-block-spacer\"><\/div>\n\n\n\n<div class=\"wp-block-uagb-call-to-action uagb-block-cf4e934d wp-block-button\"><div class=\"uagb-cta__wrap\"><h3 class=\"uagb-cta__title\">Maintenance of semi-portal cranes<\/h3><p class=\"uagb-cta__desc\">Performing regular maintenance on your cranes will allow you to prevent costly repairs in the future. It will also ensure that your machines run safely and efficiently, which will increase productivity and reduce costs.<\/p><\/div><div class=\"uagb-cta__buttons\"><a href=\"https:\/\/lbcranes.es\/en\/overhead-crane-maintenance\/\" class=\"uagb-cta__button-link-wrapper wp-block-button__link\" target=\"_blank\" rel=\"noopener noreferrer\">Maintenance <svg xmlns=\"https:\/\/www.w3.org\/2000\/svg\" viewbox=\"0 0 512 512\"><path d=\"M504.3 273.6l-112.1 104c-6.992 6.484-17.18 8.218-25.94 4.406c-8.758-3.812-14.42-12.45-14.42-21.1L351.9 288H32C14.33 288 .0002 273.7 .0002 255.1S14.33 224 32 224h319.9l0-72c0-9.547 5.66-18.19 14.42-22c8.754-3.809 18.95-2.075 25.94 4.41l112.1 104C514.6 247.9 514.6 264.1 504.3 273.6z\"><\/path><\/svg><\/a><\/div><\/div>\n\n\n\n<div style=\"height:100px\" aria-hidden=\"true\" class=\"wp-block-spacer\"><\/div>\n<\/div><\/div>","protected":false},"excerpt":{"rendered":"<p>Gr\u00faas semi p\u00f3rtico Gr\u00faas semi p\u00f3rtico, eficiencia y manejo \u00daltimos proyectos<\/p>","protected":false},"author":1,"featured_media":0,"parent":1355,"menu_order":0,"comment_status":"closed","ping_status":"closed","template":"","meta":{"_uag_custom_page_level_css":"","site-sidebar-layout":"default","site-content-layout":"","ast-site-content-layout":"","site-content-style":"default","site-sidebar-style":"default","ast-global-header-display":"","ast-banner-title-visibility":"","ast-main-header-display":"","ast-hfb-above-header-display":"","ast-hfb-below-header-display":"","ast-hfb-mobile-header-display":"","site-post-title":"disabled","ast-breadcrumbs-content":"","ast-featured-img":"","footer-sml-layout":"","theme-transparent-header-meta":"","adv-header-id-meta":"","stick-header-meta":"","header-above-stick-meta":"","header-main-stick-meta":"","header-below-stick-meta":"","astra-migrate-meta-layouts":"default","ast-page-background-enabled":"default","ast-page-background-meta":{"desktop":{"background-color":"var(--ast-global-color-4)","background-image":"","background-repeat":"repeat","background-position":"center center","background-size":"auto","background-attachment":"scroll","background-type":"","background-media":"","overlay-type":"","overlay-color":"","overlay-gradient":""},"tablet":{"background-color":"","background-image":"","background-repeat":"repeat","background-position":"center center","background-size":"auto","background-attachment":"scroll","background-type":"","background-media":"","overlay-type":"","overlay-color":"","overlay-gradient":""},"mobile":{"background-color":"","background-image":"","background-repeat":"repeat","background-position":"center center","background-size":"auto","background-attachment":"scroll","background-type":"","background-media":"","overlay-type":"","overlay-color":"","overlay-gradient":""}},"ast-content-background-meta":{"desktop":{"background-color":"var(--ast-global-color-5)","background-image":"","background-repeat":"repeat","background-position":"center center","background-size":"auto","background-attachment":"scroll","background-type":"","background-media":"","overlay-type":"","overlay-color":"","overlay-gradient":""},"tablet":{"background-color":"var(--ast-global-color-5)","background-image":"","background-repeat":"repeat","background-position":"center center","background-size":"auto","background-attachment":"scroll","background-type":"","background-media":"","overlay-type":"","overlay-color":"","overlay-gradient":""},"mobile":{"background-color":"var(--ast-global-color-5)","background-image":"","background-repeat":"repeat","background-position":"center center","background-size":"auto","background-attachment":"scroll","background-type":"","background-media":"","overlay-type":"","overlay-color":"","overlay-gradient":""}},"footnotes":""},"class_list":["post-1330","page","type-page","status-publish","hentry"],"yoast_head":"<!-- This site is optimized with the Yoast SEO plugin v22.3 - https:\/\/yoast.com\/wordpress\/plugins\/seo\/ -->\n<title>Presupuesto Gr\u00faa semi-portico - LBCranes Puentes Gr\u00faa Espa\u00f1a<\/title>\n<meta name=\"robots\" content=\"noindex, follow\" \/>\n<meta property=\"og:locale\" content=\"en_GB\" \/>\n<meta property=\"og:type\" content=\"article\" \/>\n<meta property=\"og:title\" content=\"Presupuesto Gr\u00faa semi-portico - LBCranes Puentes Gr\u00faa Espa\u00f1a\" \/>\n<meta property=\"og:description\" content=\"Gr\u00faas semi p\u00f3rtico Gr\u00faas semi p\u00f3rtico, eficiencia y manejo \u00daltimos proyectos\" \/>\n<meta property=\"og:url\" content=\"https:\/\/lbcranes.es\/en\/overhead-cranes\/semi-gantry-cranes\/presupuesto-grua-semi-portico\/\" \/>\n<meta property=\"og:site_name\" content=\"LBCranes Puentes Gr\u00faa Espa\u00f1a\" \/>\n<meta property=\"article:modified_time\" content=\"2023-06-15T10:32:53+00:00\" \/>\n<meta property=\"og:image\" content=\"https:\/\/lbcranes.es\/wp-content\/uploads\/2023\/04\/ESQUEMA-SEMI-PORTICO.jpg\" \/>\n<meta name=\"twitter:card\" content=\"summary_large_image\" \/>\n<meta name=\"twitter:label1\" content=\"Estimated reading time\" \/>\n\t<meta name=\"twitter:data1\" content=\"1 minute\" \/>\n<script type=\"application\/ld+json\" class=\"yoast-schema-graph\">{\"@context\":\"https:\/\/schema.org\",\"@graph\":[{\"@type\":\"WebPage\",\"@id\":\"https:\/\/lbcranes.es\/puentes-grua\/gruas-semi-portico\/presupuesto-grua-semi-portico\/\",\"url\":\"https:\/\/lbcranes.es\/puentes-grua\/gruas-semi-portico\/presupuesto-grua-semi-portico\/\",\"name\":\"Presupuesto Gr\u00faa semi-portico - LBCranes Puentes Gr\u00faa Espa\u00f1a\",\"isPartOf\":{\"@id\":\"https:\/\/lbcranes.es\/#website\"},\"primaryImageOfPage\":{\"@id\":\"https:\/\/lbcranes.es\/puentes-grua\/gruas-semi-portico\/presupuesto-grua-semi-portico\/#primaryimage\"},\"image\":{\"@id\":\"https:\/\/lbcranes.es\/puentes-grua\/gruas-semi-portico\/presupuesto-grua-semi-portico\/#primaryimage\"},\"thumbnailUrl\":\"https:\/\/lbcranes.es\/wp-content\/uploads\/2023\/04\/ESQUEMA-SEMI-PORTICO.jpg\",\"datePublished\":\"2023-04-24T09:06:00+00:00\",\"dateModified\":\"2023-06-15T10:32:53+00:00\",\"breadcrumb\":{\"@id\":\"https:\/\/lbcranes.es\/puentes-grua\/gruas-semi-portico\/presupuesto-grua-semi-portico\/#breadcrumb\"},\"inLanguage\":\"en-GB\",\"potentialAction\":[{\"@type\":\"ReadAction\",\"target\":[\"https:\/\/lbcranes.es\/puentes-grua\/gruas-semi-portico\/presupuesto-grua-semi-portico\/\"]}]},{\"@type\":\"ImageObject\",\"inLanguage\":\"en-GB\",\"@id\":\"https:\/\/lbcranes.es\/puentes-grua\/gruas-semi-portico\/presupuesto-grua-semi-portico\/#primaryimage\",\"url\":\"https:\/\/i0.wp.com\/lbcranes.es\/wp-content\/uploads\/2023\/04\/ESQUEMA-SEMI-PORTICO.jpg?fit=898%2C801&ssl=1\",\"contentUrl\":\"https:\/\/i0.wp.com\/lbcranes.es\/wp-content\/uploads\/2023\/04\/ESQUEMA-SEMI-PORTICO.jpg?fit=898%2C801&ssl=1\",\"width\":898,\"height\":801,\"caption\":\"Esquema gr\u00faa semi p\u00f3rtico\"},{\"@type\":\"BreadcrumbList\",\"@id\":\"https:\/\/lbcranes.es\/puentes-grua\/gruas-semi-portico\/presupuesto-grua-semi-portico\/#breadcrumb\",\"itemListElement\":[{\"@type\":\"ListItem\",\"position\":1,\"name\":\"Portada\",\"item\":\"https:\/\/lbcranes.es\/\"},{\"@type\":\"ListItem\",\"position\":2,\"name\":\"Precio puentes gr\u00faa de calidad\",\"item\":\"https:\/\/lbcranes.es\/puentes-grua\/\"},{\"@type\":\"ListItem\",\"position\":3,\"name\":\"Gr\u00faas semi p\u00f3rtico\",\"item\":\"https:\/\/lbcranes.es\/puentes-grua\/gruas-semi-portico\/\"},{\"@type\":\"ListItem\",\"position\":4,\"name\":\"Presupuesto Gr\u00faa semi-portico\"}]},{\"@type\":\"WebSite\",\"@id\":\"https:\/\/lbcranes.es\/#website\",\"url\":\"https:\/\/lbcranes.es\/\",\"name\":\"LBCranes Puentes Gr\u00faa Espa\u00f1a\",\"description\":\"Venta e instalaci\u00f3n de puentes gr\u00faa y sistemas de elevaci\u00f3n para industria.\",\"publisher\":{\"@id\":\"https:\/\/lbcranes.es\/#organization\"},\"alternateName\":\"LBCranes\",\"potentialAction\":[{\"@type\":\"SearchAction\",\"target\":{\"@type\":\"EntryPoint\",\"urlTemplate\":\"https:\/\/lbcranes.es\/?s={search_term_string}\"},\"query-input\":\"required name=search_term_string\"}],\"inLanguage\":\"en-GB\"},{\"@type\":\"Organization\",\"@id\":\"https:\/\/lbcranes.es\/#organization\",\"name\":\"LBCranes Puentes Gr\u00faa\",\"alternateName\":\"LBCranes Lifting Equipments\",\"url\":\"https:\/\/lbcranes.es\/\",\"logo\":{\"@type\":\"ImageObject\",\"inLanguage\":\"en-GB\",\"@id\":\"https:\/\/lbcranes.es\/#\/schema\/logo\/image\/\",\"url\":\"https:\/\/lbcranes.es\/wp-content\/uploads\/2023\/02\/lbcranes_logo.svg\",\"contentUrl\":\"https:\/\/lbcranes.es\/wp-content\/uploads\/2023\/02\/lbcranes_logo.svg\",\"width\":1,\"height\":1,\"caption\":\"LBCranes Puentes Gr\u00faa\"},\"image\":{\"@id\":\"https:\/\/lbcranes.es\/#\/schema\/logo\/image\/\"},\"sameAs\":[\"https:\/\/www.instagram.com\/lbcranes\/\",\"https:\/\/www.linkedin.com\/company\/lbcranes-lifting-equipments\"]}]}<\/script>\n<!-- \/ Yoast SEO plugin. -->","yoast_head_json":{"title":"Presupuesto Gr\u00faa semi-portico - LBCranes Puentes Gr\u00faa Espa\u00f1a","robots":{"index":"noindex","follow":"follow"},"og_locale":"en_GB","og_type":"article","og_title":"Presupuesto Gr\u00faa semi-portico - LBCranes Puentes Gr\u00faa Espa\u00f1a","og_description":"Gr\u00faas semi p\u00f3rtico Gr\u00faas semi p\u00f3rtico, eficiencia y manejo \u00daltimos proyectos","og_url":"https:\/\/lbcranes.es\/en\/overhead-cranes\/semi-gantry-cranes\/presupuesto-grua-semi-portico\/","og_site_name":"LBCranes Puentes Gr\u00faa Espa\u00f1a","article_modified_time":"2023-06-15T10:32:53+00:00","og_image":[{"url":"https:\/\/lbcranes.es\/wp-content\/uploads\/2023\/04\/ESQUEMA-SEMI-PORTICO.jpg"}],"twitter_card":"summary_large_image","twitter_misc":{"Estimated reading time":"1 minute"},"schema":{"@context":"https:\/\/schema.org","@graph":[{"@type":"WebPage","@id":"https:\/\/lbcranes.es\/puentes-grua\/gruas-semi-portico\/presupuesto-grua-semi-portico\/","url":"https:\/\/lbcranes.es\/puentes-grua\/gruas-semi-portico\/presupuesto-grua-semi-portico\/","name":"Presupuesto Gr\u00faa semi-portico - LBCranes Puentes Gr\u00faa Espa\u00f1a","isPartOf":{"@id":"https:\/\/lbcranes.es\/#website"},"primaryImageOfPage":{"@id":"https:\/\/lbcranes.es\/puentes-grua\/gruas-semi-portico\/presupuesto-grua-semi-portico\/#primaryimage"},"image":{"@id":"https:\/\/lbcranes.es\/puentes-grua\/gruas-semi-portico\/presupuesto-grua-semi-portico\/#primaryimage"},"thumbnailUrl":"https:\/\/lbcranes.es\/wp-content\/uploads\/2023\/04\/ESQUEMA-SEMI-PORTICO.jpg","datePublished":"2023-04-24T09:06:00+00:00","dateModified":"2023-06-15T10:32:53+00:00","breadcrumb":{"@id":"https:\/\/lbcranes.es\/puentes-grua\/gruas-semi-portico\/presupuesto-grua-semi-portico\/#breadcrumb"},"inLanguage":"en-GB","potentialAction":[{"@type":"ReadAction","target":["https:\/\/lbcranes.es\/puentes-grua\/gruas-semi-portico\/presupuesto-grua-semi-portico\/"]}]},{"@type":"ImageObject","inLanguage":"en-GB","@id":"https:\/\/lbcranes.es\/puentes-grua\/gruas-semi-portico\/presupuesto-grua-semi-portico\/#primaryimage","url":"https:\/\/i0.wp.com\/lbcranes.es\/wp-content\/uploads\/2023\/04\/ESQUEMA-SEMI-PORTICO.jpg?fit=898%2C801&ssl=1","contentUrl":"https:\/\/i0.wp.com\/lbcranes.es\/wp-content\/uploads\/2023\/04\/ESQUEMA-SEMI-PORTICO.jpg?fit=898%2C801&ssl=1","width":898,"height":801,"caption":"Esquema gr\u00faa semi p\u00f3rtico"},{"@type":"BreadcrumbList","@id":"https:\/\/lbcranes.es\/puentes-grua\/gruas-semi-portico\/presupuesto-grua-semi-portico\/#breadcrumb","itemListElement":[{"@type":"ListItem","position":1,"name":"Portada","item":"https:\/\/lbcranes.es\/"},{"@type":"ListItem","position":2,"name":"Precio puentes gr\u00faa de calidad","item":"https:\/\/lbcranes.es\/puentes-grua\/"},{"@type":"ListItem","position":3,"name":"Gr\u00faas semi p\u00f3rtico","item":"https:\/\/lbcranes.es\/puentes-grua\/gruas-semi-portico\/"},{"@type":"ListItem","position":4,"name":"Presupuesto Gr\u00faa semi-portico"}]},{"@type":"WebSite","@id":"https:\/\/lbcranes.es\/#website","url":"https:\/\/lbcranes.es\/","name":"LBCranes Puentes Gr\u00faa Espa\u00f1a","description":"Venta e instalaci\u00f3n de puentes gr\u00faa y sistemas de elevaci\u00f3n para industria.","publisher":{"@id":"https:\/\/lbcranes.es\/#organization"},"alternateName":"LBCranes","potentialAction":[{"@type":"SearchAction","target":{"@type":"EntryPoint","urlTemplate":"https:\/\/lbcranes.es\/?s={search_term_string}"},"query-input":"required name=search_term_string"}],"inLanguage":"en-GB"},{"@type":"Organization","@id":"https:\/\/lbcranes.es\/#organization","name":"LBCranes Puentes Gr\u00faa","alternateName":"LBCranes Lifting Equipments","url":"https:\/\/lbcranes.es\/","logo":{"@type":"ImageObject","inLanguage":"en-GB","@id":"https:\/\/lbcranes.es\/#\/schema\/logo\/image\/","url":"https:\/\/lbcranes.es\/wp-content\/uploads\/2023\/02\/lbcranes_logo.svg","contentUrl":"https:\/\/lbcranes.es\/wp-content\/uploads\/2023\/02\/lbcranes_logo.svg","width":1,"height":1,"caption":"LBCranes Puentes Gr\u00faa"},"image":{"@id":"https:\/\/lbcranes.es\/#\/schema\/logo\/image\/"},"sameAs":["https:\/\/www.instagram.com\/lbcranes\/","https:\/\/www.linkedin.com\/company\/lbcranes-lifting-equipments"]}]}},"jetpack_sharing_enabled":true,"uagb_featured_image_src":{"full":false,"thumbnail":false,"medium":false,"medium_large":false,"large":false,"1536x1536":false,"2048x2048":false,"trp-custom-language-flag":false},"uagb_author_info":{"display_name":"admin","author_link":"https:\/\/lbcranes.es\/en\/author\/miquelcoll\/"},"uagb_comment_info":0,"uagb_excerpt":"Gr\u00faas semi p\u00f3rtico Gr\u00faas semi p\u00f3rtico, eficiencia y manejo \u00daltimos proyectos","jetpack-related-posts":[],"_links":{"self":[{"href":"https:\/\/lbcranes.es\/en\/wp-json\/wp\/v2\/pages\/1330","targetHints":{"allow":["GET"]}}],"collection":[{"href":"https:\/\/lbcranes.es\/en\/wp-json\/wp\/v2\/pages"}],"about":[{"href":"https:\/\/lbcranes.es\/en\/wp-json\/wp\/v2\/types\/page"}],"author":[{"embeddable":true,"href":"https:\/\/lbcranes.es\/en\/wp-json\/wp\/v2\/users\/1"}],"replies":[{"embeddable":true,"href":"https:\/\/lbcranes.es\/en\/wp-json\/wp\/v2\/comments?post=1330"}],"version-history":[{"count":5,"href":"https:\/\/lbcranes.es\/en\/wp-json\/wp\/v2\/pages\/1330\/revisions"}],"predecessor-version":[{"id":2256,"href":"https:\/\/lbcranes.es\/en\/wp-json\/wp\/v2\/pages\/1330\/revisions\/2256"}],"up":[{"embeddable":true,"href":"https:\/\/lbcranes.es\/en\/wp-json\/wp\/v2\/pages\/1355"}],"wp:attachment":[{"href":"https:\/\/lbcranes.es\/en\/wp-json\/wp\/v2\/media?parent=1330"}],"curies":[{"name":"wp","href":"https:\/\/api.w.org\/{rel}","templated":true}]}}