{"id":177,"date":"2023-02-08T19:55:04","date_gmt":"2023-02-08T19:55:04","guid":{"rendered":"https:\/\/lbcranes.es\/?page_id=177"},"modified":"2023-09-13T10:11:55","modified_gmt":"2023-09-13T10:11:55","slug":"gruas-proceso","status":"publish","type":"page","link":"https:\/\/lbcranes.es\/en\/overhead-cranes\/process-cranes\/","title":{"rendered":"Process cranes"},"content":{"rendered":"<div class=\"wp-block-uagb-container uagb-block-46c6b96f alignfull uagb-is-root-container\"><div class=\"uagb-container-inner-blocks-wrap\">\n<div class=\"wp-block-uagb-advanced-heading uagb-block-c7ff6815\"><h1 class=\"uagb-heading-text\">Process cranes<\/h1><\/div>\n<\/div><\/div>\n\n\n\n<div class=\"wp-block-uagb-container uagb-block-a964bfe5 alignfull uagb-is-root-container\"><div class=\"uagb-container-inner-blocks-wrap\">\n<hr class=\"wp-block-separator has-text-color has-alpha-channel-opacity has-background\" style=\"background-color:#ffffff00;color:#ffffff00\"\/>\n\n\n\n<div class=\"inherit-container-width wp-block-group is-layout-constrained wp-block-group-is-layout-constrained\">\n<div class=\"inherit-container-width wp-block-group is-layout-constrained wp-block-group-is-layout-constrained\">\n<div class=\"wp-block-columns is-layout-flex wp-container-core-columns-is-layout-9f516129 wp-block-columns-is-layout-flex\" style=\"padding-top:var(--wp--preset--spacing--40);padding-right:var(--wp--preset--spacing--40);padding-left:var(--wp--preset--spacing--40)\">\n<div class=\"wp-block-column is-layout-flow wp-block-column-is-layout-flow\" style=\"padding-left:0\">\n<p class=\"has-text-align-left translation-block\">LBCranes manufactures and sells high-performance process cranes, designed to <strong>handle extremely heavy loads and withstand continuous use<\/strong>. We offer high-quality technical solutions that meet the most complex requirements.<\/p>\n\n\n\n<div style=\"height:5px\" aria-hidden=\"true\" class=\"wp-block-spacer\"><\/div>\n\n\n\n<div class=\"wp-block-uagb-advanced-heading uagb-block-dbe1f715 uag-hide-mob\"><h4 class=\"uagb-heading-text\">High loads in continuous use<\/h4><\/div>\n\n\n\n<div style=\"height:5px\" aria-hidden=\"true\" class=\"wp-block-spacer\"><\/div>\n\n\n\n<p class=\"has-text-align-left uag-hide-mob translation-block\">These cranes include increased lifting capacity (<strong>10 to 250 tons<\/strong>), lifting height (<strong>up to 129 meters<\/strong>), utilization group (<strong>ISO classification up to M6<\/strong>), and speed control (variable speed).<\/p>\n\n\n\n<p class=\"has-text-align-left uag-hide-mob\">Our automatic bridges are an excellent option to improve efficiency and safety in your production process. <\/p>\n\n\n\n<p class=\"has-text-align-left uag-hide-mob\">We have a standardised maintenance platform and an innovative wire rope guidance system that reduces stress on the wire rope and extends the life of the crane.<\/p>\n\n\n\n<p>All these features mean that our process cranes more than meet the needs of our customers. Robustness and reliability is the most important thing in process cranes, equipment made to withstand heavy loads for long periods of time. <\/p>\n<\/div>\n\n\n\n<div class=\"wp-block-column is-content-justification-right is-layout-constrained wp-container-core-column-is-layout-d0e502ac wp-block-column-is-layout-constrained\" style=\"padding-left:0;flex-basis:45%\">\n<figure class=\"wp-block-table\"><table class=\"has-border-color has-ast-global-color-0-border-color\" style=\"border-width:1px\"><tbody><tr><td>Lifting Capacity<\/td><td>10tn -250tn<\/td><\/tr><tr><td>Elevation height<\/td><td>&lt;129m<\/td><\/tr><tr><td>ISO<\/td><td>Till M6<\/td><\/tr><tr><td>Velocity Control<\/td><td>Yes<\/td><\/tr><\/tbody><\/table><\/figure>\n\n\n\n<div class=\"wp-block-uagb-image aligncenter uagb-block-85b24609 wp-block-uagb-image--layout-default wp-block-uagb-image--effect-static wp-block-uagb-image--align-center\"><figure class=\"wp-block-uagb-image__figure\"><img decoding=\"async\" srcset=\"https:\/\/i0.wp.com\/lbcranes.es\/wp-content\/uploads\/2023\/08\/grua-de-proceso-180tn-e1694599678176-1024x969.jpg?resize=383%2C338&#038;ssl=1 \" sizes=\"auto, (max-width: 480px) 150px\" src=\"https:\/\/i0.wp.com\/lbcranes.es\/wp-content\/uploads\/2023\/08\/grua-de-proceso-180tn-e1694599678176-1024x969.jpg?resize=383%2C338&#038;ssl=1\" alt=\"process crane LBCranes\" class=\"uag-image-2804\" width=\"383\" height=\"338\" title=\"\" loading=\"lazy\" data-recalc-dims=\"1\"\/><\/figure><\/div>\n<\/div>\n<\/div>\n\n\n\n<div class=\"wp-block-columns has-ast-global-color-0-background-color has-background is-layout-flex wp-container-core-columns-is-layout-2482a876 wp-block-columns-is-layout-flex\" style=\"margin-top:var(--wp--preset--spacing--50);margin-bottom:var(--wp--preset--spacing--50);padding-top:var(--wp--preset--spacing--80);padding-right:var(--wp--preset--spacing--80);padding-bottom:var(--wp--preset--spacing--80);padding-left:var(--wp--preset--spacing--80)\">\n<div class=\"wp-block-column is-layout-flow wp-block-column-is-layout-flow\">\n<div class=\"wp-block-uagb-advanced-heading uagb-block-db29f3df\"><h2 class=\"uagb-heading-text\">Do you need a process crane?<\/h2><p class=\"uagb-desc-text\">We offer you the best offer for your needs.<\/p><\/div>\n<\/div>\n\n\n\n<div class=\"wp-block-column is-layout-flow wp-block-column-is-layout-flow\">\n<div class=\"wp-block-buttons is-content-justification-center is-layout-flex wp-container-core-buttons-is-layout-a89b3969 wp-block-buttons-is-layout-flex\">\n<div class=\"wp-block-button has-custom-font-size has-small-font-size\"><a class=\"wp-block-button__link has-ast-global-color-3-color has-white-background-color has-text-color has-background wp-element-button\" href=\"https:\/\/lbcranes.es\/en\/contacto-2\/\" style=\"padding-top:var(--wp--preset--spacing--50);padding-right:var(--wp--preset--spacing--70);padding-bottom:var(--wp--preset--spacing--50);padding-left:var(--wp--preset--spacing--70)\">Price enquiry<\/a><\/div>\n<\/div>\n<\/div>\n<\/div>\n\n\n\n<div style=\"height:30px\" aria-hidden=\"true\" class=\"wp-block-spacer\"><\/div>\n<\/div>\n\n\n\n<div class=\"wp-block-uagb-call-to-action uagb-block-b2bf20ad wp-block-button\"><div class=\"uagb-cta__wrap\"><h3 class=\"uagb-cta__title\">Process Cranes Maintenance<\/h3><p class=\"uagb-cta__desc\">Good maintenance of process cranes is essential to ensure their long-term operability. Cranes working for long periods of time require more attention due to the wear and fatigue they experience. Proper maintenance reduces the risk of failure, increases operational safety and prolongs the life of the crane.<\/p><\/div><div class=\"uagb-cta__buttons\"><a href=\"https:\/\/lbcranes.es\/en\/overhead-crane-maintenance\/\" class=\"uagb-cta__button-link-wrapper wp-block-button__link\" target=\"_self\" rel=\"noopener noreferrer\">Maintenance<svg xmlns=\"https:\/\/www.w3.org\/2000\/svg\" viewbox=\"0 0 512 512\"><path d=\"M504.3 273.6l-112.1 104c-6.992 6.484-17.18 8.218-25.94 4.406c-8.758-3.812-14.42-12.45-14.42-21.1L351.9 288H32C14.33 288 .0002 273.7 .0002 255.1S14.33 224 32 224h319.9l0-72c0-9.547 5.66-18.19 14.42-22c8.754-3.809 18.95-2.075 25.94 4.41l112.1 104C514.6 247.9 514.6 264.1 504.3 273.6z\"><\/path><\/svg><\/a><\/div><\/div>\n<\/div>\n<\/div><\/div>","protected":false},"excerpt":{"rendered":"<p>Gr\u00faas de proceso LBCranes fabrica y vende gr\u00faas de proceso de alto rendimiento, dise\u00f1ados para manejar cargas extremadamente altas y soportar un uso continuo. Ofrecemos soluciones t\u00e9cnicas de alta calidad que cumplen con los requisitos m\u00e1s complejos. Grandes cargas en uso continuo Estas gr\u00faas incluyen una mayor capacidad de elevaci\u00f3n (10 a 250 toneladas), altura [&hellip;]<\/p>","protected":false},"author":1,"featured_media":554,"parent":137,"menu_order":0,"comment_status":"closed","ping_status":"closed","template":"","meta":{"_uag_custom_page_level_css":"","site-sidebar-layout":"default","site-content-layout":"","ast-site-content-layout":"","site-content-style":"default","site-sidebar-style":"default","ast-global-header-display":"","ast-banner-title-visibility":"","ast-main-header-display":"","ast-hfb-above-header-display":"","ast-hfb-below-header-display":"","ast-hfb-mobile-header-display":"","site-post-title":"disabled","ast-breadcrumbs-content":"","ast-featured-img":"","footer-sml-layout":"","theme-transparent-header-meta":"","adv-header-id-meta":"","stick-header-meta":"","header-above-stick-meta":"","header-main-stick-meta":"","header-below-stick-meta":"","astra-migrate-meta-layouts":"default","ast-page-background-enabled":"default","ast-page-background-meta":{"desktop":{"background-color":"var(--ast-global-color-4)","background-image":"","background-repeat":"repeat","background-position":"center center","background-size":"auto","background-attachment":"scroll","background-type":"","background-media":"","overlay-type":"","overlay-color":"","overlay-gradient":""},"tablet":{"background-color":"","background-image":"","background-repeat":"repeat","background-position":"center center","background-size":"auto","background-attachment":"scroll","background-type":"","background-media":"","overlay-type":"","overlay-color":"","overlay-gradient":""},"mobile":{"background-color":"","background-image":"","background-repeat":"repeat","background-position":"center center","background-size":"auto","background-attachment":"scroll","background-type":"","background-media":"","overlay-type":"","overlay-color":"","overlay-gradient":""}},"ast-content-background-meta":{"desktop":{"background-color":"var(--ast-global-color-5)","background-image":"","background-repeat":"repeat","background-position":"center center","background-size":"auto","background-attachment":"scroll","background-type":"","background-media":"","overlay-type":"","overlay-color":"","overlay-gradient":""},"tablet":{"background-color":"var(--ast-global-color-5)","background-image":"","background-repeat":"repeat","background-position":"center center","background-size":"auto","background-attachment":"scroll","background-type":"","background-media":"","overlay-type":"","overlay-color":"","overlay-gradient":""},"mobile":{"background-color":"var(--ast-global-color-5)","background-image":"","background-repeat":"repeat","background-position":"center center","background-size":"auto","background-attachment":"scroll","background-type":"","background-media":"","overlay-type":"","overlay-color":"","overlay-gradient":""}},"footnotes":""},"class_list":["post-177","page","type-page","status-publish","has-post-thumbnail","hentry"],"yoast_head":"<!-- This site is optimized with the Yoast SEO plugin v22.3 - https:\/\/yoast.com\/wordpress\/plugins\/seo\/ -->\n<title>Gr\u00faas de proceso - LBCranes Puentes Gr\u00faa Espa\u00f1a<\/title>\n<meta name=\"description\" content=\"Gr\u00faas de proceso de alto rendimiento, dise\u00f1ados para manejar cargas extremadamente altas y soportar un uso continuo.\" \/>\n<meta name=\"robots\" content=\"index, follow, max-snippet:-1, max-image-preview:large, max-video-preview:-1\" \/>\n<link rel=\"canonical\" href=\"https:\/\/lbcranes.es\/en\/overhead-cranes\/process-cranes\/\" \/>\n<meta property=\"og:locale\" content=\"en_GB\" \/>\n<meta property=\"og:type\" content=\"article\" \/>\n<meta property=\"og:title\" content=\"Gr\u00faas de proceso - LBCranes Puentes Gr\u00faa Espa\u00f1a\" \/>\n<meta property=\"og:description\" content=\"Gr\u00faas de proceso de alto rendimiento, dise\u00f1ados para manejar cargas extremadamente altas y soportar un uso continuo.\" \/>\n<meta property=\"og:url\" content=\"https:\/\/lbcranes.es\/en\/overhead-cranes\/process-cranes\/\" \/>\n<meta property=\"og:site_name\" content=\"LBCranes Puentes Gr\u00faa Espa\u00f1a\" \/>\n<meta property=\"article:modified_time\" content=\"2023-09-13T10:11:55+00:00\" \/>\n<meta property=\"og:image\" content=\"https:\/\/lbcranes.es\/wp-content\/uploads\/2023\/02\/puente_grua_birrail_lbcrane.png\" \/>\n\t<meta property=\"og:image:width\" content=\"680\" \/>\n\t<meta property=\"og:image:height\" content=\"308\" \/>\n\t<meta property=\"og:image:type\" content=\"image\/png\" \/>\n<meta name=\"twitter:card\" content=\"summary_large_image\" \/>\n<meta name=\"twitter:label1\" content=\"Estimated reading time\" \/>\n\t<meta name=\"twitter:data1\" content=\"2 minutes\" \/>\n<script type=\"application\/ld+json\" class=\"yoast-schema-graph\">{\"@context\":\"https:\/\/schema.org\",\"@graph\":[{\"@type\":\"WebPage\",\"@id\":\"https:\/\/lbcranes.es\/puentes-grua\/gruas-proceso\/\",\"url\":\"https:\/\/lbcranes.es\/puentes-grua\/gruas-proceso\/\",\"name\":\"Gr\u00faas de proceso - LBCranes Puentes Gr\u00faa Espa\u00f1a\",\"isPartOf\":{\"@id\":\"https:\/\/lbcranes.es\/#website\"},\"primaryImageOfPage\":{\"@id\":\"https:\/\/lbcranes.es\/puentes-grua\/gruas-proceso\/#primaryimage\"},\"image\":{\"@id\":\"https:\/\/lbcranes.es\/puentes-grua\/gruas-proceso\/#primaryimage\"},\"thumbnailUrl\":\"https:\/\/i0.wp.com\/lbcranes.es\/wp-content\/uploads\/2023\/02\/puente_grua_birrail_lbcrane.png?fit=680%2C308&ssl=1\",\"datePublished\":\"2023-02-08T19:55:04+00:00\",\"dateModified\":\"2023-09-13T10:11:55+00:00\",\"description\":\"Gr\u00faas de proceso de alto rendimiento, dise\u00f1ados para manejar cargas extremadamente altas y soportar un uso continuo.\",\"breadcrumb\":{\"@id\":\"https:\/\/lbcranes.es\/puentes-grua\/gruas-proceso\/#breadcrumb\"},\"inLanguage\":\"en-GB\",\"potentialAction\":[{\"@type\":\"ReadAction\",\"target\":[\"https:\/\/lbcranes.es\/puentes-grua\/gruas-proceso\/\"]}]},{\"@type\":\"ImageObject\",\"inLanguage\":\"en-GB\",\"@id\":\"https:\/\/lbcranes.es\/puentes-grua\/gruas-proceso\/#primaryimage\",\"url\":\"https:\/\/i0.wp.com\/lbcranes.es\/wp-content\/uploads\/2023\/02\/puente_grua_birrail_lbcrane.png?fit=680%2C308&ssl=1\",\"contentUrl\":\"https:\/\/i0.wp.com\/lbcranes.es\/wp-content\/uploads\/2023\/02\/puente_grua_birrail_lbcrane.png?fit=680%2C308&ssl=1\",\"width\":680,\"height\":308,\"caption\":\"Gr\u00faa de proceso para cargas pesadas.\"},{\"@type\":\"BreadcrumbList\",\"@id\":\"https:\/\/lbcranes.es\/puentes-grua\/gruas-proceso\/#breadcrumb\",\"itemListElement\":[{\"@type\":\"ListItem\",\"position\":1,\"name\":\"Portada\",\"item\":\"https:\/\/lbcranes.es\/\"},{\"@type\":\"ListItem\",\"position\":2,\"name\":\"Precio puentes gr\u00faa de calidad\",\"item\":\"https:\/\/lbcranes.es\/puentes-grua\/\"},{\"@type\":\"ListItem\",\"position\":3,\"name\":\"Gr\u00faas de proceso\"}]},{\"@type\":\"WebSite\",\"@id\":\"https:\/\/lbcranes.es\/#website\",\"url\":\"https:\/\/lbcranes.es\/\",\"name\":\"LBCranes Puentes Gr\u00faa Espa\u00f1a\",\"description\":\"Venta e instalaci\u00f3n de puentes gr\u00faa y sistemas de elevaci\u00f3n para industria.\",\"publisher\":{\"@id\":\"https:\/\/lbcranes.es\/#organization\"},\"alternateName\":\"LBCranes\",\"potentialAction\":[{\"@type\":\"SearchAction\",\"target\":{\"@type\":\"EntryPoint\",\"urlTemplate\":\"https:\/\/lbcranes.es\/?s={search_term_string}\"},\"query-input\":\"required name=search_term_string\"}],\"inLanguage\":\"en-GB\"},{\"@type\":\"Organization\",\"@id\":\"https:\/\/lbcranes.es\/#organization\",\"name\":\"LBCranes Puentes Gr\u00faa\",\"alternateName\":\"LBCranes Lifting Equipments\",\"url\":\"https:\/\/lbcranes.es\/\",\"logo\":{\"@type\":\"ImageObject\",\"inLanguage\":\"en-GB\",\"@id\":\"https:\/\/lbcranes.es\/#\/schema\/logo\/image\/\",\"url\":\"https:\/\/lbcranes.es\/wp-content\/uploads\/2023\/02\/lbcranes_logo.svg\",\"contentUrl\":\"https:\/\/lbcranes.es\/wp-content\/uploads\/2023\/02\/lbcranes_logo.svg\",\"width\":1,\"height\":1,\"caption\":\"LBCranes Puentes Gr\u00faa\"},\"image\":{\"@id\":\"https:\/\/lbcranes.es\/#\/schema\/logo\/image\/\"},\"sameAs\":[\"https:\/\/www.instagram.com\/lbcranes\/\",\"https:\/\/www.linkedin.com\/company\/lbcranes-lifting-equipments\"]}]}<\/script>\n<!-- \/ Yoast SEO plugin. -->","yoast_head_json":{"title":"Gr\u00faas de proceso - LBCranes Puentes Gr\u00faa Espa\u00f1a","description":"Gr\u00faas de proceso de alto rendimiento, dise\u00f1ados para manejar cargas extremadamente altas y soportar un uso continuo.","robots":{"index":"index","follow":"follow","max-snippet":"max-snippet:-1","max-image-preview":"max-image-preview:large","max-video-preview":"max-video-preview:-1"},"canonical":"https:\/\/lbcranes.es\/en\/overhead-cranes\/process-cranes\/","og_locale":"en_GB","og_type":"article","og_title":"Gr\u00faas de proceso - LBCranes Puentes Gr\u00faa Espa\u00f1a","og_description":"Gr\u00faas de proceso de alto rendimiento, dise\u00f1ados para manejar cargas extremadamente altas y soportar un uso continuo.","og_url":"https:\/\/lbcranes.es\/en\/overhead-cranes\/process-cranes\/","og_site_name":"LBCranes Puentes Gr\u00faa Espa\u00f1a","article_modified_time":"2023-09-13T10:11:55+00:00","og_image":[{"width":680,"height":308,"url":"https:\/\/lbcranes.es\/wp-content\/uploads\/2023\/02\/puente_grua_birrail_lbcrane.png","type":"image\/png"}],"twitter_card":"summary_large_image","twitter_misc":{"Estimated reading time":"2 minutes"},"schema":{"@context":"https:\/\/schema.org","@graph":[{"@type":"WebPage","@id":"https:\/\/lbcranes.es\/puentes-grua\/gruas-proceso\/","url":"https:\/\/lbcranes.es\/puentes-grua\/gruas-proceso\/","name":"Gr\u00faas de proceso - LBCranes Puentes Gr\u00faa Espa\u00f1a","isPartOf":{"@id":"https:\/\/lbcranes.es\/#website"},"primaryImageOfPage":{"@id":"https:\/\/lbcranes.es\/puentes-grua\/gruas-proceso\/#primaryimage"},"image":{"@id":"https:\/\/lbcranes.es\/puentes-grua\/gruas-proceso\/#primaryimage"},"thumbnailUrl":"https:\/\/i0.wp.com\/lbcranes.es\/wp-content\/uploads\/2023\/02\/puente_grua_birrail_lbcrane.png?fit=680%2C308&ssl=1","datePublished":"2023-02-08T19:55:04+00:00","dateModified":"2023-09-13T10:11:55+00:00","description":"Gr\u00faas de proceso de alto rendimiento, dise\u00f1ados para manejar cargas extremadamente altas y soportar un uso continuo.","breadcrumb":{"@id":"https:\/\/lbcranes.es\/puentes-grua\/gruas-proceso\/#breadcrumb"},"inLanguage":"en-GB","potentialAction":[{"@type":"ReadAction","target":["https:\/\/lbcranes.es\/puentes-grua\/gruas-proceso\/"]}]},{"@type":"ImageObject","inLanguage":"en-GB","@id":"https:\/\/lbcranes.es\/puentes-grua\/gruas-proceso\/#primaryimage","url":"https:\/\/i0.wp.com\/lbcranes.es\/wp-content\/uploads\/2023\/02\/puente_grua_birrail_lbcrane.png?fit=680%2C308&ssl=1","contentUrl":"https:\/\/i0.wp.com\/lbcranes.es\/wp-content\/uploads\/2023\/02\/puente_grua_birrail_lbcrane.png?fit=680%2C308&ssl=1","width":680,"height":308,"caption":"Gr\u00faa de proceso para cargas pesadas."},{"@type":"BreadcrumbList","@id":"https:\/\/lbcranes.es\/puentes-grua\/gruas-proceso\/#breadcrumb","itemListElement":[{"@type":"ListItem","position":1,"name":"Portada","item":"https:\/\/lbcranes.es\/"},{"@type":"ListItem","position":2,"name":"Precio puentes gr\u00faa de calidad","item":"https:\/\/lbcranes.es\/puentes-grua\/"},{"@type":"ListItem","position":3,"name":"Gr\u00faas de proceso"}]},{"@type":"WebSite","@id":"https:\/\/lbcranes.es\/#website","url":"https:\/\/lbcranes.es\/","name":"LBCranes Puentes Gr\u00faa Espa\u00f1a","description":"Venta e instalaci\u00f3n de puentes gr\u00faa y sistemas de elevaci\u00f3n para industria.","publisher":{"@id":"https:\/\/lbcranes.es\/#organization"},"alternateName":"LBCranes","potentialAction":[{"@type":"SearchAction","target":{"@type":"EntryPoint","urlTemplate":"https:\/\/lbcranes.es\/?s={search_term_string}"},"query-input":"required name=search_term_string"}],"inLanguage":"en-GB"},{"@type":"Organization","@id":"https:\/\/lbcranes.es\/#organization","name":"LBCranes Puentes Gr\u00faa","alternateName":"LBCranes Lifting Equipments","url":"https:\/\/lbcranes.es\/","logo":{"@type":"ImageObject","inLanguage":"en-GB","@id":"https:\/\/lbcranes.es\/#\/schema\/logo\/image\/","url":"https:\/\/lbcranes.es\/wp-content\/uploads\/2023\/02\/lbcranes_logo.svg","contentUrl":"https:\/\/lbcranes.es\/wp-content\/uploads\/2023\/02\/lbcranes_logo.svg","width":1,"height":1,"caption":"LBCranes Puentes Gr\u00faa"},"image":{"@id":"https:\/\/lbcranes.es\/#\/schema\/logo\/image\/"},"sameAs":["https:\/\/www.instagram.com\/lbcranes\/","https:\/\/www.linkedin.com\/company\/lbcranes-lifting-equipments"]}]}},"jetpack_sharing_enabled":true,"uagb_featured_image_src":{"full":["https:\/\/i0.wp.com\/lbcranes.es\/wp-content\/uploads\/2023\/02\/puente_grua_birrail_lbcrane.png?fit=680%2C308&ssl=1",680,308,false],"thumbnail":["https:\/\/i0.wp.com\/lbcranes.es\/wp-content\/uploads\/2023\/02\/puente_grua_birrail_lbcrane.png?resize=150%2C150&ssl=1",150,150,true],"medium":["https:\/\/i0.wp.com\/lbcranes.es\/wp-content\/uploads\/2023\/02\/puente_grua_birrail_lbcrane.png?fit=300%2C136&ssl=1",300,136,true],"medium_large":["https:\/\/i0.wp.com\/lbcranes.es\/wp-content\/uploads\/2023\/02\/puente_grua_birrail_lbcrane.png?fit=680%2C308&ssl=1",680,308,true],"large":["https:\/\/i0.wp.com\/lbcranes.es\/wp-content\/uploads\/2023\/02\/puente_grua_birrail_lbcrane.png?fit=680%2C308&ssl=1",680,308,true],"1536x1536":["https:\/\/i0.wp.com\/lbcranes.es\/wp-content\/uploads\/2023\/02\/puente_grua_birrail_lbcrane.png?fit=680%2C308&ssl=1",680,308,true],"2048x2048":["https:\/\/i0.wp.com\/lbcranes.es\/wp-content\/uploads\/2023\/02\/puente_grua_birrail_lbcrane.png?fit=680%2C308&ssl=1",680,308,true],"trp-custom-language-flag":["https:\/\/i0.wp.com\/lbcranes.es\/wp-content\/uploads\/2023\/02\/puente_grua_birrail_lbcrane.png?fit=18%2C8&ssl=1",18,8,true]},"uagb_author_info":{"display_name":"admin","author_link":"https:\/\/lbcranes.es\/en\/author\/miquelcoll\/"},"uagb_comment_info":0,"uagb_excerpt":"Gr\u00faas de proceso LBCranes fabrica y vende gr\u00faas de proceso de alto rendimiento, dise\u00f1ados para manejar cargas extremadamente altas y soportar un uso continuo. Ofrecemos soluciones t\u00e9cnicas de alta calidad que cumplen con los requisitos m\u00e1s complejos. Grandes cargas en uso continuo Estas gr\u00faas incluyen una mayor capacidad de elevaci\u00f3n (10 a 250 toneladas), altura&hellip;","jetpack-related-posts":[],"_links":{"self":[{"href":"https:\/\/lbcranes.es\/en\/wp-json\/wp\/v2\/pages\/177","targetHints":{"allow":["GET"]}}],"collection":[{"href":"https:\/\/lbcranes.es\/en\/wp-json\/wp\/v2\/pages"}],"about":[{"href":"https:\/\/lbcranes.es\/en\/wp-json\/wp\/v2\/types\/page"}],"author":[{"embeddable":true,"href":"https:\/\/lbcranes.es\/en\/wp-json\/wp\/v2\/users\/1"}],"replies":[{"embeddable":true,"href":"https:\/\/lbcranes.es\/en\/wp-json\/wp\/v2\/comments?post=177"}],"version-history":[{"count":48,"href":"https:\/\/lbcranes.es\/en\/wp-json\/wp\/v2\/pages\/177\/revisions"}],"predecessor-version":[{"id":3057,"href":"https:\/\/lbcranes.es\/en\/wp-json\/wp\/v2\/pages\/177\/revisions\/3057"}],"up":[{"embeddable":true,"href":"https:\/\/lbcranes.es\/en\/wp-json\/wp\/v2\/pages\/137"}],"wp:featuredmedia":[{"embeddable":true,"href":"https:\/\/lbcranes.es\/en\/wp-json\/wp\/v2\/media\/554"}],"wp:attachment":[{"href":"https:\/\/lbcranes.es\/en\/wp-json\/wp\/v2\/media?parent=177"}],"curies":[{"name":"wp","href":"https:\/\/api.w.org\/{rel}","templated":true}]}}