{"id":179,"date":"2023-02-08T19:55:04","date_gmt":"2023-02-08T19:55:04","guid":{"rendered":"https:\/\/lbcranes.es\/?page_id=179"},"modified":"2024-03-19T10:26:42","modified_gmt":"2024-03-19T10:26:42","slug":"antideflagrantes","status":"publish","type":"page","link":"https:\/\/lbcranes.es\/en\/chain-cable-hoists\/flameproof\/","title":{"rendered":"Flameproof"},"content":{"rendered":"<div class=\"wp-block-uagb-container uagb-block-6853196f alignfull uagb-is-root-container\"><div class=\"uagb-container-inner-blocks-wrap\">\n<div class=\"wp-block-uagb-advanced-heading uagb-block-8a5eb2d9\"><h1 class=\"uagb-heading-text\">Flameproof<\/h1><\/div>\n<\/div><\/div>\n\n\n\n<div class=\"wp-block-uagb-container uagb-block-c7cca42a alignfull uagb-is-root-container\"><div class=\"uagb-container-inner-blocks-wrap\">\n<hr class=\"wp-block-separator has-text-color has-alpha-channel-opacity has-background\" style=\"background-color:#ffffff00;color:#ffffff00\"\/>\n\n\n\n<h2 class=\"wp-block-heading has-text-align-center\">Explosion-proof, safety in hazardous environments<\/h2>\n\n\n\n<div class=\"inherit-container-width wp-block-group is-layout-constrained wp-block-group-is-layout-constrained\">\n<p class=\"has-text-align-center\">If your work takes place in explosive atmospheres, it is essential to have safe and reliable equipment to <strong>ensure the safety<\/strong> in your activities. At LB Cranes we offer a wide range of explosion-proof cranes and components with an extremely high level of safety and reliability. Industrial cranes, jib cranes, manual cranes, electric and manual hoists with lifting capacities from 125 kg to 160 tonnes. With over 30 years of experience in these types of applications, LB Cranes provides reliable and safe solutions for your material handling needs in hazardous environments.<\/p>\n\n\n\n<p class=\"has-text-align-center\">Don't settle for unsafe or unreliable equipment in hazardous environments. Rely on LB Cranes' wide range of explosion-proof cranes and components to keep you safe and working with confidence in any hazardous environment.<\/p>\n<\/div>\n\n\n\n<div style=\"height:50px\" aria-hidden=\"true\" class=\"wp-block-spacer\"><\/div>\n\n\n\n<div class=\"wp-block-uagb-call-to-action uagb-block-30e60995 wp-block-button\"><div class=\"uagb-cta__wrap\"><h3 class=\"uagb-cta__title\">Flameproofing maintenance<\/h3><p class=\"uagb-cta__desc\">Proper maintenance of explosion-proof components is crucial to ensure safety in areas where there is a risk of explosion or fire.<\/p><\/div><div class=\"uagb-cta__buttons\"><a href=\"https:\/\/lbcranes.es\/en\/overhead-crane-maintenance\/\" class=\"uagb-cta__button-link-wrapper wp-block-button__link\" target=\"_self\" rel=\"noopener noreferrer\">Maintenance<svg xmlns=\"https:\/\/www.w3.org\/2000\/svg\" viewbox=\"0 0 512 512\"><path d=\"M504.3 273.6l-112.1 104c-6.992 6.484-17.18 8.218-25.94 4.406c-8.758-3.812-14.42-12.45-14.42-21.1L351.9 288H32C14.33 288 .0002 273.7 .0002 255.1S14.33 224 32 224h319.9l0-72c0-9.547 5.66-18.19 14.42-22c8.754-3.809 18.95-2.075 25.94 4.41l112.1 104C514.6 247.9 514.6 264.1 504.3 273.6z\"><\/path><\/svg><\/a><\/div><\/div>\n<\/div><\/div>\n\n\n\n<div class=\"wp-block-uagb-container uagb-block-59cf3360 alignfull uagb-is-root-container\"><div class=\"uagb-container-inner-blocks-wrap\">\n<div class=\"wp-block-uagb-container uagb-block-be69d16e\">\n<div class=\"wp-block-uagb-call-to-action uagb-block-ef35d26d wp-block-button\"><div class=\"uagb-cta__wrap\"><h3 class=\"uagb-cta__title\">Contact us!<\/h3><p class=\"uagb-cta__desc translation-block\"><strong>Follow us on social networks<\/strong> to keep up to date with our news and information about overhead cranes and industrial production.<\/p><\/div><div class=\"uagb-cta__buttons\"><a href=\"https:\/\/lbcranes.es\/en\/contact\" class=\"uagb-cta__button-link-wrapper wp-block-button__link\" target=\"_blank\" rel=\"noopener noreferrer\">Contact Us<svg xmlns=\"https:\/\/www.w3.org\/2000\/svg\" viewbox=\"0 0 512 512\"><path d=\"M504.3 273.6l-112.1 104c-6.992 6.484-17.18 8.218-25.94 4.406c-8.758-3.812-14.42-12.45-14.42-21.1L351.9 288H32C14.33 288 .0002 273.7 .0002 255.1S14.33 224 32 224h319.9l0-72c0-9.547 5.66-18.19 14.42-22c8.754-3.809 18.95-2.075 25.94 4.41l112.1 104C514.6 247.9 514.6 264.1 504.3 273.6z\"><\/path><\/svg><\/a><\/div><\/div>\n<\/div>\n\n\n\n<div class=\"wp-block-uagb-container uagb-block-8bd0a420\">\n<figure class=\"wp-block-image size-full\"><img loading=\"lazy\" decoding=\"async\" width=\"680\" height=\"308\" src=\"https:\/\/i0.wp.com\/lbcranes.es\/wp-content\/uploads\/2023\/02\/atex_2.jpg?resize=680%2C308&#038;ssl=1\" alt=\"ATEX explsion-proof hook\" class=\"wp-image-25\" srcset=\"https:\/\/i0.wp.com\/lbcranes.es\/wp-content\/uploads\/2023\/02\/atex_2.jpg?w=680&amp;ssl=1 680w, https:\/\/i0.wp.com\/lbcranes.es\/wp-content\/uploads\/2023\/02\/atex_2.jpg?resize=300%2C136&amp;ssl=1 300w\" sizes=\"auto, (max-width: 680px) 100vw, 680px\" data-recalc-dims=\"1\" \/><\/figure>\n<\/div>\n<\/div><\/div>","protected":false},"excerpt":{"rendered":"<p>Antideflagrantes Antideflagrantes, seguridad en ambientes peligrosos Si su trabajo se desarrolla en atm\u00f3sferas explosivas, es fundamental contar con equipos seguros y confiables para garantizar la seguridad en sus actividades. En LB Cranes ofrecemos una amplia gama de gr\u00faas y componentes antideflagrantes a prueba de explosi\u00f3n con un nivel de seguridad y fiabilidad extremadamente alto. Gr\u00faas [&hellip;]<\/p>","protected":false},"author":1,"featured_media":0,"parent":2038,"menu_order":0,"comment_status":"closed","ping_status":"closed","template":"","meta":{"_uag_custom_page_level_css":"","site-sidebar-layout":"default","site-content-layout":"","ast-site-content-layout":"default","site-content-style":"default","site-sidebar-style":"default","ast-global-header-display":"","ast-banner-title-visibility":"","ast-main-header-display":"","ast-hfb-above-header-display":"","ast-hfb-below-header-display":"","ast-hfb-mobile-header-display":"","site-post-title":"disabled","ast-breadcrumbs-content":"","ast-featured-img":"","footer-sml-layout":"","theme-transparent-header-meta":"","adv-header-id-meta":"","stick-header-meta":"","header-above-stick-meta":"","header-main-stick-meta":"","header-below-stick-meta":"","astra-migrate-meta-layouts":"set","ast-page-background-enabled":"default","ast-page-background-meta":{"desktop":{"background-color":"var(--ast-global-color-4)","background-image":"","background-repeat":"repeat","background-position":"center center","background-size":"auto","background-attachment":"scroll","background-type":"","background-media":"","overlay-type":"","overlay-color":"","overlay-gradient":""},"tablet":{"background-color":"","background-image":"","background-repeat":"repeat","background-position":"center center","background-size":"auto","background-attachment":"scroll","background-type":"","background-media":"","overlay-type":"","overlay-color":"","overlay-gradient":""},"mobile":{"background-color":"","background-image":"","background-repeat":"repeat","background-position":"center center","background-size":"auto","background-attachment":"scroll","background-type":"","background-media":"","overlay-type":"","overlay-color":"","overlay-gradient":""}},"ast-content-background-meta":{"desktop":{"background-color":"var(--ast-global-color-5)","background-image":"","background-repeat":"repeat","background-position":"center center","background-size":"auto","background-attachment":"scroll","background-type":"","background-media":"","overlay-type":"","overlay-color":"","overlay-gradient":""},"tablet":{"background-color":"var(--ast-global-color-5)","background-image":"","background-repeat":"repeat","background-position":"center center","background-size":"auto","background-attachment":"scroll","background-type":"","background-media":"","overlay-type":"","overlay-color":"","overlay-gradient":""},"mobile":{"background-color":"var(--ast-global-color-5)","background-image":"","background-repeat":"repeat","background-position":"center center","background-size":"auto","background-attachment":"scroll","background-type":"","background-media":"","overlay-type":"","overlay-color":"","overlay-gradient":""}},"footnotes":""},"class_list":["post-179","page","type-page","status-publish","hentry"],"yoast_head":"<!-- This site is optimized with the Yoast SEO plugin v22.3 - https:\/\/yoast.com\/wordpress\/plugins\/seo\/ -->\n<title>Antideflagrantes - LBCranes Puentes Gr\u00faa Espa\u00f1a<\/title>\n<meta name=\"description\" content=\"Los antideflagrantes son equipos seguros y confiables para la seguridad en las actividades de elevaci\u00f3n industrial con temperaturas altas.\" \/>\n<meta name=\"robots\" content=\"index, follow, max-snippet:-1, max-image-preview:large, max-video-preview:-1\" \/>\n<link rel=\"canonical\" href=\"https:\/\/lbcranes.es\/en\/chain-cable-hoists\/flameproof\/\" \/>\n<meta property=\"og:locale\" content=\"en_GB\" \/>\n<meta property=\"og:type\" content=\"article\" \/>\n<meta property=\"og:title\" content=\"Antideflagrantes - LBCranes Puentes Gr\u00faa Espa\u00f1a\" \/>\n<meta property=\"og:description\" content=\"Los antideflagrantes son equipos seguros y confiables para la seguridad en las actividades de elevaci\u00f3n industrial con temperaturas altas.\" \/>\n<meta property=\"og:url\" content=\"https:\/\/lbcranes.es\/en\/chain-cable-hoists\/flameproof\/\" \/>\n<meta property=\"og:site_name\" content=\"LBCranes Puentes Gr\u00faa Espa\u00f1a\" \/>\n<meta property=\"article:modified_time\" content=\"2024-03-19T10:26:42+00:00\" \/>\n<meta property=\"og:image\" content=\"https:\/\/lbcranes.es\/wp-content\/uploads\/2023\/02\/atex_2.jpg\" \/>\n<meta name=\"twitter:card\" content=\"summary_large_image\" \/>\n<meta name=\"twitter:label1\" content=\"Estimated reading time\" \/>\n\t<meta name=\"twitter:data1\" content=\"2 minutes\" \/>\n<script type=\"application\/ld+json\" class=\"yoast-schema-graph\">{\"@context\":\"https:\/\/schema.org\",\"@graph\":[{\"@type\":\"WebPage\",\"@id\":\"https:\/\/lbcranes.es\/polipastos-cable-cadena\/antideflagrantes\/\",\"url\":\"https:\/\/lbcranes.es\/polipastos-cable-cadena\/antideflagrantes\/\",\"name\":\"Antideflagrantes - LBCranes Puentes Gr\u00faa Espa\u00f1a\",\"isPartOf\":{\"@id\":\"https:\/\/lbcranes.es\/#website\"},\"primaryImageOfPage\":{\"@id\":\"https:\/\/lbcranes.es\/polipastos-cable-cadena\/antideflagrantes\/#primaryimage\"},\"image\":{\"@id\":\"https:\/\/lbcranes.es\/polipastos-cable-cadena\/antideflagrantes\/#primaryimage\"},\"thumbnailUrl\":\"https:\/\/lbcranes.es\/wp-content\/uploads\/2023\/02\/atex_2.jpg\",\"datePublished\":\"2023-02-08T19:55:04+00:00\",\"dateModified\":\"2024-03-19T10:26:42+00:00\",\"description\":\"Los antideflagrantes son equipos seguros y confiables para la seguridad en las actividades de elevaci\u00f3n industrial con temperaturas altas.\",\"breadcrumb\":{\"@id\":\"https:\/\/lbcranes.es\/polipastos-cable-cadena\/antideflagrantes\/#breadcrumb\"},\"inLanguage\":\"en-GB\",\"potentialAction\":[{\"@type\":\"ReadAction\",\"target\":[\"https:\/\/lbcranes.es\/polipastos-cable-cadena\/antideflagrantes\/\"]}]},{\"@type\":\"ImageObject\",\"inLanguage\":\"en-GB\",\"@id\":\"https:\/\/lbcranes.es\/polipastos-cable-cadena\/antideflagrantes\/#primaryimage\",\"url\":\"https:\/\/i0.wp.com\/lbcranes.es\/wp-content\/uploads\/2023\/02\/atex_2.jpg?fit=680%2C308&ssl=1\",\"contentUrl\":\"https:\/\/i0.wp.com\/lbcranes.es\/wp-content\/uploads\/2023\/02\/atex_2.jpg?fit=680%2C308&ssl=1\",\"width\":680,\"height\":308},{\"@type\":\"BreadcrumbList\",\"@id\":\"https:\/\/lbcranes.es\/polipastos-cable-cadena\/antideflagrantes\/#breadcrumb\",\"itemListElement\":[{\"@type\":\"ListItem\",\"position\":1,\"name\":\"Portada\",\"item\":\"https:\/\/lbcranes.es\/\"},{\"@type\":\"ListItem\",\"position\":2,\"name\":\"Polipastos de cable y cadena\",\"item\":\"https:\/\/lbcranes.es\/polipastos-cable-cadena\/\"},{\"@type\":\"ListItem\",\"position\":3,\"name\":\"Antideflagrantes\"}]},{\"@type\":\"WebSite\",\"@id\":\"https:\/\/lbcranes.es\/#website\",\"url\":\"https:\/\/lbcranes.es\/\",\"name\":\"LBCranes Puentes Gr\u00faa Espa\u00f1a\",\"description\":\"Venta e instalaci\u00f3n de puentes gr\u00faa y sistemas de elevaci\u00f3n para industria.\",\"publisher\":{\"@id\":\"https:\/\/lbcranes.es\/#organization\"},\"alternateName\":\"LBCranes\",\"potentialAction\":[{\"@type\":\"SearchAction\",\"target\":{\"@type\":\"EntryPoint\",\"urlTemplate\":\"https:\/\/lbcranes.es\/?s={search_term_string}\"},\"query-input\":\"required name=search_term_string\"}],\"inLanguage\":\"en-GB\"},{\"@type\":\"Organization\",\"@id\":\"https:\/\/lbcranes.es\/#organization\",\"name\":\"LBCranes Puentes Gr\u00faa\",\"alternateName\":\"LBCranes Lifting Equipments\",\"url\":\"https:\/\/lbcranes.es\/\",\"logo\":{\"@type\":\"ImageObject\",\"inLanguage\":\"en-GB\",\"@id\":\"https:\/\/lbcranes.es\/#\/schema\/logo\/image\/\",\"url\":\"https:\/\/lbcranes.es\/wp-content\/uploads\/2023\/02\/lbcranes_logo.svg\",\"contentUrl\":\"https:\/\/lbcranes.es\/wp-content\/uploads\/2023\/02\/lbcranes_logo.svg\",\"width\":1,\"height\":1,\"caption\":\"LBCranes Puentes Gr\u00faa\"},\"image\":{\"@id\":\"https:\/\/lbcranes.es\/#\/schema\/logo\/image\/\"},\"sameAs\":[\"https:\/\/www.instagram.com\/lbcranes\/\",\"https:\/\/www.linkedin.com\/company\/lbcranes-lifting-equipments\"]}]}<\/script>\n<!-- \/ Yoast SEO plugin. -->","yoast_head_json":{"title":"Antideflagrantes - LBCranes Puentes Gr\u00faa Espa\u00f1a","description":"Los antideflagrantes son equipos seguros y confiables para la seguridad en las actividades de elevaci\u00f3n industrial con temperaturas altas.","robots":{"index":"index","follow":"follow","max-snippet":"max-snippet:-1","max-image-preview":"max-image-preview:large","max-video-preview":"max-video-preview:-1"},"canonical":"https:\/\/lbcranes.es\/en\/chain-cable-hoists\/flameproof\/","og_locale":"en_GB","og_type":"article","og_title":"Antideflagrantes - LBCranes Puentes Gr\u00faa Espa\u00f1a","og_description":"Los antideflagrantes son equipos seguros y confiables para la seguridad en las actividades de elevaci\u00f3n industrial con temperaturas altas.","og_url":"https:\/\/lbcranes.es\/en\/chain-cable-hoists\/flameproof\/","og_site_name":"LBCranes Puentes Gr\u00faa Espa\u00f1a","article_modified_time":"2024-03-19T10:26:42+00:00","og_image":[{"url":"https:\/\/lbcranes.es\/wp-content\/uploads\/2023\/02\/atex_2.jpg"}],"twitter_card":"summary_large_image","twitter_misc":{"Estimated reading time":"2 minutes"},"schema":{"@context":"https:\/\/schema.org","@graph":[{"@type":"WebPage","@id":"https:\/\/lbcranes.es\/polipastos-cable-cadena\/antideflagrantes\/","url":"https:\/\/lbcranes.es\/polipastos-cable-cadena\/antideflagrantes\/","name":"Antideflagrantes - LBCranes Puentes Gr\u00faa Espa\u00f1a","isPartOf":{"@id":"https:\/\/lbcranes.es\/#website"},"primaryImageOfPage":{"@id":"https:\/\/lbcranes.es\/polipastos-cable-cadena\/antideflagrantes\/#primaryimage"},"image":{"@id":"https:\/\/lbcranes.es\/polipastos-cable-cadena\/antideflagrantes\/#primaryimage"},"thumbnailUrl":"https:\/\/lbcranes.es\/wp-content\/uploads\/2023\/02\/atex_2.jpg","datePublished":"2023-02-08T19:55:04+00:00","dateModified":"2024-03-19T10:26:42+00:00","description":"Los antideflagrantes son equipos seguros y confiables para la seguridad en las actividades de elevaci\u00f3n industrial con temperaturas altas.","breadcrumb":{"@id":"https:\/\/lbcranes.es\/polipastos-cable-cadena\/antideflagrantes\/#breadcrumb"},"inLanguage":"en-GB","potentialAction":[{"@type":"ReadAction","target":["https:\/\/lbcranes.es\/polipastos-cable-cadena\/antideflagrantes\/"]}]},{"@type":"ImageObject","inLanguage":"en-GB","@id":"https:\/\/lbcranes.es\/polipastos-cable-cadena\/antideflagrantes\/#primaryimage","url":"https:\/\/i0.wp.com\/lbcranes.es\/wp-content\/uploads\/2023\/02\/atex_2.jpg?fit=680%2C308&ssl=1","contentUrl":"https:\/\/i0.wp.com\/lbcranes.es\/wp-content\/uploads\/2023\/02\/atex_2.jpg?fit=680%2C308&ssl=1","width":680,"height":308},{"@type":"BreadcrumbList","@id":"https:\/\/lbcranes.es\/polipastos-cable-cadena\/antideflagrantes\/#breadcrumb","itemListElement":[{"@type":"ListItem","position":1,"name":"Portada","item":"https:\/\/lbcranes.es\/"},{"@type":"ListItem","position":2,"name":"Polipastos de cable y cadena","item":"https:\/\/lbcranes.es\/polipastos-cable-cadena\/"},{"@type":"ListItem","position":3,"name":"Antideflagrantes"}]},{"@type":"WebSite","@id":"https:\/\/lbcranes.es\/#website","url":"https:\/\/lbcranes.es\/","name":"LBCranes Puentes Gr\u00faa Espa\u00f1a","description":"Venta e instalaci\u00f3n de puentes gr\u00faa y sistemas de elevaci\u00f3n para industria.","publisher":{"@id":"https:\/\/lbcranes.es\/#organization"},"alternateName":"LBCranes","potentialAction":[{"@type":"SearchAction","target":{"@type":"EntryPoint","urlTemplate":"https:\/\/lbcranes.es\/?s={search_term_string}"},"query-input":"required name=search_term_string"}],"inLanguage":"en-GB"},{"@type":"Organization","@id":"https:\/\/lbcranes.es\/#organization","name":"LBCranes Puentes Gr\u00faa","alternateName":"LBCranes Lifting Equipments","url":"https:\/\/lbcranes.es\/","logo":{"@type":"ImageObject","inLanguage":"en-GB","@id":"https:\/\/lbcranes.es\/#\/schema\/logo\/image\/","url":"https:\/\/lbcranes.es\/wp-content\/uploads\/2023\/02\/lbcranes_logo.svg","contentUrl":"https:\/\/lbcranes.es\/wp-content\/uploads\/2023\/02\/lbcranes_logo.svg","width":1,"height":1,"caption":"LBCranes Puentes Gr\u00faa"},"image":{"@id":"https:\/\/lbcranes.es\/#\/schema\/logo\/image\/"},"sameAs":["https:\/\/www.instagram.com\/lbcranes\/","https:\/\/www.linkedin.com\/company\/lbcranes-lifting-equipments"]}]}},"jetpack_sharing_enabled":true,"uagb_featured_image_src":{"full":false,"thumbnail":false,"medium":false,"medium_large":false,"large":false,"1536x1536":false,"2048x2048":false,"trp-custom-language-flag":false},"uagb_author_info":{"display_name":"admin","author_link":"https:\/\/lbcranes.es\/en\/author\/miquelcoll\/"},"uagb_comment_info":0,"uagb_excerpt":"Antideflagrantes Antideflagrantes, seguridad en ambientes peligrosos Si su trabajo se desarrolla en atm\u00f3sferas explosivas, es fundamental contar con equipos seguros y confiables para garantizar la seguridad en sus actividades. En LB Cranes ofrecemos una amplia gama de gr\u00faas y componentes antideflagrantes a prueba de explosi\u00f3n con un nivel de seguridad y fiabilidad extremadamente alto. Gr\u00faas&hellip;","jetpack-related-posts":[],"_links":{"self":[{"href":"https:\/\/lbcranes.es\/en\/wp-json\/wp\/v2\/pages\/179","targetHints":{"allow":["GET"]}}],"collection":[{"href":"https:\/\/lbcranes.es\/en\/wp-json\/wp\/v2\/pages"}],"about":[{"href":"https:\/\/lbcranes.es\/en\/wp-json\/wp\/v2\/types\/page"}],"author":[{"embeddable":true,"href":"https:\/\/lbcranes.es\/en\/wp-json\/wp\/v2\/users\/1"}],"replies":[{"embeddable":true,"href":"https:\/\/lbcranes.es\/en\/wp-json\/wp\/v2\/comments?post=179"}],"version-history":[{"count":11,"href":"https:\/\/lbcranes.es\/en\/wp-json\/wp\/v2\/pages\/179\/revisions"}],"predecessor-version":[{"id":4314,"href":"https:\/\/lbcranes.es\/en\/wp-json\/wp\/v2\/pages\/179\/revisions\/4314"}],"up":[{"embeddable":true,"href":"https:\/\/lbcranes.es\/en\/wp-json\/wp\/v2\/pages\/2038"}],"wp:attachment":[{"href":"https:\/\/lbcranes.es\/en\/wp-json\/wp\/v2\/media?parent=179"}],"curies":[{"name":"wp","href":"https:\/\/api.w.org\/{rel}","templated":true}]}}