{"id":2320,"date":"2023-06-12T08:45:07","date_gmt":"2023-06-12T08:45:07","guid":{"rendered":"https:\/\/lbcranes.es\/?page_id=2320"},"modified":"2023-06-23T08:38:04","modified_gmt":"2023-06-23T08:38:04","slug":"instalacion-de-puentes-grua","status":"publish","type":"page","link":"https:\/\/lbcranes.es\/en\/content\/installation-of-overhead-cranes\/","title":{"rendered":"Instalaci\u00f3n de Puentes Gr\u00faa en Naves Industriales"},"content":{"rendered":"<div class=\"wp-block-uagb-advanced-heading uagb-block-90a40960\"><h2 class=\"uagb-heading-text\">Installation of Overhead Cranes in Industrial Warehouses: Efficiency and Space Optimisation<\/h2><\/div>\n\n\n\n<div style=\"height:20px\" aria-hidden=\"true\" class=\"wp-block-spacer\"><\/div>\n\n\n\n<p class=\"has-medium-font-size translation-block\">You may also be interested in... \"<a href=\"https:\/\/lbcranes.es\/en\/content\/overhead-crane-logistics\/\" target=\"_self\">Overhead Cranes for Logistics and Material Handling<\/a>\"<\/p>\n\n\n\n<div class=\"inherit-container-width wp-block-group is-layout-constrained wp-block-group-is-layout-constrained\">\n<div class=\"wp-block-columns is-layout-flex wp-container-core-columns-is-layout-28f84493 wp-block-columns-is-layout-flex\">\n<div class=\"wp-block-column is-layout-flow wp-block-column-is-layout-flow\">\n<p>The proper installation of overhead cranes in industrial buildings is essential. It ensures efficient handling of heavy loads and maximises the use of available space. In this article, we will explore the importance of installing overhead cranes in industrial buildings and how to carry out this process effectively.<\/p>\n\n\n\n<div class=\"wp-block-uagb-advanced-heading uagb-block-676e2351\"><h4 class=\"uagb-heading-text\">Advantages of overhead travelling cranes in industrial buildings<\/h4><\/div>\n\n\n\n<ul class=\"wp-block-list\">\n<li class=\" translation-block\">Optimal space utilization: <a href=\"https:\/\/lbcranes.es\/en\/overhead-cranes\/\" target=\"_self\">Crane bridges<\/a> allow for effective utilization of vertical space. Work areas are freed up, and the distribution of loads is optimized.<\/li>\n\n\n\n<li>Increased productivity: strategically located overhead cranes streamline loading and unloading operations. In addition, handling times are reduced and the overall efficiency of industrial processes is improved.<\/li>\n\n\n\n<li>Increased safety: overhead travelling cranes provide a safe, controlled system for lifting loads. <\/li>\n<\/ul>\n<\/div>\n\n\n\n<div class=\"wp-block-column is-layout-flow wp-block-column-is-layout-flow\">\n<div class=\"wp-block-uagb-image uagb-block-bfab61d0 wp-block-uagb-image--layout-default wp-block-uagb-image--effect-static wp-block-uagb-image--align-none\"><figure class=\"wp-block-uagb-image__figure\"><img decoding=\"async\" srcset=\"https:\/\/i0.wp.com\/lbcranes.es\/wp-content\/uploads\/2023\/05\/hoist-monorrail.jpg?resize=1024%2C663&#038;ssl=1 \" sizes=\"auto, (max-width: 480px) 150px\" src=\"https:\/\/i0.wp.com\/lbcranes.es\/wp-content\/uploads\/2023\/05\/hoist-monorrail.jpg?resize=1024%2C663&#038;ssl=1\" alt=\"Hoists monorrail LBCranes\" class=\"uag-image-2040\" width=\"1024\" height=\"663\" title=\"\" loading=\"lazy\" data-recalc-dims=\"1\"\/><\/figure><\/div>\n<\/div>\n<\/div>\n\n\n\n<div class=\"wp-block-uagb-image aligncenter uagb-block-b45beb58 wp-block-uagb-image--layout-default wp-block-uagb-image--effect-static wp-block-uagb-image--align-center\"><figure class=\"wp-block-uagb-image__figure\"><img decoding=\"async\" srcset=\"https:\/\/i0.wp.com\/lbcranes.es\/wp-content\/uploads\/2023\/05\/banner-birrail-3-2.jpg?resize=893%2C374&#038;ssl=1 \" sizes=\"auto, (max-width: 480px) 150px\" src=\"https:\/\/i0.wp.com\/lbcranes.es\/wp-content\/uploads\/2023\/05\/banner-birrail-3-2.jpg?resize=893%2C374&#038;ssl=1\" alt=\"Puentes gr\u00faa birra\u00edl 3.2tn LBCranes\" class=\"uag-image-1657\" width=\"893\" height=\"374\" title=\"\" loading=\"lazy\" data-recalc-dims=\"1\"\/><\/figure><\/div>\n\n\n\n<div class=\"wp-block-columns is-layout-flex wp-container-core-columns-is-layout-28f84493 wp-block-columns-is-layout-flex\">\n<div class=\"wp-block-column is-layout-flow wp-block-column-is-layout-flow\">\n<div class=\"wp-block-uagb-advanced-heading uagb-block-ab31078f\"><h4 class=\"uagb-heading-text\">Considerations for the installation of overhead travelling cranes in industrial buildings<\/h4><\/div>\n\n\n\n<ul class=\"wp-block-list\">\n<li>Load and capacity analysis: a thorough analysis of the loads to be handled, taking into account both the weight and dimensions of the objects, must be carried out in order to determine the required capacity of the cranes and ensure correct installation.<\/li>\n\n\n\n<li>Structural assessment: it is essential to assess the structural strength of the industrial building and determine the appropriate anchoring points for the overhead cranes, ensuring that the structure can withstand the loads and stresses generated by the lifting operations.<\/li>\n\n\n\n<li>Customised design: Every installation is unique. A customised design is required that considers space layout, workflows and industry-specific requirements, ensuring an optimal and efficient solution.<\/li>\n\n\n\n<li>Integration with existing systems: In many cases, overhead travelling cranes need to be integrated with other existing systems in the industrial building, such as conveyor systems or storage areas. It is essential to coordinate the installation so as to optimise the overall functionality of the environment.<\/li>\n<\/ul>\n\n\n\n<div class=\"wp-block-uagb-advanced-heading uagb-block-e85235f6\"><h4 class=\"uagb-heading-text\">Installation process in industrial buildings<\/h4><\/div>\n\n\n\n<p>The correct installation of overhead travelling cranes is essential to optimise space, increase productivity and guarantee the safety of load handling operations. By carefully considering the technical aspects and following a planned process, an efficient and functional installation can be achieved.<\/p>\n<\/div>\n\n\n\n<div class=\"wp-block-column is-layout-flow wp-block-column-is-layout-flow\"><style id=\"wpforms-css-vars-root\">\n\t\t\t\t:root {\n\t\t\t\t\t--wpforms-field-border-radius: 3px;\n--wpforms-field-background-color: #ffffff;\n--wpforms-field-border-color: rgba( 0, 0, 0, 0.25 );\n--wpforms-field-text-color: rgba( 0, 0, 0, 0.7 );\n--wpforms-label-color: rgba( 0, 0, 0, 0.85 );\n--wpforms-label-sublabel-color: rgba( 0, 0, 0, 0.55 );\n--wpforms-label-error-color: #d63637;\n--wpforms-button-border-radius: 3px;\n--wpforms-button-background-color: #066aab;\n--wpforms-button-text-color: #ffffff;\n--wpforms-page-break-color: #066aab;\n--wpforms-field-size-input-height: 43px;\n--wpforms-field-size-input-spacing: 15px;\n--wpforms-field-size-font-size: 16px;\n--wpforms-field-size-line-height: 19px;\n--wpforms-field-size-padding-h: 14px;\n--wpforms-field-size-checkbox-size: 16px;\n--wpforms-field-size-sublabel-spacing: 5px;\n--wpforms-field-size-icon-size: 1;\n--wpforms-label-size-font-size: 16px;\n--wpforms-label-size-line-height: 19px;\n--wpforms-label-size-sublabel-font-size: 14px;\n--wpforms-label-size-sublabel-line-height: 17px;\n--wpforms-button-size-font-size: 17px;\n--wpforms-button-size-height: 41px;\n--wpforms-button-size-padding-h: 15px;\n--wpforms-button-size-margin-top: 10px;\n\n\t\t\t\t}\n\t\t\t<\/style><div class=\"wpforms-container wpforms-block wpforms-block-a609ba86-f07d-41ce-8dfd-f90c0d02081f wpforms-render-modern\" id=\"wpforms-258\"><form id=\"wpforms-form-258\" class=\"wpforms-validate wpforms-form wpforms-ajax-form\" data-formid=\"258\" method=\"post\" enctype=\"multipart\/form-data\" action=\"\/en\/wp-json\/wp\/v2\/pages\/2320\" data-token=\"cff962780483700e78c851ec612c38ae\" data-trp-original-action=\"\/en\/wp-json\/wp\/v2\/pages\/2320\"><noscript class=\"wpforms-error-noscript\">Please enable JavaScript in your browser to complete this form.<\/noscript><div class=\"wpforms-hidden\" id=\"wpforms-error-noscript\">Please enable JavaScript in your browser to complete this form.<\/div><div class=\"wpforms-field-container\"><div id=\"wpforms-258-field_0-container\" class=\"wpforms-field wpforms-field-name\" data-field-id=\"0\"><label class=\"wpforms-field-label\" for=\"wpforms-258-field_0\">Name <span class=\"wpforms-required-label\" aria-hidden=\"true\">*<\/span><\/label><input type=\"text\" id=\"wpforms-258-field_0\" class=\"wpforms-field-medium wpforms-field-required\" name=\"wpforms[fields][0]\" aria-errormessage=\"wpforms-258-field_0-error\" required><\/div><div id=\"wpforms-258-field_5-container\" class=\"wpforms-field wpforms-field-text\" data-field-id=\"5\"><label class=\"wpforms-field-label\" for=\"wpforms-258-field_5\">Business <span class=\"wpforms-required-label\" aria-hidden=\"true\">*<\/span><\/label><input type=\"text\" id=\"wpforms-258-field_5\" class=\"wpforms-field-medium wpforms-field-required\" name=\"wpforms[fields][5]\" aria-errormessage=\"wpforms-258-field_5-error\" required><\/div><div id=\"wpforms-258-field_7-container\" class=\"wpforms-field wpforms-field-text\" data-field-id=\"7\"><label class=\"wpforms-field-label\" for=\"wpforms-258-field_7\">Location<\/label><input type=\"text\" id=\"wpforms-258-field_7\" class=\"wpforms-field-medium\" name=\"wpforms[fields][7]\" aria-errormessage=\"wpforms-258-field_7-error\" ><\/div><div id=\"wpforms-258-field_1-container\" class=\"wpforms-field wpforms-field-email\" data-field-id=\"1\"><label class=\"wpforms-field-label\" for=\"wpforms-258-field_1\">e-mail <span class=\"wpforms-required-label\" aria-hidden=\"true\">*<\/span><\/label><input type=\"email\" id=\"wpforms-258-field_1\" class=\"wpforms-field-medium wpforms-field-required\" name=\"wpforms[fields][1]\" spellcheck=\"false\" aria-errormessage=\"wpforms-258-field_1-error\" required><\/div><div id=\"wpforms-258-field_6-container\" class=\"wpforms-field wpforms-field-number\" data-field-id=\"6\"><label class=\"wpforms-field-label\" for=\"wpforms-258-field_6\">Phone <span class=\"wpforms-required-label\" aria-hidden=\"true\">*<\/span><\/label><input type=\"number\" pattern=\"\\d*\" id=\"wpforms-258-field_6\" class=\"wpforms-field-medium wpforms-field-required\" name=\"wpforms[fields][6]\" aria-errormessage=\"wpforms-258-field_6-error\" required><\/div><div id=\"wpforms-258-field_2-container\" class=\"wpforms-field wpforms-field-textarea\" data-field-id=\"2\"><label class=\"wpforms-field-label\" for=\"wpforms-258-field_2\">Message<\/label><textarea id=\"wpforms-258-field_2\" class=\"wpforms-field-small\" name=\"wpforms[fields][2]\" aria-errormessage=\"wpforms-258-field_2-error\" ><\/textarea><\/div><\/div><!-- .wpforms-field-container --><div class=\"wpforms-recaptcha-container wpforms-is-hcaptcha\" ><div class=\"g-recaptcha\" data-sitekey=\"b82122a1-01d7-45a5-a1df-117c079166a0\"><\/div><input type=\"text\" name=\"g-recaptcha-hidden\" class=\"wpforms-recaptcha-hidden\" style=\"position:absolute!important;clip:rect(0,0,0,0)!important;height:1px!important;width:1px!important;border:0!important;overflow:hidden!important;padding:0!important;margin:0!important;\" data-rule-hcaptcha=\"1\"><\/div><div class=\"wpforms-submit-container\" ><input type=\"hidden\" name=\"wpforms[id]\" value=\"258\"><input type=\"hidden\" name=\"wpforms[author]\" value=\"1\"><button type=\"submit\" name=\"wpforms[submit]\" id=\"wpforms-submit-258\" class=\"wpforms-submit\" data-alt-text=\"Enviando...\" data-submit-text=\"Enviar\" aria-live=\"assertive\" value=\"wpforms-submit\">Send<\/button><img loading=\"lazy\" decoding=\"async\" src=\"https:\/\/lbcranes.es\/wp-content\/plugins\/wpforms-lite\/assets\/images\/submit-spin.svg\" class=\"wpforms-submit-spinner\" style=\"display: none;\" width=\"26\" height=\"26\" alt=\"Loading\"><\/div><input type=\"hidden\" name=\"trp-form-language\" value=\"en\"\/><\/form><\/div>  <!-- .wpforms-container --><\/div>\n<\/div>\n<\/div>","protected":false},"excerpt":{"rendered":"<p>Instalaci\u00f3n de Puentes Gr\u00faa en Naves Industriales: Eficiencia y Optimizaci\u00f3n de Espacio Tambi\u00e9n te puede interesar&#8230; \u00abPuentes gr\u00faa para la log\u00edstica y manipulaci\u00f3n de materiales\u00ab La instalaci\u00f3n adecuada de puentes gr\u00faa en naves industriales es esencial. Garantiza una manipulaci\u00f3n eficiente de cargas pesadas y maximizar el aprovechamiento del espacio disponible. En este art\u00edculo, exploraremos la [&hellip;]<\/p>","protected":false},"author":1,"featured_media":0,"parent":2325,"menu_order":0,"comment_status":"closed","ping_status":"closed","template":"","meta":{"_uag_custom_page_level_css":"","site-sidebar-layout":"default","site-content-layout":"","ast-site-content-layout":"","site-content-style":"default","site-sidebar-style":"default","ast-global-header-display":"","ast-banner-title-visibility":"","ast-main-header-display":"","ast-hfb-above-header-display":"","ast-hfb-below-header-display":"","ast-hfb-mobile-header-display":"","site-post-title":"","ast-breadcrumbs-content":"","ast-featured-img":"","footer-sml-layout":"","theme-transparent-header-meta":"","adv-header-id-meta":"","stick-header-meta":"","header-above-stick-meta":"","header-main-stick-meta":"","header-below-stick-meta":"","astra-migrate-meta-layouts":"default","ast-page-background-enabled":"default","ast-page-background-meta":{"desktop":{"background-color":"var(--ast-global-color-4)","background-image":"","background-repeat":"repeat","background-position":"center center","background-size":"auto","background-attachment":"scroll","background-type":"","background-media":"","overlay-type":"","overlay-color":"","overlay-gradient":""},"tablet":{"background-color":"","background-image":"","background-repeat":"repeat","background-position":"center center","background-size":"auto","background-attachment":"scroll","background-type":"","background-media":"","overlay-type":"","overlay-color":"","overlay-gradient":""},"mobile":{"background-color":"","background-image":"","background-repeat":"repeat","background-position":"center center","background-size":"auto","background-attachment":"scroll","background-type":"","background-media":"","overlay-type":"","overlay-color":"","overlay-gradient":""}},"ast-content-background-meta":{"desktop":{"background-color":"var(--ast-global-color-5)","background-image":"","background-repeat":"repeat","background-position":"center center","background-size":"auto","background-attachment":"scroll","background-type":"","background-media":"","overlay-type":"","overlay-color":"","overlay-gradient":""},"tablet":{"background-color":"var(--ast-global-color-5)","background-image":"","background-repeat":"repeat","background-position":"center center","background-size":"auto","background-attachment":"scroll","background-type":"","background-media":"","overlay-type":"","overlay-color":"","overlay-gradient":""},"mobile":{"background-color":"var(--ast-global-color-5)","background-image":"","background-repeat":"repeat","background-position":"center center","background-size":"auto","background-attachment":"scroll","background-type":"","background-media":"","overlay-type":"","overlay-color":"","overlay-gradient":""}},"footnotes":""},"class_list":["post-2320","page","type-page","status-publish","hentry"],"yoast_head":"<!-- This site is optimized with the Yoast SEO plugin v22.3 - https:\/\/yoast.com\/wordpress\/plugins\/seo\/ -->\n<title>Instalaci\u00f3n de Puentes Gr\u00faa en Naves Industriales - LBCranes<\/title>\n<meta name=\"description\" content=\"La instalaci\u00f3n de puentes gr\u00faa en naves industriales es esencial para maximizar el aprovechamiento del espacio disponible.\" \/>\n<meta name=\"robots\" content=\"index, follow, max-snippet:-1, max-image-preview:large, max-video-preview:-1\" \/>\n<link rel=\"canonical\" href=\"https:\/\/lbcranes.es\/en\/content\/installation-of-overhead-cranes\/\" \/>\n<meta property=\"og:locale\" content=\"en_GB\" \/>\n<meta property=\"og:type\" content=\"article\" \/>\n<meta property=\"og:title\" content=\"Instalaci\u00f3n de Puentes Gr\u00faa en Naves Industriales - LBCranes\" \/>\n<meta property=\"og:description\" content=\"La instalaci\u00f3n de puentes gr\u00faa en naves industriales es esencial para maximizar el aprovechamiento del espacio disponible.\" \/>\n<meta property=\"og:url\" content=\"https:\/\/lbcranes.es\/en\/content\/installation-of-overhead-cranes\/\" \/>\n<meta property=\"og:site_name\" content=\"LBCranes Puentes Gr\u00faa Espa\u00f1a\" \/>\n<meta property=\"article:modified_time\" content=\"2023-06-23T08:38:04+00:00\" \/>\n<meta property=\"og:image\" content=\"https:\/\/lbcranes.es\/wp-content\/uploads\/2023\/05\/hoist-monorrail-1024x663.jpg\" \/>\n<meta name=\"twitter:card\" content=\"summary_large_image\" \/>\n<meta name=\"twitter:label1\" content=\"Estimated reading time\" \/>\n\t<meta name=\"twitter:data1\" content=\"3 minutes\" \/>\n<script type=\"application\/ld+json\" class=\"yoast-schema-graph\">{\"@context\":\"https:\/\/schema.org\",\"@graph\":[{\"@type\":\"WebPage\",\"@id\":\"https:\/\/lbcranes.es\/contenido\/instalacion-de-puentes-grua\/\",\"url\":\"https:\/\/lbcranes.es\/contenido\/instalacion-de-puentes-grua\/\",\"name\":\"Instalaci\u00f3n de Puentes Gr\u00faa en Naves Industriales - LBCranes\",\"isPartOf\":{\"@id\":\"https:\/\/lbcranes.es\/#website\"},\"primaryImageOfPage\":{\"@id\":\"https:\/\/lbcranes.es\/contenido\/instalacion-de-puentes-grua\/#primaryimage\"},\"image\":{\"@id\":\"https:\/\/lbcranes.es\/contenido\/instalacion-de-puentes-grua\/#primaryimage\"},\"thumbnailUrl\":\"https:\/\/lbcranes.es\/wp-content\/uploads\/2023\/05\/hoist-monorrail-1024x663.jpg\",\"datePublished\":\"2023-06-12T08:45:07+00:00\",\"dateModified\":\"2023-06-23T08:38:04+00:00\",\"description\":\"La instalaci\u00f3n de puentes gr\u00faa en naves industriales es esencial para maximizar el aprovechamiento del espacio disponible.\",\"breadcrumb\":{\"@id\":\"https:\/\/lbcranes.es\/contenido\/instalacion-de-puentes-grua\/#breadcrumb\"},\"inLanguage\":\"en-GB\",\"potentialAction\":[{\"@type\":\"ReadAction\",\"target\":[\"https:\/\/lbcranes.es\/contenido\/instalacion-de-puentes-grua\/\"]}]},{\"@type\":\"ImageObject\",\"inLanguage\":\"en-GB\",\"@id\":\"https:\/\/lbcranes.es\/contenido\/instalacion-de-puentes-grua\/#primaryimage\",\"url\":\"https:\/\/i0.wp.com\/lbcranes.es\/wp-content\/uploads\/2023\/05\/hoist-monorrail-scaled.jpg?fit=2560%2C1659&ssl=1\",\"contentUrl\":\"https:\/\/i0.wp.com\/lbcranes.es\/wp-content\/uploads\/2023\/05\/hoist-monorrail-scaled.jpg?fit=2560%2C1659&ssl=1\",\"width\":2560,\"height\":1659,\"caption\":\"Polipasto de cable en monorrail LBCranes\"},{\"@type\":\"BreadcrumbList\",\"@id\":\"https:\/\/lbcranes.es\/contenido\/instalacion-de-puentes-grua\/#breadcrumb\",\"itemListElement\":[{\"@type\":\"ListItem\",\"position\":1,\"name\":\"Portada\",\"item\":\"https:\/\/lbcranes.es\/\"},{\"@type\":\"ListItem\",\"position\":2,\"name\":\"Contenido\",\"item\":\"https:\/\/lbcranes.es\/contenido\/\"},{\"@type\":\"ListItem\",\"position\":3,\"name\":\"Instalaci\u00f3n de Puentes Gr\u00faa en Naves Industriales\"}]},{\"@type\":\"WebSite\",\"@id\":\"https:\/\/lbcranes.es\/#website\",\"url\":\"https:\/\/lbcranes.es\/\",\"name\":\"LBCranes Puentes Gr\u00faa Espa\u00f1a\",\"description\":\"Venta e instalaci\u00f3n de puentes gr\u00faa y sistemas de elevaci\u00f3n para industria.\",\"publisher\":{\"@id\":\"https:\/\/lbcranes.es\/#organization\"},\"alternateName\":\"LBCranes\",\"potentialAction\":[{\"@type\":\"SearchAction\",\"target\":{\"@type\":\"EntryPoint\",\"urlTemplate\":\"https:\/\/lbcranes.es\/?s={search_term_string}\"},\"query-input\":\"required name=search_term_string\"}],\"inLanguage\":\"en-GB\"},{\"@type\":\"Organization\",\"@id\":\"https:\/\/lbcranes.es\/#organization\",\"name\":\"LBCranes Puentes Gr\u00faa\",\"alternateName\":\"LBCranes Lifting Equipments\",\"url\":\"https:\/\/lbcranes.es\/\",\"logo\":{\"@type\":\"ImageObject\",\"inLanguage\":\"en-GB\",\"@id\":\"https:\/\/lbcranes.es\/#\/schema\/logo\/image\/\",\"url\":\"https:\/\/lbcranes.es\/wp-content\/uploads\/2023\/02\/lbcranes_logo.svg\",\"contentUrl\":\"https:\/\/lbcranes.es\/wp-content\/uploads\/2023\/02\/lbcranes_logo.svg\",\"width\":1,\"height\":1,\"caption\":\"LBCranes Puentes Gr\u00faa\"},\"image\":{\"@id\":\"https:\/\/lbcranes.es\/#\/schema\/logo\/image\/\"},\"sameAs\":[\"https:\/\/www.instagram.com\/lbcranes\/\",\"https:\/\/www.linkedin.com\/company\/lbcranes-lifting-equipments\"]}]}<\/script>\n<!-- \/ Yoast SEO plugin. -->","yoast_head_json":{"title":"Instalaci\u00f3n de Puentes Gr\u00faa en Naves Industriales - LBCranes","description":"La instalaci\u00f3n de puentes gr\u00faa en naves industriales es esencial para maximizar el aprovechamiento del espacio disponible.","robots":{"index":"index","follow":"follow","max-snippet":"max-snippet:-1","max-image-preview":"max-image-preview:large","max-video-preview":"max-video-preview:-1"},"canonical":"https:\/\/lbcranes.es\/en\/content\/installation-of-overhead-cranes\/","og_locale":"en_GB","og_type":"article","og_title":"Instalaci\u00f3n de Puentes Gr\u00faa en Naves Industriales - LBCranes","og_description":"La instalaci\u00f3n de puentes gr\u00faa en naves industriales es esencial para maximizar el aprovechamiento del espacio disponible.","og_url":"https:\/\/lbcranes.es\/en\/content\/installation-of-overhead-cranes\/","og_site_name":"LBCranes Puentes Gr\u00faa Espa\u00f1a","article_modified_time":"2023-06-23T08:38:04+00:00","og_image":[{"url":"https:\/\/lbcranes.es\/wp-content\/uploads\/2023\/05\/hoist-monorrail-1024x663.jpg"}],"twitter_card":"summary_large_image","twitter_misc":{"Estimated reading time":"3 minutes"},"schema":{"@context":"https:\/\/schema.org","@graph":[{"@type":"WebPage","@id":"https:\/\/lbcranes.es\/contenido\/instalacion-de-puentes-grua\/","url":"https:\/\/lbcranes.es\/contenido\/instalacion-de-puentes-grua\/","name":"Instalaci\u00f3n de Puentes Gr\u00faa en Naves Industriales - LBCranes","isPartOf":{"@id":"https:\/\/lbcranes.es\/#website"},"primaryImageOfPage":{"@id":"https:\/\/lbcranes.es\/contenido\/instalacion-de-puentes-grua\/#primaryimage"},"image":{"@id":"https:\/\/lbcranes.es\/contenido\/instalacion-de-puentes-grua\/#primaryimage"},"thumbnailUrl":"https:\/\/lbcranes.es\/wp-content\/uploads\/2023\/05\/hoist-monorrail-1024x663.jpg","datePublished":"2023-06-12T08:45:07+00:00","dateModified":"2023-06-23T08:38:04+00:00","description":"La instalaci\u00f3n de puentes gr\u00faa en naves industriales es esencial para maximizar el aprovechamiento del espacio disponible.","breadcrumb":{"@id":"https:\/\/lbcranes.es\/contenido\/instalacion-de-puentes-grua\/#breadcrumb"},"inLanguage":"en-GB","potentialAction":[{"@type":"ReadAction","target":["https:\/\/lbcranes.es\/contenido\/instalacion-de-puentes-grua\/"]}]},{"@type":"ImageObject","inLanguage":"en-GB","@id":"https:\/\/lbcranes.es\/contenido\/instalacion-de-puentes-grua\/#primaryimage","url":"https:\/\/i0.wp.com\/lbcranes.es\/wp-content\/uploads\/2023\/05\/hoist-monorrail-scaled.jpg?fit=2560%2C1659&ssl=1","contentUrl":"https:\/\/i0.wp.com\/lbcranes.es\/wp-content\/uploads\/2023\/05\/hoist-monorrail-scaled.jpg?fit=2560%2C1659&ssl=1","width":2560,"height":1659,"caption":"Polipasto de cable en monorrail LBCranes"},{"@type":"BreadcrumbList","@id":"https:\/\/lbcranes.es\/contenido\/instalacion-de-puentes-grua\/#breadcrumb","itemListElement":[{"@type":"ListItem","position":1,"name":"Portada","item":"https:\/\/lbcranes.es\/"},{"@type":"ListItem","position":2,"name":"Contenido","item":"https:\/\/lbcranes.es\/contenido\/"},{"@type":"ListItem","position":3,"name":"Instalaci\u00f3n de Puentes Gr\u00faa en Naves Industriales"}]},{"@type":"WebSite","@id":"https:\/\/lbcranes.es\/#website","url":"https:\/\/lbcranes.es\/","name":"LBCranes Puentes Gr\u00faa Espa\u00f1a","description":"Venta e instalaci\u00f3n de puentes gr\u00faa y sistemas de elevaci\u00f3n para industria.","publisher":{"@id":"https:\/\/lbcranes.es\/#organization"},"alternateName":"LBCranes","potentialAction":[{"@type":"SearchAction","target":{"@type":"EntryPoint","urlTemplate":"https:\/\/lbcranes.es\/?s={search_term_string}"},"query-input":"required name=search_term_string"}],"inLanguage":"en-GB"},{"@type":"Organization","@id":"https:\/\/lbcranes.es\/#organization","name":"LBCranes Puentes Gr\u00faa","alternateName":"LBCranes Lifting Equipments","url":"https:\/\/lbcranes.es\/","logo":{"@type":"ImageObject","inLanguage":"en-GB","@id":"https:\/\/lbcranes.es\/#\/schema\/logo\/image\/","url":"https:\/\/lbcranes.es\/wp-content\/uploads\/2023\/02\/lbcranes_logo.svg","contentUrl":"https:\/\/lbcranes.es\/wp-content\/uploads\/2023\/02\/lbcranes_logo.svg","width":1,"height":1,"caption":"LBCranes Puentes Gr\u00faa"},"image":{"@id":"https:\/\/lbcranes.es\/#\/schema\/logo\/image\/"},"sameAs":["https:\/\/www.instagram.com\/lbcranes\/","https:\/\/www.linkedin.com\/company\/lbcranes-lifting-equipments"]}]}},"jetpack_sharing_enabled":true,"uagb_featured_image_src":{"full":false,"thumbnail":false,"medium":false,"medium_large":false,"large":false,"1536x1536":false,"2048x2048":false,"trp-custom-language-flag":false},"uagb_author_info":{"display_name":"admin","author_link":"https:\/\/lbcranes.es\/en\/author\/miquelcoll\/"},"uagb_comment_info":0,"uagb_excerpt":"Instalaci\u00f3n de Puentes Gr\u00faa en Naves Industriales: Eficiencia y Optimizaci\u00f3n de Espacio Tambi\u00e9n te puede interesar&#8230; \u00abPuentes gr\u00faa para la log\u00edstica y manipulaci\u00f3n de materiales\u00ab La instalaci\u00f3n adecuada de puentes gr\u00faa en naves industriales es esencial. Garantiza una manipulaci\u00f3n eficiente de cargas pesadas y maximizar el aprovechamiento del espacio disponible. En este art\u00edculo, exploraremos la&hellip;","jetpack-related-posts":[],"_links":{"self":[{"href":"https:\/\/lbcranes.es\/en\/wp-json\/wp\/v2\/pages\/2320","targetHints":{"allow":["GET"]}}],"collection":[{"href":"https:\/\/lbcranes.es\/en\/wp-json\/wp\/v2\/pages"}],"about":[{"href":"https:\/\/lbcranes.es\/en\/wp-json\/wp\/v2\/types\/page"}],"author":[{"embeddable":true,"href":"https:\/\/lbcranes.es\/en\/wp-json\/wp\/v2\/users\/1"}],"replies":[{"embeddable":true,"href":"https:\/\/lbcranes.es\/en\/wp-json\/wp\/v2\/comments?post=2320"}],"version-history":[{"count":3,"href":"https:\/\/lbcranes.es\/en\/wp-json\/wp\/v2\/pages\/2320\/revisions"}],"predecessor-version":[{"id":2458,"href":"https:\/\/lbcranes.es\/en\/wp-json\/wp\/v2\/pages\/2320\/revisions\/2458"}],"up":[{"embeddable":true,"href":"https:\/\/lbcranes.es\/en\/wp-json\/wp\/v2\/pages\/2325"}],"wp:attachment":[{"href":"https:\/\/lbcranes.es\/en\/wp-json\/wp\/v2\/media?parent=2320"}],"curies":[{"name":"wp","href":"https:\/\/api.w.org\/{rel}","templated":true}]}}