{"id":2343,"date":"2023-06-13T08:13:14","date_gmt":"2023-06-13T08:13:14","guid":{"rendered":"https:\/\/lbcranes.es\/?page_id=2343"},"modified":"2023-06-15T10:32:12","modified_gmt":"2023-06-15T10:32:12","slug":"polipastos-de-cadena","status":"publish","type":"page","link":"https:\/\/lbcranes.es\/en\/content\/chain-hoists-uses\/","title":{"rendered":"Chain hoists: Maintenance and servicing for optimum performance"},"content":{"rendered":"<div class=\"wp-block-uagb-advanced-heading uagb-block-d9e05777\"><h2 class=\"uagb-heading-text\">Chain hoists: Maintenance and servicing for optimum performance<\/h2><\/div>\n\n\n\n<div class=\"wp-block-group is-layout-constrained wp-block-group-is-layout-constrained\">\n<div class=\"wp-block-columns is-layout-flex wp-container-core-columns-is-layout-28f84493 wp-block-columns-is-layout-flex\">\n<div class=\"wp-block-column is-layout-flow wp-block-column-is-layout-flow\">\n<p>Correct maintenance of chain hoists is essential to ensure optimum performance and prolong their service life. In this article, we'll look at the importance of chain hoist maintenance and servicing, as well as best practice for keeping chain hoists in top condition.<\/p>\n\n\n\n<div class=\"wp-block-uagb-advanced-heading uagb-block-2060ce88\"><h4 class=\"uagb-heading-text\">Importance of maintenance and servicing of chain hoists<\/h4><\/div>\n\n\n\n<ul class=\"wp-block-list\">\n<li>Reliable performance: Regular maintenance prevents failures and ensures that chain hoists perform safely and reliably in load handling operations.<\/li>\n\n\n\n<li>Workplace safety: a well-maintained chain hoist reduces the risk of accidents and injuries, ensuring a safe working environment for operators.<\/li>\n\n\n\n<li>Maximising service life: proper maintenance extends the service life of chain hoists, maximising the return on your investment in this equipment.<\/li>\n<\/ul>\n<\/div>\n\n\n\n<div class=\"wp-block-column is-layout-flow wp-block-column-is-layout-flow\">\n<div class=\"wp-block-uagb-image uagb-block-2181edce wp-block-uagb-image--layout-default wp-block-uagb-image--effect-static wp-block-uagb-image--align-none\"><figure class=\"wp-block-uagb-image__figure\"><img decoding=\"async\" srcset=\"https:\/\/i0.wp.com\/lbcranes.es\/wp-content\/uploads\/2023\/05\/consola_verlinde_banner-edited-1024x577.jpg?resize=1024%2C577&#038;ssl=1 \" sizes=\"auto, (max-width: 480px) 150px\" src=\"https:\/\/i0.wp.com\/lbcranes.es\/wp-content\/uploads\/2023\/05\/consola_verlinde_banner-edited-1024x577.jpg?resize=1024%2C577&#038;ssl=1\" alt=\"verlinde chain hoist\" class=\"uag-image-2041\" width=\"1024\" height=\"577\" title=\"\" loading=\"lazy\" data-recalc-dims=\"1\"\/><\/figure><\/div>\n<\/div>\n<\/div>\n\n\n\n<div class=\"wp-block-uagb-advanced-heading uagb-block-52a631e9\"><h4 class=\"uagb-heading-text\">Best practice for maintenance and servicing of chain hoists<\/h4><\/div>\n\n\n\n<ul class=\"wp-block-list\">\n<li>Regular inspection: Carry out regular visual inspections to identify any wear, damage or problems with the chain hoist components.<\/li>\n\n\n\n<li>Proper lubrication: Apply lubricant at the designated points, in accordance with the manufacturer's recommendations, to keep the chain running smoothly and prevent premature wear.<\/li>\n\n\n\n<li>Cleaning and removing obstructions: Keep chain hoists clean, by removing dirt, debris or obstructions that could affect their performance.<\/li>\n\n\n\n<li>Check brakes and safety devices: make sure that the brakes and safety devices are in good working order and correctly adjusted.<\/li>\n\n\n\n<li>Staff training: provide adequate training for operators on the use and maintenance of this equipment, to encourage responsible and safe use.<\/li>\n<\/ul>\n\n\n\n<div style=\"height:30px\" aria-hidden=\"true\" class=\"wp-block-spacer\"><\/div>\n\n\n\n<div class=\"wp-block-columns is-layout-flex wp-container-core-columns-is-layout-28f84493 wp-block-columns-is-layout-flex\">\n<div class=\"wp-block-column is-layout-flow wp-block-column-is-layout-flow\">\n<div class=\"wp-block-uagb-advanced-heading uagb-block-a2708e0f\"><h4 class=\"uagb-heading-text\">Preventive Maintenance<\/h4><\/div>\n\n\n\n<ul class=\"wp-block-list\">\n<li>Maintenance programme: establish a preventive maintenance programme including planned activities such as detailed inspections, periodic lubrication and checks on key components.<\/li>\n\n\n\n<li>Maintenance record: keep a detailed record of maintenance activities carried out, including dates, tasks performed and any relevant findings.<\/li>\n\n\n\n<li>Follow the manufacturer's recommendations: Follow the manufacturer's specific instructions and recommendations for the maintenance and servicing of chain hoists.<\/li>\n<\/ul>\n\n\n\n<p>Proper care and maintenance of these hoists is essential to ensure optimum performance and safe operation. By following best maintenance practices, regular inspections and proper lubrication, you can maximise hoist life and maintain a safe working environment for everyone.<\/p>\n\n\n\n<div class=\"wp-block-uagb-call-to-action uagb-block-113cc713 wp-block-button\"><div class=\"uagb-cta__wrap\"><h3 class=\"uagb-cta__title\">Getting to know our hoists<\/h3><p class=\"uagb-cta__desc\">Click to find out more about the hoists we use in our overhead travelling cranes.<\/p><\/div><div class=\"uagb-cta__buttons\"><a href=\"https:\/\/lbcranes.es\/en\/polipastos-cadena\/\" class=\"uagb-cta__button-link-wrapper wp-block-button__link\" target=\"_self\" rel=\"noopener noreferrer\">More hoists<\/a><\/div><\/div>\n<\/div>\n\n\n\n<div class=\"wp-block-column is-layout-flow wp-block-column-is-layout-flow\">\n<div class=\"wp-block-uagb-advanced-heading uagb-block-8235d8c7\"><h5 class=\"uagb-heading-text\">Do you need a chain hoist?<\/h5><\/div>\n\n\n<style id=\"wpforms-css-vars-root\">\n\t\t\t\t:root {\n\t\t\t\t\t--wpforms-field-border-radius: 3px;\n--wpforms-field-background-color: #ffffff;\n--wpforms-field-border-color: rgba( 0, 0, 0, 0.25 );\n--wpforms-field-text-color: rgba( 0, 0, 0, 0.7 );\n--wpforms-label-color: rgba( 0, 0, 0, 0.85 );\n--wpforms-label-sublabel-color: rgba( 0, 0, 0, 0.55 );\n--wpforms-label-error-color: #d63637;\n--wpforms-button-border-radius: 3px;\n--wpforms-button-background-color: #066aab;\n--wpforms-button-text-color: #ffffff;\n--wpforms-page-break-color: #066aab;\n--wpforms-field-size-input-height: 43px;\n--wpforms-field-size-input-spacing: 15px;\n--wpforms-field-size-font-size: 16px;\n--wpforms-field-size-line-height: 19px;\n--wpforms-field-size-padding-h: 14px;\n--wpforms-field-size-checkbox-size: 16px;\n--wpforms-field-size-sublabel-spacing: 5px;\n--wpforms-field-size-icon-size: 1;\n--wpforms-label-size-font-size: 16px;\n--wpforms-label-size-line-height: 19px;\n--wpforms-label-size-sublabel-font-size: 14px;\n--wpforms-label-size-sublabel-line-height: 17px;\n--wpforms-button-size-font-size: 17px;\n--wpforms-button-size-height: 41px;\n--wpforms-button-size-padding-h: 15px;\n--wpforms-button-size-margin-top: 10px;\n\n\t\t\t\t}\n\t\t\t<\/style><div class=\"wpforms-container wpforms-block wpforms-block-f09d900d-f82c-4b84-a4cb-f06557469dfa wpforms-render-modern\" id=\"wpforms-2093\"><form id=\"wpforms-form-2093\" class=\"wpforms-validate wpforms-form wpforms-ajax-form\" data-formid=\"2093\" method=\"post\" enctype=\"multipart\/form-data\" action=\"\/en\/wp-json\/wp\/v2\/pages\/2343\" data-token=\"9408f1a7d4bfdb3a999fc82a26536795\" data-trp-original-action=\"\/en\/wp-json\/wp\/v2\/pages\/2343\"><noscript class=\"wpforms-error-noscript\">Please enable JavaScript in your browser to complete this form.<\/noscript><div class=\"wpforms-hidden\" id=\"wpforms-error-noscript\">Please enable JavaScript in your browser to complete this form.<\/div><div class=\"wpforms-field-container\"><div id=\"wpforms-2093-field_0-container\" class=\"wpforms-field wpforms-field-name\" data-field-id=\"0\"><label class=\"wpforms-field-label\" for=\"wpforms-2093-field_0\">Name <span class=\"wpforms-required-label\" aria-hidden=\"true\">*<\/span><\/label><input type=\"text\" id=\"wpforms-2093-field_0\" class=\"wpforms-field-medium wpforms-field-required\" name=\"wpforms[fields][0]\" aria-errormessage=\"wpforms-2093-field_0-error\" required><\/div><div id=\"wpforms-2093-field_5-container\" class=\"wpforms-field wpforms-field-text\" data-field-id=\"5\"><label class=\"wpforms-field-label\" for=\"wpforms-2093-field_5\">Business <span class=\"wpforms-required-label\" aria-hidden=\"true\">*<\/span><\/label><input type=\"text\" id=\"wpforms-2093-field_5\" class=\"wpforms-field-medium wpforms-field-required\" name=\"wpforms[fields][5]\" aria-errormessage=\"wpforms-2093-field_5-error\" required><\/div><div id=\"wpforms-2093-field_7-container\" class=\"wpforms-field wpforms-field-text\" data-field-id=\"7\"><label class=\"wpforms-field-label\" for=\"wpforms-2093-field_7\">Location<\/label><input type=\"text\" id=\"wpforms-2093-field_7\" class=\"wpforms-field-medium\" name=\"wpforms[fields][7]\" aria-errormessage=\"wpforms-2093-field_7-error\" ><\/div><div id=\"wpforms-2093-field_1-container\" class=\"wpforms-field wpforms-field-email\" data-field-id=\"1\"><label class=\"wpforms-field-label\" for=\"wpforms-2093-field_1\">e-mail <span class=\"wpforms-required-label\" aria-hidden=\"true\">*<\/span><\/label><input type=\"email\" id=\"wpforms-2093-field_1\" class=\"wpforms-field-medium wpforms-field-required\" name=\"wpforms[fields][1]\" spellcheck=\"false\" aria-errormessage=\"wpforms-2093-field_1-error\" required><\/div><div id=\"wpforms-2093-field_6-container\" class=\"wpforms-field wpforms-field-number\" data-field-id=\"6\"><label class=\"wpforms-field-label\" for=\"wpforms-2093-field_6\">Phone <span class=\"wpforms-required-label\" aria-hidden=\"true\">*<\/span><\/label><input type=\"number\" pattern=\"\\d*\" id=\"wpforms-2093-field_6\" class=\"wpforms-field-medium wpforms-field-required\" name=\"wpforms[fields][6]\" aria-errormessage=\"wpforms-2093-field_6-error\" required><\/div><div id=\"wpforms-2093-field_2-container\" class=\"wpforms-field wpforms-field-textarea\" data-field-id=\"2\"><label class=\"wpforms-field-label\" for=\"wpforms-2093-field_2\">Message<\/label><textarea id=\"wpforms-2093-field_2\" class=\"wpforms-field-small\" name=\"wpforms[fields][2]\" aria-errormessage=\"wpforms-2093-field_2-error\" ><\/textarea><\/div><\/div><!-- .wpforms-field-container --><div class=\"wpforms-recaptcha-container wpforms-is-hcaptcha\" ><div class=\"g-recaptcha\" data-sitekey=\"b82122a1-01d7-45a5-a1df-117c079166a0\"><\/div><input type=\"text\" name=\"g-recaptcha-hidden\" class=\"wpforms-recaptcha-hidden\" style=\"position:absolute!important;clip:rect(0,0,0,0)!important;height:1px!important;width:1px!important;border:0!important;overflow:hidden!important;padding:0!important;margin:0!important;\" data-rule-hcaptcha=\"1\"><\/div><div class=\"wpforms-submit-container\" ><input type=\"hidden\" name=\"wpforms[id]\" value=\"2093\"><input type=\"hidden\" name=\"wpforms[author]\" value=\"1\"><button type=\"submit\" name=\"wpforms[submit]\" id=\"wpforms-submit-2093\" class=\"wpforms-submit\" data-alt-text=\"Enviando...\" data-submit-text=\"Enviar\" aria-live=\"assertive\" value=\"wpforms-submit\">Send<\/button><img loading=\"lazy\" decoding=\"async\" src=\"https:\/\/lbcranes.es\/wp-content\/plugins\/wpforms-lite\/assets\/images\/submit-spin.svg\" class=\"wpforms-submit-spinner\" style=\"display: none;\" width=\"26\" height=\"26\" alt=\"Loading\"><\/div><input type=\"hidden\" name=\"trp-form-language\" value=\"en\"\/><\/form><\/div>  <!-- .wpforms-container --><\/div>\n<\/div>\n<\/div>","protected":false},"excerpt":{"rendered":"<p>Polipastos de Cadena: Mantenimiento y Cuidado para un Rendimiento \u00d3ptimo El mantenimiento adecuado de los polipastos de cadena es esencial para garantizar un rendimiento \u00f3ptimo y prolongar su vida \u00fatil. En este art\u00edculo, exploraremos la importancia del mantenimiento y cuidado de los polipastos de cadena, as\u00ed como las mejores pr\u00e1cticas para mantenerlos en condiciones \u00f3ptimas. [&hellip;]<\/p>","protected":false},"author":1,"featured_media":0,"parent":2325,"menu_order":0,"comment_status":"closed","ping_status":"closed","template":"","meta":{"_uag_custom_page_level_css":"","site-sidebar-layout":"default","site-content-layout":"","ast-site-content-layout":"","site-content-style":"default","site-sidebar-style":"default","ast-global-header-display":"","ast-banner-title-visibility":"","ast-main-header-display":"","ast-hfb-above-header-display":"","ast-hfb-below-header-display":"","ast-hfb-mobile-header-display":"","site-post-title":"","ast-breadcrumbs-content":"","ast-featured-img":"","footer-sml-layout":"","theme-transparent-header-meta":"","adv-header-id-meta":"","stick-header-meta":"","header-above-stick-meta":"","header-main-stick-meta":"","header-below-stick-meta":"","astra-migrate-meta-layouts":"default","ast-page-background-enabled":"default","ast-page-background-meta":{"desktop":{"background-color":"var(--ast-global-color-4)","background-image":"","background-repeat":"repeat","background-position":"center center","background-size":"auto","background-attachment":"scroll","background-type":"","background-media":"","overlay-type":"","overlay-color":"","overlay-gradient":""},"tablet":{"background-color":"","background-image":"","background-repeat":"repeat","background-position":"center center","background-size":"auto","background-attachment":"scroll","background-type":"","background-media":"","overlay-type":"","overlay-color":"","overlay-gradient":""},"mobile":{"background-color":"","background-image":"","background-repeat":"repeat","background-position":"center center","background-size":"auto","background-attachment":"scroll","background-type":"","background-media":"","overlay-type":"","overlay-color":"","overlay-gradient":""}},"ast-content-background-meta":{"desktop":{"background-color":"var(--ast-global-color-5)","background-image":"","background-repeat":"repeat","background-position":"center center","background-size":"auto","background-attachment":"scroll","background-type":"","background-media":"","overlay-type":"","overlay-color":"","overlay-gradient":""},"tablet":{"background-color":"var(--ast-global-color-5)","background-image":"","background-repeat":"repeat","background-position":"center center","background-size":"auto","background-attachment":"scroll","background-type":"","background-media":"","overlay-type":"","overlay-color":"","overlay-gradient":""},"mobile":{"background-color":"var(--ast-global-color-5)","background-image":"","background-repeat":"repeat","background-position":"center center","background-size":"auto","background-attachment":"scroll","background-type":"","background-media":"","overlay-type":"","overlay-color":"","overlay-gradient":""}},"footnotes":""},"class_list":["post-2343","page","type-page","status-publish","hentry"],"yoast_head":"<!-- This site is optimized with the Yoast SEO plugin v22.3 - https:\/\/yoast.com\/wordpress\/plugins\/seo\/ -->\n<title>Polipastos de cadena: Mantenimiento y cuidado - LBCranes<\/title>\n<meta name=\"description\" content=\"El mantenimiento adecuado de los polipastos de cadena es esencial para garantizar un rendimiento \u00f3ptimo y prolongar su vida \u00fatil.\" \/>\n<meta name=\"robots\" content=\"index, follow, max-snippet:-1, max-image-preview:large, max-video-preview:-1\" \/>\n<link rel=\"canonical\" href=\"https:\/\/lbcranes.es\/en\/content\/chain-hoists-uses\/\" \/>\n<meta property=\"og:locale\" content=\"en_GB\" \/>\n<meta property=\"og:type\" content=\"article\" \/>\n<meta property=\"og:title\" content=\"Polipastos de cadena: Mantenimiento y cuidado - LBCranes\" \/>\n<meta property=\"og:description\" content=\"El mantenimiento adecuado de los polipastos de cadena es esencial para garantizar un rendimiento \u00f3ptimo y prolongar su vida \u00fatil.\" \/>\n<meta property=\"og:url\" content=\"https:\/\/lbcranes.es\/en\/content\/chain-hoists-uses\/\" \/>\n<meta property=\"og:site_name\" content=\"LBCranes Puentes Gr\u00faa Espa\u00f1a\" \/>\n<meta property=\"article:modified_time\" content=\"2023-06-15T10:32:12+00:00\" \/>\n<meta property=\"og:image\" content=\"https:\/\/lbcranes.es\/wp-content\/uploads\/2023\/05\/consola_verlinde_banner-edited-1024x577.jpg\" \/>\n<meta name=\"twitter:card\" content=\"summary_large_image\" \/>\n<meta name=\"twitter:label1\" content=\"Estimated reading time\" \/>\n\t<meta name=\"twitter:data1\" content=\"3 minutes\" \/>\n<script type=\"application\/ld+json\" class=\"yoast-schema-graph\">{\"@context\":\"https:\/\/schema.org\",\"@graph\":[{\"@type\":\"WebPage\",\"@id\":\"https:\/\/lbcranes.es\/contenido\/polipastos-de-cadena\/\",\"url\":\"https:\/\/lbcranes.es\/contenido\/polipastos-de-cadena\/\",\"name\":\"Polipastos de cadena: Mantenimiento y cuidado - LBCranes\",\"isPartOf\":{\"@id\":\"https:\/\/lbcranes.es\/#website\"},\"primaryImageOfPage\":{\"@id\":\"https:\/\/lbcranes.es\/contenido\/polipastos-de-cadena\/#primaryimage\"},\"image\":{\"@id\":\"https:\/\/lbcranes.es\/contenido\/polipastos-de-cadena\/#primaryimage\"},\"thumbnailUrl\":\"https:\/\/lbcranes.es\/wp-content\/uploads\/2023\/05\/consola_verlinde_banner-edited-1024x577.jpg\",\"datePublished\":\"2023-06-13T08:13:14+00:00\",\"dateModified\":\"2023-06-15T10:32:12+00:00\",\"description\":\"El mantenimiento adecuado de los polipastos de cadena es esencial para garantizar un rendimiento \u00f3ptimo y prolongar su vida \u00fatil.\",\"breadcrumb\":{\"@id\":\"https:\/\/lbcranes.es\/contenido\/polipastos-de-cadena\/#breadcrumb\"},\"inLanguage\":\"en-GB\",\"potentialAction\":[{\"@type\":\"ReadAction\",\"target\":[\"https:\/\/lbcranes.es\/contenido\/polipastos-de-cadena\/\"]}]},{\"@type\":\"ImageObject\",\"inLanguage\":\"en-GB\",\"@id\":\"https:\/\/lbcranes.es\/contenido\/polipastos-de-cadena\/#primaryimage\",\"url\":\"https:\/\/i0.wp.com\/lbcranes.es\/wp-content\/uploads\/2023\/05\/consola_verlinde_banner-edited.jpg?fit=1243%2C700&ssl=1\",\"contentUrl\":\"https:\/\/i0.wp.com\/lbcranes.es\/wp-content\/uploads\/2023\/05\/consola_verlinde_banner-edited.jpg?fit=1243%2C700&ssl=1\",\"width\":1243,\"height\":700,\"caption\":\"polipasto de cadena verlinde\"},{\"@type\":\"BreadcrumbList\",\"@id\":\"https:\/\/lbcranes.es\/contenido\/polipastos-de-cadena\/#breadcrumb\",\"itemListElement\":[{\"@type\":\"ListItem\",\"position\":1,\"name\":\"Portada\",\"item\":\"https:\/\/lbcranes.es\/\"},{\"@type\":\"ListItem\",\"position\":2,\"name\":\"Contenido\",\"item\":\"https:\/\/lbcranes.es\/contenido\/\"},{\"@type\":\"ListItem\",\"position\":3,\"name\":\"Polipastos de Cadena: Mantenimiento y Cuidado para un Rendimiento \u00d3ptimo\"}]},{\"@type\":\"WebSite\",\"@id\":\"https:\/\/lbcranes.es\/#website\",\"url\":\"https:\/\/lbcranes.es\/\",\"name\":\"LBCranes Puentes Gr\u00faa Espa\u00f1a\",\"description\":\"Venta e instalaci\u00f3n de puentes gr\u00faa y sistemas de elevaci\u00f3n para industria.\",\"publisher\":{\"@id\":\"https:\/\/lbcranes.es\/#organization\"},\"alternateName\":\"LBCranes\",\"potentialAction\":[{\"@type\":\"SearchAction\",\"target\":{\"@type\":\"EntryPoint\",\"urlTemplate\":\"https:\/\/lbcranes.es\/?s={search_term_string}\"},\"query-input\":\"required name=search_term_string\"}],\"inLanguage\":\"en-GB\"},{\"@type\":\"Organization\",\"@id\":\"https:\/\/lbcranes.es\/#organization\",\"name\":\"LBCranes Puentes Gr\u00faa\",\"alternateName\":\"LBCranes Lifting Equipments\",\"url\":\"https:\/\/lbcranes.es\/\",\"logo\":{\"@type\":\"ImageObject\",\"inLanguage\":\"en-GB\",\"@id\":\"https:\/\/lbcranes.es\/#\/schema\/logo\/image\/\",\"url\":\"https:\/\/lbcranes.es\/wp-content\/uploads\/2023\/02\/lbcranes_logo.svg\",\"contentUrl\":\"https:\/\/lbcranes.es\/wp-content\/uploads\/2023\/02\/lbcranes_logo.svg\",\"width\":1,\"height\":1,\"caption\":\"LBCranes Puentes Gr\u00faa\"},\"image\":{\"@id\":\"https:\/\/lbcranes.es\/#\/schema\/logo\/image\/\"},\"sameAs\":[\"https:\/\/www.instagram.com\/lbcranes\/\",\"https:\/\/www.linkedin.com\/company\/lbcranes-lifting-equipments\"]}]}<\/script>\n<!-- \/ Yoast SEO plugin. -->","yoast_head_json":{"title":"Polipastos de cadena: Mantenimiento y cuidado - LBCranes","description":"El mantenimiento adecuado de los polipastos de cadena es esencial para garantizar un rendimiento \u00f3ptimo y prolongar su vida \u00fatil.","robots":{"index":"index","follow":"follow","max-snippet":"max-snippet:-1","max-image-preview":"max-image-preview:large","max-video-preview":"max-video-preview:-1"},"canonical":"https:\/\/lbcranes.es\/en\/content\/chain-hoists-uses\/","og_locale":"en_GB","og_type":"article","og_title":"Polipastos de cadena: Mantenimiento y cuidado - LBCranes","og_description":"El mantenimiento adecuado de los polipastos de cadena es esencial para garantizar un rendimiento \u00f3ptimo y prolongar su vida \u00fatil.","og_url":"https:\/\/lbcranes.es\/en\/content\/chain-hoists-uses\/","og_site_name":"LBCranes Puentes Gr\u00faa Espa\u00f1a","article_modified_time":"2023-06-15T10:32:12+00:00","og_image":[{"url":"https:\/\/lbcranes.es\/wp-content\/uploads\/2023\/05\/consola_verlinde_banner-edited-1024x577.jpg"}],"twitter_card":"summary_large_image","twitter_misc":{"Estimated reading time":"3 minutes"},"schema":{"@context":"https:\/\/schema.org","@graph":[{"@type":"WebPage","@id":"https:\/\/lbcranes.es\/contenido\/polipastos-de-cadena\/","url":"https:\/\/lbcranes.es\/contenido\/polipastos-de-cadena\/","name":"Polipastos de cadena: Mantenimiento y cuidado - LBCranes","isPartOf":{"@id":"https:\/\/lbcranes.es\/#website"},"primaryImageOfPage":{"@id":"https:\/\/lbcranes.es\/contenido\/polipastos-de-cadena\/#primaryimage"},"image":{"@id":"https:\/\/lbcranes.es\/contenido\/polipastos-de-cadena\/#primaryimage"},"thumbnailUrl":"https:\/\/lbcranes.es\/wp-content\/uploads\/2023\/05\/consola_verlinde_banner-edited-1024x577.jpg","datePublished":"2023-06-13T08:13:14+00:00","dateModified":"2023-06-15T10:32:12+00:00","description":"El mantenimiento adecuado de los polipastos de cadena es esencial para garantizar un rendimiento \u00f3ptimo y prolongar su vida \u00fatil.","breadcrumb":{"@id":"https:\/\/lbcranes.es\/contenido\/polipastos-de-cadena\/#breadcrumb"},"inLanguage":"en-GB","potentialAction":[{"@type":"ReadAction","target":["https:\/\/lbcranes.es\/contenido\/polipastos-de-cadena\/"]}]},{"@type":"ImageObject","inLanguage":"en-GB","@id":"https:\/\/lbcranes.es\/contenido\/polipastos-de-cadena\/#primaryimage","url":"https:\/\/i0.wp.com\/lbcranes.es\/wp-content\/uploads\/2023\/05\/consola_verlinde_banner-edited.jpg?fit=1243%2C700&ssl=1","contentUrl":"https:\/\/i0.wp.com\/lbcranes.es\/wp-content\/uploads\/2023\/05\/consola_verlinde_banner-edited.jpg?fit=1243%2C700&ssl=1","width":1243,"height":700,"caption":"polipasto de cadena verlinde"},{"@type":"BreadcrumbList","@id":"https:\/\/lbcranes.es\/contenido\/polipastos-de-cadena\/#breadcrumb","itemListElement":[{"@type":"ListItem","position":1,"name":"Portada","item":"https:\/\/lbcranes.es\/"},{"@type":"ListItem","position":2,"name":"Contenido","item":"https:\/\/lbcranes.es\/contenido\/"},{"@type":"ListItem","position":3,"name":"Polipastos de Cadena: Mantenimiento y Cuidado para un Rendimiento \u00d3ptimo"}]},{"@type":"WebSite","@id":"https:\/\/lbcranes.es\/#website","url":"https:\/\/lbcranes.es\/","name":"LBCranes Puentes Gr\u00faa Espa\u00f1a","description":"Venta e instalaci\u00f3n de puentes gr\u00faa y sistemas de elevaci\u00f3n para industria.","publisher":{"@id":"https:\/\/lbcranes.es\/#organization"},"alternateName":"LBCranes","potentialAction":[{"@type":"SearchAction","target":{"@type":"EntryPoint","urlTemplate":"https:\/\/lbcranes.es\/?s={search_term_string}"},"query-input":"required name=search_term_string"}],"inLanguage":"en-GB"},{"@type":"Organization","@id":"https:\/\/lbcranes.es\/#organization","name":"LBCranes Puentes Gr\u00faa","alternateName":"LBCranes Lifting Equipments","url":"https:\/\/lbcranes.es\/","logo":{"@type":"ImageObject","inLanguage":"en-GB","@id":"https:\/\/lbcranes.es\/#\/schema\/logo\/image\/","url":"https:\/\/lbcranes.es\/wp-content\/uploads\/2023\/02\/lbcranes_logo.svg","contentUrl":"https:\/\/lbcranes.es\/wp-content\/uploads\/2023\/02\/lbcranes_logo.svg","width":1,"height":1,"caption":"LBCranes Puentes Gr\u00faa"},"image":{"@id":"https:\/\/lbcranes.es\/#\/schema\/logo\/image\/"},"sameAs":["https:\/\/www.instagram.com\/lbcranes\/","https:\/\/www.linkedin.com\/company\/lbcranes-lifting-equipments"]}]}},"jetpack_sharing_enabled":true,"uagb_featured_image_src":{"full":false,"thumbnail":false,"medium":false,"medium_large":false,"large":false,"1536x1536":false,"2048x2048":false,"trp-custom-language-flag":false},"uagb_author_info":{"display_name":"admin","author_link":"https:\/\/lbcranes.es\/en\/author\/miquelcoll\/"},"uagb_comment_info":0,"uagb_excerpt":"Polipastos de Cadena: Mantenimiento y Cuidado para un Rendimiento \u00d3ptimo El mantenimiento adecuado de los polipastos de cadena es esencial para garantizar un rendimiento \u00f3ptimo y prolongar su vida \u00fatil. En este art\u00edculo, exploraremos la importancia del mantenimiento y cuidado de los polipastos de cadena, as\u00ed como las mejores pr\u00e1cticas para mantenerlos en condiciones \u00f3ptimas.&hellip;","jetpack-related-posts":[],"_links":{"self":[{"href":"https:\/\/lbcranes.es\/en\/wp-json\/wp\/v2\/pages\/2343","targetHints":{"allow":["GET"]}}],"collection":[{"href":"https:\/\/lbcranes.es\/en\/wp-json\/wp\/v2\/pages"}],"about":[{"href":"https:\/\/lbcranes.es\/en\/wp-json\/wp\/v2\/types\/page"}],"author":[{"embeddable":true,"href":"https:\/\/lbcranes.es\/en\/wp-json\/wp\/v2\/users\/1"}],"replies":[{"embeddable":true,"href":"https:\/\/lbcranes.es\/en\/wp-json\/wp\/v2\/comments?post=2343"}],"version-history":[{"count":1,"href":"https:\/\/lbcranes.es\/en\/wp-json\/wp\/v2\/pages\/2343\/revisions"}],"predecessor-version":[{"id":2344,"href":"https:\/\/lbcranes.es\/en\/wp-json\/wp\/v2\/pages\/2343\/revisions\/2344"}],"up":[{"embeddable":true,"href":"https:\/\/lbcranes.es\/en\/wp-json\/wp\/v2\/pages\/2325"}],"wp:attachment":[{"href":"https:\/\/lbcranes.es\/en\/wp-json\/wp\/v2\/media?parent=2343"}],"curies":[{"name":"wp","href":"https:\/\/api.w.org\/{rel}","templated":true}]}}