{"id":2352,"date":"2023-06-14T08:33:38","date_gmt":"2023-06-14T08:33:38","guid":{"rendered":"https:\/\/lbcranes.es\/?page_id=2352"},"modified":"2024-02-09T11:33:32","modified_gmt":"2024-02-09T11:33:32","slug":"sistemas-de-seguridad-en-puentes-grua","status":"publish","type":"page","link":"https:\/\/lbcranes.es\/en\/content\/overhead-crane-safety-systems\/","title":{"rendered":"Overhead Crane Safety Systems: Protect your Operations"},"content":{"rendered":"<div class=\"wp-block-uagb-advanced-heading uagb-block-17e42355\"><h1 class=\"uagb-heading-text\">Overhead crane safety systems: protect your operations<\/h1><\/div>\n\n\n\n<div class=\"wp-block-columns is-layout-flex wp-container-core-columns-is-layout-28f84493 wp-block-columns-is-layout-flex\">\n<div class=\"wp-block-column is-layout-flow wp-block-column-is-layout-flow\">\n<p>Safety systems on overhead cranes are essential to ensure operation. Overhead crane accessories for safety are essential.<\/p>\n\n\n\n<div class=\"wp-block-uagb-advanced-heading uagb-block-82f70986\"><h2 class=\"uagb-heading-text\">Safety systems overhead travelling cranes<\/h2><\/div>\n\n\n\n<ul class=\"wp-block-list\">\n<li><strong>Load cells :<\/strong> These systems constantly monitor the weight of the load and alert the operator if the safe limit is exceeded, preventing overloading and possible structural collapse.<\/li>\n\n\n\n<li><strong>Speed control:<\/strong> Overspeed systems regulate the speed of overhead cranes, preventing abrupt and dangerous movements that could compromise safety.<\/li>\n<\/ul>\n\n\n\n<div class=\"wp-block-uagb-advanced-heading uagb-block-a72bb4c7\"><h3 class=\"uagb-heading-text\">Personnel protection systems<\/h3><\/div>\n\n\n\n<ul class=\"wp-block-list\">\n<li><strong>Handrails and safety nets:<\/strong> These physical barriers help prevent falls from height and protect operators from potential accidents.<\/li>\n\n\n\n<li><strong>Personal protective equipment (PPE):<\/strong> Operators must wear appropriate PPE, such as hard hats, gloves and harnesses, to minimise the risk of injury.<\/li>\n<\/ul>\n<\/div>\n\n\n\n<div class=\"wp-block-column is-layout-flow wp-block-column-is-layout-flow\">\n<div class=\"wp-block-uagb-image aligncenter uagb-block-3aced9f5 wp-block-uagb-image--layout-default wp-block-uagb-image--effect-static wp-block-uagb-image--align-center\"><figure class=\"wp-block-uagb-image__figure\"><img decoding=\"async\" srcset=\"https:\/\/i0.wp.com\/lbcranes.es\/wp-content\/uploads\/2024\/02\/WhatsApp-Image-2024-01-04-at-16.26.58-copia.jpg?resize=549%2C400&#038;ssl=1 ,https:\/\/lbcranes.es\/wp-content\/uploads\/2024\/02\/WhatsApp-Image-2024-01-04-at-16.26.58-copia.jpg 780w, https:\/\/lbcranes.es\/wp-content\/uploads\/2024\/02\/WhatsApp-Image-2024-01-04-at-16.26.58-copia.jpg 360w\" sizes=\"auto, (max-width: 480px) 150px\" src=\"https:\/\/i0.wp.com\/lbcranes.es\/wp-content\/uploads\/2024\/02\/WhatsApp-Image-2024-01-04-at-16.26.58-copia.jpg?resize=549%2C400&#038;ssl=1\" alt=\"Overhead Crane Safety Bumpers\" class=\"uag-image-4209\" width=\"549\" height=\"400\" title=\"\" loading=\"lazy\" data-recalc-dims=\"1\"\/><figcaption class=\"uagb-image-caption\">Anti-collision safety bumpers for overhead cranes.<\/figcaption><\/figure><\/div>\n<\/div>\n<\/div>\n\n\n\n<div class=\"wp-block-uagb-image aligncenter uagb-block-fcb43d6c wp-block-uagb-image--layout-default wp-block-uagb-image--effect-static wp-block-uagb-image--align-center\"><figure class=\"wp-block-uagb-image__figure\"><img decoding=\"async\" srcset=\"https:\/\/i0.wp.com\/lbcranes.es\/wp-content\/uploads\/2024\/02\/sistemas-de-seguridad.jpeg?resize=1200%2C342&#038;ssl=1 ,https:\/\/lbcranes.es\/wp-content\/uploads\/2024\/02\/sistemas-de-seguridad.jpeg 780w, https:\/\/lbcranes.es\/wp-content\/uploads\/2024\/02\/sistemas-de-seguridad.jpeg 360w\" sizes=\"auto, (max-width: 480px) 150px\" src=\"https:\/\/i0.wp.com\/lbcranes.es\/wp-content\/uploads\/2024\/02\/sistemas-de-seguridad.jpeg?resize=1200%2C342&#038;ssl=1\" alt=\"Overhead crane security\" class=\"uag-image-4208\" width=\"1200\" height=\"342\" title=\"\" loading=\"lazy\" data-recalc-dims=\"1\"\/><figcaption class=\"uagb-image-caption\">Safety systems on overhead cranes.<\/figcaption><\/figure><\/div>\n\n\n\n<div class=\"wp-block-columns is-layout-flex wp-container-core-columns-is-layout-28f84493 wp-block-columns-is-layout-flex\">\n<div class=\"wp-block-column is-layout-flow wp-block-column-is-layout-flow\">\n<div class=\"wp-block-uagb-advanced-heading uagb-block-e51d9d36\"><h3 class=\"uagb-heading-text\">Obstacle detection systems<\/h3><\/div>\n\n\n\n<p>The bumpers (see image above) detect the presence of objects or people in the operating area of the bridge crane, automatically stopping the movement to avoid collisions or accidents.<\/p>\n\n\n\n<div class=\"wp-block-uagb-advanced-heading uagb-block-f60d26af\"><h3 class=\"uagb-heading-text\">Emergency stop systems<\/h3><\/div>\n\n\n\n<p>Overhead travelling cranes must be equipped with accessible emergency stop buttons.  It must be possible to immediately stop all functions of the equipment in the event of a hazardous situation.<\/p>\n\n\n\n<div class=\"wp-block-uagb-advanced-heading uagb-block-f8aee600\"><h3 class=\"uagb-heading-text\">Operator training and coaching<\/h3><\/div>\n\n\n\n<p>It is essential to provide adequate education and training for overhead crane operators. This ensures that they are familiar with the safety systems and are able to act appropriately.<\/p>\n\n\n\n<div class=\"wp-block-uagb-advanced-heading uagb-block-e5df7005\"><h3 class=\"uagb-heading-text\">Regular maintenance and upgrades<\/h3><\/div>\n\n\n\n<p>Regular maintenance of security systems is important. In addition, it is necessary to keep abreast of technological updates and improvements to keep security systems up to date. You can see all the systems on the <a href=\"https:\/\/lbcranes.es\/en\/polipastos-cable-cadena\/modernizaciones\/\">upgrades<\/a>.<\/p>\n\n\n\n<p>The implementation of these systems is essential to protect operators, loads and prevent accidents in the workplace. Through them, a safer and more reliable working environment is created. In addition, proper training and maintenance are key to ensuring the continued effectiveness of safety systems.<\/p>\n<\/div>\n\n\n\n<div class=\"wp-block-column is-layout-flow wp-block-column-is-layout-flow\">\n<div class=\"wp-block-uagb-container uagb-block-b227c1e6 alignfull uagb-is-root-container\"><div class=\"uagb-container-inner-blocks-wrap\">\n<div class=\"wp-block-uagb-advanced-heading uagb-block-f6ac6bff\"><h5 class=\"uagb-heading-text\">Request more information<\/h5><\/div>\n\n\n<style id=\"wpforms-css-vars-root\">\n\t\t\t\t:root {\n\t\t\t\t\t--wpforms-field-border-radius: 3px;\n--wpforms-field-background-color: #ffffff;\n--wpforms-field-border-color: rgba( 0, 0, 0, 0.25 );\n--wpforms-field-text-color: rgba( 0, 0, 0, 0.7 );\n--wpforms-label-color: rgba( 0, 0, 0, 0.85 );\n--wpforms-label-sublabel-color: rgba( 0, 0, 0, 0.55 );\n--wpforms-label-error-color: #d63637;\n--wpforms-button-border-radius: 3px;\n--wpforms-button-background-color: #066aab;\n--wpforms-button-text-color: #ffffff;\n--wpforms-page-break-color: #066aab;\n--wpforms-field-size-input-height: 43px;\n--wpforms-field-size-input-spacing: 15px;\n--wpforms-field-size-font-size: 16px;\n--wpforms-field-size-line-height: 19px;\n--wpforms-field-size-padding-h: 14px;\n--wpforms-field-size-checkbox-size: 16px;\n--wpforms-field-size-sublabel-spacing: 5px;\n--wpforms-field-size-icon-size: 1;\n--wpforms-label-size-font-size: 16px;\n--wpforms-label-size-line-height: 19px;\n--wpforms-label-size-sublabel-font-size: 14px;\n--wpforms-label-size-sublabel-line-height: 17px;\n--wpforms-button-size-font-size: 17px;\n--wpforms-button-size-height: 41px;\n--wpforms-button-size-padding-h: 15px;\n--wpforms-button-size-margin-top: 10px;\n\n\t\t\t\t}\n\t\t\t<\/style><div class=\"wpforms-container wpforms-block wpforms-block-9f6fed5b-389a-4506-8f2b-1a879b0788e3 wpforms-render-modern\" id=\"wpforms-258\"><form id=\"wpforms-form-258\" class=\"wpforms-validate wpforms-form wpforms-ajax-form\" data-formid=\"258\" method=\"post\" enctype=\"multipart\/form-data\" action=\"\/en\/wp-json\/wp\/v2\/pages\/2352\" data-token=\"cff962780483700e78c851ec612c38ae\" data-trp-original-action=\"\/en\/wp-json\/wp\/v2\/pages\/2352\"><noscript class=\"wpforms-error-noscript\">Please enable JavaScript in your browser to complete this form.<\/noscript><div class=\"wpforms-hidden\" id=\"wpforms-error-noscript\">Please enable JavaScript in your browser to complete this form.<\/div><div class=\"wpforms-field-container\"><div id=\"wpforms-258-field_0-container\" class=\"wpforms-field wpforms-field-name\" data-field-id=\"0\"><label class=\"wpforms-field-label\" for=\"wpforms-258-field_0\">Name <span class=\"wpforms-required-label\" aria-hidden=\"true\">*<\/span><\/label><input type=\"text\" id=\"wpforms-258-field_0\" class=\"wpforms-field-medium wpforms-field-required\" name=\"wpforms[fields][0]\" aria-errormessage=\"wpforms-258-field_0-error\" required><\/div><div id=\"wpforms-258-field_5-container\" class=\"wpforms-field wpforms-field-text\" data-field-id=\"5\"><label class=\"wpforms-field-label\" for=\"wpforms-258-field_5\">Business <span class=\"wpforms-required-label\" aria-hidden=\"true\">*<\/span><\/label><input type=\"text\" id=\"wpforms-258-field_5\" class=\"wpforms-field-medium wpforms-field-required\" name=\"wpforms[fields][5]\" aria-errormessage=\"wpforms-258-field_5-error\" required><\/div><div id=\"wpforms-258-field_7-container\" class=\"wpforms-field wpforms-field-text\" data-field-id=\"7\"><label class=\"wpforms-field-label\" for=\"wpforms-258-field_7\">Location<\/label><input type=\"text\" id=\"wpforms-258-field_7\" class=\"wpforms-field-medium\" name=\"wpforms[fields][7]\" aria-errormessage=\"wpforms-258-field_7-error\" ><\/div><div id=\"wpforms-258-field_1-container\" class=\"wpforms-field wpforms-field-email\" data-field-id=\"1\"><label class=\"wpforms-field-label\" for=\"wpforms-258-field_1\">e-mail <span class=\"wpforms-required-label\" aria-hidden=\"true\">*<\/span><\/label><input type=\"email\" id=\"wpforms-258-field_1\" class=\"wpforms-field-medium wpforms-field-required\" name=\"wpforms[fields][1]\" spellcheck=\"false\" aria-errormessage=\"wpforms-258-field_1-error\" required><\/div><div id=\"wpforms-258-field_6-container\" class=\"wpforms-field wpforms-field-number\" data-field-id=\"6\"><label class=\"wpforms-field-label\" for=\"wpforms-258-field_6\">Phone <span class=\"wpforms-required-label\" aria-hidden=\"true\">*<\/span><\/label><input type=\"number\" pattern=\"\\d*\" id=\"wpforms-258-field_6\" class=\"wpforms-field-medium wpforms-field-required\" name=\"wpforms[fields][6]\" aria-errormessage=\"wpforms-258-field_6-error\" required><\/div><div id=\"wpforms-258-field_2-container\" class=\"wpforms-field wpforms-field-textarea\" data-field-id=\"2\"><label class=\"wpforms-field-label\" for=\"wpforms-258-field_2\">Message<\/label><textarea id=\"wpforms-258-field_2\" class=\"wpforms-field-small\" name=\"wpforms[fields][2]\" aria-errormessage=\"wpforms-258-field_2-error\" ><\/textarea><\/div><\/div><!-- .wpforms-field-container --><div class=\"wpforms-recaptcha-container wpforms-is-hcaptcha\" ><div class=\"g-recaptcha\" data-sitekey=\"b82122a1-01d7-45a5-a1df-117c079166a0\"><\/div><input type=\"text\" name=\"g-recaptcha-hidden\" class=\"wpforms-recaptcha-hidden\" style=\"position:absolute!important;clip:rect(0,0,0,0)!important;height:1px!important;width:1px!important;border:0!important;overflow:hidden!important;padding:0!important;margin:0!important;\" data-rule-hcaptcha=\"1\"><\/div><div class=\"wpforms-submit-container\" ><input type=\"hidden\" name=\"wpforms[id]\" value=\"258\"><input type=\"hidden\" name=\"wpforms[author]\" value=\"1\"><button type=\"submit\" name=\"wpforms[submit]\" id=\"wpforms-submit-258\" class=\"wpforms-submit\" data-alt-text=\"Enviando...\" data-submit-text=\"Enviar\" aria-live=\"assertive\" value=\"wpforms-submit\">Send<\/button><img loading=\"lazy\" decoding=\"async\" src=\"https:\/\/lbcranes.es\/wp-content\/plugins\/wpforms-lite\/assets\/images\/submit-spin.svg\" class=\"wpforms-submit-spinner\" style=\"display: none;\" width=\"26\" height=\"26\" alt=\"Loading\"><\/div><input type=\"hidden\" name=\"trp-form-language\" value=\"en\"\/><\/form><\/div>  <!-- .wpforms-container --><\/div><\/div>\n<\/div>\n<\/div>","protected":false},"excerpt":{"rendered":"<p>Sistemas de seguridad en puentes gr\u00faa: protege tus operaciones Los sistemas de seguridad en puentes gr\u00faa son fundamentales para garantizar el funcionamiento. Los accesorios de puentes gr\u00faa para seguridad son esenciales. Sistemas de seguridad puentes gr\u00faa Sistemas de protecci\u00f3n de personal Sistemas de detecci\u00f3n de obst\u00e1culos Los bumpers (ver imagen superior) detectan la presencia de [&hellip;]<\/p>","protected":false},"author":1,"featured_media":0,"parent":2325,"menu_order":0,"comment_status":"closed","ping_status":"closed","template":"","meta":{"_uag_custom_page_level_css":"","site-sidebar-layout":"default","site-content-layout":"","ast-site-content-layout":"default","site-content-style":"default","site-sidebar-style":"default","ast-global-header-display":"","ast-banner-title-visibility":"","ast-main-header-display":"","ast-hfb-above-header-display":"","ast-hfb-below-header-display":"","ast-hfb-mobile-header-display":"","site-post-title":"","ast-breadcrumbs-content":"","ast-featured-img":"","footer-sml-layout":"","theme-transparent-header-meta":"","adv-header-id-meta":"","stick-header-meta":"","header-above-stick-meta":"","header-main-stick-meta":"","header-below-stick-meta":"","astra-migrate-meta-layouts":"set","ast-page-background-enabled":"default","ast-page-background-meta":{"desktop":{"background-color":"var(--ast-global-color-4)","background-image":"","background-repeat":"repeat","background-position":"center center","background-size":"auto","background-attachment":"scroll","background-type":"","background-media":"","overlay-type":"","overlay-color":"","overlay-gradient":""},"tablet":{"background-color":"","background-image":"","background-repeat":"repeat","background-position":"center center","background-size":"auto","background-attachment":"scroll","background-type":"","background-media":"","overlay-type":"","overlay-color":"","overlay-gradient":""},"mobile":{"background-color":"","background-image":"","background-repeat":"repeat","background-position":"center center","background-size":"auto","background-attachment":"scroll","background-type":"","background-media":"","overlay-type":"","overlay-color":"","overlay-gradient":""}},"ast-content-background-meta":{"desktop":{"background-color":"var(--ast-global-color-5)","background-image":"","background-repeat":"repeat","background-position":"center center","background-size":"auto","background-attachment":"scroll","background-type":"","background-media":"","overlay-type":"","overlay-color":"","overlay-gradient":""},"tablet":{"background-color":"var(--ast-global-color-5)","background-image":"","background-repeat":"repeat","background-position":"center center","background-size":"auto","background-attachment":"scroll","background-type":"","background-media":"","overlay-type":"","overlay-color":"","overlay-gradient":""},"mobile":{"background-color":"var(--ast-global-color-5)","background-image":"","background-repeat":"repeat","background-position":"center center","background-size":"auto","background-attachment":"scroll","background-type":"","background-media":"","overlay-type":"","overlay-color":"","overlay-gradient":""}},"footnotes":""},"class_list":["post-2352","page","type-page","status-publish","hentry"],"yoast_head":"<!-- This site is optimized with the Yoast SEO plugin v22.3 - https:\/\/yoast.com\/wordpress\/plugins\/seo\/ -->\n<title>Sistemas de seguridad en puentes gr\u00faa - LBCranes<\/title>\n<meta name=\"description\" content=\"Sistemas de seguridad en puentes gr\u00faa. Todos los sistemas de seguridad necesarios para operar con puentes gr\u00faa.\" \/>\n<meta name=\"robots\" content=\"index, follow, max-snippet:-1, max-image-preview:large, max-video-preview:-1\" \/>\n<link rel=\"canonical\" href=\"https:\/\/lbcranes.es\/en\/content\/overhead-crane-safety-systems\/\" \/>\n<meta property=\"og:locale\" content=\"en_GB\" \/>\n<meta property=\"og:type\" content=\"article\" \/>\n<meta property=\"og:title\" content=\"Sistemas de seguridad en puentes gr\u00faa - LBCranes\" \/>\n<meta property=\"og:description\" content=\"Sistemas de seguridad en puentes gr\u00faa. Todos los sistemas de seguridad necesarios para operar con puentes gr\u00faa.\" \/>\n<meta property=\"og:url\" content=\"https:\/\/lbcranes.es\/en\/content\/overhead-crane-safety-systems\/\" \/>\n<meta property=\"og:site_name\" content=\"LBCranes Puentes Gr\u00faa Espa\u00f1a\" \/>\n<meta property=\"article:modified_time\" content=\"2024-02-09T11:33:32+00:00\" \/>\n<meta property=\"og:image\" content=\"https:\/\/lbcranes.es\/wp-content\/uploads\/2024\/02\/WhatsApp-Image-2024-01-04-at-16.26.58-copia-1024x747.jpg\" \/>\n<meta name=\"twitter:card\" content=\"summary_large_image\" \/>\n<meta name=\"twitter:label1\" content=\"Estimated reading time\" \/>\n\t<meta name=\"twitter:data1\" content=\"3 minutes\" \/>\n<script type=\"application\/ld+json\" class=\"yoast-schema-graph\">{\"@context\":\"https:\/\/schema.org\",\"@graph\":[{\"@type\":\"WebPage\",\"@id\":\"https:\/\/lbcranes.es\/contenido\/sistemas-de-seguridad-en-puentes-grua\/\",\"url\":\"https:\/\/lbcranes.es\/contenido\/sistemas-de-seguridad-en-puentes-grua\/\",\"name\":\"Sistemas de seguridad en puentes gr\u00faa - LBCranes\",\"isPartOf\":{\"@id\":\"https:\/\/lbcranes.es\/#website\"},\"primaryImageOfPage\":{\"@id\":\"https:\/\/lbcranes.es\/contenido\/sistemas-de-seguridad-en-puentes-grua\/#primaryimage\"},\"image\":{\"@id\":\"https:\/\/lbcranes.es\/contenido\/sistemas-de-seguridad-en-puentes-grua\/#primaryimage\"},\"thumbnailUrl\":\"https:\/\/lbcranes.es\/wp-content\/uploads\/2024\/02\/WhatsApp-Image-2024-01-04-at-16.26.58-copia-1024x747.jpg\",\"datePublished\":\"2023-06-14T08:33:38+00:00\",\"dateModified\":\"2024-02-09T11:33:32+00:00\",\"description\":\"Sistemas de seguridad en puentes gr\u00faa. Todos los sistemas de seguridad necesarios para operar con puentes gr\u00faa.\",\"breadcrumb\":{\"@id\":\"https:\/\/lbcranes.es\/contenido\/sistemas-de-seguridad-en-puentes-grua\/#breadcrumb\"},\"inLanguage\":\"en-GB\",\"potentialAction\":[{\"@type\":\"ReadAction\",\"target\":[\"https:\/\/lbcranes.es\/contenido\/sistemas-de-seguridad-en-puentes-grua\/\"]}]},{\"@type\":\"ImageObject\",\"inLanguage\":\"en-GB\",\"@id\":\"https:\/\/lbcranes.es\/contenido\/sistemas-de-seguridad-en-puentes-grua\/#primaryimage\",\"url\":\"https:\/\/i0.wp.com\/lbcranes.es\/wp-content\/uploads\/2024\/02\/WhatsApp-Image-2024-01-04-at-16.26.58-copia.jpg?fit=1279%2C933&ssl=1\",\"contentUrl\":\"https:\/\/i0.wp.com\/lbcranes.es\/wp-content\/uploads\/2024\/02\/WhatsApp-Image-2024-01-04-at-16.26.58-copia.jpg?fit=1279%2C933&ssl=1\",\"width\":1279,\"height\":933,\"caption\":\"Bumpers de seguridad para puentes gr\u00faa\"},{\"@type\":\"BreadcrumbList\",\"@id\":\"https:\/\/lbcranes.es\/contenido\/sistemas-de-seguridad-en-puentes-grua\/#breadcrumb\",\"itemListElement\":[{\"@type\":\"ListItem\",\"position\":1,\"name\":\"Portada\",\"item\":\"https:\/\/lbcranes.es\/\"},{\"@type\":\"ListItem\",\"position\":2,\"name\":\"Contenido\",\"item\":\"https:\/\/lbcranes.es\/contenido\/\"},{\"@type\":\"ListItem\",\"position\":3,\"name\":\"Sistemas de Seguridad en Puentes Gr\u00faa: Protege tus Operaciones\"}]},{\"@type\":\"WebSite\",\"@id\":\"https:\/\/lbcranes.es\/#website\",\"url\":\"https:\/\/lbcranes.es\/\",\"name\":\"LBCranes Puentes Gr\u00faa Espa\u00f1a\",\"description\":\"Venta e instalaci\u00f3n de puentes gr\u00faa y sistemas de elevaci\u00f3n para industria.\",\"publisher\":{\"@id\":\"https:\/\/lbcranes.es\/#organization\"},\"alternateName\":\"LBCranes\",\"potentialAction\":[{\"@type\":\"SearchAction\",\"target\":{\"@type\":\"EntryPoint\",\"urlTemplate\":\"https:\/\/lbcranes.es\/?s={search_term_string}\"},\"query-input\":\"required name=search_term_string\"}],\"inLanguage\":\"en-GB\"},{\"@type\":\"Organization\",\"@id\":\"https:\/\/lbcranes.es\/#organization\",\"name\":\"LBCranes Puentes Gr\u00faa\",\"alternateName\":\"LBCranes Lifting Equipments\",\"url\":\"https:\/\/lbcranes.es\/\",\"logo\":{\"@type\":\"ImageObject\",\"inLanguage\":\"en-GB\",\"@id\":\"https:\/\/lbcranes.es\/#\/schema\/logo\/image\/\",\"url\":\"https:\/\/lbcranes.es\/wp-content\/uploads\/2023\/02\/lbcranes_logo.svg\",\"contentUrl\":\"https:\/\/lbcranes.es\/wp-content\/uploads\/2023\/02\/lbcranes_logo.svg\",\"width\":1,\"height\":1,\"caption\":\"LBCranes Puentes Gr\u00faa\"},\"image\":{\"@id\":\"https:\/\/lbcranes.es\/#\/schema\/logo\/image\/\"},\"sameAs\":[\"https:\/\/www.instagram.com\/lbcranes\/\",\"https:\/\/www.linkedin.com\/company\/lbcranes-lifting-equipments\"]}]}<\/script>\n<!-- \/ Yoast SEO plugin. -->","yoast_head_json":{"title":"Sistemas de seguridad en puentes gr\u00faa - LBCranes","description":"Sistemas de seguridad en puentes gr\u00faa. Todos los sistemas de seguridad necesarios para operar con puentes gr\u00faa.","robots":{"index":"index","follow":"follow","max-snippet":"max-snippet:-1","max-image-preview":"max-image-preview:large","max-video-preview":"max-video-preview:-1"},"canonical":"https:\/\/lbcranes.es\/en\/content\/overhead-crane-safety-systems\/","og_locale":"en_GB","og_type":"article","og_title":"Sistemas de seguridad en puentes gr\u00faa - LBCranes","og_description":"Sistemas de seguridad en puentes gr\u00faa. Todos los sistemas de seguridad necesarios para operar con puentes gr\u00faa.","og_url":"https:\/\/lbcranes.es\/en\/content\/overhead-crane-safety-systems\/","og_site_name":"LBCranes Puentes Gr\u00faa Espa\u00f1a","article_modified_time":"2024-02-09T11:33:32+00:00","og_image":[{"url":"https:\/\/lbcranes.es\/wp-content\/uploads\/2024\/02\/WhatsApp-Image-2024-01-04-at-16.26.58-copia-1024x747.jpg"}],"twitter_card":"summary_large_image","twitter_misc":{"Estimated reading time":"3 minutes"},"schema":{"@context":"https:\/\/schema.org","@graph":[{"@type":"WebPage","@id":"https:\/\/lbcranes.es\/contenido\/sistemas-de-seguridad-en-puentes-grua\/","url":"https:\/\/lbcranes.es\/contenido\/sistemas-de-seguridad-en-puentes-grua\/","name":"Sistemas de seguridad en puentes gr\u00faa - LBCranes","isPartOf":{"@id":"https:\/\/lbcranes.es\/#website"},"primaryImageOfPage":{"@id":"https:\/\/lbcranes.es\/contenido\/sistemas-de-seguridad-en-puentes-grua\/#primaryimage"},"image":{"@id":"https:\/\/lbcranes.es\/contenido\/sistemas-de-seguridad-en-puentes-grua\/#primaryimage"},"thumbnailUrl":"https:\/\/lbcranes.es\/wp-content\/uploads\/2024\/02\/WhatsApp-Image-2024-01-04-at-16.26.58-copia-1024x747.jpg","datePublished":"2023-06-14T08:33:38+00:00","dateModified":"2024-02-09T11:33:32+00:00","description":"Sistemas de seguridad en puentes gr\u00faa. Todos los sistemas de seguridad necesarios para operar con puentes gr\u00faa.","breadcrumb":{"@id":"https:\/\/lbcranes.es\/contenido\/sistemas-de-seguridad-en-puentes-grua\/#breadcrumb"},"inLanguage":"en-GB","potentialAction":[{"@type":"ReadAction","target":["https:\/\/lbcranes.es\/contenido\/sistemas-de-seguridad-en-puentes-grua\/"]}]},{"@type":"ImageObject","inLanguage":"en-GB","@id":"https:\/\/lbcranes.es\/contenido\/sistemas-de-seguridad-en-puentes-grua\/#primaryimage","url":"https:\/\/i0.wp.com\/lbcranes.es\/wp-content\/uploads\/2024\/02\/WhatsApp-Image-2024-01-04-at-16.26.58-copia.jpg?fit=1279%2C933&ssl=1","contentUrl":"https:\/\/i0.wp.com\/lbcranes.es\/wp-content\/uploads\/2024\/02\/WhatsApp-Image-2024-01-04-at-16.26.58-copia.jpg?fit=1279%2C933&ssl=1","width":1279,"height":933,"caption":"Bumpers de seguridad para puentes gr\u00faa"},{"@type":"BreadcrumbList","@id":"https:\/\/lbcranes.es\/contenido\/sistemas-de-seguridad-en-puentes-grua\/#breadcrumb","itemListElement":[{"@type":"ListItem","position":1,"name":"Portada","item":"https:\/\/lbcranes.es\/"},{"@type":"ListItem","position":2,"name":"Contenido","item":"https:\/\/lbcranes.es\/contenido\/"},{"@type":"ListItem","position":3,"name":"Sistemas de Seguridad en Puentes Gr\u00faa: Protege tus Operaciones"}]},{"@type":"WebSite","@id":"https:\/\/lbcranes.es\/#website","url":"https:\/\/lbcranes.es\/","name":"LBCranes Puentes Gr\u00faa Espa\u00f1a","description":"Venta e instalaci\u00f3n de puentes gr\u00faa y sistemas de elevaci\u00f3n para industria.","publisher":{"@id":"https:\/\/lbcranes.es\/#organization"},"alternateName":"LBCranes","potentialAction":[{"@type":"SearchAction","target":{"@type":"EntryPoint","urlTemplate":"https:\/\/lbcranes.es\/?s={search_term_string}"},"query-input":"required name=search_term_string"}],"inLanguage":"en-GB"},{"@type":"Organization","@id":"https:\/\/lbcranes.es\/#organization","name":"LBCranes Puentes Gr\u00faa","alternateName":"LBCranes Lifting Equipments","url":"https:\/\/lbcranes.es\/","logo":{"@type":"ImageObject","inLanguage":"en-GB","@id":"https:\/\/lbcranes.es\/#\/schema\/logo\/image\/","url":"https:\/\/lbcranes.es\/wp-content\/uploads\/2023\/02\/lbcranes_logo.svg","contentUrl":"https:\/\/lbcranes.es\/wp-content\/uploads\/2023\/02\/lbcranes_logo.svg","width":1,"height":1,"caption":"LBCranes Puentes Gr\u00faa"},"image":{"@id":"https:\/\/lbcranes.es\/#\/schema\/logo\/image\/"},"sameAs":["https:\/\/www.instagram.com\/lbcranes\/","https:\/\/www.linkedin.com\/company\/lbcranes-lifting-equipments"]}]}},"jetpack_sharing_enabled":true,"uagb_featured_image_src":{"full":false,"thumbnail":false,"medium":false,"medium_large":false,"large":false,"1536x1536":false,"2048x2048":false,"trp-custom-language-flag":false},"uagb_author_info":{"display_name":"admin","author_link":"https:\/\/lbcranes.es\/en\/author\/miquelcoll\/"},"uagb_comment_info":0,"uagb_excerpt":"Sistemas de seguridad en puentes gr\u00faa: protege tus operaciones Los sistemas de seguridad en puentes gr\u00faa son fundamentales para garantizar el funcionamiento. Los accesorios de puentes gr\u00faa para seguridad son esenciales. Sistemas de seguridad puentes gr\u00faa Sistemas de protecci\u00f3n de personal Sistemas de detecci\u00f3n de obst\u00e1culos Los bumpers (ver imagen superior) detectan la presencia de&hellip;","jetpack-related-posts":[],"_links":{"self":[{"href":"https:\/\/lbcranes.es\/en\/wp-json\/wp\/v2\/pages\/2352","targetHints":{"allow":["GET"]}}],"collection":[{"href":"https:\/\/lbcranes.es\/en\/wp-json\/wp\/v2\/pages"}],"about":[{"href":"https:\/\/lbcranes.es\/en\/wp-json\/wp\/v2\/types\/page"}],"author":[{"embeddable":true,"href":"https:\/\/lbcranes.es\/en\/wp-json\/wp\/v2\/users\/1"}],"replies":[{"embeddable":true,"href":"https:\/\/lbcranes.es\/en\/wp-json\/wp\/v2\/comments?post=2352"}],"version-history":[{"count":3,"href":"https:\/\/lbcranes.es\/en\/wp-json\/wp\/v2\/pages\/2352\/revisions"}],"predecessor-version":[{"id":4212,"href":"https:\/\/lbcranes.es\/en\/wp-json\/wp\/v2\/pages\/2352\/revisions\/4212"}],"up":[{"embeddable":true,"href":"https:\/\/lbcranes.es\/en\/wp-json\/wp\/v2\/pages\/2325"}],"wp:attachment":[{"href":"https:\/\/lbcranes.es\/en\/wp-json\/wp\/v2\/media?parent=2352"}],"curies":[{"name":"wp","href":"https:\/\/api.w.org\/{rel}","templated":true}]}}