{"id":2373,"date":"2023-06-16T08:32:39","date_gmt":"2023-06-16T08:32:39","guid":{"rendered":"https:\/\/lbcranes.es\/?page_id=2373"},"modified":"2023-10-06T08:04:54","modified_gmt":"2023-10-06T08:04:54","slug":"polipastos-para-almacenes","status":"publish","type":"page","link":"https:\/\/lbcranes.es\/en\/content\/hoists-for-warehouses\/","title":{"rendered":"Warehouse hoists: Increase the efficiency of your logistics operations"},"content":{"rendered":"<div class=\"wp-block-uagb-advanced-heading uagb-block-bfc5022c\"><h2 class=\"uagb-heading-text\">Warehouse hoists: Increase the efficiency of your logistics operations<\/h2><\/div>\n\n\n\n<div class=\"wp-block-columns is-layout-flex wp-container-core-columns-is-layout-28f84493 wp-block-columns-is-layout-flex\">\n<div class=\"wp-block-column is-layout-flow wp-block-column-is-layout-flow\">\n<p>In the world of logistics and warehousing, the right hoists are essential to maximise productivity. Below we look at hoists designed specifically for warehousing applications.<\/p>\n\n\n\n<div class=\"wp-block-uagb-advanced-heading uagb-block-26df771e\"><h2 class=\"uagb-heading-text\">Load capacity and versatility<\/h2><\/div>\n\n\n\n<ul class=\"wp-block-list\">\n<li>Hoists are designed to handle loads of different sizes and weights. They can be adapted to a wide range of applications, from lifting pallets to moving heavy equipment.<\/li>\n\n\n\n<li>With load capacities ranging from a few hundred kilograms to several tonnes, these hoists are suitable for all warehouses, large or small.<\/li>\n<\/ul>\n\n\n\n<div class=\"wp-block-uagb-buttons uagb-buttons__outer-wrap uagb-btn__default-btn uagb-btn-tablet__default-btn uagb-btn-mobile__default-btn uagb-block-84bb4a3f\"><div class=\"uagb-buttons__wrap uagb-buttons-layout-wrap\">\n<div class=\"wp-block-uagb-buttons-child uagb-buttons__outer-wrap uagb-block-a6f6c9fe wp-block-button\"><div class=\"uagb-button__wrapper\"><a class=\"uagb-buttons-repeater wp-block-button__link\" href=\"https:\/\/lbcranes.es\/en\/chain-cable-hoists\/\" onclick=\"return true;\" rel=\"follow noopener\" target=\"_self\"><div class=\"uagb-button__link\">Nos palans<\/div><\/a><\/div><\/div>\n<\/div><\/div>\n\n\n\n<div class=\"wp-block-uagb-advanced-heading uagb-block-e5316cd9\"><h2 class=\"uagb-heading-text\">Save time and energy<\/h2><\/div>\n\n\n\n<ul class=\"wp-block-list\">\n<li>Warehouse hoists speed up the process of loading and unloading goods. This saves time and reduces the physical strain on workers.<\/li>\n\n\n\n<li>In warehouses, it's essential to move loads quickly, optimise workflow and minimise waiting times.<\/li>\n<\/ul>\n\n\n\n<div class=\"wp-block-uagb-advanced-heading uagb-block-ef959189\"><h4 class=\"uagb-heading-text\">Safety and precise control<\/h4><\/div>\n\n\n\n<ul class=\"wp-block-list\">\n<li>Los polipastos para almacenes est\u00e1n equipados con caracter\u00edsticas de seguridad. Por ejemplo, frenos de emergencia y sistemas de limitaci\u00f3n de carga. As\u00ed garantizan la seguridad de los operadores y la integridad de las cargas.<\/li>\n\n\n\n<li>Tambi\u00e9n ofrecen un control preciso durante la elevaci\u00f3n y el posicionamiento de las cargas. Esto reduce el riesgo de da\u00f1os a los productos y mejora la eficiencia en la manipulaci\u00f3n.<\/li>\n<\/ul>\n\n\n\n<div class=\"wp-block-uagb-advanced-heading uagb-block-214df168\"><h4 class=\"uagb-heading-text\">Space and compact design<\/h4><\/div>\n\n\n\n<ul class=\"wp-block-list\">\n<li>Hoists designed for warehouse applications are compact and take up less space than other lifting equipment.<\/li>\n\n\n\n<li>This is particularly useful in warehouses where space is limited and every square metre is precious. Hoists can be installed efficiently and make the most of the space available.<\/li>\n<\/ul>\n\n\n\n<p>Warehouse hoists are an essential solution for improving efficiency and productivity in logistics and warehousing. By choosing hoists designed specifically for warehousing, you can benefit from increased load capacity, time savings, safety and a compact design.<\/p>\n<\/div>\n\n\n\n<div class=\"wp-block-column is-layout-flow wp-block-column-is-layout-flow\">\n<div class=\"wp-block-uagb-image aligncenter uagb-block-4e9d3d93 wp-block-uagb-image--layout-default wp-block-uagb-image--effect-static wp-block-uagb-image--align-center\"><figure class=\"wp-block-uagb-image__figure\"><img decoding=\"async\" srcset=\"https:\/\/i0.wp.com\/lbcranes.es\/wp-content\/uploads\/2023\/05\/Grua-pluma-mural-proyecto-e1686902475616-829x1024.jpg?resize=395%2C488&#038;ssl=1 \" sizes=\"auto, (max-width: 480px) 150px\" src=\"https:\/\/i0.wp.com\/lbcranes.es\/wp-content\/uploads\/2023\/05\/Grua-pluma-mural-proyecto-e1686902475616-829x1024.jpg?resize=395%2C488&#038;ssl=1\" alt=\"Wall jib crane LBCranes\" class=\"uag-image-1588\" width=\"395\" height=\"488\" title=\"\" loading=\"lazy\" data-recalc-dims=\"1\"\/><figcaption class=\"uagb-image-caption\">Hoist <a href=\"http:\/\/blift.es\">BLIFT<\/a><\/figcaption><\/figure><\/div>\n\n\n\n<div class=\"wp-block-uagb-advanced-heading uagb-block-0157243f\"><h5 class=\"uagb-heading-text\">Do you need a hoist for your business?<\/h5><\/div>\n\n\n<style id=\"wpforms-css-vars-root\">\n\t\t\t\t:root {\n\t\t\t\t\t--wpforms-field-border-radius: 3px;\n--wpforms-field-background-color: #ffffff;\n--wpforms-field-border-color: rgba( 0, 0, 0, 0.25 );\n--wpforms-field-text-color: rgba( 0, 0, 0, 0.7 );\n--wpforms-label-color: rgba( 0, 0, 0, 0.85 );\n--wpforms-label-sublabel-color: rgba( 0, 0, 0, 0.55 );\n--wpforms-label-error-color: #d63637;\n--wpforms-button-border-radius: 3px;\n--wpforms-button-background-color: #066aab;\n--wpforms-button-text-color: #ffffff;\n--wpforms-page-break-color: #066aab;\n--wpforms-field-size-input-height: 43px;\n--wpforms-field-size-input-spacing: 15px;\n--wpforms-field-size-font-size: 16px;\n--wpforms-field-size-line-height: 19px;\n--wpforms-field-size-padding-h: 14px;\n--wpforms-field-size-checkbox-size: 16px;\n--wpforms-field-size-sublabel-spacing: 5px;\n--wpforms-field-size-icon-size: 1;\n--wpforms-label-size-font-size: 16px;\n--wpforms-label-size-line-height: 19px;\n--wpforms-label-size-sublabel-font-size: 14px;\n--wpforms-label-size-sublabel-line-height: 17px;\n--wpforms-button-size-font-size: 17px;\n--wpforms-button-size-height: 41px;\n--wpforms-button-size-padding-h: 15px;\n--wpforms-button-size-margin-top: 10px;\n\n\t\t\t\t}\n\t\t\t<\/style><div class=\"wpforms-container wpforms-block wpforms-block-9d1a3924-d4f5-4855-b7ed-2d8c53e995f7 wpforms-render-modern\" id=\"wpforms-2093\"><form id=\"wpforms-form-2093\" class=\"wpforms-validate wpforms-form wpforms-ajax-form\" data-formid=\"2093\" method=\"post\" enctype=\"multipart\/form-data\" action=\"\/en\/wp-json\/wp\/v2\/pages\/2373\" data-token=\"9408f1a7d4bfdb3a999fc82a26536795\" data-trp-original-action=\"\/en\/wp-json\/wp\/v2\/pages\/2373\"><noscript class=\"wpforms-error-noscript\">Please enable JavaScript in your browser to complete this form.<\/noscript><div class=\"wpforms-hidden\" id=\"wpforms-error-noscript\">Please enable JavaScript in your browser to complete this form.<\/div><div class=\"wpforms-field-container\"><div id=\"wpforms-2093-field_0-container\" class=\"wpforms-field wpforms-field-name\" data-field-id=\"0\"><label class=\"wpforms-field-label\" for=\"wpforms-2093-field_0\">Name <span class=\"wpforms-required-label\" aria-hidden=\"true\">*<\/span><\/label><input type=\"text\" id=\"wpforms-2093-field_0\" class=\"wpforms-field-medium wpforms-field-required\" name=\"wpforms[fields][0]\" aria-errormessage=\"wpforms-2093-field_0-error\" required><\/div><div id=\"wpforms-2093-field_5-container\" class=\"wpforms-field wpforms-field-text\" data-field-id=\"5\"><label class=\"wpforms-field-label\" for=\"wpforms-2093-field_5\">Business <span class=\"wpforms-required-label\" aria-hidden=\"true\">*<\/span><\/label><input type=\"text\" id=\"wpforms-2093-field_5\" class=\"wpforms-field-medium wpforms-field-required\" name=\"wpforms[fields][5]\" aria-errormessage=\"wpforms-2093-field_5-error\" required><\/div><div id=\"wpforms-2093-field_7-container\" class=\"wpforms-field wpforms-field-text\" data-field-id=\"7\"><label class=\"wpforms-field-label\" for=\"wpforms-2093-field_7\">Location<\/label><input type=\"text\" id=\"wpforms-2093-field_7\" class=\"wpforms-field-medium\" name=\"wpforms[fields][7]\" aria-errormessage=\"wpforms-2093-field_7-error\" ><\/div><div id=\"wpforms-2093-field_1-container\" class=\"wpforms-field wpforms-field-email\" data-field-id=\"1\"><label class=\"wpforms-field-label\" for=\"wpforms-2093-field_1\">e-mail <span class=\"wpforms-required-label\" aria-hidden=\"true\">*<\/span><\/label><input type=\"email\" id=\"wpforms-2093-field_1\" class=\"wpforms-field-medium wpforms-field-required\" name=\"wpforms[fields][1]\" spellcheck=\"false\" aria-errormessage=\"wpforms-2093-field_1-error\" required><\/div><div id=\"wpforms-2093-field_6-container\" class=\"wpforms-field wpforms-field-number\" data-field-id=\"6\"><label class=\"wpforms-field-label\" for=\"wpforms-2093-field_6\">Phone <span class=\"wpforms-required-label\" aria-hidden=\"true\">*<\/span><\/label><input type=\"number\" pattern=\"\\d*\" id=\"wpforms-2093-field_6\" class=\"wpforms-field-medium wpforms-field-required\" name=\"wpforms[fields][6]\" aria-errormessage=\"wpforms-2093-field_6-error\" required><\/div><div id=\"wpforms-2093-field_2-container\" class=\"wpforms-field wpforms-field-textarea\" data-field-id=\"2\"><label class=\"wpforms-field-label\" for=\"wpforms-2093-field_2\">Message<\/label><textarea id=\"wpforms-2093-field_2\" class=\"wpforms-field-small\" name=\"wpforms[fields][2]\" aria-errormessage=\"wpforms-2093-field_2-error\" ><\/textarea><\/div><\/div><!-- .wpforms-field-container --><div class=\"wpforms-recaptcha-container wpforms-is-hcaptcha\" ><div class=\"g-recaptcha\" data-sitekey=\"b82122a1-01d7-45a5-a1df-117c079166a0\"><\/div><input type=\"text\" name=\"g-recaptcha-hidden\" class=\"wpforms-recaptcha-hidden\" style=\"position:absolute!important;clip:rect(0,0,0,0)!important;height:1px!important;width:1px!important;border:0!important;overflow:hidden!important;padding:0!important;margin:0!important;\" data-rule-hcaptcha=\"1\"><\/div><div class=\"wpforms-submit-container\" ><input type=\"hidden\" name=\"wpforms[id]\" value=\"2093\"><input type=\"hidden\" name=\"wpforms[author]\" value=\"1\"><button type=\"submit\" name=\"wpforms[submit]\" id=\"wpforms-submit-2093\" class=\"wpforms-submit\" data-alt-text=\"Enviando...\" data-submit-text=\"Enviar\" aria-live=\"assertive\" value=\"wpforms-submit\">Send<\/button><img loading=\"lazy\" decoding=\"async\" src=\"https:\/\/lbcranes.es\/wp-content\/plugins\/wpforms-lite\/assets\/images\/submit-spin.svg\" class=\"wpforms-submit-spinner\" style=\"display: none;\" width=\"26\" height=\"26\" alt=\"Loading\"><\/div><input type=\"hidden\" name=\"trp-form-language\" value=\"en\"\/><\/form><\/div>  <!-- .wpforms-container --><\/div>\n<\/div>","protected":false},"excerpt":{"rendered":"<p>Polipastos para Almacenes: Eleva la Eficiencia de tu Operaci\u00f3n Log\u00edstica En el mundo de la log\u00edstica y el almacenamiento, contar con los polipastos adecuados es crucial para maximizar la productividad. A continuaci\u00f3n exploraremos los polipastos dise\u00f1ados espec\u00edficamente para aplicaciones en almacenes. Capacidad de carga y versatilidad Ahorro de tiempo y esfuerzo Seguridad y control preciso [&hellip;]<\/p>","protected":false},"author":1,"featured_media":0,"parent":2325,"menu_order":0,"comment_status":"closed","ping_status":"closed","template":"","meta":{"_uag_custom_page_level_css":"","site-sidebar-layout":"default","site-content-layout":"","ast-site-content-layout":"","site-content-style":"default","site-sidebar-style":"default","ast-global-header-display":"","ast-banner-title-visibility":"","ast-main-header-display":"","ast-hfb-above-header-display":"","ast-hfb-below-header-display":"","ast-hfb-mobile-header-display":"","site-post-title":"disabled","ast-breadcrumbs-content":"","ast-featured-img":"","footer-sml-layout":"","theme-transparent-header-meta":"","adv-header-id-meta":"","stick-header-meta":"","header-above-stick-meta":"","header-main-stick-meta":"","header-below-stick-meta":"","astra-migrate-meta-layouts":"default","ast-page-background-enabled":"default","ast-page-background-meta":{"desktop":{"background-color":"var(--ast-global-color-4)","background-image":"","background-repeat":"repeat","background-position":"center center","background-size":"auto","background-attachment":"scroll","background-type":"","background-media":"","overlay-type":"","overlay-color":"","overlay-gradient":""},"tablet":{"background-color":"","background-image":"","background-repeat":"repeat","background-position":"center center","background-size":"auto","background-attachment":"scroll","background-type":"","background-media":"","overlay-type":"","overlay-color":"","overlay-gradient":""},"mobile":{"background-color":"","background-image":"","background-repeat":"repeat","background-position":"center center","background-size":"auto","background-attachment":"scroll","background-type":"","background-media":"","overlay-type":"","overlay-color":"","overlay-gradient":""}},"ast-content-background-meta":{"desktop":{"background-color":"var(--ast-global-color-5)","background-image":"","background-repeat":"repeat","background-position":"center center","background-size":"auto","background-attachment":"scroll","background-type":"","background-media":"","overlay-type":"","overlay-color":"","overlay-gradient":""},"tablet":{"background-color":"var(--ast-global-color-5)","background-image":"","background-repeat":"repeat","background-position":"center center","background-size":"auto","background-attachment":"scroll","background-type":"","background-media":"","overlay-type":"","overlay-color":"","overlay-gradient":""},"mobile":{"background-color":"var(--ast-global-color-5)","background-image":"","background-repeat":"repeat","background-position":"center center","background-size":"auto","background-attachment":"scroll","background-type":"","background-media":"","overlay-type":"","overlay-color":"","overlay-gradient":""}},"footnotes":""},"class_list":["post-2373","page","type-page","status-publish","hentry"],"yoast_head":"<!-- This site is optimized with the Yoast SEO plugin v22.3 - https:\/\/yoast.com\/wordpress\/plugins\/seo\/ -->\n<title>Polipastos para almacenes: funcionamiento optimizado - LBCranes<\/title>\n<meta name=\"description\" content=\"Polipastos para almacenes para optimizar el funcionamiento de tu empresa. Adaptables a diferentes cargas y funciones.\" \/>\n<meta name=\"robots\" content=\"index, follow, max-snippet:-1, max-image-preview:large, max-video-preview:-1\" \/>\n<link rel=\"canonical\" href=\"https:\/\/lbcranes.es\/en\/content\/hoists-for-warehouses\/\" \/>\n<meta property=\"og:locale\" content=\"en_GB\" \/>\n<meta property=\"og:type\" content=\"article\" \/>\n<meta property=\"og:title\" content=\"Polipastos para almacenes: funcionamiento optimizado - LBCranes\" \/>\n<meta property=\"og:description\" content=\"Polipastos para almacenes para optimizar el funcionamiento de tu empresa. Adaptables a diferentes cargas y funciones.\" \/>\n<meta property=\"og:url\" content=\"https:\/\/lbcranes.es\/en\/content\/hoists-for-warehouses\/\" \/>\n<meta property=\"og:site_name\" content=\"LBCranes Puentes Gr\u00faa Espa\u00f1a\" \/>\n<meta property=\"article:modified_time\" content=\"2023-10-06T08:04:54+00:00\" \/>\n<meta property=\"og:image\" content=\"https:\/\/lbcranes.es\/wp-content\/uploads\/2023\/05\/Grua-pluma-mural-proyecto-e1686902475616-829x1024.jpg\" \/>\n<meta name=\"twitter:card\" content=\"summary_large_image\" \/>\n<meta name=\"twitter:label1\" content=\"Estimated reading time\" \/>\n\t<meta name=\"twitter:data1\" content=\"2 minutes\" \/>\n<script type=\"application\/ld+json\" class=\"yoast-schema-graph\">{\"@context\":\"https:\/\/schema.org\",\"@graph\":[{\"@type\":\"WebPage\",\"@id\":\"https:\/\/lbcranes.es\/contenido\/polipastos-para-almacenes\/\",\"url\":\"https:\/\/lbcranes.es\/contenido\/polipastos-para-almacenes\/\",\"name\":\"Polipastos para almacenes: funcionamiento optimizado - LBCranes\",\"isPartOf\":{\"@id\":\"https:\/\/lbcranes.es\/#website\"},\"primaryImageOfPage\":{\"@id\":\"https:\/\/lbcranes.es\/contenido\/polipastos-para-almacenes\/#primaryimage\"},\"image\":{\"@id\":\"https:\/\/lbcranes.es\/contenido\/polipastos-para-almacenes\/#primaryimage\"},\"thumbnailUrl\":\"https:\/\/lbcranes.es\/wp-content\/uploads\/2023\/05\/Grua-pluma-mural-proyecto-e1686902475616-829x1024.jpg\",\"datePublished\":\"2023-06-16T08:32:39+00:00\",\"dateModified\":\"2023-10-06T08:04:54+00:00\",\"description\":\"Polipastos para almacenes para optimizar el funcionamiento de tu empresa. Adaptables a diferentes cargas y funciones.\",\"breadcrumb\":{\"@id\":\"https:\/\/lbcranes.es\/contenido\/polipastos-para-almacenes\/#breadcrumb\"},\"inLanguage\":\"en-GB\",\"potentialAction\":[{\"@type\":\"ReadAction\",\"target\":[\"https:\/\/lbcranes.es\/contenido\/polipastos-para-almacenes\/\"]}]},{\"@type\":\"ImageObject\",\"inLanguage\":\"en-GB\",\"@id\":\"https:\/\/lbcranes.es\/contenido\/polipastos-para-almacenes\/#primaryimage\",\"url\":\"https:\/\/i0.wp.com\/lbcranes.es\/wp-content\/uploads\/2023\/05\/Grua-pluma-mural-proyecto-e1686904435737.jpg?fit=954%2C736&ssl=1\",\"contentUrl\":\"https:\/\/i0.wp.com\/lbcranes.es\/wp-content\/uploads\/2023\/05\/Grua-pluma-mural-proyecto-e1686904435737.jpg?fit=954%2C736&ssl=1\",\"width\":954,\"height\":736,\"caption\":\"Gr\u00faa pluma mural LBCranes\"},{\"@type\":\"BreadcrumbList\",\"@id\":\"https:\/\/lbcranes.es\/contenido\/polipastos-para-almacenes\/#breadcrumb\",\"itemListElement\":[{\"@type\":\"ListItem\",\"position\":1,\"name\":\"Portada\",\"item\":\"https:\/\/lbcranes.es\/\"},{\"@type\":\"ListItem\",\"position\":2,\"name\":\"Contenido\",\"item\":\"https:\/\/lbcranes.es\/contenido\/\"},{\"@type\":\"ListItem\",\"position\":3,\"name\":\"Polipastos para Almacenes: Eleva la Eficiencia de tu Operaci\u00f3n Log\u00edstica\"}]},{\"@type\":\"WebSite\",\"@id\":\"https:\/\/lbcranes.es\/#website\",\"url\":\"https:\/\/lbcranes.es\/\",\"name\":\"LBCranes Puentes Gr\u00faa Espa\u00f1a\",\"description\":\"Venta e instalaci\u00f3n de puentes gr\u00faa y sistemas de elevaci\u00f3n para industria.\",\"publisher\":{\"@id\":\"https:\/\/lbcranes.es\/#organization\"},\"alternateName\":\"LBCranes\",\"potentialAction\":[{\"@type\":\"SearchAction\",\"target\":{\"@type\":\"EntryPoint\",\"urlTemplate\":\"https:\/\/lbcranes.es\/?s={search_term_string}\"},\"query-input\":\"required name=search_term_string\"}],\"inLanguage\":\"en-GB\"},{\"@type\":\"Organization\",\"@id\":\"https:\/\/lbcranes.es\/#organization\",\"name\":\"LBCranes Puentes Gr\u00faa\",\"alternateName\":\"LBCranes Lifting Equipments\",\"url\":\"https:\/\/lbcranes.es\/\",\"logo\":{\"@type\":\"ImageObject\",\"inLanguage\":\"en-GB\",\"@id\":\"https:\/\/lbcranes.es\/#\/schema\/logo\/image\/\",\"url\":\"https:\/\/lbcranes.es\/wp-content\/uploads\/2023\/02\/lbcranes_logo.svg\",\"contentUrl\":\"https:\/\/lbcranes.es\/wp-content\/uploads\/2023\/02\/lbcranes_logo.svg\",\"width\":1,\"height\":1,\"caption\":\"LBCranes Puentes Gr\u00faa\"},\"image\":{\"@id\":\"https:\/\/lbcranes.es\/#\/schema\/logo\/image\/\"},\"sameAs\":[\"https:\/\/www.instagram.com\/lbcranes\/\",\"https:\/\/www.linkedin.com\/company\/lbcranes-lifting-equipments\"]}]}<\/script>\n<!-- \/ Yoast SEO plugin. -->","yoast_head_json":{"title":"Polipastos para almacenes: funcionamiento optimizado - LBCranes","description":"Polipastos para almacenes para optimizar el funcionamiento de tu empresa. Adaptables a diferentes cargas y funciones.","robots":{"index":"index","follow":"follow","max-snippet":"max-snippet:-1","max-image-preview":"max-image-preview:large","max-video-preview":"max-video-preview:-1"},"canonical":"https:\/\/lbcranes.es\/en\/content\/hoists-for-warehouses\/","og_locale":"en_GB","og_type":"article","og_title":"Polipastos para almacenes: funcionamiento optimizado - LBCranes","og_description":"Polipastos para almacenes para optimizar el funcionamiento de tu empresa. Adaptables a diferentes cargas y funciones.","og_url":"https:\/\/lbcranes.es\/en\/content\/hoists-for-warehouses\/","og_site_name":"LBCranes Puentes Gr\u00faa Espa\u00f1a","article_modified_time":"2023-10-06T08:04:54+00:00","og_image":[{"url":"https:\/\/lbcranes.es\/wp-content\/uploads\/2023\/05\/Grua-pluma-mural-proyecto-e1686902475616-829x1024.jpg"}],"twitter_card":"summary_large_image","twitter_misc":{"Estimated reading time":"2 minutes"},"schema":{"@context":"https:\/\/schema.org","@graph":[{"@type":"WebPage","@id":"https:\/\/lbcranes.es\/contenido\/polipastos-para-almacenes\/","url":"https:\/\/lbcranes.es\/contenido\/polipastos-para-almacenes\/","name":"Polipastos para almacenes: funcionamiento optimizado - LBCranes","isPartOf":{"@id":"https:\/\/lbcranes.es\/#website"},"primaryImageOfPage":{"@id":"https:\/\/lbcranes.es\/contenido\/polipastos-para-almacenes\/#primaryimage"},"image":{"@id":"https:\/\/lbcranes.es\/contenido\/polipastos-para-almacenes\/#primaryimage"},"thumbnailUrl":"https:\/\/lbcranes.es\/wp-content\/uploads\/2023\/05\/Grua-pluma-mural-proyecto-e1686902475616-829x1024.jpg","datePublished":"2023-06-16T08:32:39+00:00","dateModified":"2023-10-06T08:04:54+00:00","description":"Polipastos para almacenes para optimizar el funcionamiento de tu empresa. Adaptables a diferentes cargas y funciones.","breadcrumb":{"@id":"https:\/\/lbcranes.es\/contenido\/polipastos-para-almacenes\/#breadcrumb"},"inLanguage":"en-GB","potentialAction":[{"@type":"ReadAction","target":["https:\/\/lbcranes.es\/contenido\/polipastos-para-almacenes\/"]}]},{"@type":"ImageObject","inLanguage":"en-GB","@id":"https:\/\/lbcranes.es\/contenido\/polipastos-para-almacenes\/#primaryimage","url":"https:\/\/i0.wp.com\/lbcranes.es\/wp-content\/uploads\/2023\/05\/Grua-pluma-mural-proyecto-e1686904435737.jpg?fit=954%2C736&ssl=1","contentUrl":"https:\/\/i0.wp.com\/lbcranes.es\/wp-content\/uploads\/2023\/05\/Grua-pluma-mural-proyecto-e1686904435737.jpg?fit=954%2C736&ssl=1","width":954,"height":736,"caption":"Gr\u00faa pluma mural LBCranes"},{"@type":"BreadcrumbList","@id":"https:\/\/lbcranes.es\/contenido\/polipastos-para-almacenes\/#breadcrumb","itemListElement":[{"@type":"ListItem","position":1,"name":"Portada","item":"https:\/\/lbcranes.es\/"},{"@type":"ListItem","position":2,"name":"Contenido","item":"https:\/\/lbcranes.es\/contenido\/"},{"@type":"ListItem","position":3,"name":"Polipastos para Almacenes: Eleva la Eficiencia de tu Operaci\u00f3n Log\u00edstica"}]},{"@type":"WebSite","@id":"https:\/\/lbcranes.es\/#website","url":"https:\/\/lbcranes.es\/","name":"LBCranes Puentes Gr\u00faa Espa\u00f1a","description":"Venta e instalaci\u00f3n de puentes gr\u00faa y sistemas de elevaci\u00f3n para industria.","publisher":{"@id":"https:\/\/lbcranes.es\/#organization"},"alternateName":"LBCranes","potentialAction":[{"@type":"SearchAction","target":{"@type":"EntryPoint","urlTemplate":"https:\/\/lbcranes.es\/?s={search_term_string}"},"query-input":"required name=search_term_string"}],"inLanguage":"en-GB"},{"@type":"Organization","@id":"https:\/\/lbcranes.es\/#organization","name":"LBCranes Puentes Gr\u00faa","alternateName":"LBCranes Lifting Equipments","url":"https:\/\/lbcranes.es\/","logo":{"@type":"ImageObject","inLanguage":"en-GB","@id":"https:\/\/lbcranes.es\/#\/schema\/logo\/image\/","url":"https:\/\/lbcranes.es\/wp-content\/uploads\/2023\/02\/lbcranes_logo.svg","contentUrl":"https:\/\/lbcranes.es\/wp-content\/uploads\/2023\/02\/lbcranes_logo.svg","width":1,"height":1,"caption":"LBCranes Puentes Gr\u00faa"},"image":{"@id":"https:\/\/lbcranes.es\/#\/schema\/logo\/image\/"},"sameAs":["https:\/\/www.instagram.com\/lbcranes\/","https:\/\/www.linkedin.com\/company\/lbcranes-lifting-equipments"]}]}},"jetpack_sharing_enabled":true,"uagb_featured_image_src":{"full":false,"thumbnail":false,"medium":false,"medium_large":false,"large":false,"1536x1536":false,"2048x2048":false,"trp-custom-language-flag":false},"uagb_author_info":{"display_name":"admin","author_link":"https:\/\/lbcranes.es\/en\/author\/miquelcoll\/"},"uagb_comment_info":0,"uagb_excerpt":"Polipastos para Almacenes: Eleva la Eficiencia de tu Operaci\u00f3n Log\u00edstica En el mundo de la log\u00edstica y el almacenamiento, contar con los polipastos adecuados es crucial para maximizar la productividad. A continuaci\u00f3n exploraremos los polipastos dise\u00f1ados espec\u00edficamente para aplicaciones en almacenes. Capacidad de carga y versatilidad Ahorro de tiempo y esfuerzo Seguridad y control preciso&hellip;","jetpack-related-posts":[],"_links":{"self":[{"href":"https:\/\/lbcranes.es\/en\/wp-json\/wp\/v2\/pages\/2373","targetHints":{"allow":["GET"]}}],"collection":[{"href":"https:\/\/lbcranes.es\/en\/wp-json\/wp\/v2\/pages"}],"about":[{"href":"https:\/\/lbcranes.es\/en\/wp-json\/wp\/v2\/types\/page"}],"author":[{"embeddable":true,"href":"https:\/\/lbcranes.es\/en\/wp-json\/wp\/v2\/users\/1"}],"replies":[{"embeddable":true,"href":"https:\/\/lbcranes.es\/en\/wp-json\/wp\/v2\/comments?post=2373"}],"version-history":[{"count":4,"href":"https:\/\/lbcranes.es\/en\/wp-json\/wp\/v2\/pages\/2373\/revisions"}],"predecessor-version":[{"id":3287,"href":"https:\/\/lbcranes.es\/en\/wp-json\/wp\/v2\/pages\/2373\/revisions\/3287"}],"up":[{"embeddable":true,"href":"https:\/\/lbcranes.es\/en\/wp-json\/wp\/v2\/pages\/2325"}],"wp:attachment":[{"href":"https:\/\/lbcranes.es\/en\/wp-json\/wp\/v2\/media?parent=2373"}],"curies":[{"name":"wp","href":"https:\/\/api.w.org\/{rel}","templated":true}]}}