{"id":2383,"date":"2023-06-16T09:42:07","date_gmt":"2023-06-16T09:42:07","guid":{"rendered":"https:\/\/lbcranes.es\/?page_id=2383"},"modified":"2024-02-08T09:04:15","modified_gmt":"2024-02-08T09:04:15","slug":"fabricacion-de-puentes-grua","status":"publish","type":"page","link":"https:\/\/lbcranes.es\/en\/content\/overhead-crane-manufacturing\/","title":{"rendered":"Overhead crane manufacturing: process and materials"},"content":{"rendered":"<div class=\"wp-block-uagb-advanced-heading uagb-block-91edc384\"><h2 class=\"uagb-heading-text\">Overhead crane manufacturing: process and materials<\/h2><\/div>\n\n\n\n<div class=\"wp-block-columns is-layout-flex wp-container-core-columns-is-layout-28f84493 wp-block-columns-is-layout-flex\">\n<div class=\"wp-block-column is-layout-flow wp-block-column-is-layout-flow\">\n<p>In the industrial sector, overhead cranes increase operational efficiency. How are overhead cranes manufactured? We explain how these cranes are manufactured.<\/p>\n\n\n\n<div class=\"wp-block-uagb-advanced-heading uagb-block-dfc08f98\"><h2 class=\"uagb-heading-text\">Customised approach to overhead crane manufacturing<\/h2><\/div>\n\n\n\n<ul class=\"wp-block-list\">\n<li>The manufacturing process of lifting equipment starts with a customised approach, where the type of structure required for each piece of equipment is studied.<\/li>\n\n\n\n<li>Engineers work closely with the customer to understand their needs. In this way, a tailor-made overhead crane is created that is perfectly adapted to your installations and requirements.<\/li>\n<\/ul>\n\n\n\n<div class=\"wp-block-uagb-advanced-heading uagb-block-aba8ed57\"><h2 class=\"uagb-heading-text\">Selection of materials for manufacturing<\/h2><\/div>\n\n\n\n<p><strong>High-strength and durable materials are used in the manufacture of bridge cranes.<\/strong> They are selected to withstand heavy loads and rigorous conditions. The manufacturing process follows strict quality and safety standards and involves cutting, welding, machining and assembly, with the application of quality control techniques and controls. <\/p>\n\n\n\n<p>During manufacture, the equipment is subjected to exhaustive tests to guarantee its correct operation, obtaining the necessary certifications that ensure compliance with the applicable industrial requirements and regulations.<\/p>\n\n\n\n<div class=\"wp-block-uagb-advanced-heading uagb-block-f1691d06\"><h2 class=\"uagb-heading-text\">Installation and post fabrication support of overhead cranes<\/h2><\/div>\n\n\n\n<ul class=\"wp-block-list\">\n<li>Our operators ensure the correct installation of the overhead crane on your premises and are available for long-term support and maintenance.<\/li>\n<\/ul>\n\n\n\n<p>The manufacture of this type of crane is a meticulous process that focuses on quality, precision and customisation to meet specific industrial needs. <\/p>\n<\/div>\n\n\n\n<div class=\"wp-block-column is-layout-flow wp-block-column-is-layout-flow\">\n<div class=\"wp-block-uagb-image aligncenter uagb-block-09f8707e wp-block-uagb-image--layout-default wp-block-uagb-image--effect-static wp-block-uagb-image--align-center\"><figure class=\"wp-block-uagb-image__figure\"><a class=\"\" href=\"https:\/\/lbcranes.es\/en\/puentes-grua-para-almacen\/\" target=\"\" rel=\"noopener\"><img decoding=\"async\" srcset=\"https:\/\/i0.wp.com\/lbcranes.es\/wp-content\/uploads\/2023\/06\/seat-10-e1686909785736-1024x580.jpg?resize=1024%2C580&#038;ssl=1 \" sizes=\"auto, (max-width: 480px) 150px\" src=\"https:\/\/i0.wp.com\/lbcranes.es\/wp-content\/uploads\/2023\/06\/seat-10-e1686909785736-1024x580.jpg?resize=1024%2C580&#038;ssl=1\" alt=\"Overhead crane manufacturing\" class=\"uag-image-2386\" width=\"1024\" height=\"580\" title=\"\" loading=\"lazy\" data-recalc-dims=\"1\"\/><\/a><figcaption class=\"uagb-image-caption\">Manufacture of overhead crane 6.3Tn.<\/figcaption><\/figure><\/div>\n\n\n\n<div style=\"height:20px\" aria-hidden=\"true\" class=\"wp-block-spacer\"><\/div>\n\n\n\n<div class=\"wp-block-uagb-image aligncenter uagb-block-a65cc156 wp-block-uagb-image--layout-default wp-block-uagb-image--effect-static wp-block-uagb-image--align-center\"><figure class=\"wp-block-uagb-image__figure\"><a class=\"\" href=\"https:\/\/lbcranes.es\/en\/overhead-cranes\/\" target=\"\" rel=\"noopener\"><img decoding=\"async\" srcset=\"https:\/\/i0.wp.com\/lbcranes.es\/wp-content\/uploads\/2023\/06\/IMG-20230524-WA0022-e1687512929858-1024x693.jpg?resize=1024%2C693&#038;ssl=1 \" sizes=\"auto, (max-width: 480px) 150px\" src=\"https:\/\/i0.wp.com\/lbcranes.es\/wp-content\/uploads\/2023\/06\/IMG-20230524-WA0022-e1687512929858-1024x693.jpg?resize=1024%2C693&#038;ssl=1\" alt=\"\" class=\"uag-image-2384\" width=\"1024\" height=\"693\" title=\"\" loading=\"lazy\" data-recalc-dims=\"1\"\/><\/a><figcaption class=\"uagb-image-caption\">Manufacture of LBCranes double girder overhead crane.<\/figcaption><\/figure><\/div>\n<\/div>\n<\/div>","protected":false},"excerpt":{"rendered":"<p>Fabricaci\u00f3n de puentes gr\u00faa: proceso y materiales En el \u00e1mbito industrial, los puentes gr\u00faa aumentan la eficiencia operativa. \u00bfC\u00f3mo se fabrican estos puentes gr\u00faa? Explicamos c\u00f3mo se lleva a cabo la fabricaci\u00f3n de estos equipos. Enfoque personalizado en la fabricaci\u00f3n de puentes gr\u00faa Selecci\u00f3n de materiales para la fabricaci\u00f3n Durante la fabricaci\u00f3n de puentes gr\u00faa [&hellip;]<\/p>","protected":false},"author":1,"featured_media":0,"parent":2325,"menu_order":0,"comment_status":"closed","ping_status":"closed","template":"","meta":{"_uag_custom_page_level_css":"","site-sidebar-layout":"default","site-content-layout":"","ast-site-content-layout":"default","site-content-style":"default","site-sidebar-style":"default","ast-global-header-display":"","ast-banner-title-visibility":"","ast-main-header-display":"","ast-hfb-above-header-display":"","ast-hfb-below-header-display":"","ast-hfb-mobile-header-display":"","site-post-title":"","ast-breadcrumbs-content":"","ast-featured-img":"","footer-sml-layout":"","theme-transparent-header-meta":"","adv-header-id-meta":"","stick-header-meta":"","header-above-stick-meta":"","header-main-stick-meta":"","header-below-stick-meta":"","astra-migrate-meta-layouts":"set","ast-page-background-enabled":"default","ast-page-background-meta":{"desktop":{"background-color":"var(--ast-global-color-4)","background-image":"","background-repeat":"repeat","background-position":"center center","background-size":"auto","background-attachment":"scroll","background-type":"","background-media":"","overlay-type":"","overlay-color":"","overlay-gradient":""},"tablet":{"background-color":"","background-image":"","background-repeat":"repeat","background-position":"center center","background-size":"auto","background-attachment":"scroll","background-type":"","background-media":"","overlay-type":"","overlay-color":"","overlay-gradient":""},"mobile":{"background-color":"","background-image":"","background-repeat":"repeat","background-position":"center center","background-size":"auto","background-attachment":"scroll","background-type":"","background-media":"","overlay-type":"","overlay-color":"","overlay-gradient":""}},"ast-content-background-meta":{"desktop":{"background-color":"var(--ast-global-color-5)","background-image":"","background-repeat":"repeat","background-position":"center center","background-size":"auto","background-attachment":"scroll","background-type":"","background-media":"","overlay-type":"","overlay-color":"","overlay-gradient":""},"tablet":{"background-color":"var(--ast-global-color-5)","background-image":"","background-repeat":"repeat","background-position":"center center","background-size":"auto","background-attachment":"scroll","background-type":"","background-media":"","overlay-type":"","overlay-color":"","overlay-gradient":""},"mobile":{"background-color":"var(--ast-global-color-5)","background-image":"","background-repeat":"repeat","background-position":"center center","background-size":"auto","background-attachment":"scroll","background-type":"","background-media":"","overlay-type":"","overlay-color":"","overlay-gradient":""}},"footnotes":""},"class_list":["post-2383","page","type-page","status-publish","hentry"],"yoast_head":"<!-- This site is optimized with the Yoast SEO plugin v22.3 - https:\/\/yoast.com\/wordpress\/plugins\/seo\/ -->\n<title>Fabricaci\u00f3n de puentes gr\u00faa: proceso y materiales - LBCranes<\/title>\n<meta name=\"description\" content=\"\u00bfC\u00f3mo se fabrican los puentes gr\u00faa? Los procesos seguidos para la fabricaci\u00f3n de puentes gr\u00faa siguen unos est\u00e1ndares y controles de calidad.\" \/>\n<meta name=\"robots\" content=\"index, follow, max-snippet:-1, max-image-preview:large, max-video-preview:-1\" \/>\n<link rel=\"canonical\" href=\"https:\/\/lbcranes.es\/en\/content\/overhead-crane-manufacturing\/\" \/>\n<meta property=\"og:locale\" content=\"en_GB\" \/>\n<meta property=\"og:type\" content=\"article\" \/>\n<meta property=\"og:title\" content=\"Fabricaci\u00f3n de puentes gr\u00faa: proceso y materiales - LBCranes\" \/>\n<meta property=\"og:description\" content=\"\u00bfC\u00f3mo se fabrican los puentes gr\u00faa? Los procesos seguidos para la fabricaci\u00f3n de puentes gr\u00faa siguen unos est\u00e1ndares y controles de calidad.\" \/>\n<meta property=\"og:url\" content=\"https:\/\/lbcranes.es\/en\/content\/overhead-crane-manufacturing\/\" \/>\n<meta property=\"og:site_name\" content=\"LBCranes Puentes Gr\u00faa Espa\u00f1a\" \/>\n<meta property=\"article:modified_time\" content=\"2024-02-08T09:04:15+00:00\" \/>\n<meta property=\"og:image\" content=\"https:\/\/lbcranes.es\/wp-content\/uploads\/2023\/06\/seat-10-e1686909785736-1024x580.jpg\" \/>\n<meta name=\"twitter:card\" content=\"summary_large_image\" \/>\n<meta name=\"twitter:label1\" content=\"Estimated reading time\" \/>\n\t<meta name=\"twitter:data1\" content=\"2 minutes\" \/>\n<script type=\"application\/ld+json\" class=\"yoast-schema-graph\">{\"@context\":\"https:\/\/schema.org\",\"@graph\":[{\"@type\":\"WebPage\",\"@id\":\"https:\/\/lbcranes.es\/contenido\/fabricacion-de-puentes-grua\/\",\"url\":\"https:\/\/lbcranes.es\/contenido\/fabricacion-de-puentes-grua\/\",\"name\":\"Fabricaci\u00f3n de puentes gr\u00faa: proceso y materiales - LBCranes\",\"isPartOf\":{\"@id\":\"https:\/\/lbcranes.es\/#website\"},\"primaryImageOfPage\":{\"@id\":\"https:\/\/lbcranes.es\/contenido\/fabricacion-de-puentes-grua\/#primaryimage\"},\"image\":{\"@id\":\"https:\/\/lbcranes.es\/contenido\/fabricacion-de-puentes-grua\/#primaryimage\"},\"thumbnailUrl\":\"https:\/\/lbcranes.es\/wp-content\/uploads\/2023\/06\/seat-10-e1686909785736-1024x580.jpg\",\"datePublished\":\"2023-06-16T09:42:07+00:00\",\"dateModified\":\"2024-02-08T09:04:15+00:00\",\"description\":\"\u00bfC\u00f3mo se fabrican los puentes gr\u00faa? Los procesos seguidos para la fabricaci\u00f3n de puentes gr\u00faa siguen unos est\u00e1ndares y controles de calidad.\",\"breadcrumb\":{\"@id\":\"https:\/\/lbcranes.es\/contenido\/fabricacion-de-puentes-grua\/#breadcrumb\"},\"inLanguage\":\"en-GB\",\"potentialAction\":[{\"@type\":\"ReadAction\",\"target\":[\"https:\/\/lbcranes.es\/contenido\/fabricacion-de-puentes-grua\/\"]}]},{\"@type\":\"ImageObject\",\"inLanguage\":\"en-GB\",\"@id\":\"https:\/\/lbcranes.es\/contenido\/fabricacion-de-puentes-grua\/#primaryimage\",\"url\":\"https:\/\/i0.wp.com\/lbcranes.es\/wp-content\/uploads\/2023\/06\/seat-10-e1686909785736.jpg?fit=1536%2C870&ssl=1\",\"contentUrl\":\"https:\/\/i0.wp.com\/lbcranes.es\/wp-content\/uploads\/2023\/06\/seat-10-e1686909785736.jpg?fit=1536%2C870&ssl=1\",\"width\":1536,\"height\":870,\"caption\":\"Fabricaci\u00f3n de puentes gr\u00faa\"},{\"@type\":\"BreadcrumbList\",\"@id\":\"https:\/\/lbcranes.es\/contenido\/fabricacion-de-puentes-grua\/#breadcrumb\",\"itemListElement\":[{\"@type\":\"ListItem\",\"position\":1,\"name\":\"Portada\",\"item\":\"https:\/\/lbcranes.es\/\"},{\"@type\":\"ListItem\",\"position\":2,\"name\":\"Contenido\",\"item\":\"https:\/\/lbcranes.es\/contenido\/\"},{\"@type\":\"ListItem\",\"position\":3,\"name\":\"Fabricaci\u00f3n de puentes gr\u00faa: proceso y materiales\"}]},{\"@type\":\"WebSite\",\"@id\":\"https:\/\/lbcranes.es\/#website\",\"url\":\"https:\/\/lbcranes.es\/\",\"name\":\"LBCranes Puentes Gr\u00faa Espa\u00f1a\",\"description\":\"Venta e instalaci\u00f3n de puentes gr\u00faa y sistemas de elevaci\u00f3n para industria.\",\"publisher\":{\"@id\":\"https:\/\/lbcranes.es\/#organization\"},\"alternateName\":\"LBCranes\",\"potentialAction\":[{\"@type\":\"SearchAction\",\"target\":{\"@type\":\"EntryPoint\",\"urlTemplate\":\"https:\/\/lbcranes.es\/?s={search_term_string}\"},\"query-input\":\"required name=search_term_string\"}],\"inLanguage\":\"en-GB\"},{\"@type\":\"Organization\",\"@id\":\"https:\/\/lbcranes.es\/#organization\",\"name\":\"LBCranes Puentes Gr\u00faa\",\"alternateName\":\"LBCranes Lifting Equipments\",\"url\":\"https:\/\/lbcranes.es\/\",\"logo\":{\"@type\":\"ImageObject\",\"inLanguage\":\"en-GB\",\"@id\":\"https:\/\/lbcranes.es\/#\/schema\/logo\/image\/\",\"url\":\"https:\/\/lbcranes.es\/wp-content\/uploads\/2023\/02\/lbcranes_logo.svg\",\"contentUrl\":\"https:\/\/lbcranes.es\/wp-content\/uploads\/2023\/02\/lbcranes_logo.svg\",\"width\":1,\"height\":1,\"caption\":\"LBCranes Puentes Gr\u00faa\"},\"image\":{\"@id\":\"https:\/\/lbcranes.es\/#\/schema\/logo\/image\/\"},\"sameAs\":[\"https:\/\/www.instagram.com\/lbcranes\/\",\"https:\/\/www.linkedin.com\/company\/lbcranes-lifting-equipments\"]}]}<\/script>\n<!-- \/ Yoast SEO plugin. -->","yoast_head_json":{"title":"Fabricaci\u00f3n de puentes gr\u00faa: proceso y materiales - LBCranes","description":"\u00bfC\u00f3mo se fabrican los puentes gr\u00faa? Los procesos seguidos para la fabricaci\u00f3n de puentes gr\u00faa siguen unos est\u00e1ndares y controles de calidad.","robots":{"index":"index","follow":"follow","max-snippet":"max-snippet:-1","max-image-preview":"max-image-preview:large","max-video-preview":"max-video-preview:-1"},"canonical":"https:\/\/lbcranes.es\/en\/content\/overhead-crane-manufacturing\/","og_locale":"en_GB","og_type":"article","og_title":"Fabricaci\u00f3n de puentes gr\u00faa: proceso y materiales - LBCranes","og_description":"\u00bfC\u00f3mo se fabrican los puentes gr\u00faa? Los procesos seguidos para la fabricaci\u00f3n de puentes gr\u00faa siguen unos est\u00e1ndares y controles de calidad.","og_url":"https:\/\/lbcranes.es\/en\/content\/overhead-crane-manufacturing\/","og_site_name":"LBCranes Puentes Gr\u00faa Espa\u00f1a","article_modified_time":"2024-02-08T09:04:15+00:00","og_image":[{"url":"https:\/\/lbcranes.es\/wp-content\/uploads\/2023\/06\/seat-10-e1686909785736-1024x580.jpg"}],"twitter_card":"summary_large_image","twitter_misc":{"Estimated reading time":"2 minutes"},"schema":{"@context":"https:\/\/schema.org","@graph":[{"@type":"WebPage","@id":"https:\/\/lbcranes.es\/contenido\/fabricacion-de-puentes-grua\/","url":"https:\/\/lbcranes.es\/contenido\/fabricacion-de-puentes-grua\/","name":"Fabricaci\u00f3n de puentes gr\u00faa: proceso y materiales - LBCranes","isPartOf":{"@id":"https:\/\/lbcranes.es\/#website"},"primaryImageOfPage":{"@id":"https:\/\/lbcranes.es\/contenido\/fabricacion-de-puentes-grua\/#primaryimage"},"image":{"@id":"https:\/\/lbcranes.es\/contenido\/fabricacion-de-puentes-grua\/#primaryimage"},"thumbnailUrl":"https:\/\/lbcranes.es\/wp-content\/uploads\/2023\/06\/seat-10-e1686909785736-1024x580.jpg","datePublished":"2023-06-16T09:42:07+00:00","dateModified":"2024-02-08T09:04:15+00:00","description":"\u00bfC\u00f3mo se fabrican los puentes gr\u00faa? Los procesos seguidos para la fabricaci\u00f3n de puentes gr\u00faa siguen unos est\u00e1ndares y controles de calidad.","breadcrumb":{"@id":"https:\/\/lbcranes.es\/contenido\/fabricacion-de-puentes-grua\/#breadcrumb"},"inLanguage":"en-GB","potentialAction":[{"@type":"ReadAction","target":["https:\/\/lbcranes.es\/contenido\/fabricacion-de-puentes-grua\/"]}]},{"@type":"ImageObject","inLanguage":"en-GB","@id":"https:\/\/lbcranes.es\/contenido\/fabricacion-de-puentes-grua\/#primaryimage","url":"https:\/\/i0.wp.com\/lbcranes.es\/wp-content\/uploads\/2023\/06\/seat-10-e1686909785736.jpg?fit=1536%2C870&ssl=1","contentUrl":"https:\/\/i0.wp.com\/lbcranes.es\/wp-content\/uploads\/2023\/06\/seat-10-e1686909785736.jpg?fit=1536%2C870&ssl=1","width":1536,"height":870,"caption":"Fabricaci\u00f3n de puentes gr\u00faa"},{"@type":"BreadcrumbList","@id":"https:\/\/lbcranes.es\/contenido\/fabricacion-de-puentes-grua\/#breadcrumb","itemListElement":[{"@type":"ListItem","position":1,"name":"Portada","item":"https:\/\/lbcranes.es\/"},{"@type":"ListItem","position":2,"name":"Contenido","item":"https:\/\/lbcranes.es\/contenido\/"},{"@type":"ListItem","position":3,"name":"Fabricaci\u00f3n de puentes gr\u00faa: proceso y materiales"}]},{"@type":"WebSite","@id":"https:\/\/lbcranes.es\/#website","url":"https:\/\/lbcranes.es\/","name":"LBCranes Puentes Gr\u00faa Espa\u00f1a","description":"Venta e instalaci\u00f3n de puentes gr\u00faa y sistemas de elevaci\u00f3n para industria.","publisher":{"@id":"https:\/\/lbcranes.es\/#organization"},"alternateName":"LBCranes","potentialAction":[{"@type":"SearchAction","target":{"@type":"EntryPoint","urlTemplate":"https:\/\/lbcranes.es\/?s={search_term_string}"},"query-input":"required name=search_term_string"}],"inLanguage":"en-GB"},{"@type":"Organization","@id":"https:\/\/lbcranes.es\/#organization","name":"LBCranes Puentes Gr\u00faa","alternateName":"LBCranes Lifting Equipments","url":"https:\/\/lbcranes.es\/","logo":{"@type":"ImageObject","inLanguage":"en-GB","@id":"https:\/\/lbcranes.es\/#\/schema\/logo\/image\/","url":"https:\/\/lbcranes.es\/wp-content\/uploads\/2023\/02\/lbcranes_logo.svg","contentUrl":"https:\/\/lbcranes.es\/wp-content\/uploads\/2023\/02\/lbcranes_logo.svg","width":1,"height":1,"caption":"LBCranes Puentes Gr\u00faa"},"image":{"@id":"https:\/\/lbcranes.es\/#\/schema\/logo\/image\/"},"sameAs":["https:\/\/www.instagram.com\/lbcranes\/","https:\/\/www.linkedin.com\/company\/lbcranes-lifting-equipments"]}]}},"jetpack_sharing_enabled":true,"uagb_featured_image_src":{"full":false,"thumbnail":false,"medium":false,"medium_large":false,"large":false,"1536x1536":false,"2048x2048":false,"trp-custom-language-flag":false},"uagb_author_info":{"display_name":"admin","author_link":"https:\/\/lbcranes.es\/en\/author\/miquelcoll\/"},"uagb_comment_info":0,"uagb_excerpt":"Fabricaci\u00f3n de puentes gr\u00faa: proceso y materiales En el \u00e1mbito industrial, los puentes gr\u00faa aumentan la eficiencia operativa. \u00bfC\u00f3mo se fabrican estos puentes gr\u00faa? Explicamos c\u00f3mo se lleva a cabo la fabricaci\u00f3n de estos equipos. Enfoque personalizado en la fabricaci\u00f3n de puentes gr\u00faa Selecci\u00f3n de materiales para la fabricaci\u00f3n Durante la fabricaci\u00f3n de puentes gr\u00faa&hellip;","jetpack-related-posts":[],"_links":{"self":[{"href":"https:\/\/lbcranes.es\/en\/wp-json\/wp\/v2\/pages\/2383","targetHints":{"allow":["GET"]}}],"collection":[{"href":"https:\/\/lbcranes.es\/en\/wp-json\/wp\/v2\/pages"}],"about":[{"href":"https:\/\/lbcranes.es\/en\/wp-json\/wp\/v2\/types\/page"}],"author":[{"embeddable":true,"href":"https:\/\/lbcranes.es\/en\/wp-json\/wp\/v2\/users\/1"}],"replies":[{"embeddable":true,"href":"https:\/\/lbcranes.es\/en\/wp-json\/wp\/v2\/comments?post=2383"}],"version-history":[{"count":4,"href":"https:\/\/lbcranes.es\/en\/wp-json\/wp\/v2\/pages\/2383\/revisions"}],"predecessor-version":[{"id":4206,"href":"https:\/\/lbcranes.es\/en\/wp-json\/wp\/v2\/pages\/2383\/revisions\/4206"}],"up":[{"embeddable":true,"href":"https:\/\/lbcranes.es\/en\/wp-json\/wp\/v2\/pages\/2325"}],"wp:attachment":[{"href":"https:\/\/lbcranes.es\/en\/wp-json\/wp\/v2\/media?parent=2383"}],"curies":[{"name":"wp","href":"https:\/\/api.w.org\/{rel}","templated":true}]}}