{"id":2434,"date":"2023-06-22T09:55:48","date_gmt":"2023-06-22T09:55:48","guid":{"rendered":"https:\/\/lbcranes.es\/?page_id=2434"},"modified":"2024-02-09T08:55:25","modified_gmt":"2024-02-09T08:55:25","slug":"seguridad-en-puentes-grua","status":"publish","type":"page","link":"https:\/\/lbcranes.es\/en\/content\/overhead-crane-safety\/","title":{"rendered":"Overhead crane safety: systems and risks"},"content":{"rendered":"<div class=\"wp-block-uagb-advanced-heading uagb-block-4f46ef14\"><h1 class=\"uagb-heading-text\">Overhead crane safety: systems and risks<\/h1><\/div>\n\n\n\n<div class=\"wp-block-columns is-layout-flex wp-container-core-columns-is-layout-28f84493 wp-block-columns-is-layout-flex\">\n<div class=\"wp-block-column is-layout-flow wp-block-column-is-layout-flow\">\n<p>Safety on overhead cranes is essential. These cranes work with high load capacities and can be dangerous if not operated safely.<\/p>\n\n\n\n<div class=\"wp-block-uagb-advanced-heading uagb-block-a39038f3\"><h2 class=\"uagb-heading-text\">Risks on overhead cranes<\/h2><\/div>\n\n\n\n<p>The obvious danger of overhead cranes begins with the strength of the equipment. They therefore pose risks to personnel or loads if they are not operated properly.<\/p>\n\n\n\n<ol class=\"wp-block-list\">\n<li><strong>Heavy loads:<\/strong> Handling heavy loads can pose a risk to operators if proper precautions are not taken.<\/li>\n\n\n\n<li><strong>Collision with structures or objects:<\/strong> There is a risk of accidental collisions with structures, machines or other objects in the working area. <\/li>\n<\/ol>\n\n\n\n<div class=\"wp-block-uagb-advanced-heading uagb-block-54f23dd1\"><h2 class=\"uagb-heading-text\">Safety measures on overhead cranes<\/h2><\/div>\n\n\n\n<p>To guarantee safety, it is essential to implement appropriate measures and procedures. These measures include<\/p>\n\n\n\n<ol class=\"wp-block-list\">\n<li><strong>Training and certification:<\/strong> Overhead crane operators must be properly trained and certified to operate the equipment safely. There is a licence which, through a training course, certifies the holder to use an overhead crane.<\/li>\n\n\n\n<li><strong>Regular inspections:<\/strong> It is important to carry out regular inspections and to <a href=\"https:\/\/lbcranes.es\/en\/overhead-crane-maintenance\/industrial-maintenance\/\">maintenance<\/a> to identify possible faults or deterioration that could compromise safety.<\/li>\n\n\n\n<li><strong>Use of security devices:<\/strong> Installing devices such as load limiters, emergency brakes and fall arrest systems can help prevent accidents and minimise risks. You can consult all our safety accessories on the page of <a href=\"https:\/\/lbcranes.es\/en\/polipastos-cable-cadena\/modernizaciones\/\">upgrades<\/a>.<\/li>\n\n\n\n<li><strong>Signposting and delimitation of areas:<\/strong> Proper marking and demarcation of areas is essential to prevent unauthorised access and ensure the safety of all personnel in the working environment. We have a system of delimitation.<\/li>\n<\/ol>\n<\/div>\n\n\n\n<div class=\"wp-block-column is-layout-flow wp-block-column-is-layout-flow\">\n<div class=\"wp-block-uagb-image aligncenter uagb-block-5b1ad288 wp-block-uagb-image--layout-default wp-block-uagb-image--effect-static wp-block-uagb-image--align-center\"><figure class=\"wp-block-uagb-image__figure\"><img decoding=\"async\" srcset=\"https:\/\/i0.wp.com\/lbcranes.es\/wp-content\/uploads\/2023\/04\/porcelanosa-madrid-final.jpg?resize=485%2C727&#038;ssl=1 \" sizes=\"auto, (max-width: 480px) 150px\" src=\"https:\/\/i0.wp.com\/lbcranes.es\/wp-content\/uploads\/2023\/04\/porcelanosa-madrid-final.jpg?resize=485%2C727&#038;ssl=1\" alt=\"puente-gr\u00faa birra\u00edl porcelanosa\" class=\"uag-image-1241\" width=\"485\" height=\"727\" title=\"\" loading=\"lazy\" data-recalc-dims=\"1\"\/><figcaption class=\"uagb-image-caption\">3.2Tn double girder overhead crane for the ceramics sector.<\/figcaption><\/figure><\/div>\n\n\n\n<div class=\"wp-block-uagb-buttons uagb-buttons__outer-wrap uagb-btn__default-btn uagb-btn-tablet__default-btn uagb-btn-mobile__default-btn uagb-block-d2a72e01\"><div class=\"uagb-buttons__wrap uagb-buttons-layout-wrap\">\n<div class=\"wp-block-uagb-buttons-child uagb-buttons__outer-wrap uagb-block-b876f4c6 wp-block-button is-style-outline\"><div class=\"uagb-button__wrapper\"><a class=\"uagb-buttons-repeater wp-block-button__link\" href=\"https:\/\/lbcranes.es\/en\/overhead-cranes\/\" onclick=\"return true;\" rel=\"follow noopener\" target=\"_self\"><div class=\"uagb-button__link\">Overhead cranes<\/div><\/a><\/div><\/div>\n<\/div><\/div>\n<\/div>\n<\/div>\n\n\n\n<div class=\"wp-block-columns is-layout-flex wp-container-core-columns-is-layout-28f84493 wp-block-columns-is-layout-flex\">\n<div class=\"wp-block-column is-layout-flow wp-block-column-is-layout-flow\">\n<figure class=\"wp-block-image size-large\"><img loading=\"lazy\" decoding=\"async\" width=\"1024\" height=\"747\" src=\"https:\/\/i0.wp.com\/lbcranes.es\/wp-content\/uploads\/2024\/02\/WhatsApp-Image-2024-01-04-at-16.26.58-copia.jpg?resize=1024%2C747&#038;ssl=1\" alt=\"Overhead Crane Safety Bumpers\" class=\"wp-image-4209\" srcset=\"https:\/\/i0.wp.com\/lbcranes.es\/wp-content\/uploads\/2024\/02\/WhatsApp-Image-2024-01-04-at-16.26.58-copia.jpg?resize=1024%2C747&amp;ssl=1 1024w, https:\/\/i0.wp.com\/lbcranes.es\/wp-content\/uploads\/2024\/02\/WhatsApp-Image-2024-01-04-at-16.26.58-copia.jpg?resize=300%2C219&amp;ssl=1 300w, https:\/\/i0.wp.com\/lbcranes.es\/wp-content\/uploads\/2024\/02\/WhatsApp-Image-2024-01-04-at-16.26.58-copia.jpg?resize=768%2C560&amp;ssl=1 768w, https:\/\/i0.wp.com\/lbcranes.es\/wp-content\/uploads\/2024\/02\/WhatsApp-Image-2024-01-04-at-16.26.58-copia.jpg?resize=16%2C12&amp;ssl=1 16w, https:\/\/i0.wp.com\/lbcranes.es\/wp-content\/uploads\/2024\/02\/WhatsApp-Image-2024-01-04-at-16.26.58-copia.jpg?w=1279&amp;ssl=1 1279w\" sizes=\"auto, (max-width: 1000px) 100vw, 1000px\" data-recalc-dims=\"1\" \/><figcaption class=\"wp-element-caption\">Safety bumpers for automatic collision avoidance.<\/figcaption><\/figure>\n\n\n\n<p>Acting in complete safety is very positive for the personnel and the lifting equipment:<\/p>\n\n\n\n<ol class=\"wp-block-list\">\n<li><strong>Reduction of accidents and injuries: <\/strong>Correct implementation of safety measures reduces the likelihood of accidents.<\/li>\n\n\n\n<li><strong>Increased productivity:<\/strong> A secure environment translates into greater productivity and efficiency in operations.<\/li>\n\n\n\n<li><strong>Regulatory compliance: <\/strong>Complying with security regulations and standards does not guarantee the protection of your personnel.<\/li>\n<\/ol>\n\n\n\n<p>By implementing appropriate safety measures, such as training, regular inspections and the use of safety devices, you can minimise risks and create a safe and efficient working environment.<\/p>\n<\/div>\n\n\n\n<div class=\"wp-block-column is-layout-flow wp-block-column-is-layout-flow\">\n<div class=\"wp-block-uagb-container uagb-block-50545bec alignfull uagb-is-root-container\"><div class=\"uagb-container-inner-blocks-wrap\">\n<div class=\"wp-block-uagb-advanced-heading uagb-block-d983e6e4\"><h4 class=\"uagb-heading-text\">Do you need an overhead crane?<\/h4><\/div>\n\n\n<style id=\"wpforms-css-vars-root\">\n\t\t\t\t:root {\n\t\t\t\t\t--wpforms-field-border-radius: 3px;\n--wpforms-field-background-color: #ffffff;\n--wpforms-field-border-color: rgba( 0, 0, 0, 0.25 );\n--wpforms-field-text-color: rgba( 0, 0, 0, 0.7 );\n--wpforms-label-color: rgba( 0, 0, 0, 0.85 );\n--wpforms-label-sublabel-color: rgba( 0, 0, 0, 0.55 );\n--wpforms-label-error-color: #d63637;\n--wpforms-button-border-radius: 3px;\n--wpforms-button-background-color: #066aab;\n--wpforms-button-text-color: #ffffff;\n--wpforms-page-break-color: #066aab;\n--wpforms-field-size-input-height: 43px;\n--wpforms-field-size-input-spacing: 15px;\n--wpforms-field-size-font-size: 16px;\n--wpforms-field-size-line-height: 19px;\n--wpforms-field-size-padding-h: 14px;\n--wpforms-field-size-checkbox-size: 16px;\n--wpforms-field-size-sublabel-spacing: 5px;\n--wpforms-field-size-icon-size: 1;\n--wpforms-label-size-font-size: 16px;\n--wpforms-label-size-line-height: 19px;\n--wpforms-label-size-sublabel-font-size: 14px;\n--wpforms-label-size-sublabel-line-height: 17px;\n--wpforms-button-size-font-size: 17px;\n--wpforms-button-size-height: 41px;\n--wpforms-button-size-padding-h: 15px;\n--wpforms-button-size-margin-top: 10px;\n\n\t\t\t\t}\n\t\t\t<\/style><div class=\"wpforms-container wpforms-block wpforms-block-f17af723-8b7e-477a-993f-1cc793677260 wpforms-render-modern\" id=\"wpforms-258\"><form id=\"wpforms-form-258\" class=\"wpforms-validate wpforms-form wpforms-ajax-form\" data-formid=\"258\" method=\"post\" enctype=\"multipart\/form-data\" action=\"\/en\/wp-json\/wp\/v2\/pages\/2434\" data-token=\"cff962780483700e78c851ec612c38ae\" data-trp-original-action=\"\/en\/wp-json\/wp\/v2\/pages\/2434\"><noscript class=\"wpforms-error-noscript\">Please enable JavaScript in your browser to complete this form.<\/noscript><div class=\"wpforms-hidden\" id=\"wpforms-error-noscript\">Please enable JavaScript in your browser to complete this form.<\/div><div class=\"wpforms-field-container\"><div id=\"wpforms-258-field_0-container\" class=\"wpforms-field wpforms-field-name\" data-field-id=\"0\"><label class=\"wpforms-field-label\" for=\"wpforms-258-field_0\">Name <span class=\"wpforms-required-label\" aria-hidden=\"true\">*<\/span><\/label><input type=\"text\" id=\"wpforms-258-field_0\" class=\"wpforms-field-medium wpforms-field-required\" name=\"wpforms[fields][0]\" aria-errormessage=\"wpforms-258-field_0-error\" required><\/div><div id=\"wpforms-258-field_5-container\" class=\"wpforms-field wpforms-field-text\" data-field-id=\"5\"><label class=\"wpforms-field-label\" for=\"wpforms-258-field_5\">Business <span class=\"wpforms-required-label\" aria-hidden=\"true\">*<\/span><\/label><input type=\"text\" id=\"wpforms-258-field_5\" class=\"wpforms-field-medium wpforms-field-required\" name=\"wpforms[fields][5]\" aria-errormessage=\"wpforms-258-field_5-error\" required><\/div><div id=\"wpforms-258-field_7-container\" class=\"wpforms-field wpforms-field-text\" data-field-id=\"7\"><label class=\"wpforms-field-label\" for=\"wpforms-258-field_7\">Location<\/label><input type=\"text\" id=\"wpforms-258-field_7\" class=\"wpforms-field-medium\" name=\"wpforms[fields][7]\" aria-errormessage=\"wpforms-258-field_7-error\" ><\/div><div id=\"wpforms-258-field_1-container\" class=\"wpforms-field wpforms-field-email\" data-field-id=\"1\"><label class=\"wpforms-field-label\" for=\"wpforms-258-field_1\">e-mail <span class=\"wpforms-required-label\" aria-hidden=\"true\">*<\/span><\/label><input type=\"email\" id=\"wpforms-258-field_1\" class=\"wpforms-field-medium wpforms-field-required\" name=\"wpforms[fields][1]\" spellcheck=\"false\" aria-errormessage=\"wpforms-258-field_1-error\" required><\/div><div id=\"wpforms-258-field_6-container\" class=\"wpforms-field wpforms-field-number\" data-field-id=\"6\"><label class=\"wpforms-field-label\" for=\"wpforms-258-field_6\">Phone <span class=\"wpforms-required-label\" aria-hidden=\"true\">*<\/span><\/label><input type=\"number\" pattern=\"\\d*\" id=\"wpforms-258-field_6\" class=\"wpforms-field-medium wpforms-field-required\" name=\"wpforms[fields][6]\" aria-errormessage=\"wpforms-258-field_6-error\" required><\/div><div id=\"wpforms-258-field_2-container\" class=\"wpforms-field wpforms-field-textarea\" data-field-id=\"2\"><label class=\"wpforms-field-label\" for=\"wpforms-258-field_2\">Message<\/label><textarea id=\"wpforms-258-field_2\" class=\"wpforms-field-small\" name=\"wpforms[fields][2]\" aria-errormessage=\"wpforms-258-field_2-error\" ><\/textarea><\/div><\/div><!-- .wpforms-field-container --><div class=\"wpforms-recaptcha-container wpforms-is-hcaptcha\" ><div class=\"g-recaptcha\" data-sitekey=\"b82122a1-01d7-45a5-a1df-117c079166a0\"><\/div><input type=\"text\" name=\"g-recaptcha-hidden\" class=\"wpforms-recaptcha-hidden\" style=\"position:absolute!important;clip:rect(0,0,0,0)!important;height:1px!important;width:1px!important;border:0!important;overflow:hidden!important;padding:0!important;margin:0!important;\" data-rule-hcaptcha=\"1\"><\/div><div class=\"wpforms-submit-container\" ><input type=\"hidden\" name=\"wpforms[id]\" value=\"258\"><input type=\"hidden\" name=\"wpforms[author]\" value=\"1\"><button type=\"submit\" name=\"wpforms[submit]\" id=\"wpforms-submit-258\" class=\"wpforms-submit\" data-alt-text=\"Enviando...\" data-submit-text=\"Enviar\" aria-live=\"assertive\" value=\"wpforms-submit\">Send<\/button><img loading=\"lazy\" decoding=\"async\" src=\"https:\/\/lbcranes.es\/wp-content\/plugins\/wpforms-lite\/assets\/images\/submit-spin.svg\" class=\"wpforms-submit-spinner\" style=\"display: none;\" width=\"26\" height=\"26\" alt=\"Loading\"><\/div><input type=\"hidden\" name=\"trp-form-language\" value=\"en\"\/><\/form><\/div>  <!-- .wpforms-container --><\/div><\/div>\n<\/div>\n<\/div>","protected":false},"excerpt":{"rendered":"<p>Seguridad en puentes gr\u00faa: sistemas y riesgos La seguridad en puentes gr\u00faa es fundamental. Estos equipos trabajan con capacidades de carga grandes y pueden resultar peligrosos si no se trabaja con seguridad. Riesgos en los puentes gr\u00faa La peligrosidad evidente de los puentes gr\u00faa empieza por la fuerza de estos equipos. Por ello, suponen riesgos [&hellip;]<\/p>","protected":false},"author":1,"featured_media":0,"parent":2325,"menu_order":0,"comment_status":"closed","ping_status":"closed","template":"","meta":{"_uag_custom_page_level_css":"","site-sidebar-layout":"default","site-content-layout":"","ast-site-content-layout":"default","site-content-style":"default","site-sidebar-style":"default","ast-global-header-display":"","ast-banner-title-visibility":"","ast-main-header-display":"","ast-hfb-above-header-display":"","ast-hfb-below-header-display":"","ast-hfb-mobile-header-display":"","site-post-title":"","ast-breadcrumbs-content":"","ast-featured-img":"","footer-sml-layout":"","theme-transparent-header-meta":"","adv-header-id-meta":"","stick-header-meta":"","header-above-stick-meta":"","header-main-stick-meta":"","header-below-stick-meta":"","astra-migrate-meta-layouts":"set","ast-page-background-enabled":"default","ast-page-background-meta":{"desktop":{"background-color":"var(--ast-global-color-4)","background-image":"","background-repeat":"repeat","background-position":"center center","background-size":"auto","background-attachment":"scroll","background-type":"","background-media":"","overlay-type":"","overlay-color":"","overlay-gradient":""},"tablet":{"background-color":"","background-image":"","background-repeat":"repeat","background-position":"center center","background-size":"auto","background-attachment":"scroll","background-type":"","background-media":"","overlay-type":"","overlay-color":"","overlay-gradient":""},"mobile":{"background-color":"","background-image":"","background-repeat":"repeat","background-position":"center center","background-size":"auto","background-attachment":"scroll","background-type":"","background-media":"","overlay-type":"","overlay-color":"","overlay-gradient":""}},"ast-content-background-meta":{"desktop":{"background-color":"var(--ast-global-color-5)","background-image":"","background-repeat":"repeat","background-position":"center center","background-size":"auto","background-attachment":"scroll","background-type":"","background-media":"","overlay-type":"","overlay-color":"","overlay-gradient":""},"tablet":{"background-color":"var(--ast-global-color-5)","background-image":"","background-repeat":"repeat","background-position":"center center","background-size":"auto","background-attachment":"scroll","background-type":"","background-media":"","overlay-type":"","overlay-color":"","overlay-gradient":""},"mobile":{"background-color":"var(--ast-global-color-5)","background-image":"","background-repeat":"repeat","background-position":"center center","background-size":"auto","background-attachment":"scroll","background-type":"","background-media":"","overlay-type":"","overlay-color":"","overlay-gradient":""}},"footnotes":""},"class_list":["post-2434","page","type-page","status-publish","hentry"],"yoast_head":"<!-- This site is optimized with the Yoast SEO plugin v22.3 - https:\/\/yoast.com\/wordpress\/plugins\/seo\/ -->\n<title>Seguridad en puentes gr\u00faa: Sistemas y riesgos - LBCranes<\/title>\n<meta name=\"description\" content=\"Seguridad en puentes gr\u00faa. Presentamos sistemas de seguridad y riesgos de no trabajar la seguridad en puentes gr\u00faa.\" \/>\n<meta name=\"robots\" content=\"index, follow, max-snippet:-1, max-image-preview:large, max-video-preview:-1\" \/>\n<link rel=\"canonical\" href=\"https:\/\/lbcranes.es\/en\/content\/overhead-crane-safety\/\" \/>\n<meta property=\"og:locale\" content=\"en_GB\" \/>\n<meta property=\"og:type\" content=\"article\" \/>\n<meta property=\"og:title\" content=\"Seguridad en puentes gr\u00faa: Sistemas y riesgos - LBCranes\" \/>\n<meta property=\"og:description\" content=\"Seguridad en puentes gr\u00faa. Presentamos sistemas de seguridad y riesgos de no trabajar la seguridad en puentes gr\u00faa.\" \/>\n<meta property=\"og:url\" content=\"https:\/\/lbcranes.es\/en\/content\/overhead-crane-safety\/\" \/>\n<meta property=\"og:site_name\" content=\"LBCranes Puentes Gr\u00faa Espa\u00f1a\" \/>\n<meta property=\"article:modified_time\" content=\"2024-02-09T08:55:25+00:00\" \/>\n<meta property=\"og:image\" content=\"https:\/\/lbcranes.es\/wp-content\/uploads\/2023\/04\/porcelanosa-madrid-final-683x1024.jpg\" \/>\n<meta name=\"twitter:card\" content=\"summary_large_image\" \/>\n<meta name=\"twitter:label1\" content=\"Estimated reading time\" \/>\n\t<meta name=\"twitter:data1\" content=\"3 minutes\" \/>\n<script type=\"application\/ld+json\" class=\"yoast-schema-graph\">{\"@context\":\"https:\/\/schema.org\",\"@graph\":[{\"@type\":\"WebPage\",\"@id\":\"https:\/\/lbcranes.es\/contenido\/seguridad-en-puentes-grua\/\",\"url\":\"https:\/\/lbcranes.es\/contenido\/seguridad-en-puentes-grua\/\",\"name\":\"Seguridad en puentes gr\u00faa: Sistemas y riesgos - LBCranes\",\"isPartOf\":{\"@id\":\"https:\/\/lbcranes.es\/#website\"},\"primaryImageOfPage\":{\"@id\":\"https:\/\/lbcranes.es\/contenido\/seguridad-en-puentes-grua\/#primaryimage\"},\"image\":{\"@id\":\"https:\/\/lbcranes.es\/contenido\/seguridad-en-puentes-grua\/#primaryimage\"},\"thumbnailUrl\":\"https:\/\/lbcranes.es\/wp-content\/uploads\/2023\/04\/porcelanosa-madrid-final-683x1024.jpg\",\"datePublished\":\"2023-06-22T09:55:48+00:00\",\"dateModified\":\"2024-02-09T08:55:25+00:00\",\"description\":\"Seguridad en puentes gr\u00faa. Presentamos sistemas de seguridad y riesgos de no trabajar la seguridad en puentes gr\u00faa.\",\"breadcrumb\":{\"@id\":\"https:\/\/lbcranes.es\/contenido\/seguridad-en-puentes-grua\/#breadcrumb\"},\"inLanguage\":\"en-GB\",\"potentialAction\":[{\"@type\":\"ReadAction\",\"target\":[\"https:\/\/lbcranes.es\/contenido\/seguridad-en-puentes-grua\/\"]}]},{\"@type\":\"ImageObject\",\"inLanguage\":\"en-GB\",\"@id\":\"https:\/\/lbcranes.es\/contenido\/seguridad-en-puentes-grua\/#primaryimage\",\"url\":\"https:\/\/i0.wp.com\/lbcranes.es\/wp-content\/uploads\/2023\/04\/porcelanosa-madrid-final-scaled-e1687852133880.jpg?fit=1388%2C1568&ssl=1\",\"contentUrl\":\"https:\/\/i0.wp.com\/lbcranes.es\/wp-content\/uploads\/2023\/04\/porcelanosa-madrid-final-scaled-e1687852133880.jpg?fit=1388%2C1568&ssl=1\",\"width\":1388,\"height\":1568,\"caption\":\"puente-gr\u00faa birra\u00edl porcelanosa\"},{\"@type\":\"BreadcrumbList\",\"@id\":\"https:\/\/lbcranes.es\/contenido\/seguridad-en-puentes-grua\/#breadcrumb\",\"itemListElement\":[{\"@type\":\"ListItem\",\"position\":1,\"name\":\"Portada\",\"item\":\"https:\/\/lbcranes.es\/\"},{\"@type\":\"ListItem\",\"position\":2,\"name\":\"Contenido\",\"item\":\"https:\/\/lbcranes.es\/contenido\/\"},{\"@type\":\"ListItem\",\"position\":3,\"name\":\"Seguridad en puentes gr\u00faa: sistemas y riesgos\"}]},{\"@type\":\"WebSite\",\"@id\":\"https:\/\/lbcranes.es\/#website\",\"url\":\"https:\/\/lbcranes.es\/\",\"name\":\"LBCranes Puentes Gr\u00faa Espa\u00f1a\",\"description\":\"Venta e instalaci\u00f3n de puentes gr\u00faa y sistemas de elevaci\u00f3n para industria.\",\"publisher\":{\"@id\":\"https:\/\/lbcranes.es\/#organization\"},\"alternateName\":\"LBCranes\",\"potentialAction\":[{\"@type\":\"SearchAction\",\"target\":{\"@type\":\"EntryPoint\",\"urlTemplate\":\"https:\/\/lbcranes.es\/?s={search_term_string}\"},\"query-input\":\"required name=search_term_string\"}],\"inLanguage\":\"en-GB\"},{\"@type\":\"Organization\",\"@id\":\"https:\/\/lbcranes.es\/#organization\",\"name\":\"LBCranes Puentes Gr\u00faa\",\"alternateName\":\"LBCranes Lifting Equipments\",\"url\":\"https:\/\/lbcranes.es\/\",\"logo\":{\"@type\":\"ImageObject\",\"inLanguage\":\"en-GB\",\"@id\":\"https:\/\/lbcranes.es\/#\/schema\/logo\/image\/\",\"url\":\"https:\/\/lbcranes.es\/wp-content\/uploads\/2023\/02\/lbcranes_logo.svg\",\"contentUrl\":\"https:\/\/lbcranes.es\/wp-content\/uploads\/2023\/02\/lbcranes_logo.svg\",\"width\":1,\"height\":1,\"caption\":\"LBCranes Puentes Gr\u00faa\"},\"image\":{\"@id\":\"https:\/\/lbcranes.es\/#\/schema\/logo\/image\/\"},\"sameAs\":[\"https:\/\/www.instagram.com\/lbcranes\/\",\"https:\/\/www.linkedin.com\/company\/lbcranes-lifting-equipments\"]}]}<\/script>\n<!-- \/ Yoast SEO plugin. -->","yoast_head_json":{"title":"Seguridad en puentes gr\u00faa: Sistemas y riesgos - LBCranes","description":"Seguridad en puentes gr\u00faa. Presentamos sistemas de seguridad y riesgos de no trabajar la seguridad en puentes gr\u00faa.","robots":{"index":"index","follow":"follow","max-snippet":"max-snippet:-1","max-image-preview":"max-image-preview:large","max-video-preview":"max-video-preview:-1"},"canonical":"https:\/\/lbcranes.es\/en\/content\/overhead-crane-safety\/","og_locale":"en_GB","og_type":"article","og_title":"Seguridad en puentes gr\u00faa: Sistemas y riesgos - LBCranes","og_description":"Seguridad en puentes gr\u00faa. Presentamos sistemas de seguridad y riesgos de no trabajar la seguridad en puentes gr\u00faa.","og_url":"https:\/\/lbcranes.es\/en\/content\/overhead-crane-safety\/","og_site_name":"LBCranes Puentes Gr\u00faa Espa\u00f1a","article_modified_time":"2024-02-09T08:55:25+00:00","og_image":[{"url":"https:\/\/lbcranes.es\/wp-content\/uploads\/2023\/04\/porcelanosa-madrid-final-683x1024.jpg"}],"twitter_card":"summary_large_image","twitter_misc":{"Estimated reading time":"3 minutes"},"schema":{"@context":"https:\/\/schema.org","@graph":[{"@type":"WebPage","@id":"https:\/\/lbcranes.es\/contenido\/seguridad-en-puentes-grua\/","url":"https:\/\/lbcranes.es\/contenido\/seguridad-en-puentes-grua\/","name":"Seguridad en puentes gr\u00faa: Sistemas y riesgos - LBCranes","isPartOf":{"@id":"https:\/\/lbcranes.es\/#website"},"primaryImageOfPage":{"@id":"https:\/\/lbcranes.es\/contenido\/seguridad-en-puentes-grua\/#primaryimage"},"image":{"@id":"https:\/\/lbcranes.es\/contenido\/seguridad-en-puentes-grua\/#primaryimage"},"thumbnailUrl":"https:\/\/lbcranes.es\/wp-content\/uploads\/2023\/04\/porcelanosa-madrid-final-683x1024.jpg","datePublished":"2023-06-22T09:55:48+00:00","dateModified":"2024-02-09T08:55:25+00:00","description":"Seguridad en puentes gr\u00faa. Presentamos sistemas de seguridad y riesgos de no trabajar la seguridad en puentes gr\u00faa.","breadcrumb":{"@id":"https:\/\/lbcranes.es\/contenido\/seguridad-en-puentes-grua\/#breadcrumb"},"inLanguage":"en-GB","potentialAction":[{"@type":"ReadAction","target":["https:\/\/lbcranes.es\/contenido\/seguridad-en-puentes-grua\/"]}]},{"@type":"ImageObject","inLanguage":"en-GB","@id":"https:\/\/lbcranes.es\/contenido\/seguridad-en-puentes-grua\/#primaryimage","url":"https:\/\/i0.wp.com\/lbcranes.es\/wp-content\/uploads\/2023\/04\/porcelanosa-madrid-final-scaled-e1687852133880.jpg?fit=1388%2C1568&ssl=1","contentUrl":"https:\/\/i0.wp.com\/lbcranes.es\/wp-content\/uploads\/2023\/04\/porcelanosa-madrid-final-scaled-e1687852133880.jpg?fit=1388%2C1568&ssl=1","width":1388,"height":1568,"caption":"puente-gr\u00faa birra\u00edl porcelanosa"},{"@type":"BreadcrumbList","@id":"https:\/\/lbcranes.es\/contenido\/seguridad-en-puentes-grua\/#breadcrumb","itemListElement":[{"@type":"ListItem","position":1,"name":"Portada","item":"https:\/\/lbcranes.es\/"},{"@type":"ListItem","position":2,"name":"Contenido","item":"https:\/\/lbcranes.es\/contenido\/"},{"@type":"ListItem","position":3,"name":"Seguridad en puentes gr\u00faa: sistemas y riesgos"}]},{"@type":"WebSite","@id":"https:\/\/lbcranes.es\/#website","url":"https:\/\/lbcranes.es\/","name":"LBCranes Puentes Gr\u00faa Espa\u00f1a","description":"Venta e instalaci\u00f3n de puentes gr\u00faa y sistemas de elevaci\u00f3n para industria.","publisher":{"@id":"https:\/\/lbcranes.es\/#organization"},"alternateName":"LBCranes","potentialAction":[{"@type":"SearchAction","target":{"@type":"EntryPoint","urlTemplate":"https:\/\/lbcranes.es\/?s={search_term_string}"},"query-input":"required name=search_term_string"}],"inLanguage":"en-GB"},{"@type":"Organization","@id":"https:\/\/lbcranes.es\/#organization","name":"LBCranes Puentes Gr\u00faa","alternateName":"LBCranes Lifting Equipments","url":"https:\/\/lbcranes.es\/","logo":{"@type":"ImageObject","inLanguage":"en-GB","@id":"https:\/\/lbcranes.es\/#\/schema\/logo\/image\/","url":"https:\/\/lbcranes.es\/wp-content\/uploads\/2023\/02\/lbcranes_logo.svg","contentUrl":"https:\/\/lbcranes.es\/wp-content\/uploads\/2023\/02\/lbcranes_logo.svg","width":1,"height":1,"caption":"LBCranes Puentes Gr\u00faa"},"image":{"@id":"https:\/\/lbcranes.es\/#\/schema\/logo\/image\/"},"sameAs":["https:\/\/www.instagram.com\/lbcranes\/","https:\/\/www.linkedin.com\/company\/lbcranes-lifting-equipments"]}]}},"jetpack_sharing_enabled":true,"uagb_featured_image_src":{"full":false,"thumbnail":false,"medium":false,"medium_large":false,"large":false,"1536x1536":false,"2048x2048":false,"trp-custom-language-flag":false},"uagb_author_info":{"display_name":"admin","author_link":"https:\/\/lbcranes.es\/en\/author\/miquelcoll\/"},"uagb_comment_info":0,"uagb_excerpt":"Seguridad en puentes gr\u00faa: sistemas y riesgos La seguridad en puentes gr\u00faa es fundamental. Estos equipos trabajan con capacidades de carga grandes y pueden resultar peligrosos si no se trabaja con seguridad. Riesgos en los puentes gr\u00faa La peligrosidad evidente de los puentes gr\u00faa empieza por la fuerza de estos equipos. Por ello, suponen riesgos&hellip;","jetpack-related-posts":[],"_links":{"self":[{"href":"https:\/\/lbcranes.es\/en\/wp-json\/wp\/v2\/pages\/2434","targetHints":{"allow":["GET"]}}],"collection":[{"href":"https:\/\/lbcranes.es\/en\/wp-json\/wp\/v2\/pages"}],"about":[{"href":"https:\/\/lbcranes.es\/en\/wp-json\/wp\/v2\/types\/page"}],"author":[{"embeddable":true,"href":"https:\/\/lbcranes.es\/en\/wp-json\/wp\/v2\/users\/1"}],"replies":[{"embeddable":true,"href":"https:\/\/lbcranes.es\/en\/wp-json\/wp\/v2\/comments?post=2434"}],"version-history":[{"count":4,"href":"https:\/\/lbcranes.es\/en\/wp-json\/wp\/v2\/pages\/2434\/revisions"}],"predecessor-version":[{"id":4210,"href":"https:\/\/lbcranes.es\/en\/wp-json\/wp\/v2\/pages\/2434\/revisions\/4210"}],"up":[{"embeddable":true,"href":"https:\/\/lbcranes.es\/en\/wp-json\/wp\/v2\/pages\/2325"}],"wp:attachment":[{"href":"https:\/\/lbcranes.es\/en\/wp-json\/wp\/v2\/media?parent=2434"}],"curies":[{"name":"wp","href":"https:\/\/api.w.org\/{rel}","templated":true}]}}