{"id":3423,"date":"2023-10-18T07:26:27","date_gmt":"2023-10-18T07:26:27","guid":{"rendered":"https:\/\/lbcranes.es\/?page_id=3423"},"modified":"2024-02-05T10:13:53","modified_gmt":"2024-02-05T10:13:53","slug":"mantenimiento-industrial","status":"publish","type":"page","link":"https:\/\/lbcranes.es\/en\/overhead-crane-maintenance\/industrial-maintenance\/","title":{"rendered":"Industrial Maintenance"},"content":{"rendered":"<div class=\"wp-block-uagb-container uagb-block-44db918b alignfull uagb-is-root-container\"><div class=\"uagb-container-inner-blocks-wrap\">\n<div class=\"wp-block-uagb-advanced-heading uagb-block-ec80bc6e\"><h1 class=\"uagb-heading-text\">Industrial Maintenance<\/h1><\/div>\n<\/div><\/div>\n\n\n\n<div class=\"wp-block-uagb-container uagb-block-8cf0b381 alignfull uagb-is-root-container\"><div class=\"uagb-container-inner-blocks-wrap\">\n<hr class=\"wp-block-separator has-text-color has-alpha-channel-opacity has-background\" style=\"background-color:#ffffff00;color:#ffffff00\"\/>\n\n\n\n<div class=\"inherit-container-width wp-block-group is-layout-constrained wp-block-group-is-layout-constrained\">\n<div class=\"inherit-container-width wp-block-group is-layout-constrained wp-block-group-is-layout-constrained\">\n<div class=\"wp-block-columns is-layout-flex wp-container-core-columns-is-layout-e06c2b88 wp-block-columns-is-layout-flex\" style=\"padding-top:0;padding-right:0;padding-bottom:0;padding-left:0\">\n<div class=\"wp-block-column is-layout-flow wp-block-column-is-layout-flow\" style=\"padding-left:0\">\n<h2 class=\"wp-block-heading\">Industrial maintenance of overhead cranes<\/h2>\n\n\n\n<p class=\"has-text-align-left\">Our industrial maintenance services range from \"<a href=\"https:\/\/lbcranes.es\/en\/content\/preventive-maintenance-overhead-cranes\/\" target=\"_blank\" rel=\"noreferrer noopener\">industrial preventive maintenance<\/a>\" to \"<a href=\"https:\/\/lbcranes.es\/en\/content\/corrective-maintenance\/\">corrective repairs to machines<\/a>\". Our team of experts is trained to carry out crane inspections and the maintenance of overhead travelling cranes and hoists with precision and efficiency. We are committed to ensuring the efficiency and safety of your industrial operations.<\/p>\n\n\n\n<p class=\"has-text-align-left uag-hide-mob\"><strong><em>The maintenance of industrial installations is essential to maintain productivity and reduce operating costs.<\/em>.<\/strong> <\/p>\n\n\n\n<p class=\"has-text-align-left uag-hide-mob\">We design plans tailored to each customer, taking into account a number of factors: the equipment to be processed, the load capacity of the equipment and the operators needed to optimise the process.<\/p>\n\n\n\n<p class=\"has-text-align-left uag-hide-mob\">Our commitment is to assist you in the \"optimisation of industrial systems\", ensuring that your equipment runs smoothly and is ready to meet industrial challenges.<\/p>\n<\/div>\n\n\n\n<div class=\"wp-block-column is-content-justification-right is-layout-constrained wp-container-core-column-is-layout-d0e502ac wp-block-column-is-layout-constrained\" style=\"padding-left:0;flex-basis:45%\">\n<div class=\"wp-block-uagb-image aligncenter uagb-block-3aab81a0 wp-block-uagb-image--layout-default wp-block-uagb-image--effect-static wp-block-uagb-image--align-center\"><figure class=\"wp-block-uagb-image__figure\"><img decoding=\"async\" srcset=\"https:\/\/i0.wp.com\/lbcranes.es\/wp-content\/uploads\/2023\/07\/IMG_20221029_145609_918-Carlos-Campoverde-Redrovan-e1690186569903-718x1024.jpg?resize=311%2C444&#038;ssl=1 \" sizes=\"auto, (max-width: 480px) 150px\" src=\"https:\/\/i0.wp.com\/lbcranes.es\/wp-content\/uploads\/2023\/07\/IMG_20221029_145609_918-Carlos-Campoverde-Redrovan-e1690186569903-718x1024.jpg?resize=311%2C444&#038;ssl=1\" alt=\"Industrial maintenance of overhead travelling cranes.\" class=\"uag-image-2683\" width=\"311\" height=\"444\" title=\"\" loading=\"lazy\" data-recalc-dims=\"1\"\/><\/figure><\/div>\n<\/div>\n<\/div>\n\n\n\n<div class=\"wp-block-columns has-ast-global-color-0-background-color has-background is-layout-flex wp-container-core-columns-is-layout-2482a876 wp-block-columns-is-layout-flex\" style=\"margin-top:var(--wp--preset--spacing--50);margin-bottom:var(--wp--preset--spacing--50);padding-top:var(--wp--preset--spacing--80);padding-right:var(--wp--preset--spacing--80);padding-bottom:var(--wp--preset--spacing--80);padding-left:var(--wp--preset--spacing--80)\">\n<div class=\"wp-block-column is-layout-flow wp-block-column-is-layout-flow\">\n<div class=\"wp-block-uagb-advanced-heading uagb-block-338b204f\"><h2 class=\"uagb-heading-text\">Do you need industrial maintenance?<\/h2><p class=\"uagb-desc-text\">We offer you the best offer for your needs.<\/p><\/div>\n<\/div>\n\n\n\n<div class=\"wp-block-column is-layout-flow wp-block-column-is-layout-flow\">\n<div class=\"wp-block-buttons is-content-justification-center is-layout-flex wp-container-core-buttons-is-layout-a89b3969 wp-block-buttons-is-layout-flex\">\n<div class=\"wp-block-button has-custom-font-size has-medium-font-size\"><a class=\"wp-block-button__link has-ast-global-color-3-color has-white-background-color has-text-color has-background wp-element-button\" href=\"https:\/\/lbcranes.es\/en\/contacto-2\/\" style=\"padding-top:var(--wp--preset--spacing--50);padding-right:var(--wp--preset--spacing--70);padding-bottom:var(--wp--preset--spacing--50);padding-left:var(--wp--preset--spacing--70)\" target=\"_blank\" rel=\"noreferrer noopener\">Price enquiry<\/a><\/div>\n<\/div>\n<\/div>\n<\/div>\n<\/div>\n\n\n\n<div class=\"wp-block-columns is-layout-flex wp-container-core-columns-is-layout-9f516129 wp-block-columns-is-layout-flex\" style=\"padding-top:var(--wp--preset--spacing--40);padding-right:var(--wp--preset--spacing--40);padding-left:var(--wp--preset--spacing--40)\">\n<div class=\"wp-block-column is-layout-flow wp-block-column-is-layout-flow\" style=\"padding-left:0\">\n<p class=\"has-text-align-left\">Our expertise in \"maintenance management for industrial companies\" makes us a reliable partner for optimising your operations. From \"<a href=\"https:\/\/lbcranes.es\/en\/content\/corrective-maintenance\/\" target=\"_blank\" rel=\"noreferrer noopener\">corrective maintenance of machines<\/a>\" to overhead crane inspection, we're ready to meet your needs with customised solutions.<\/p>\n\n\n\n<p class=\"has-text-align-left uag-hide-mob\"><strong><em>At LBCranes, we offer a comprehensive service that includes the repair of industrial equipment and the optimisation of industrial systems.<\/em><\/strong><\/p>\n\n\n\n<p class=\"has-text-align-left uag-hide-mob\">Our aim is to become your reliable partner for industrial maintenance. Whether you need routine maintenance or a major overhaul, we can help. <a href=\"https:\/\/lbcranes.es\/en\/overhead-crane-maintenance\/\" target=\"_blank\" rel=\"noreferrer noopener\">immediate assistance<\/a> to solve unexpected problems, you can count on us to ensure that your industrial operations run \"efficiently\" and \"safely\".<\/p>\n<\/div>\n\n\n\n<div class=\"wp-block-column is-content-justification-right is-layout-constrained wp-container-core-column-is-layout-d0e502ac wp-block-column-is-layout-constrained\" style=\"padding-left:0;flex-basis:45%\">\n<div class=\"wp-block-uagb-image aligncenter uagb-block-0091a166 wp-block-uagb-image--layout-default wp-block-uagb-image--effect-static wp-block-uagb-image--align-center\"><figure class=\"wp-block-uagb-image__figure\"><img decoding=\"async\" srcset=\"https:\/\/i0.wp.com\/lbcranes.es\/wp-content\/uploads\/2023\/07\/IMG_20220804_225156_645-Carlos-Campoverde-Redrovan.jpg?resize=368%2C368&#038;ssl=1 \" sizes=\"auto, (max-width: 480px) 150px\" src=\"https:\/\/i0.wp.com\/lbcranes.es\/wp-content\/uploads\/2023\/07\/IMG_20220804_225156_645-Carlos-Campoverde-Redrovan.jpg?resize=368%2C368&#038;ssl=1\" alt=\"Industrial maintenance of single-girder overhead cranes.\" class=\"uag-image-2696\" width=\"368\" height=\"368\" title=\"\" loading=\"lazy\" data-recalc-dims=\"1\"\/><\/figure><\/div>\n<\/div>\n<\/div>\n\n\n\n<div class=\"wp-block-uagb-call-to-action uagb-block-f27e0d44 wp-block-button\"><div class=\"uagb-cta__wrap\"><h3 class=\"uagb-cta__title\">Maintenance of overhead cranes<\/h3><p class=\"uagb-cta__desc\">Good maintenance of process cranes is essential to ensure their long-term operability. Cranes working for long periods of time require more attention due to the wear and fatigue they experience. Proper maintenance reduces the risk of failure, increases operational safety and prolongs the life of the crane.<\/p><\/div><div class=\"uagb-cta__buttons\"><a href=\"https:\/\/lbcranes.es\/en\/overhead-crane-maintenance\/\" class=\"uagb-cta__button-link-wrapper wp-block-button__link\" target=\"_self\" rel=\"noopener noreferrer\">Maintenance<svg xmlns=\"https:\/\/www.w3.org\/2000\/svg\" viewbox=\"0 0 512 512\"><path d=\"M504.3 273.6l-112.1 104c-6.992 6.484-17.18 8.218-25.94 4.406c-8.758-3.812-14.42-12.45-14.42-21.1L351.9 288H32C14.33 288 .0002 273.7 .0002 255.1S14.33 224 32 224h319.9l0-72c0-9.547 5.66-18.19 14.42-22c8.754-3.809 18.95-2.075 25.94 4.41l112.1 104C514.6 247.9 514.6 264.1 504.3 273.6z\"><\/path><\/svg><\/a><\/div><\/div>\n<\/div>\n<\/div><\/div>","protected":false},"excerpt":{"rendered":"<p>Mantenimiento Industrial Mantenimiento industrial de puentes gr\u00faa Nuestro servicio de mantenimiento industrial abarca desde el \u00abmantenimiento preventivo industrial\u00bb hasta las \u00abreparaciones correctivas de maquinaria\u00ab. Nuestro equipo de expertos est\u00e1 capacitado para llevar a cabo inspecciones de puentes gr\u00faa y el mantenimiento de gr\u00faas y polipastos de forma precisa y eficiente. Estamos dedicados a garantizar la [&hellip;]<\/p>","protected":false},"author":1,"featured_media":2683,"parent":226,"menu_order":0,"comment_status":"closed","ping_status":"closed","template":"","meta":{"_uag_custom_page_level_css":"","site-sidebar-layout":"default","site-content-layout":"","ast-site-content-layout":"","site-content-style":"default","site-sidebar-style":"default","ast-global-header-display":"","ast-banner-title-visibility":"","ast-main-header-display":"","ast-hfb-above-header-display":"","ast-hfb-below-header-display":"","ast-hfb-mobile-header-display":"","site-post-title":"disabled","ast-breadcrumbs-content":"","ast-featured-img":"disabled","footer-sml-layout":"","theme-transparent-header-meta":"","adv-header-id-meta":"","stick-header-meta":"","header-above-stick-meta":"","header-main-stick-meta":"","header-below-stick-meta":"","astra-migrate-meta-layouts":"default","ast-page-background-enabled":"default","ast-page-background-meta":{"desktop":{"background-color":"var(--ast-global-color-4)","background-image":"","background-repeat":"repeat","background-position":"center center","background-size":"auto","background-attachment":"scroll","background-type":"","background-media":"","overlay-type":"","overlay-color":"","overlay-gradient":""},"tablet":{"background-color":"","background-image":"","background-repeat":"repeat","background-position":"center center","background-size":"auto","background-attachment":"scroll","background-type":"","background-media":"","overlay-type":"","overlay-color":"","overlay-gradient":""},"mobile":{"background-color":"","background-image":"","background-repeat":"repeat","background-position":"center center","background-size":"auto","background-attachment":"scroll","background-type":"","background-media":"","overlay-type":"","overlay-color":"","overlay-gradient":""}},"ast-content-background-meta":{"desktop":{"background-color":"var(--ast-global-color-5)","background-image":"","background-repeat":"repeat","background-position":"center center","background-size":"auto","background-attachment":"scroll","background-type":"","background-media":"","overlay-type":"","overlay-color":"","overlay-gradient":""},"tablet":{"background-color":"var(--ast-global-color-5)","background-image":"","background-repeat":"repeat","background-position":"center center","background-size":"auto","background-attachment":"scroll","background-type":"","background-media":"","overlay-type":"","overlay-color":"","overlay-gradient":""},"mobile":{"background-color":"var(--ast-global-color-5)","background-image":"","background-repeat":"repeat","background-position":"center center","background-size":"auto","background-attachment":"scroll","background-type":"","background-media":"","overlay-type":"","overlay-color":"","overlay-gradient":""}},"footnotes":""},"class_list":["post-3423","page","type-page","status-publish","has-post-thumbnail","hentry"],"yoast_head":"<!-- This site is optimized with the Yoast SEO plugin v22.3 - https:\/\/yoast.com\/wordpress\/plugins\/seo\/ -->\n<title>Mantenimiento Industrial - LBCranes Puentes Gr\u00faa Espa\u00f1a<\/title>\n<meta name=\"description\" content=\"El mantenimiento industrial de instalaciones es esencial para mantener la productividad y reducir los costos operativos.\" \/>\n<meta name=\"robots\" content=\"index, follow, max-snippet:-1, max-image-preview:large, max-video-preview:-1\" \/>\n<link rel=\"canonical\" href=\"https:\/\/lbcranes.es\/en\/overhead-crane-maintenance\/industrial-maintenance\/\" \/>\n<meta property=\"og:locale\" content=\"en_GB\" \/>\n<meta property=\"og:type\" content=\"article\" \/>\n<meta property=\"og:title\" content=\"Mantenimiento Industrial - LBCranes Puentes Gr\u00faa Espa\u00f1a\" \/>\n<meta property=\"og:description\" content=\"El mantenimiento industrial de instalaciones es esencial para mantener la productividad y reducir los costos operativos.\" \/>\n<meta property=\"og:url\" content=\"https:\/\/lbcranes.es\/en\/overhead-crane-maintenance\/industrial-maintenance\/\" \/>\n<meta property=\"og:site_name\" content=\"LBCranes Puentes Gr\u00faa Espa\u00f1a\" \/>\n<meta property=\"article:modified_time\" content=\"2024-02-05T10:13:53+00:00\" \/>\n<meta property=\"og:image\" content=\"https:\/\/lbcranes.es\/wp-content\/uploads\/2023\/07\/IMG_20221029_145609_918-Carlos-Campoverde-Redrovan-e1690186569903.jpg\" \/>\n\t<meta property=\"og:image:width\" content=\"720\" \/>\n\t<meta property=\"og:image:height\" content=\"1027\" \/>\n\t<meta property=\"og:image:type\" content=\"image\/jpeg\" \/>\n<meta name=\"twitter:card\" content=\"summary_large_image\" \/>\n<meta name=\"twitter:label1\" content=\"Estimated reading time\" \/>\n\t<meta name=\"twitter:data1\" content=\"3 minutes\" \/>\n<script type=\"application\/ld+json\" class=\"yoast-schema-graph\">{\"@context\":\"https:\/\/schema.org\",\"@graph\":[{\"@type\":\"WebPage\",\"@id\":\"https:\/\/lbcranes.es\/mantenimiento-puentes-grua\/mantenimiento-industrial\/\",\"url\":\"https:\/\/lbcranes.es\/mantenimiento-puentes-grua\/mantenimiento-industrial\/\",\"name\":\"Mantenimiento Industrial - LBCranes Puentes Gr\u00faa Espa\u00f1a\",\"isPartOf\":{\"@id\":\"https:\/\/lbcranes.es\/#website\"},\"primaryImageOfPage\":{\"@id\":\"https:\/\/lbcranes.es\/mantenimiento-puentes-grua\/mantenimiento-industrial\/#primaryimage\"},\"image\":{\"@id\":\"https:\/\/lbcranes.es\/mantenimiento-puentes-grua\/mantenimiento-industrial\/#primaryimage\"},\"thumbnailUrl\":\"https:\/\/i0.wp.com\/lbcranes.es\/wp-content\/uploads\/2023\/07\/IMG_20221029_145609_918-Carlos-Campoverde-Redrovan-e1690186569903.jpg?fit=720%2C1027&ssl=1\",\"datePublished\":\"2023-10-18T07:26:27+00:00\",\"dateModified\":\"2024-02-05T10:13:53+00:00\",\"description\":\"El mantenimiento industrial de instalaciones es esencial para mantener la productividad y reducir los costos operativos.\",\"breadcrumb\":{\"@id\":\"https:\/\/lbcranes.es\/mantenimiento-puentes-grua\/mantenimiento-industrial\/#breadcrumb\"},\"inLanguage\":\"en-GB\",\"potentialAction\":[{\"@type\":\"ReadAction\",\"target\":[\"https:\/\/lbcranes.es\/mantenimiento-puentes-grua\/mantenimiento-industrial\/\"]}]},{\"@type\":\"ImageObject\",\"inLanguage\":\"en-GB\",\"@id\":\"https:\/\/lbcranes.es\/mantenimiento-puentes-grua\/mantenimiento-industrial\/#primaryimage\",\"url\":\"https:\/\/i0.wp.com\/lbcranes.es\/wp-content\/uploads\/2023\/07\/IMG_20221029_145609_918-Carlos-Campoverde-Redrovan-e1690186569903.jpg?fit=720%2C1027&ssl=1\",\"contentUrl\":\"https:\/\/i0.wp.com\/lbcranes.es\/wp-content\/uploads\/2023\/07\/IMG_20221029_145609_918-Carlos-Campoverde-Redrovan-e1690186569903.jpg?fit=720%2C1027&ssl=1\",\"width\":720,\"height\":1027,\"caption\":\"Mantenimiento industrial de puentes gr\u00faa.\"},{\"@type\":\"BreadcrumbList\",\"@id\":\"https:\/\/lbcranes.es\/mantenimiento-puentes-grua\/mantenimiento-industrial\/#breadcrumb\",\"itemListElement\":[{\"@type\":\"ListItem\",\"position\":1,\"name\":\"Portada\",\"item\":\"https:\/\/lbcranes.es\/\"},{\"@type\":\"ListItem\",\"position\":2,\"name\":\"Mantenimiento de puentes gr\u00faa y gr\u00faas industriales\",\"item\":\"https:\/\/lbcranes.es\/mantenimiento-puentes-grua\/\"},{\"@type\":\"ListItem\",\"position\":3,\"name\":\"Mantenimiento Industrial\"}]},{\"@type\":\"WebSite\",\"@id\":\"https:\/\/lbcranes.es\/#website\",\"url\":\"https:\/\/lbcranes.es\/\",\"name\":\"LBCranes Puentes Gr\u00faa Espa\u00f1a\",\"description\":\"Venta e instalaci\u00f3n de puentes gr\u00faa y sistemas de elevaci\u00f3n para industria.\",\"publisher\":{\"@id\":\"https:\/\/lbcranes.es\/#organization\"},\"alternateName\":\"LBCranes\",\"potentialAction\":[{\"@type\":\"SearchAction\",\"target\":{\"@type\":\"EntryPoint\",\"urlTemplate\":\"https:\/\/lbcranes.es\/?s={search_term_string}\"},\"query-input\":\"required name=search_term_string\"}],\"inLanguage\":\"en-GB\"},{\"@type\":\"Organization\",\"@id\":\"https:\/\/lbcranes.es\/#organization\",\"name\":\"LBCranes Puentes Gr\u00faa\",\"alternateName\":\"LBCranes Lifting Equipments\",\"url\":\"https:\/\/lbcranes.es\/\",\"logo\":{\"@type\":\"ImageObject\",\"inLanguage\":\"en-GB\",\"@id\":\"https:\/\/lbcranes.es\/#\/schema\/logo\/image\/\",\"url\":\"https:\/\/lbcranes.es\/wp-content\/uploads\/2023\/02\/lbcranes_logo.svg\",\"contentUrl\":\"https:\/\/lbcranes.es\/wp-content\/uploads\/2023\/02\/lbcranes_logo.svg\",\"width\":1,\"height\":1,\"caption\":\"LBCranes Puentes Gr\u00faa\"},\"image\":{\"@id\":\"https:\/\/lbcranes.es\/#\/schema\/logo\/image\/\"},\"sameAs\":[\"https:\/\/www.instagram.com\/lbcranes\/\",\"https:\/\/www.linkedin.com\/company\/lbcranes-lifting-equipments\"]}]}<\/script>\n<!-- \/ Yoast SEO plugin. -->","yoast_head_json":{"title":"Mantenimiento Industrial - LBCranes Puentes Gr\u00faa Espa\u00f1a","description":"El mantenimiento industrial de instalaciones es esencial para mantener la productividad y reducir los costos operativos.","robots":{"index":"index","follow":"follow","max-snippet":"max-snippet:-1","max-image-preview":"max-image-preview:large","max-video-preview":"max-video-preview:-1"},"canonical":"https:\/\/lbcranes.es\/en\/overhead-crane-maintenance\/industrial-maintenance\/","og_locale":"en_GB","og_type":"article","og_title":"Mantenimiento Industrial - LBCranes Puentes Gr\u00faa Espa\u00f1a","og_description":"El mantenimiento industrial de instalaciones es esencial para mantener la productividad y reducir los costos operativos.","og_url":"https:\/\/lbcranes.es\/en\/overhead-crane-maintenance\/industrial-maintenance\/","og_site_name":"LBCranes Puentes Gr\u00faa Espa\u00f1a","article_modified_time":"2024-02-05T10:13:53+00:00","og_image":[{"width":720,"height":1027,"url":"https:\/\/lbcranes.es\/wp-content\/uploads\/2023\/07\/IMG_20221029_145609_918-Carlos-Campoverde-Redrovan-e1690186569903.jpg","type":"image\/jpeg"}],"twitter_card":"summary_large_image","twitter_misc":{"Estimated reading time":"3 minutes"},"schema":{"@context":"https:\/\/schema.org","@graph":[{"@type":"WebPage","@id":"https:\/\/lbcranes.es\/mantenimiento-puentes-grua\/mantenimiento-industrial\/","url":"https:\/\/lbcranes.es\/mantenimiento-puentes-grua\/mantenimiento-industrial\/","name":"Mantenimiento Industrial - LBCranes Puentes Gr\u00faa Espa\u00f1a","isPartOf":{"@id":"https:\/\/lbcranes.es\/#website"},"primaryImageOfPage":{"@id":"https:\/\/lbcranes.es\/mantenimiento-puentes-grua\/mantenimiento-industrial\/#primaryimage"},"image":{"@id":"https:\/\/lbcranes.es\/mantenimiento-puentes-grua\/mantenimiento-industrial\/#primaryimage"},"thumbnailUrl":"https:\/\/i0.wp.com\/lbcranes.es\/wp-content\/uploads\/2023\/07\/IMG_20221029_145609_918-Carlos-Campoverde-Redrovan-e1690186569903.jpg?fit=720%2C1027&ssl=1","datePublished":"2023-10-18T07:26:27+00:00","dateModified":"2024-02-05T10:13:53+00:00","description":"El mantenimiento industrial de instalaciones es esencial para mantener la productividad y reducir los costos operativos.","breadcrumb":{"@id":"https:\/\/lbcranes.es\/mantenimiento-puentes-grua\/mantenimiento-industrial\/#breadcrumb"},"inLanguage":"en-GB","potentialAction":[{"@type":"ReadAction","target":["https:\/\/lbcranes.es\/mantenimiento-puentes-grua\/mantenimiento-industrial\/"]}]},{"@type":"ImageObject","inLanguage":"en-GB","@id":"https:\/\/lbcranes.es\/mantenimiento-puentes-grua\/mantenimiento-industrial\/#primaryimage","url":"https:\/\/i0.wp.com\/lbcranes.es\/wp-content\/uploads\/2023\/07\/IMG_20221029_145609_918-Carlos-Campoverde-Redrovan-e1690186569903.jpg?fit=720%2C1027&ssl=1","contentUrl":"https:\/\/i0.wp.com\/lbcranes.es\/wp-content\/uploads\/2023\/07\/IMG_20221029_145609_918-Carlos-Campoverde-Redrovan-e1690186569903.jpg?fit=720%2C1027&ssl=1","width":720,"height":1027,"caption":"Mantenimiento industrial de puentes gr\u00faa."},{"@type":"BreadcrumbList","@id":"https:\/\/lbcranes.es\/mantenimiento-puentes-grua\/mantenimiento-industrial\/#breadcrumb","itemListElement":[{"@type":"ListItem","position":1,"name":"Portada","item":"https:\/\/lbcranes.es\/"},{"@type":"ListItem","position":2,"name":"Mantenimiento de puentes gr\u00faa y gr\u00faas industriales","item":"https:\/\/lbcranes.es\/mantenimiento-puentes-grua\/"},{"@type":"ListItem","position":3,"name":"Mantenimiento Industrial"}]},{"@type":"WebSite","@id":"https:\/\/lbcranes.es\/#website","url":"https:\/\/lbcranes.es\/","name":"LBCranes Puentes Gr\u00faa Espa\u00f1a","description":"Venta e instalaci\u00f3n de puentes gr\u00faa y sistemas de elevaci\u00f3n para industria.","publisher":{"@id":"https:\/\/lbcranes.es\/#organization"},"alternateName":"LBCranes","potentialAction":[{"@type":"SearchAction","target":{"@type":"EntryPoint","urlTemplate":"https:\/\/lbcranes.es\/?s={search_term_string}"},"query-input":"required name=search_term_string"}],"inLanguage":"en-GB"},{"@type":"Organization","@id":"https:\/\/lbcranes.es\/#organization","name":"LBCranes Puentes Gr\u00faa","alternateName":"LBCranes Lifting Equipments","url":"https:\/\/lbcranes.es\/","logo":{"@type":"ImageObject","inLanguage":"en-GB","@id":"https:\/\/lbcranes.es\/#\/schema\/logo\/image\/","url":"https:\/\/lbcranes.es\/wp-content\/uploads\/2023\/02\/lbcranes_logo.svg","contentUrl":"https:\/\/lbcranes.es\/wp-content\/uploads\/2023\/02\/lbcranes_logo.svg","width":1,"height":1,"caption":"LBCranes Puentes Gr\u00faa"},"image":{"@id":"https:\/\/lbcranes.es\/#\/schema\/logo\/image\/"},"sameAs":["https:\/\/www.instagram.com\/lbcranes\/","https:\/\/www.linkedin.com\/company\/lbcranes-lifting-equipments"]}]}},"jetpack_sharing_enabled":true,"uagb_featured_image_src":{"full":["https:\/\/i0.wp.com\/lbcranes.es\/wp-content\/uploads\/2023\/07\/IMG_20221029_145609_918-Carlos-Campoverde-Redrovan-e1690186569903.jpg?fit=720%2C1027&ssl=1",720,1027,false],"thumbnail":["https:\/\/i0.wp.com\/lbcranes.es\/wp-content\/uploads\/2023\/07\/IMG_20221029_145609_918-Carlos-Campoverde-Redrovan-e1690186569903.jpg?resize=150%2C150&ssl=1",150,150,true],"medium":["https:\/\/i0.wp.com\/lbcranes.es\/wp-content\/uploads\/2023\/07\/IMG_20221029_145609_918-Carlos-Campoverde-Redrovan-e1690186569903.jpg?fit=210%2C300&ssl=1",210,300,true],"medium_large":["https:\/\/i0.wp.com\/lbcranes.es\/wp-content\/uploads\/2023\/07\/IMG_20221029_145609_918-Carlos-Campoverde-Redrovan-e1690186569903.jpg?fit=720%2C1027&ssl=1",720,1027,true],"large":["https:\/\/i0.wp.com\/lbcranes.es\/wp-content\/uploads\/2023\/07\/IMG_20221029_145609_918-Carlos-Campoverde-Redrovan-e1690186569903.jpg?fit=718%2C1024&ssl=1",718,1024,true],"1536x1536":["https:\/\/i0.wp.com\/lbcranes.es\/wp-content\/uploads\/2023\/07\/IMG_20221029_145609_918-Carlos-Campoverde-Redrovan-e1690186569903.jpg?fit=720%2C1027&ssl=1",720,1027,true],"2048x2048":["https:\/\/i0.wp.com\/lbcranes.es\/wp-content\/uploads\/2023\/07\/IMG_20221029_145609_918-Carlos-Campoverde-Redrovan-e1690186569903.jpg?fit=720%2C1027&ssl=1",720,1027,true],"trp-custom-language-flag":["https:\/\/i0.wp.com\/lbcranes.es\/wp-content\/uploads\/2023\/07\/IMG_20221029_145609_918-Carlos-Campoverde-Redrovan-e1690186569903.jpg?fit=8%2C12&ssl=1",8,12,true]},"uagb_author_info":{"display_name":"admin","author_link":"https:\/\/lbcranes.es\/en\/author\/miquelcoll\/"},"uagb_comment_info":0,"uagb_excerpt":"Mantenimiento Industrial Mantenimiento industrial de puentes gr\u00faa Nuestro servicio de mantenimiento industrial abarca desde el \u00abmantenimiento preventivo industrial\u00bb hasta las \u00abreparaciones correctivas de maquinaria\u00ab. Nuestro equipo de expertos est\u00e1 capacitado para llevar a cabo inspecciones de puentes gr\u00faa y el mantenimiento de gr\u00faas y polipastos de forma precisa y eficiente. Estamos dedicados a garantizar la&hellip;","jetpack-related-posts":[],"_links":{"self":[{"href":"https:\/\/lbcranes.es\/en\/wp-json\/wp\/v2\/pages\/3423","targetHints":{"allow":["GET"]}}],"collection":[{"href":"https:\/\/lbcranes.es\/en\/wp-json\/wp\/v2\/pages"}],"about":[{"href":"https:\/\/lbcranes.es\/en\/wp-json\/wp\/v2\/types\/page"}],"author":[{"embeddable":true,"href":"https:\/\/lbcranes.es\/en\/wp-json\/wp\/v2\/users\/1"}],"replies":[{"embeddable":true,"href":"https:\/\/lbcranes.es\/en\/wp-json\/wp\/v2\/comments?post=3423"}],"version-history":[{"count":8,"href":"https:\/\/lbcranes.es\/en\/wp-json\/wp\/v2\/pages\/3423\/revisions"}],"predecessor-version":[{"id":4162,"href":"https:\/\/lbcranes.es\/en\/wp-json\/wp\/v2\/pages\/3423\/revisions\/4162"}],"up":[{"embeddable":true,"href":"https:\/\/lbcranes.es\/en\/wp-json\/wp\/v2\/pages\/226"}],"wp:featuredmedia":[{"embeddable":true,"href":"https:\/\/lbcranes.es\/en\/wp-json\/wp\/v2\/media\/2683"}],"wp:attachment":[{"href":"https:\/\/lbcranes.es\/en\/wp-json\/wp\/v2\/media?parent=3423"}],"curies":[{"name":"wp","href":"https:\/\/api.w.org\/{rel}","templated":true}]}}