{"id":3429,"date":"2023-10-18T09:03:37","date_gmt":"2023-10-18T09:03:37","guid":{"rendered":"https:\/\/lbcranes.es\/?page_id=3429"},"modified":"2024-03-06T10:07:16","modified_gmt":"2024-03-06T10:07:16","slug":"asistencia-tecnica","status":"publish","type":"page","link":"https:\/\/lbcranes.es\/en\/overhead-crane-maintenance\/technical-assistance\/","title":{"rendered":"Technical assistance"},"content":{"rendered":"<div class=\"wp-block-uagb-container uagb-block-c48e71fb alignfull uagb-is-root-container\"><div class=\"uagb-container-inner-blocks-wrap\">\n<div class=\"wp-block-uagb-advanced-heading uagb-block-7d6b3953\"><h1 class=\"uagb-heading-text\">Industrial technical assistance<\/h1><\/div>\n<\/div><\/div>\n\n\n\n<div class=\"wp-block-uagb-container uagb-block-567f8c3e alignfull uagb-is-root-container\"><div class=\"uagb-container-inner-blocks-wrap\">\n<hr class=\"wp-block-separator has-text-color has-alpha-channel-opacity has-background\" style=\"background-color:#ffffff00;color:#ffffff00\"\/>\n\n\n\n<div class=\"inherit-container-width wp-block-group is-layout-constrained wp-block-group-is-layout-constrained\">\n<div class=\"inherit-container-width wp-block-group is-layout-constrained wp-block-group-is-layout-constrained\">\n<div class=\"wp-block-columns is-layout-flex wp-container-core-columns-is-layout-4cf5a41e wp-block-columns-is-layout-flex\" style=\"padding-top:0;padding-right:0;padding-left:0\">\n<div class=\"wp-block-column is-layout-flow wp-block-column-is-layout-flow\" style=\"padding-left:0\">\n<p class=\"has-text-align-left\">Our services include <a href=\"https:\/\/lbcranes.es\/en\/overhead-crane-maintenance\/\">service<\/a> we offer technical assistance for overhead travelling cranes. Our team of experts is dedicated to providing end-to-end solutions, from design to commissioning. <a href=\"https:\/\/lbcranes.es\/en\/overhead-crane-maintenance\/industrial-maintenance\/\">industrial maintenance<\/a> from overhead travelling cranes to industrial crane repairs.<\/p>\n\n\n\n<p class=\"has-text-align-left\"><em><strong>When it comes to the integrity and efficiency of your lifting equipment, you can rely on our industrial crane service.<\/strong><\/em><\/p>\n\n\n\n<p class=\"has-text-align-left uag-hide-mob\">At LBCranes, our priority is to ensure the safe and reliable operation of your overhead cranes. <strong>We carry out inspections and <a href=\"https:\/\/lbcranes.es\/en\/content\/preventive-maintenance-overhead-cranes\/\">preventive maintenance<\/a> and <a href=\"https:\/\/lbcranes.es\/en\/content\/corrective-maintenance\/\">corrective<\/a> crane operations on a regular basis to identify and deal with any potential problems.<\/strong>. <\/p>\n\n\n\n<p>Our specialist team is <strong>available 24 hours a day<\/strong>, is ready to provide precise technical advice and rapid solutions to keep your cranes in perfect working order at all times.<\/p>\n\n\n\n<p class=\"has-text-align-left uag-hide-mob\">Our technical support for lifting equipment includes expert advice and rapid solutions to any problem, whether it's an urgent crane repair or a planned upgrade.<\/p>\n<\/div>\n\n\n\n<div class=\"wp-block-column is-content-justification-right is-layout-constrained wp-container-core-column-is-layout-d0e502ac wp-block-column-is-layout-constrained\" style=\"padding-left:0;flex-basis:45%\">\n<figure class=\"wp-block-image aligncenter size-full is-resized\"><img loading=\"lazy\" decoding=\"async\" width=\"649\" height=\"700\" src=\"https:\/\/i0.wp.com\/lbcranes.es\/wp-content\/uploads\/2023\/10\/mantenimiento_lbcranes.jpg?resize=649%2C700&#038;ssl=1\" alt=\"LBCranes van assistance technique.\" class=\"wp-image-3431\" style=\"width:401px;height:auto\" srcset=\"https:\/\/i0.wp.com\/lbcranes.es\/wp-content\/uploads\/2023\/10\/mantenimiento_lbcranes.jpg?w=649&amp;ssl=1 649w, https:\/\/i0.wp.com\/lbcranes.es\/wp-content\/uploads\/2023\/10\/mantenimiento_lbcranes.jpg?resize=278%2C300&amp;ssl=1 278w, https:\/\/i0.wp.com\/lbcranes.es\/wp-content\/uploads\/2023\/10\/mantenimiento_lbcranes.jpg?resize=11%2C12&amp;ssl=1 11w\" sizes=\"auto, (max-width: 649px) 100vw, 649px\" data-recalc-dims=\"1\" \/><figcaption class=\"wp-element-caption\">One of our service vans.<\/figcaption><\/figure>\n<\/div>\n<\/div>\n\n\n\n<div class=\"wp-block-columns has-ast-global-color-0-background-color has-background is-layout-flex wp-container-core-columns-is-layout-2482a876 wp-block-columns-is-layout-flex\" style=\"margin-top:var(--wp--preset--spacing--50);margin-bottom:var(--wp--preset--spacing--50);padding-top:var(--wp--preset--spacing--80);padding-right:var(--wp--preset--spacing--80);padding-bottom:var(--wp--preset--spacing--80);padding-left:var(--wp--preset--spacing--80)\">\n<div class=\"wp-block-column is-layout-flow wp-block-column-is-layout-flow\">\n<div class=\"wp-block-uagb-advanced-heading uagb-block-4694c688\"><h2 class=\"uagb-heading-text\">Do you need technical assistance?<\/h2><p class=\"uagb-desc-text\">We offer you the best offer for your needs.<\/p><\/div>\n<\/div>\n\n\n\n<div class=\"wp-block-column is-layout-flow wp-block-column-is-layout-flow\">\n<div class=\"wp-block-buttons is-content-justification-center is-layout-flex wp-container-core-buttons-is-layout-a89b3969 wp-block-buttons-is-layout-flex\">\n<div class=\"wp-block-button has-custom-font-size has-medium-font-size\"><a class=\"wp-block-button__link has-ast-global-color-3-color has-white-background-color has-text-color has-background wp-element-button\" href=\"https:\/\/lbcranes.es\/en\/contacto-2\/\" style=\"padding-top:var(--wp--preset--spacing--50);padding-right:var(--wp--preset--spacing--70);padding-bottom:var(--wp--preset--spacing--50);padding-left:var(--wp--preset--spacing--70)\" target=\"_blank\" rel=\"noreferrer noopener\">Price enquiry<\/a><\/div>\n<\/div>\n<\/div>\n<\/div>\n<\/div>\n\n\n\n<div class=\"wp-block-columns is-layout-flex wp-container-core-columns-is-layout-7b2216a7 wp-block-columns-is-layout-flex\" style=\"padding-top:0;padding-right:0;padding-bottom:0;padding-left:0\">\n<div class=\"wp-block-column is-layout-flow wp-block-column-is-layout-flow\" style=\"padding-left:0\">\n<h2 class=\"wp-block-heading has-medium-font-size\">Technical assistance for lifting equipment<\/h2>\n\n\n\n<p class=\"has-text-align-left\">We know that efficiency and productivity are essential to your business. That's why we offer specialist technical advice for lifting systems to help you optimise the performance of your overhead cranes. Our expertise in crane technical support enables us to meet technical challenges and provide effective crane troubleshooting.<\/p>\n\n\n\n<p>In a nutshell, <strong>we offer a complete technical service for industrial cranes, from overhead crane maintenance to emergency crane repairs.<\/strong>. We are committed to ensuring that your operations run smoothly and safely.<\/p>\n<\/div>\n\n\n\n<div class=\"wp-block-column is-content-justification-right is-layout-constrained wp-container-core-column-is-layout-d0e502ac wp-block-column-is-layout-constrained\" style=\"padding-left:0;flex-basis:45%\">\n<div class=\"wp-block-columns is-layout-flex wp-container-core-columns-is-layout-28f84493 wp-block-columns-is-layout-flex\">\n<div class=\"wp-block-column is-layout-flow wp-block-column-is-layout-flow\" style=\"flex-basis:100%\">\n<div class=\"wp-block-uagb-image aligncenter uagb-block-3fe258b0 wp-block-uagb-image--layout-default wp-block-uagb-image--effect-static wp-block-uagb-image--align-center\"><figure class=\"wp-block-uagb-image__figure\"><img decoding=\"async\" srcset=\"https:\/\/i0.wp.com\/lbcranes.es\/wp-content\/uploads\/2023\/04\/porcelanosa-madrid-2.jpg?resize=336%2C336&#038;ssl=1 \" sizes=\"auto, (max-width: 480px) 150px\" src=\"https:\/\/i0.wp.com\/lbcranes.es\/wp-content\/uploads\/2023\/04\/porcelanosa-madrid-2.jpg?resize=336%2C336&#038;ssl=1\" alt=\"Technical assistance for double-girder overhead travelling cranes.\" class=\"uag-image-1236\" width=\"336\" height=\"336\" title=\"\" loading=\"lazy\" data-recalc-dims=\"1\"\/><figcaption class=\"uagb-image-caption\">Double girder overhead crane 3,2Tn<\/figcaption><\/figure><\/div>\n<\/div>\n<\/div>\n<\/div>\n<\/div>\n\n\n\n<div class=\"wp-block-uagb-call-to-action uagb-block-46cf21fa wp-block-button\"><div class=\"uagb-cta__wrap\"><h3 class=\"uagb-cta__title\">Maintenance of overhead cranes<\/h3><p class=\"uagb-cta__desc\">Proper maintenance ensures long-lasting operation. For cranes in permanent use, it reduces breakdowns, improves safety and extends service life.<\/p><\/div><div class=\"uagb-cta__buttons\"><a href=\"https:\/\/lbcranes.es\/en\/overhead-crane-maintenance\/\" class=\"uagb-cta__button-link-wrapper wp-block-button__link\" target=\"_self\" rel=\"noopener noreferrer\">Maintenance<svg xmlns=\"https:\/\/www.w3.org\/2000\/svg\" viewbox=\"0 0 512 512\"><path d=\"M504.3 273.6l-112.1 104c-6.992 6.484-17.18 8.218-25.94 4.406c-8.758-3.812-14.42-12.45-14.42-21.1L351.9 288H32C14.33 288 .0002 273.7 .0002 255.1S14.33 224 32 224h319.9l0-72c0-9.547 5.66-18.19 14.42-22c8.754-3.809 18.95-2.075 25.94 4.41l112.1 104C514.6 247.9 514.6 264.1 504.3 273.6z\"><\/path><\/svg><\/a><\/div><\/div>\n<\/div>\n<\/div><\/div>","protected":false},"excerpt":{"rendered":"<p>Asistencia t\u00e9cnica industrial Entre nuestros servicios de service ofrecemos asistencia t\u00e9cnica para puentes gr\u00faa. Nuestro equipo de expertos est\u00e1 dedicado a brindar soluciones integrales, desde el mantenimiento industrial de puentes gr\u00faa hasta la reparaci\u00f3n de gr\u00faas industriales. Cuando se trata de la integridad y eficiencia de tus equipos de elevaci\u00f3n, puedes confiar en nuestro servicio [&hellip;]<\/p>","protected":false},"author":1,"featured_media":3431,"parent":226,"menu_order":0,"comment_status":"closed","ping_status":"closed","template":"","meta":{"_uag_custom_page_level_css":"","site-sidebar-layout":"default","site-content-layout":"","ast-site-content-layout":"default","site-content-style":"default","site-sidebar-style":"default","ast-global-header-display":"","ast-banner-title-visibility":"","ast-main-header-display":"","ast-hfb-above-header-display":"","ast-hfb-below-header-display":"","ast-hfb-mobile-header-display":"","site-post-title":"disabled","ast-breadcrumbs-content":"","ast-featured-img":"disabled","footer-sml-layout":"","theme-transparent-header-meta":"","adv-header-id-meta":"","stick-header-meta":"","header-above-stick-meta":"","header-main-stick-meta":"","header-below-stick-meta":"","astra-migrate-meta-layouts":"set","ast-page-background-enabled":"default","ast-page-background-meta":{"desktop":{"background-color":"var(--ast-global-color-4)","background-image":"","background-repeat":"repeat","background-position":"center center","background-size":"auto","background-attachment":"scroll","background-type":"","background-media":"","overlay-type":"","overlay-color":"","overlay-gradient":""},"tablet":{"background-color":"","background-image":"","background-repeat":"repeat","background-position":"center center","background-size":"auto","background-attachment":"scroll","background-type":"","background-media":"","overlay-type":"","overlay-color":"","overlay-gradient":""},"mobile":{"background-color":"","background-image":"","background-repeat":"repeat","background-position":"center center","background-size":"auto","background-attachment":"scroll","background-type":"","background-media":"","overlay-type":"","overlay-color":"","overlay-gradient":""}},"ast-content-background-meta":{"desktop":{"background-color":"var(--ast-global-color-5)","background-image":"","background-repeat":"repeat","background-position":"center center","background-size":"auto","background-attachment":"scroll","background-type":"","background-media":"","overlay-type":"","overlay-color":"","overlay-gradient":""},"tablet":{"background-color":"var(--ast-global-color-5)","background-image":"","background-repeat":"repeat","background-position":"center center","background-size":"auto","background-attachment":"scroll","background-type":"","background-media":"","overlay-type":"","overlay-color":"","overlay-gradient":""},"mobile":{"background-color":"var(--ast-global-color-5)","background-image":"","background-repeat":"repeat","background-position":"center center","background-size":"auto","background-attachment":"scroll","background-type":"","background-media":"","overlay-type":"","overlay-color":"","overlay-gradient":""}},"footnotes":""},"class_list":["post-3429","page","type-page","status-publish","has-post-thumbnail","hentry"],"yoast_head":"<!-- This site is optimized with the Yoast SEO plugin v22.3 - https:\/\/yoast.com\/wordpress\/plugins\/seo\/ -->\n<title>Asistencia t\u00e9cnica - LBCranes Puentes Gr\u00faa Espa\u00f1a<\/title>\n<meta name=\"description\" content=\"Ofrecemos asistencia t\u00e9cnica industrial para puentes gr\u00faa. Nuestro equipo de expertos se dezplazar\u00e1 a tu nave para resolver el problema.\" \/>\n<meta name=\"robots\" content=\"index, follow, max-snippet:-1, max-image-preview:large, max-video-preview:-1\" \/>\n<link rel=\"canonical\" href=\"https:\/\/lbcranes.es\/en\/overhead-crane-maintenance\/technical-assistance\/\" \/>\n<meta property=\"og:locale\" content=\"en_GB\" \/>\n<meta property=\"og:type\" content=\"article\" \/>\n<meta property=\"og:title\" content=\"Asistencia t\u00e9cnica - LBCranes Puentes Gr\u00faa Espa\u00f1a\" \/>\n<meta property=\"og:description\" content=\"Ofrecemos asistencia t\u00e9cnica industrial para puentes gr\u00faa. Nuestro equipo de expertos se dezplazar\u00e1 a tu nave para resolver el problema.\" \/>\n<meta property=\"og:url\" content=\"https:\/\/lbcranes.es\/en\/overhead-crane-maintenance\/technical-assistance\/\" \/>\n<meta property=\"og:site_name\" content=\"LBCranes Puentes Gr\u00faa Espa\u00f1a\" \/>\n<meta property=\"article:modified_time\" content=\"2024-03-06T10:07:16+00:00\" \/>\n<meta property=\"og:image\" content=\"https:\/\/lbcranes.es\/wp-content\/uploads\/2023\/10\/mantenimiento_lbcranes.jpg\" \/>\n\t<meta property=\"og:image:width\" content=\"649\" \/>\n\t<meta property=\"og:image:height\" content=\"700\" \/>\n\t<meta property=\"og:image:type\" content=\"image\/jpeg\" \/>\n<meta name=\"twitter:card\" content=\"summary_large_image\" \/>\n<meta name=\"twitter:label1\" content=\"Estimated reading time\" \/>\n\t<meta name=\"twitter:data1\" content=\"2 minutes\" \/>\n<script type=\"application\/ld+json\" class=\"yoast-schema-graph\">{\"@context\":\"https:\/\/schema.org\",\"@graph\":[{\"@type\":\"WebPage\",\"@id\":\"https:\/\/lbcranes.es\/mantenimiento-puentes-grua\/asistencia-tecnica\/\",\"url\":\"https:\/\/lbcranes.es\/mantenimiento-puentes-grua\/asistencia-tecnica\/\",\"name\":\"Asistencia t\u00e9cnica - LBCranes Puentes Gr\u00faa Espa\u00f1a\",\"isPartOf\":{\"@id\":\"https:\/\/lbcranes.es\/#website\"},\"primaryImageOfPage\":{\"@id\":\"https:\/\/lbcranes.es\/mantenimiento-puentes-grua\/asistencia-tecnica\/#primaryimage\"},\"image\":{\"@id\":\"https:\/\/lbcranes.es\/mantenimiento-puentes-grua\/asistencia-tecnica\/#primaryimage\"},\"thumbnailUrl\":\"https:\/\/i0.wp.com\/lbcranes.es\/wp-content\/uploads\/2023\/10\/mantenimiento_lbcranes.jpg?fit=649%2C700&ssl=1\",\"datePublished\":\"2023-10-18T09:03:37+00:00\",\"dateModified\":\"2024-03-06T10:07:16+00:00\",\"description\":\"Ofrecemos asistencia t\u00e9cnica industrial para puentes gr\u00faa. Nuestro equipo de expertos se dezplazar\u00e1 a tu nave para resolver el problema.\",\"breadcrumb\":{\"@id\":\"https:\/\/lbcranes.es\/mantenimiento-puentes-grua\/asistencia-tecnica\/#breadcrumb\"},\"inLanguage\":\"en-GB\",\"potentialAction\":[{\"@type\":\"ReadAction\",\"target\":[\"https:\/\/lbcranes.es\/mantenimiento-puentes-grua\/asistencia-tecnica\/\"]}]},{\"@type\":\"ImageObject\",\"inLanguage\":\"en-GB\",\"@id\":\"https:\/\/lbcranes.es\/mantenimiento-puentes-grua\/asistencia-tecnica\/#primaryimage\",\"url\":\"https:\/\/i0.wp.com\/lbcranes.es\/wp-content\/uploads\/2023\/10\/mantenimiento_lbcranes.jpg?fit=649%2C700&ssl=1\",\"contentUrl\":\"https:\/\/i0.wp.com\/lbcranes.es\/wp-content\/uploads\/2023\/10\/mantenimiento_lbcranes.jpg?fit=649%2C700&ssl=1\",\"width\":649,\"height\":700,\"caption\":\"Asistencia t\u00e9cnica furgoneta LBCranes.\"},{\"@type\":\"BreadcrumbList\",\"@id\":\"https:\/\/lbcranes.es\/mantenimiento-puentes-grua\/asistencia-tecnica\/#breadcrumb\",\"itemListElement\":[{\"@type\":\"ListItem\",\"position\":1,\"name\":\"Portada\",\"item\":\"https:\/\/lbcranes.es\/\"},{\"@type\":\"ListItem\",\"position\":2,\"name\":\"Mantenimiento de puentes gr\u00faa y gr\u00faas industriales\",\"item\":\"https:\/\/lbcranes.es\/mantenimiento-puentes-grua\/\"},{\"@type\":\"ListItem\",\"position\":3,\"name\":\"Asistencia t\u00e9cnica\"}]},{\"@type\":\"WebSite\",\"@id\":\"https:\/\/lbcranes.es\/#website\",\"url\":\"https:\/\/lbcranes.es\/\",\"name\":\"LBCranes Puentes Gr\u00faa Espa\u00f1a\",\"description\":\"Venta e instalaci\u00f3n de puentes gr\u00faa y sistemas de elevaci\u00f3n para industria.\",\"publisher\":{\"@id\":\"https:\/\/lbcranes.es\/#organization\"},\"alternateName\":\"LBCranes\",\"potentialAction\":[{\"@type\":\"SearchAction\",\"target\":{\"@type\":\"EntryPoint\",\"urlTemplate\":\"https:\/\/lbcranes.es\/?s={search_term_string}\"},\"query-input\":\"required name=search_term_string\"}],\"inLanguage\":\"en-GB\"},{\"@type\":\"Organization\",\"@id\":\"https:\/\/lbcranes.es\/#organization\",\"name\":\"LBCranes Puentes Gr\u00faa\",\"alternateName\":\"LBCranes Lifting Equipments\",\"url\":\"https:\/\/lbcranes.es\/\",\"logo\":{\"@type\":\"ImageObject\",\"inLanguage\":\"en-GB\",\"@id\":\"https:\/\/lbcranes.es\/#\/schema\/logo\/image\/\",\"url\":\"https:\/\/lbcranes.es\/wp-content\/uploads\/2023\/02\/lbcranes_logo.svg\",\"contentUrl\":\"https:\/\/lbcranes.es\/wp-content\/uploads\/2023\/02\/lbcranes_logo.svg\",\"width\":1,\"height\":1,\"caption\":\"LBCranes Puentes Gr\u00faa\"},\"image\":{\"@id\":\"https:\/\/lbcranes.es\/#\/schema\/logo\/image\/\"},\"sameAs\":[\"https:\/\/www.instagram.com\/lbcranes\/\",\"https:\/\/www.linkedin.com\/company\/lbcranes-lifting-equipments\"]}]}<\/script>\n<!-- \/ Yoast SEO plugin. -->","yoast_head_json":{"title":"Asistencia t\u00e9cnica - LBCranes Puentes Gr\u00faa Espa\u00f1a","description":"Ofrecemos asistencia t\u00e9cnica industrial para puentes gr\u00faa. Nuestro equipo de expertos se dezplazar\u00e1 a tu nave para resolver el problema.","robots":{"index":"index","follow":"follow","max-snippet":"max-snippet:-1","max-image-preview":"max-image-preview:large","max-video-preview":"max-video-preview:-1"},"canonical":"https:\/\/lbcranes.es\/en\/overhead-crane-maintenance\/technical-assistance\/","og_locale":"en_GB","og_type":"article","og_title":"Asistencia t\u00e9cnica - LBCranes Puentes Gr\u00faa Espa\u00f1a","og_description":"Ofrecemos asistencia t\u00e9cnica industrial para puentes gr\u00faa. Nuestro equipo de expertos se dezplazar\u00e1 a tu nave para resolver el problema.","og_url":"https:\/\/lbcranes.es\/en\/overhead-crane-maintenance\/technical-assistance\/","og_site_name":"LBCranes Puentes Gr\u00faa Espa\u00f1a","article_modified_time":"2024-03-06T10:07:16+00:00","og_image":[{"width":649,"height":700,"url":"https:\/\/lbcranes.es\/wp-content\/uploads\/2023\/10\/mantenimiento_lbcranes.jpg","type":"image\/jpeg"}],"twitter_card":"summary_large_image","twitter_misc":{"Estimated reading time":"2 minutes"},"schema":{"@context":"https:\/\/schema.org","@graph":[{"@type":"WebPage","@id":"https:\/\/lbcranes.es\/mantenimiento-puentes-grua\/asistencia-tecnica\/","url":"https:\/\/lbcranes.es\/mantenimiento-puentes-grua\/asistencia-tecnica\/","name":"Asistencia t\u00e9cnica - LBCranes Puentes Gr\u00faa Espa\u00f1a","isPartOf":{"@id":"https:\/\/lbcranes.es\/#website"},"primaryImageOfPage":{"@id":"https:\/\/lbcranes.es\/mantenimiento-puentes-grua\/asistencia-tecnica\/#primaryimage"},"image":{"@id":"https:\/\/lbcranes.es\/mantenimiento-puentes-grua\/asistencia-tecnica\/#primaryimage"},"thumbnailUrl":"https:\/\/i0.wp.com\/lbcranes.es\/wp-content\/uploads\/2023\/10\/mantenimiento_lbcranes.jpg?fit=649%2C700&ssl=1","datePublished":"2023-10-18T09:03:37+00:00","dateModified":"2024-03-06T10:07:16+00:00","description":"Ofrecemos asistencia t\u00e9cnica industrial para puentes gr\u00faa. Nuestro equipo de expertos se dezplazar\u00e1 a tu nave para resolver el problema.","breadcrumb":{"@id":"https:\/\/lbcranes.es\/mantenimiento-puentes-grua\/asistencia-tecnica\/#breadcrumb"},"inLanguage":"en-GB","potentialAction":[{"@type":"ReadAction","target":["https:\/\/lbcranes.es\/mantenimiento-puentes-grua\/asistencia-tecnica\/"]}]},{"@type":"ImageObject","inLanguage":"en-GB","@id":"https:\/\/lbcranes.es\/mantenimiento-puentes-grua\/asistencia-tecnica\/#primaryimage","url":"https:\/\/i0.wp.com\/lbcranes.es\/wp-content\/uploads\/2023\/10\/mantenimiento_lbcranes.jpg?fit=649%2C700&ssl=1","contentUrl":"https:\/\/i0.wp.com\/lbcranes.es\/wp-content\/uploads\/2023\/10\/mantenimiento_lbcranes.jpg?fit=649%2C700&ssl=1","width":649,"height":700,"caption":"Asistencia t\u00e9cnica furgoneta LBCranes."},{"@type":"BreadcrumbList","@id":"https:\/\/lbcranes.es\/mantenimiento-puentes-grua\/asistencia-tecnica\/#breadcrumb","itemListElement":[{"@type":"ListItem","position":1,"name":"Portada","item":"https:\/\/lbcranes.es\/"},{"@type":"ListItem","position":2,"name":"Mantenimiento de puentes gr\u00faa y gr\u00faas industriales","item":"https:\/\/lbcranes.es\/mantenimiento-puentes-grua\/"},{"@type":"ListItem","position":3,"name":"Asistencia t\u00e9cnica"}]},{"@type":"WebSite","@id":"https:\/\/lbcranes.es\/#website","url":"https:\/\/lbcranes.es\/","name":"LBCranes Puentes Gr\u00faa Espa\u00f1a","description":"Venta e instalaci\u00f3n de puentes gr\u00faa y sistemas de elevaci\u00f3n para industria.","publisher":{"@id":"https:\/\/lbcranes.es\/#organization"},"alternateName":"LBCranes","potentialAction":[{"@type":"SearchAction","target":{"@type":"EntryPoint","urlTemplate":"https:\/\/lbcranes.es\/?s={search_term_string}"},"query-input":"required name=search_term_string"}],"inLanguage":"en-GB"},{"@type":"Organization","@id":"https:\/\/lbcranes.es\/#organization","name":"LBCranes Puentes Gr\u00faa","alternateName":"LBCranes Lifting Equipments","url":"https:\/\/lbcranes.es\/","logo":{"@type":"ImageObject","inLanguage":"en-GB","@id":"https:\/\/lbcranes.es\/#\/schema\/logo\/image\/","url":"https:\/\/lbcranes.es\/wp-content\/uploads\/2023\/02\/lbcranes_logo.svg","contentUrl":"https:\/\/lbcranes.es\/wp-content\/uploads\/2023\/02\/lbcranes_logo.svg","width":1,"height":1,"caption":"LBCranes Puentes Gr\u00faa"},"image":{"@id":"https:\/\/lbcranes.es\/#\/schema\/logo\/image\/"},"sameAs":["https:\/\/www.instagram.com\/lbcranes\/","https:\/\/www.linkedin.com\/company\/lbcranes-lifting-equipments"]}]}},"jetpack_sharing_enabled":true,"uagb_featured_image_src":{"full":["https:\/\/i0.wp.com\/lbcranes.es\/wp-content\/uploads\/2023\/10\/mantenimiento_lbcranes.jpg?fit=649%2C700&ssl=1",649,700,false],"thumbnail":["https:\/\/i0.wp.com\/lbcranes.es\/wp-content\/uploads\/2023\/10\/mantenimiento_lbcranes.jpg?resize=150%2C150&ssl=1",150,150,true],"medium":["https:\/\/i0.wp.com\/lbcranes.es\/wp-content\/uploads\/2023\/10\/mantenimiento_lbcranes.jpg?fit=278%2C300&ssl=1",278,300,true],"medium_large":["https:\/\/i0.wp.com\/lbcranes.es\/wp-content\/uploads\/2023\/10\/mantenimiento_lbcranes.jpg?fit=649%2C700&ssl=1",649,700,true],"large":["https:\/\/i0.wp.com\/lbcranes.es\/wp-content\/uploads\/2023\/10\/mantenimiento_lbcranes.jpg?fit=649%2C700&ssl=1",649,700,true],"1536x1536":["https:\/\/i0.wp.com\/lbcranes.es\/wp-content\/uploads\/2023\/10\/mantenimiento_lbcranes.jpg?fit=649%2C700&ssl=1",649,700,true],"2048x2048":["https:\/\/i0.wp.com\/lbcranes.es\/wp-content\/uploads\/2023\/10\/mantenimiento_lbcranes.jpg?fit=649%2C700&ssl=1",649,700,true],"trp-custom-language-flag":["https:\/\/i0.wp.com\/lbcranes.es\/wp-content\/uploads\/2023\/10\/mantenimiento_lbcranes.jpg?fit=11%2C12&ssl=1",11,12,true]},"uagb_author_info":{"display_name":"admin","author_link":"https:\/\/lbcranes.es\/en\/author\/miquelcoll\/"},"uagb_comment_info":0,"uagb_excerpt":"Asistencia t\u00e9cnica industrial Entre nuestros servicios de service ofrecemos asistencia t\u00e9cnica para puentes gr\u00faa. Nuestro equipo de expertos est\u00e1 dedicado a brindar soluciones integrales, desde el mantenimiento industrial de puentes gr\u00faa hasta la reparaci\u00f3n de gr\u00faas industriales. Cuando se trata de la integridad y eficiencia de tus equipos de elevaci\u00f3n, puedes confiar en nuestro servicio&hellip;","jetpack-related-posts":[],"_links":{"self":[{"href":"https:\/\/lbcranes.es\/en\/wp-json\/wp\/v2\/pages\/3429","targetHints":{"allow":["GET"]}}],"collection":[{"href":"https:\/\/lbcranes.es\/en\/wp-json\/wp\/v2\/pages"}],"about":[{"href":"https:\/\/lbcranes.es\/en\/wp-json\/wp\/v2\/types\/page"}],"author":[{"embeddable":true,"href":"https:\/\/lbcranes.es\/en\/wp-json\/wp\/v2\/users\/1"}],"replies":[{"embeddable":true,"href":"https:\/\/lbcranes.es\/en\/wp-json\/wp\/v2\/comments?post=3429"}],"version-history":[{"count":6,"href":"https:\/\/lbcranes.es\/en\/wp-json\/wp\/v2\/pages\/3429\/revisions"}],"predecessor-version":[{"id":4271,"href":"https:\/\/lbcranes.es\/en\/wp-json\/wp\/v2\/pages\/3429\/revisions\/4271"}],"up":[{"embeddable":true,"href":"https:\/\/lbcranes.es\/en\/wp-json\/wp\/v2\/pages\/226"}],"wp:featuredmedia":[{"embeddable":true,"href":"https:\/\/lbcranes.es\/en\/wp-json\/wp\/v2\/media\/3431"}],"wp:attachment":[{"href":"https:\/\/lbcranes.es\/en\/wp-json\/wp\/v2\/media?parent=3429"}],"curies":[{"name":"wp","href":"https:\/\/api.w.org\/{rel}","templated":true}]}}