{"id":4322,"date":"2024-03-26T10:32:33","date_gmt":"2024-03-26T10:32:33","guid":{"rendered":"https:\/\/lbcranes.es\/?page_id=4322"},"modified":"2024-03-26T10:32:35","modified_gmt":"2024-03-26T10:32:35","slug":"puentes-grua-puertos","status":"publish","type":"page","link":"https:\/\/lbcranes.es\/en\/content\/overhead-cranes-ports\/","title":{"rendered":"Puentes gr\u00faa en puertos, las gr\u00faas m\u00e1s grandes"},"content":{"rendered":"<div class=\"wp-block-uagb-advanced-heading uagb-block-0ca10b57\"><h1 class=\"uagb-heading-text\">Port cranes, the largest overhead travelling cranes<\/h1><\/div>\n\n\n\n<div class=\"wp-block-columns is-layout-flex wp-container-core-columns-is-layout-28f84493 wp-block-columns-is-layout-flex\">\n<div class=\"wp-block-column is-layout-flow wp-block-column-is-layout-flow\">\n<p>Port cranes are ideal for moving heavy loads in ports and maritime terminals. Their primary function is to simplify and speed up the process of handling containers and other types of goods in port areas.<\/p>\n\n\n\n<h2 class=\"wp-block-heading has-medium-font-size\">Types of overhead cranes for ports<\/h2>\n\n\n\n<ul class=\"wp-block-list\">\n<li>Gantry crane on wheels : The <a href=\"https:\/\/lbcranes.es\/en\/overhead-cranes\/crane-portico-mobile\/\">wheeled gantry cranes<\/a> are particularly versatile and are used in warehouses, logistics centres and port areas. With lifting capacities ranging from 10 to 800 tonnes, they are suitable for a wide range of operational needs.<\/li>\n<\/ul>\n\n\n\n<ul class=\"wp-block-list\">\n<li>Container gantry cranes: designed specifically for handling containers. Their lifting capacity is adjusted to the customer's specifications and requirements.<\/li>\n<\/ul>\n\n\n\n<h2 class=\"wp-block-heading has-medium-font-size\">Characteristics of overhead travelling cranes for ports<\/h2>\n\n\n\n<ul class=\"wp-block-list\">\n<li>Robust steel construction: built from robust steel, the overhead crane structures are designed to support heavy loads and withstand the harsh environmental conditions of port environments.<\/li>\n<\/ul>\n\n\n\n<ul class=\"wp-block-list\">\n<li>Main beam or gantry: this beam supports the lift truck and the load, providing a solid and safe base for load handling operations.<\/li>\n<\/ul>\n\n\n\n<ul class=\"wp-block-list\">\n<li>Lifting trolley: Fitted with a hook or grapple to lift the load, the lifting trolley moves along the main beam, allowing precise, controlled movement of the load.<\/li>\n<\/ul>\n\n\n\n<ul class=\"wp-block-list\">\n<li>Drive system: whether electric or diesel, the crane's drive system allows the load to move horizontally and vertically, ensuring smooth, efficient operation.<\/li>\n<\/ul>\n\n\n\n<ul class=\"wp-block-list\">\n<li>Remote control: thanks to a remote control system, operators can direct operations from a safe location, increasing the safety and precision of loading and unloading manoeuvres.<\/li>\n<\/ul>\n\n\n\n<h2 class=\"wp-block-heading has-medium-font-size\">Port applications<\/h2>\n\n\n\n<ul class=\"wp-block-list\">\n<li>Ports and terminals: overhead travelling cranes are used in ports and maritime terminals for loading and unloading containers and for handling bulk goods, whether solid or liquid.<\/li>\n<\/ul>\n\n\n\n<ul class=\"wp-block-list\">\n<li>Shipyards: In shipyards, this equipment plays a crucial role in the construction and repair of vessels, facilitating the movement of heavy components and materials within the facility.<\/li>\n<\/ul>\n\n\n\n<ul class=\"wp-block-list\">\n<li>Marine projects: In marine projects such as oilfields or the construction of offshore platforms, these machines are essential for handling heavy equipment and materials in demanding marine environments.<\/li>\n<\/ul>\n<\/div>\n\n\n\n<div class=\"wp-block-column is-layout-flow wp-block-column-is-layout-flow\">\n<div class=\"wp-block-uagb-image aligncenter uagb-block-59d6aa4a wp-block-uagb-image--layout-default wp-block-uagb-image--effect-static wp-block-uagb-image--align-center\"><figure class=\"wp-block-uagb-image__figure\"><img decoding=\"async\" srcset=\"https:\/\/i0.wp.com\/lbcranes.es\/wp-content\/uploads\/2024\/03\/port-industry-3566821_640.jpg?resize=1024%2C576&#038;ssl=1 ,https:\/\/i0.wp.com\/lbcranes.es\/wp-content\/uploads\/2024\/03\/port-industry-3566821_640.jpg?resize=1024%2C576&#038;ssl=1 780w, https:\/\/i0.wp.com\/lbcranes.es\/wp-content\/uploads\/2024\/03\/port-industry-3566821_640.jpg?resize=1024%2C576&#038;ssl=1 360w\" sizes=\"auto, (max-width: 480px) 150px\" src=\"https:\/\/i0.wp.com\/lbcranes.es\/wp-content\/uploads\/2024\/03\/port-industry-3566821_640.jpg?resize=1024%2C576&#038;ssl=1\" alt=\"Carrying a bridge crane\" class=\"uag-image-4324\" width=\"1024\" height=\"576\" title=\"Carrying a bridge crane\" loading=\"lazy\" role=\"img\" data-recalc-dims=\"1\"\/><figcaption class=\"uagb-image-caption\">Harbour cranes - Wasi1370 on Pixabay<\/figcaption><\/figure><\/div>\n\n\n\n<div class=\"wp-block-uagb-container uagb-block-9e92e5ae alignfull uagb-is-root-container\"><div class=\"uagb-container-inner-blocks-wrap\">\n<h4 class=\"wp-block-heading\">Request more information<\/h4>\n\n\n<style id=\"wpforms-css-vars-root\">\n\t\t\t\t:root {\n\t\t\t\t\t--wpforms-field-border-radius: 3px;\n--wpforms-field-background-color: #ffffff;\n--wpforms-field-border-color: rgba( 0, 0, 0, 0.25 );\n--wpforms-field-text-color: rgba( 0, 0, 0, 0.7 );\n--wpforms-label-color: rgba( 0, 0, 0, 0.85 );\n--wpforms-label-sublabel-color: rgba( 0, 0, 0, 0.55 );\n--wpforms-label-error-color: #d63637;\n--wpforms-button-border-radius: 3px;\n--wpforms-button-background-color: #066aab;\n--wpforms-button-text-color: #ffffff;\n--wpforms-page-break-color: #066aab;\n--wpforms-field-size-input-height: 43px;\n--wpforms-field-size-input-spacing: 15px;\n--wpforms-field-size-font-size: 16px;\n--wpforms-field-size-line-height: 19px;\n--wpforms-field-size-padding-h: 14px;\n--wpforms-field-size-checkbox-size: 16px;\n--wpforms-field-size-sublabel-spacing: 5px;\n--wpforms-field-size-icon-size: 1;\n--wpforms-label-size-font-size: 16px;\n--wpforms-label-size-line-height: 19px;\n--wpforms-label-size-sublabel-font-size: 14px;\n--wpforms-label-size-sublabel-line-height: 17px;\n--wpforms-button-size-font-size: 17px;\n--wpforms-button-size-height: 41px;\n--wpforms-button-size-padding-h: 15px;\n--wpforms-button-size-margin-top: 10px;\n\n\t\t\t\t}\n\t\t\t<\/style><div class=\"wpforms-container wpforms-block wpforms-block-6c00475a-d118-4df2-a5ce-0448f3acec77 wpforms-render-modern\" id=\"wpforms-258\"><form id=\"wpforms-form-258\" class=\"wpforms-validate wpforms-form wpforms-ajax-form\" data-formid=\"258\" method=\"post\" enctype=\"multipart\/form-data\" action=\"\/en\/wp-json\/wp\/v2\/pages\/4322\" data-token=\"e446a68cbafc709af834c242fb1302b7\" data-trp-original-action=\"\/en\/wp-json\/wp\/v2\/pages\/4322\"><noscript class=\"wpforms-error-noscript\">Please enable JavaScript in your browser to complete this form.<\/noscript><div class=\"wpforms-hidden\" id=\"wpforms-error-noscript\">Please enable JavaScript in your browser to complete this form.<\/div><div class=\"wpforms-field-container\"><div id=\"wpforms-258-field_0-container\" class=\"wpforms-field wpforms-field-name\" data-field-id=\"0\"><label class=\"wpforms-field-label\" for=\"wpforms-258-field_0\">Name <span class=\"wpforms-required-label\" aria-hidden=\"true\">*<\/span><\/label><input type=\"text\" id=\"wpforms-258-field_0\" class=\"wpforms-field-medium wpforms-field-required\" name=\"wpforms[fields][0]\" aria-errormessage=\"wpforms-258-field_0-error\" required><\/div><div id=\"wpforms-258-field_5-container\" class=\"wpforms-field wpforms-field-text\" data-field-id=\"5\"><label class=\"wpforms-field-label\" for=\"wpforms-258-field_5\">Business <span class=\"wpforms-required-label\" aria-hidden=\"true\">*<\/span><\/label><input type=\"text\" id=\"wpforms-258-field_5\" class=\"wpforms-field-medium wpforms-field-required\" name=\"wpforms[fields][5]\" aria-errormessage=\"wpforms-258-field_5-error\" required><\/div><div id=\"wpforms-258-field_7-container\" class=\"wpforms-field wpforms-field-text\" data-field-id=\"7\"><label class=\"wpforms-field-label\" for=\"wpforms-258-field_7\">Location<\/label><input type=\"text\" id=\"wpforms-258-field_7\" class=\"wpforms-field-medium\" name=\"wpforms[fields][7]\" aria-errormessage=\"wpforms-258-field_7-error\" ><\/div><div id=\"wpforms-258-field_1-container\" class=\"wpforms-field wpforms-field-email\" data-field-id=\"1\"><label class=\"wpforms-field-label\" for=\"wpforms-258-field_1\">e-mail <span class=\"wpforms-required-label\" aria-hidden=\"true\">*<\/span><\/label><input type=\"email\" id=\"wpforms-258-field_1\" class=\"wpforms-field-medium wpforms-field-required\" name=\"wpforms[fields][1]\" spellcheck=\"false\" aria-errormessage=\"wpforms-258-field_1-error\" required><\/div><div id=\"wpforms-258-field_6-container\" class=\"wpforms-field wpforms-field-number\" data-field-id=\"6\"><label class=\"wpforms-field-label\" for=\"wpforms-258-field_6\">Phone <span class=\"wpforms-required-label\" aria-hidden=\"true\">*<\/span><\/label><input type=\"number\" pattern=\"\\d*\" id=\"wpforms-258-field_6\" class=\"wpforms-field-medium wpforms-field-required\" name=\"wpforms[fields][6]\" aria-errormessage=\"wpforms-258-field_6-error\" required><\/div><div id=\"wpforms-258-field_2-container\" class=\"wpforms-field wpforms-field-textarea\" data-field-id=\"2\"><label class=\"wpforms-field-label\" for=\"wpforms-258-field_2\">Message<\/label><textarea id=\"wpforms-258-field_2\" class=\"wpforms-field-small\" name=\"wpforms[fields][2]\" aria-errormessage=\"wpforms-258-field_2-error\" ><\/textarea><\/div><\/div><!-- .wpforms-field-container --><div class=\"wpforms-recaptcha-container wpforms-is-hcaptcha\" ><div class=\"g-recaptcha\" data-sitekey=\"b82122a1-01d7-45a5-a1df-117c079166a0\"><\/div><input type=\"text\" name=\"g-recaptcha-hidden\" class=\"wpforms-recaptcha-hidden\" style=\"position:absolute!important;clip:rect(0,0,0,0)!important;height:1px!important;width:1px!important;border:0!important;overflow:hidden!important;padding:0!important;margin:0!important;\" data-rule-hcaptcha=\"1\"><\/div><div class=\"wpforms-submit-container\" ><input type=\"hidden\" name=\"wpforms[id]\" value=\"258\"><input type=\"hidden\" name=\"wpforms[author]\" value=\"1\"><button type=\"submit\" name=\"wpforms[submit]\" id=\"wpforms-submit-258\" class=\"wpforms-submit\" data-alt-text=\"Enviando...\" data-submit-text=\"Enviar\" aria-live=\"assertive\" value=\"wpforms-submit\">Send<\/button><img loading=\"lazy\" decoding=\"async\" src=\"https:\/\/lbcranes.es\/wp-content\/plugins\/wpforms-lite\/assets\/images\/submit-spin.svg\" class=\"wpforms-submit-spinner\" style=\"display: none;\" width=\"26\" height=\"26\" alt=\"Loading\"><\/div><input type=\"hidden\" name=\"trp-form-language\" value=\"en\"\/><\/form><\/div>  <!-- .wpforms-container --><\/div><\/div>\n<\/div>\n<\/div>","protected":false},"excerpt":{"rendered":"<p>Puentes gr\u00faa para puerto, las gr\u00faas m\u00e1s grandes Los puentes gr\u00faa en puertos son perfectos para el movimiento de cargas pesadas en puertos y terminales mar\u00edtimos. Su funci\u00f3n primordial es simplificar y agilizar el proceso de manipulaci\u00f3n de contenedores, as\u00ed como de otros tipos de mercanc\u00edas en las \u00e1reas portuarias. Tipos de puentes gr\u00faa para [&hellip;]<\/p>","protected":false},"author":1,"featured_media":4324,"parent":2325,"menu_order":0,"comment_status":"closed","ping_status":"closed","template":"","meta":{"_uag_custom_page_level_css":"","site-sidebar-layout":"default","site-content-layout":"","ast-site-content-layout":"default","site-content-style":"default","site-sidebar-style":"default","ast-global-header-display":"","ast-banner-title-visibility":"","ast-main-header-display":"","ast-hfb-above-header-display":"","ast-hfb-below-header-display":"","ast-hfb-mobile-header-display":"","site-post-title":"","ast-breadcrumbs-content":"","ast-featured-img":"","footer-sml-layout":"","theme-transparent-header-meta":"","adv-header-id-meta":"","stick-header-meta":"","header-above-stick-meta":"","header-main-stick-meta":"","header-below-stick-meta":"","astra-migrate-meta-layouts":"set","ast-page-background-enabled":"default","ast-page-background-meta":{"desktop":{"background-color":"var(--ast-global-color-4)","background-image":"","background-repeat":"repeat","background-position":"center center","background-size":"auto","background-attachment":"scroll","background-type":"","background-media":"","overlay-type":"","overlay-color":"","overlay-gradient":""},"tablet":{"background-color":"","background-image":"","background-repeat":"repeat","background-position":"center center","background-size":"auto","background-attachment":"scroll","background-type":"","background-media":"","overlay-type":"","overlay-color":"","overlay-gradient":""},"mobile":{"background-color":"","background-image":"","background-repeat":"repeat","background-position":"center center","background-size":"auto","background-attachment":"scroll","background-type":"","background-media":"","overlay-type":"","overlay-color":"","overlay-gradient":""}},"ast-content-background-meta":{"desktop":{"background-color":"var(--ast-global-color-5)","background-image":"","background-repeat":"repeat","background-position":"center center","background-size":"auto","background-attachment":"scroll","background-type":"","background-media":"","overlay-type":"","overlay-color":"","overlay-gradient":""},"tablet":{"background-color":"var(--ast-global-color-5)","background-image":"","background-repeat":"repeat","background-position":"center center","background-size":"auto","background-attachment":"scroll","background-type":"","background-media":"","overlay-type":"","overlay-color":"","overlay-gradient":""},"mobile":{"background-color":"var(--ast-global-color-5)","background-image":"","background-repeat":"repeat","background-position":"center center","background-size":"auto","background-attachment":"scroll","background-type":"","background-media":"","overlay-type":"","overlay-color":"","overlay-gradient":""}},"footnotes":""},"class_list":["post-4322","page","type-page","status-publish","has-post-thumbnail","hentry"],"yoast_head":"<!-- This site is optimized with the Yoast SEO plugin v22.3 - https:\/\/yoast.com\/wordpress\/plugins\/seo\/ -->\n<title>Puentes gr\u00faa en puertos, las gr\u00faas m\u00e1s grandes - LBCranes Puentes Gr\u00faa Espa\u00f1a<\/title>\n<meta name=\"description\" content=\"Los puentes gr\u00faa en puertos son perfectos para el movimiento de cargas pesadas en puertos y terminales mar\u00edtimos.\" \/>\n<meta name=\"robots\" content=\"index, follow, max-snippet:-1, max-image-preview:large, max-video-preview:-1\" \/>\n<link rel=\"canonical\" href=\"https:\/\/lbcranes.es\/en\/content\/overhead-cranes-ports\/\" \/>\n<meta property=\"og:locale\" content=\"en_GB\" \/>\n<meta property=\"og:type\" content=\"article\" \/>\n<meta property=\"og:title\" content=\"Puentes gr\u00faa en puertos, las gr\u00faas m\u00e1s grandes - LBCranes Puentes Gr\u00faa Espa\u00f1a\" \/>\n<meta property=\"og:description\" content=\"Los puentes gr\u00faa en puertos son perfectos para el movimiento de cargas pesadas en puertos y terminales mar\u00edtimos.\" \/>\n<meta property=\"og:url\" content=\"https:\/\/lbcranes.es\/en\/content\/overhead-cranes-ports\/\" \/>\n<meta property=\"og:site_name\" content=\"LBCranes Puentes Gr\u00faa Espa\u00f1a\" \/>\n<meta property=\"article:modified_time\" content=\"2024-03-26T10:32:35+00:00\" \/>\n<meta property=\"og:image\" content=\"https:\/\/lbcranes.es\/wp-content\/uploads\/2024\/03\/port-industry-3566821_640.jpg\" \/>\n\t<meta property=\"og:image:width\" content=\"640\" \/>\n\t<meta property=\"og:image:height\" content=\"427\" \/>\n\t<meta property=\"og:image:type\" content=\"image\/jpeg\" \/>\n<meta name=\"twitter:card\" content=\"summary_large_image\" \/>\n<meta name=\"twitter:label1\" content=\"Estimated reading time\" \/>\n\t<meta name=\"twitter:data1\" content=\"3 minutes\" \/>\n<script type=\"application\/ld+json\" class=\"yoast-schema-graph\">{\"@context\":\"https:\/\/schema.org\",\"@graph\":[{\"@type\":\"WebPage\",\"@id\":\"https:\/\/lbcranes.es\/contenido\/puentes-grua-puertos\/\",\"url\":\"https:\/\/lbcranes.es\/contenido\/puentes-grua-puertos\/\",\"name\":\"Puentes gr\u00faa en puertos, las gr\u00faas m\u00e1s grandes - LBCranes Puentes Gr\u00faa Espa\u00f1a\",\"isPartOf\":{\"@id\":\"https:\/\/lbcranes.es\/#website\"},\"primaryImageOfPage\":{\"@id\":\"https:\/\/lbcranes.es\/contenido\/puentes-grua-puertos\/#primaryimage\"},\"image\":{\"@id\":\"https:\/\/lbcranes.es\/contenido\/puentes-grua-puertos\/#primaryimage\"},\"thumbnailUrl\":\"https:\/\/i0.wp.com\/lbcranes.es\/wp-content\/uploads\/2024\/03\/port-industry-3566821_640.jpg?fit=640%2C427&ssl=1\",\"datePublished\":\"2024-03-26T10:32:33+00:00\",\"dateModified\":\"2024-03-26T10:32:35+00:00\",\"description\":\"Los puentes gr\u00faa en puertos son perfectos para el movimiento de cargas pesadas en puertos y terminales mar\u00edtimos.\",\"breadcrumb\":{\"@id\":\"https:\/\/lbcranes.es\/contenido\/puentes-grua-puertos\/#breadcrumb\"},\"inLanguage\":\"en-GB\",\"potentialAction\":[{\"@type\":\"ReadAction\",\"target\":[\"https:\/\/lbcranes.es\/contenido\/puentes-grua-puertos\/\"]}]},{\"@type\":\"ImageObject\",\"inLanguage\":\"en-GB\",\"@id\":\"https:\/\/lbcranes.es\/contenido\/puentes-grua-puertos\/#primaryimage\",\"url\":\"https:\/\/i0.wp.com\/lbcranes.es\/wp-content\/uploads\/2024\/03\/port-industry-3566821_640.jpg?fit=640%2C427&ssl=1\",\"contentUrl\":\"https:\/\/i0.wp.com\/lbcranes.es\/wp-content\/uploads\/2024\/03\/port-industry-3566821_640.jpg?fit=640%2C427&ssl=1\",\"width\":640,\"height\":427,\"caption\":\"Puente gr\u00faa puerto\"},{\"@type\":\"BreadcrumbList\",\"@id\":\"https:\/\/lbcranes.es\/contenido\/puentes-grua-puertos\/#breadcrumb\",\"itemListElement\":[{\"@type\":\"ListItem\",\"position\":1,\"name\":\"Portada\",\"item\":\"https:\/\/lbcranes.es\/\"},{\"@type\":\"ListItem\",\"position\":2,\"name\":\"Contenido\",\"item\":\"https:\/\/lbcranes.es\/contenido\/\"},{\"@type\":\"ListItem\",\"position\":3,\"name\":\"Puentes gr\u00faa en puertos, las gr\u00faas m\u00e1s grandes\"}]},{\"@type\":\"WebSite\",\"@id\":\"https:\/\/lbcranes.es\/#website\",\"url\":\"https:\/\/lbcranes.es\/\",\"name\":\"LBCranes Puentes Gr\u00faa Espa\u00f1a\",\"description\":\"Venta e instalaci\u00f3n de puentes gr\u00faa y sistemas de elevaci\u00f3n para industria.\",\"publisher\":{\"@id\":\"https:\/\/lbcranes.es\/#organization\"},\"alternateName\":\"LBCranes\",\"potentialAction\":[{\"@type\":\"SearchAction\",\"target\":{\"@type\":\"EntryPoint\",\"urlTemplate\":\"https:\/\/lbcranes.es\/?s={search_term_string}\"},\"query-input\":\"required name=search_term_string\"}],\"inLanguage\":\"en-GB\"},{\"@type\":\"Organization\",\"@id\":\"https:\/\/lbcranes.es\/#organization\",\"name\":\"LBCranes Puentes Gr\u00faa\",\"alternateName\":\"LBCranes Lifting Equipments\",\"url\":\"https:\/\/lbcranes.es\/\",\"logo\":{\"@type\":\"ImageObject\",\"inLanguage\":\"en-GB\",\"@id\":\"https:\/\/lbcranes.es\/#\/schema\/logo\/image\/\",\"url\":\"https:\/\/lbcranes.es\/wp-content\/uploads\/2023\/02\/lbcranes_logo.svg\",\"contentUrl\":\"https:\/\/lbcranes.es\/wp-content\/uploads\/2023\/02\/lbcranes_logo.svg\",\"width\":1,\"height\":1,\"caption\":\"LBCranes Puentes Gr\u00faa\"},\"image\":{\"@id\":\"https:\/\/lbcranes.es\/#\/schema\/logo\/image\/\"},\"sameAs\":[\"https:\/\/www.instagram.com\/lbcranes\/\",\"https:\/\/www.linkedin.com\/company\/lbcranes-lifting-equipments\"]}]}<\/script>\n<!-- \/ Yoast SEO plugin. -->","yoast_head_json":{"title":"Puentes gr\u00faa en puertos, las gr\u00faas m\u00e1s grandes - LBCranes Puentes Gr\u00faa Espa\u00f1a","description":"Los puentes gr\u00faa en puertos son perfectos para el movimiento de cargas pesadas en puertos y terminales mar\u00edtimos.","robots":{"index":"index","follow":"follow","max-snippet":"max-snippet:-1","max-image-preview":"max-image-preview:large","max-video-preview":"max-video-preview:-1"},"canonical":"https:\/\/lbcranes.es\/en\/content\/overhead-cranes-ports\/","og_locale":"en_GB","og_type":"article","og_title":"Puentes gr\u00faa en puertos, las gr\u00faas m\u00e1s grandes - LBCranes Puentes Gr\u00faa Espa\u00f1a","og_description":"Los puentes gr\u00faa en puertos son perfectos para el movimiento de cargas pesadas en puertos y terminales mar\u00edtimos.","og_url":"https:\/\/lbcranes.es\/en\/content\/overhead-cranes-ports\/","og_site_name":"LBCranes Puentes Gr\u00faa Espa\u00f1a","article_modified_time":"2024-03-26T10:32:35+00:00","og_image":[{"width":640,"height":427,"url":"https:\/\/lbcranes.es\/wp-content\/uploads\/2024\/03\/port-industry-3566821_640.jpg","type":"image\/jpeg"}],"twitter_card":"summary_large_image","twitter_misc":{"Estimated reading time":"3 minutes"},"schema":{"@context":"https:\/\/schema.org","@graph":[{"@type":"WebPage","@id":"https:\/\/lbcranes.es\/contenido\/puentes-grua-puertos\/","url":"https:\/\/lbcranes.es\/contenido\/puentes-grua-puertos\/","name":"Puentes gr\u00faa en puertos, las gr\u00faas m\u00e1s grandes - LBCranes Puentes Gr\u00faa Espa\u00f1a","isPartOf":{"@id":"https:\/\/lbcranes.es\/#website"},"primaryImageOfPage":{"@id":"https:\/\/lbcranes.es\/contenido\/puentes-grua-puertos\/#primaryimage"},"image":{"@id":"https:\/\/lbcranes.es\/contenido\/puentes-grua-puertos\/#primaryimage"},"thumbnailUrl":"https:\/\/i0.wp.com\/lbcranes.es\/wp-content\/uploads\/2024\/03\/port-industry-3566821_640.jpg?fit=640%2C427&ssl=1","datePublished":"2024-03-26T10:32:33+00:00","dateModified":"2024-03-26T10:32:35+00:00","description":"Los puentes gr\u00faa en puertos son perfectos para el movimiento de cargas pesadas en puertos y terminales mar\u00edtimos.","breadcrumb":{"@id":"https:\/\/lbcranes.es\/contenido\/puentes-grua-puertos\/#breadcrumb"},"inLanguage":"en-GB","potentialAction":[{"@type":"ReadAction","target":["https:\/\/lbcranes.es\/contenido\/puentes-grua-puertos\/"]}]},{"@type":"ImageObject","inLanguage":"en-GB","@id":"https:\/\/lbcranes.es\/contenido\/puentes-grua-puertos\/#primaryimage","url":"https:\/\/i0.wp.com\/lbcranes.es\/wp-content\/uploads\/2024\/03\/port-industry-3566821_640.jpg?fit=640%2C427&ssl=1","contentUrl":"https:\/\/i0.wp.com\/lbcranes.es\/wp-content\/uploads\/2024\/03\/port-industry-3566821_640.jpg?fit=640%2C427&ssl=1","width":640,"height":427,"caption":"Puente gr\u00faa puerto"},{"@type":"BreadcrumbList","@id":"https:\/\/lbcranes.es\/contenido\/puentes-grua-puertos\/#breadcrumb","itemListElement":[{"@type":"ListItem","position":1,"name":"Portada","item":"https:\/\/lbcranes.es\/"},{"@type":"ListItem","position":2,"name":"Contenido","item":"https:\/\/lbcranes.es\/contenido\/"},{"@type":"ListItem","position":3,"name":"Puentes gr\u00faa en puertos, las gr\u00faas m\u00e1s grandes"}]},{"@type":"WebSite","@id":"https:\/\/lbcranes.es\/#website","url":"https:\/\/lbcranes.es\/","name":"LBCranes Puentes Gr\u00faa Espa\u00f1a","description":"Venta e instalaci\u00f3n de puentes gr\u00faa y sistemas de elevaci\u00f3n para industria.","publisher":{"@id":"https:\/\/lbcranes.es\/#organization"},"alternateName":"LBCranes","potentialAction":[{"@type":"SearchAction","target":{"@type":"EntryPoint","urlTemplate":"https:\/\/lbcranes.es\/?s={search_term_string}"},"query-input":"required name=search_term_string"}],"inLanguage":"en-GB"},{"@type":"Organization","@id":"https:\/\/lbcranes.es\/#organization","name":"LBCranes Puentes Gr\u00faa","alternateName":"LBCranes Lifting Equipments","url":"https:\/\/lbcranes.es\/","logo":{"@type":"ImageObject","inLanguage":"en-GB","@id":"https:\/\/lbcranes.es\/#\/schema\/logo\/image\/","url":"https:\/\/lbcranes.es\/wp-content\/uploads\/2023\/02\/lbcranes_logo.svg","contentUrl":"https:\/\/lbcranes.es\/wp-content\/uploads\/2023\/02\/lbcranes_logo.svg","width":1,"height":1,"caption":"LBCranes Puentes Gr\u00faa"},"image":{"@id":"https:\/\/lbcranes.es\/#\/schema\/logo\/image\/"},"sameAs":["https:\/\/www.instagram.com\/lbcranes\/","https:\/\/www.linkedin.com\/company\/lbcranes-lifting-equipments"]}]}},"jetpack_sharing_enabled":true,"uagb_featured_image_src":{"full":["https:\/\/i0.wp.com\/lbcranes.es\/wp-content\/uploads\/2024\/03\/port-industry-3566821_640.jpg?fit=640%2C427&ssl=1",640,427,false],"thumbnail":["https:\/\/i0.wp.com\/lbcranes.es\/wp-content\/uploads\/2024\/03\/port-industry-3566821_640.jpg?resize=150%2C150&ssl=1",150,150,true],"medium":["https:\/\/i0.wp.com\/lbcranes.es\/wp-content\/uploads\/2024\/03\/port-industry-3566821_640.jpg?fit=300%2C200&ssl=1",300,200,true],"medium_large":["https:\/\/i0.wp.com\/lbcranes.es\/wp-content\/uploads\/2024\/03\/port-industry-3566821_640.jpg?fit=640%2C427&ssl=1",640,427,true],"large":["https:\/\/i0.wp.com\/lbcranes.es\/wp-content\/uploads\/2024\/03\/port-industry-3566821_640.jpg?fit=640%2C427&ssl=1",640,427,true],"1536x1536":["https:\/\/i0.wp.com\/lbcranes.es\/wp-content\/uploads\/2024\/03\/port-industry-3566821_640.jpg?fit=640%2C427&ssl=1",640,427,true],"2048x2048":["https:\/\/i0.wp.com\/lbcranes.es\/wp-content\/uploads\/2024\/03\/port-industry-3566821_640.jpg?fit=640%2C427&ssl=1",640,427,true],"trp-custom-language-flag":["https:\/\/i0.wp.com\/lbcranes.es\/wp-content\/uploads\/2024\/03\/port-industry-3566821_640.jpg?fit=18%2C12&ssl=1",18,12,true]},"uagb_author_info":{"display_name":"admin","author_link":"https:\/\/lbcranes.es\/en\/author\/miquelcoll\/"},"uagb_comment_info":0,"uagb_excerpt":"Puentes gr\u00faa para puerto, las gr\u00faas m\u00e1s grandes Los puentes gr\u00faa en puertos son perfectos para el movimiento de cargas pesadas en puertos y terminales mar\u00edtimos. Su funci\u00f3n primordial es simplificar y agilizar el proceso de manipulaci\u00f3n de contenedores, as\u00ed como de otros tipos de mercanc\u00edas en las \u00e1reas portuarias. Tipos de puentes gr\u00faa para&hellip;","jetpack-related-posts":[],"_links":{"self":[{"href":"https:\/\/lbcranes.es\/en\/wp-json\/wp\/v2\/pages\/4322","targetHints":{"allow":["GET"]}}],"collection":[{"href":"https:\/\/lbcranes.es\/en\/wp-json\/wp\/v2\/pages"}],"about":[{"href":"https:\/\/lbcranes.es\/en\/wp-json\/wp\/v2\/types\/page"}],"author":[{"embeddable":true,"href":"https:\/\/lbcranes.es\/en\/wp-json\/wp\/v2\/users\/1"}],"replies":[{"embeddable":true,"href":"https:\/\/lbcranes.es\/en\/wp-json\/wp\/v2\/comments?post=4322"}],"version-history":[{"count":2,"href":"https:\/\/lbcranes.es\/en\/wp-json\/wp\/v2\/pages\/4322\/revisions"}],"predecessor-version":[{"id":4325,"href":"https:\/\/lbcranes.es\/en\/wp-json\/wp\/v2\/pages\/4322\/revisions\/4325"}],"up":[{"embeddable":true,"href":"https:\/\/lbcranes.es\/en\/wp-json\/wp\/v2\/pages\/2325"}],"wp:featuredmedia":[{"embeddable":true,"href":"https:\/\/lbcranes.es\/en\/wp-json\/wp\/v2\/media\/4324"}],"wp:attachment":[{"href":"https:\/\/lbcranes.es\/en\/wp-json\/wp\/v2\/media?parent=4322"}],"curies":[{"name":"wp","href":"https:\/\/api.w.org\/{rel}","templated":true}]}}