{"id":4542,"date":"2025-10-29T21:53:40","date_gmt":"2025-10-29T21:53:40","guid":{"rendered":"https:\/\/lbcranes.es\/?page_id=4542"},"modified":"2025-10-29T21:54:58","modified_gmt":"2025-10-29T21:54:58","slug":"cuando-es-necesario-cambiar-un-puente-grua","status":"publish","type":"page","link":"https:\/\/lbcranes.es\/en\/content\/cuando-es-necesario-cambiar-un-puente-grua\/","title":{"rendered":"When is it necessary to replace an overhead crane?"},"content":{"rendered":"<div style=\"height:100px\" aria-hidden=\"true\" class=\"wp-block-spacer\"><\/div>\n\n\n\n<h2 class=\"wp-block-heading\">When is it necessary to replace an overhead crane?<\/h2>\n\n\n\n<div class=\"wp-block-columns is-layout-flex wp-container-core-columns-is-layout-28f84493 wp-block-columns-is-layout-flex\">\n<div class=\"wp-block-column is-layout-flow wp-block-column-is-layout-flow\">\n<p>Esta es una de las preguntas m\u00e1s frecuentes que recibimos de parte de nuestros clientes, y cuya respuesta tiene un impacto directo en la&nbsp;seguridad, la&nbsp;productividad&nbsp;y los&nbsp;costes operativos&nbsp;de la  empresa.<\/p>\n\n\n\n<p>Siempre decimos lo mismo, y aqu\u00ed te dejamos los principales indicadores que se\u00f1alan que ha llegado el momento de&nbsp;sustituir tu puente gr\u00faa:<\/p>\n\n\n\n<p><strong>Vida \u00fatil superada<\/strong><br>Aunque bien mantenido un puente gr\u00faa puede durar d\u00e9cadas, todos los equipos tienen una vida \u00fatil definida por el fabricante en funci\u00f3n de los\u00a0ciclos de trabajo\u00a0y la\u00a0clasificaci\u00f3n FEM. Una vez superada esta vida \u00fatil, los riesgos de fallo aumentan considerablemente.<\/p>\n\n\n\n<p><strong>Cambio en los requerimientos de carga o espacio<\/strong><br>Si tu proceso productivo ha cambiado y necesitas\u00a0mayor capacidad de carga,\u00a0m\u00e1s precisi\u00f3n\u00a0o un\u00a0recorrido diferente, el equipo antiguo puede no ser suficiente. Adaptarlo a la nueva demanda puede ser inviable o antiecon\u00f3mico.<\/p>\n<\/div>\n\n\n\n<div class=\"wp-block-column is-layout-flow wp-block-column-is-layout-flow\">\n<div class=\"wp-block-columns is-layout-flex wp-container-core-columns-is-layout-28f84493 wp-block-columns-is-layout-flex\">\n<div class=\"wp-block-column is-layout-flow wp-block-column-is-layout-flow\">\n<div class=\"wp-block-uagb-image uagb-block-145cb3e7 wp-block-uagb-image--layout-default wp-block-uagb-image--effect-static wp-block-uagb-image--align-none\"><figure class=\"wp-block-uagb-image__figure\"><img decoding=\"async\" srcset=\"https:\/\/i0.wp.com\/lbcranes.es\/wp-content\/uploads\/2025\/10\/WhatsApp-Image-2025-10-02-at-14.23.54.jpeg?resize=1024%2C768&#038;ssl=1 ,https:\/\/lbcranes.es\/wp-content\/uploads\/2025\/10\/WhatsApp-Image-2025-10-02-at-14.23.54.jpeg 780w, https:\/\/lbcranes.es\/wp-content\/uploads\/2025\/10\/WhatsApp-Image-2025-10-02-at-14.23.54.jpeg 360w\" sizes=\"auto, (max-width: 480px) 150px\" src=\"https:\/\/i0.wp.com\/lbcranes.es\/wp-content\/uploads\/2025\/10\/WhatsApp-Image-2025-10-02-at-14.23.54.jpeg?resize=1024%2C768&#038;ssl=1\" alt=\"\" class=\"uag-image-4535\" width=\"1024\" height=\"768\" title=\"WhatsApp Image 2025-10-02 at 14.23.54\" loading=\"lazy\" role=\"img\" data-recalc-dims=\"1\"\/><\/figure><\/div>\n<\/div>\n<\/div>\n<\/div>\n<\/div>\n\n\n\n<div class=\"wp-block-uagb-image aligncenter uagb-block-4b2e2e49 wp-block-uagb-image--layout-default wp-block-uagb-image--effect-static wp-block-uagb-image--align-center\"><figure class=\"wp-block-uagb-image__figure\"><img decoding=\"async\" srcset=\"https:\/\/i0.wp.com\/lbcranes.es\/wp-content\/uploads\/2025\/10\/WhatsApp-Image-2025-09-26-at-14.37.39.jpeg?resize=954%2C411&#038;ssl=1 ,https:\/\/lbcranes.es\/wp-content\/uploads\/2025\/10\/WhatsApp-Image-2025-09-26-at-14.37.39.jpeg 780w, https:\/\/lbcranes.es\/wp-content\/uploads\/2025\/10\/WhatsApp-Image-2025-09-26-at-14.37.39.jpeg 360w\" sizes=\"auto, (max-width: 480px) 150px\" src=\"https:\/\/i0.wp.com\/lbcranes.es\/wp-content\/uploads\/2025\/10\/WhatsApp-Image-2025-09-26-at-14.37.39.jpeg?resize=954%2C411&#038;ssl=1\" alt=\"Puente gr\u00faa monorra\u00edl de 2Tn\" class=\"uag-image-4527\" width=\"954\" height=\"411\" title=\"WhatsApp Image 2025-09-26 at 14.37.39\" loading=\"lazy\" role=\"img\" data-recalc-dims=\"1\"\/><\/figure><\/div>\n\n\n\n<div class=\"wp-block-columns is-layout-flex wp-container-core-columns-is-layout-28f84493 wp-block-columns-is-layout-flex\">\n<div class=\"wp-block-column is-layout-flow wp-block-column-is-layout-flow\">\n<p><strong>Ausencia de repuestos<\/strong><br>Cuando los fabricantes dejan de ofrecer componentes clave o los tiempos de entrega son demasiado largos, mantener un equipo antiguo puede suponer un riesgo operativo.<\/p>\n\n\n\n<p><strong>Normativa y seguridad<\/strong><br>La evoluci\u00f3n de las normativas puede dejar obsoletos a equipos que no cumplen con los est\u00e1ndares actuales de seguridad. Renovar el puente gr\u00faa es, en este caso, una necesidad legal y operativa.<\/p>\n\n\n\n<p><strong>Aumento de aver\u00edas y costes de mantenimiento<\/strong><br>Si las paradas son frecuentes y las reparaciones cada vez m\u00e1s costosas, probablemente el equipo ya no sea rentable. En estos casos, sustituirlo puede ser m\u00e1s econ\u00f3mico que mantenerlo.<\/p>\n<\/div>\n\n\n\n<div class=\"wp-block-column is-layout-flow wp-block-column-is-layout-flow\">\n<div class=\"wp-block-uagb-call-to-action uagb-block-94ffba7a wp-block-button\"><div class=\"uagb-cta__wrap\"><h3 class=\"uagb-cta__title\">Which overhead crane do I need?<\/h3><p class=\"uagb-cta__desc\">Click on the button and you will find all the types of overhead cranes we offer and their respective specifications of load capacity, span size, etc.<\/p><\/div><div class=\"uagb-cta__buttons\"><a href=\"https:\/\/lbcranes.es\/en\/overhead-cranes\/\" class=\"uagb-cta__button-link-wrapper wp-block-button__link\" target=\"_self\" rel=\"noopener noreferrer\">Read more<\/a><\/div><\/div>\n\n\n\n<p><strong>Mantenimiento preventivo y predictivo<\/strong><br>\u00bfY si a\u00fan no es momento de cambiar?&nbsp;&nbsp;Realizar un&nbsp;mantenimiento preventivo y predictivo peri\u00f3dico&nbsp;es la clave para extender al m\u00e1ximo la vida \u00fatil de tu equipo y evitar paradas inesperadas. Ofrecemos planes de mantenimiento adaptados a cada entorno y sector industrial.&nbsp;<a href=\"https:\/\/lbcranes.es\/en\/servicios\/mantenimiento\/\" target=\"_blank\" rel=\"noreferrer noopener\">https:\/\/lbcranes.es\/servicios\/mantenimiento\/<\/a><\/p>\n<\/div>\n<\/div>","protected":false},"excerpt":{"rendered":"<p>\u00bfCu\u00e1ndo es necesario cambiar un puente gr\u00faa? Esta es una de las preguntas m\u00e1s frecuentes que recibimos de parte de nuestros clientes, y cuya respuesta tiene un impacto directo en la&nbsp;seguridad, la&nbsp;productividad&nbsp;y los&nbsp;costes operativos&nbsp;de la empresa. Siempre decimos lo mismo, y aqu\u00ed te dejamos los principales indicadores que se\u00f1alan que ha llegado el momento de&nbsp;sustituir [&hellip;]<\/p>","protected":false},"author":1,"featured_media":4534,"parent":2325,"menu_order":0,"comment_status":"closed","ping_status":"closed","template":"","meta":{"_uag_custom_page_level_css":"","site-sidebar-layout":"default","site-content-layout":"","ast-site-content-layout":"default","site-content-style":"default","site-sidebar-style":"default","ast-global-header-display":"","ast-banner-title-visibility":"","ast-main-header-display":"","ast-hfb-above-header-display":"","ast-hfb-below-header-display":"","ast-hfb-mobile-header-display":"","site-post-title":"disabled","ast-breadcrumbs-content":"","ast-featured-img":"","footer-sml-layout":"","theme-transparent-header-meta":"","adv-header-id-meta":"","stick-header-meta":"","header-above-stick-meta":"","header-main-stick-meta":"","header-below-stick-meta":"","astra-migrate-meta-layouts":"set","ast-page-background-enabled":"default","ast-page-background-meta":{"desktop":{"background-color":"var(--ast-global-color-4)","background-image":"","background-repeat":"repeat","background-position":"center center","background-size":"auto","background-attachment":"scroll","background-type":"","background-media":"","overlay-type":"","overlay-color":"","overlay-gradient":""},"tablet":{"background-color":"","background-image":"","background-repeat":"repeat","background-position":"center center","background-size":"auto","background-attachment":"scroll","background-type":"","background-media":"","overlay-type":"","overlay-color":"","overlay-gradient":""},"mobile":{"background-color":"","background-image":"","background-repeat":"repeat","background-position":"center center","background-size":"auto","background-attachment":"scroll","background-type":"","background-media":"","overlay-type":"","overlay-color":"","overlay-gradient":""}},"ast-content-background-meta":{"desktop":{"background-color":"var(--ast-global-color-5)","background-image":"","background-repeat":"repeat","background-position":"center center","background-size":"auto","background-attachment":"scroll","background-type":"","background-media":"","overlay-type":"","overlay-color":"","overlay-gradient":""},"tablet":{"background-color":"var(--ast-global-color-5)","background-image":"","background-repeat":"repeat","background-position":"center center","background-size":"auto","background-attachment":"scroll","background-type":"","background-media":"","overlay-type":"","overlay-color":"","overlay-gradient":""},"mobile":{"background-color":"var(--ast-global-color-5)","background-image":"","background-repeat":"repeat","background-position":"center center","background-size":"auto","background-attachment":"scroll","background-type":"","background-media":"","overlay-type":"","overlay-color":"","overlay-gradient":""}},"footnotes":""},"class_list":["post-4542","page","type-page","status-publish","has-post-thumbnail","hentry"],"yoast_head":"<!-- This site is optimized with the Yoast SEO plugin v22.3 - https:\/\/yoast.com\/wordpress\/plugins\/seo\/ -->\n<title>\u00bfCu\u00e1ndo es necesario cambiar un puente gr\u00faa? - LBCranes Puentes Gr\u00faa Espa\u00f1a<\/title>\n<meta name=\"description\" content=\"Cu\u00e1ndo es necesario cambiar un puente gr\u00faa?Esta es una de las preguntas m\u00e1s frecuentes que recibimos en por parte de nuestros clientes.\" \/>\n<meta name=\"robots\" content=\"index, follow, max-snippet:-1, max-image-preview:large, max-video-preview:-1\" \/>\n<link rel=\"canonical\" href=\"https:\/\/lbcranes.es\/en\/content\/cuando-es-necesario-cambiar-un-puente-grua\/\" \/>\n<meta property=\"og:locale\" content=\"en_GB\" \/>\n<meta property=\"og:type\" content=\"article\" \/>\n<meta property=\"og:title\" content=\"\u00bfCu\u00e1ndo es necesario cambiar un puente gr\u00faa? - LBCranes Puentes Gr\u00faa Espa\u00f1a\" \/>\n<meta property=\"og:description\" content=\"Cu\u00e1ndo es necesario cambiar un puente gr\u00faa?Esta es una de las preguntas m\u00e1s frecuentes que recibimos en por parte de nuestros clientes.\" \/>\n<meta property=\"og:url\" content=\"https:\/\/lbcranes.es\/en\/content\/cuando-es-necesario-cambiar-un-puente-grua\/\" \/>\n<meta property=\"og:site_name\" content=\"LBCranes Puentes Gr\u00faa Espa\u00f1a\" \/>\n<meta property=\"article:modified_time\" content=\"2025-10-29T21:54:58+00:00\" \/>\n<meta property=\"og:image\" content=\"https:\/\/lbcranes.es\/wp-content\/uploads\/2025\/10\/WhatsApp-Image-2025-10-02-at-14.23.53.jpeg\" \/>\n\t<meta property=\"og:image:width\" content=\"1600\" \/>\n\t<meta property=\"og:image:height\" content=\"721\" \/>\n\t<meta property=\"og:image:type\" content=\"image\/jpeg\" \/>\n<meta name=\"twitter:card\" content=\"summary_large_image\" \/>\n<meta name=\"twitter:label1\" content=\"Estimated reading time\" \/>\n\t<meta name=\"twitter:data1\" content=\"3 minutes\" \/>\n<script type=\"application\/ld+json\" class=\"yoast-schema-graph\">{\"@context\":\"https:\/\/schema.org\",\"@graph\":[{\"@type\":\"WebPage\",\"@id\":\"https:\/\/lbcranes.es\/contenido\/cuando-es-necesario-cambiar-un-puente-grua\/\",\"url\":\"https:\/\/lbcranes.es\/contenido\/cuando-es-necesario-cambiar-un-puente-grua\/\",\"name\":\"\u00bfCu\u00e1ndo es necesario cambiar un puente gr\u00faa? - LBCranes Puentes Gr\u00faa Espa\u00f1a\",\"isPartOf\":{\"@id\":\"https:\/\/lbcranes.es\/#website\"},\"primaryImageOfPage\":{\"@id\":\"https:\/\/lbcranes.es\/contenido\/cuando-es-necesario-cambiar-un-puente-grua\/#primaryimage\"},\"image\":{\"@id\":\"https:\/\/lbcranes.es\/contenido\/cuando-es-necesario-cambiar-un-puente-grua\/#primaryimage\"},\"thumbnailUrl\":\"https:\/\/i0.wp.com\/lbcranes.es\/wp-content\/uploads\/2025\/10\/WhatsApp-Image-2025-10-02-at-14.23.53.jpeg?fit=1600%2C721&ssl=1\",\"datePublished\":\"2025-10-29T21:53:40+00:00\",\"dateModified\":\"2025-10-29T21:54:58+00:00\",\"description\":\"Cu\u00e1ndo es necesario cambiar un puente gr\u00faa?Esta es una de las preguntas m\u00e1s frecuentes que recibimos en por parte de nuestros clientes.\",\"breadcrumb\":{\"@id\":\"https:\/\/lbcranes.es\/contenido\/cuando-es-necesario-cambiar-un-puente-grua\/#breadcrumb\"},\"inLanguage\":\"en-GB\",\"potentialAction\":[{\"@type\":\"ReadAction\",\"target\":[\"https:\/\/lbcranes.es\/contenido\/cuando-es-necesario-cambiar-un-puente-grua\/\"]}]},{\"@type\":\"ImageObject\",\"inLanguage\":\"en-GB\",\"@id\":\"https:\/\/lbcranes.es\/contenido\/cuando-es-necesario-cambiar-un-puente-grua\/#primaryimage\",\"url\":\"https:\/\/i0.wp.com\/lbcranes.es\/wp-content\/uploads\/2025\/10\/WhatsApp-Image-2025-10-02-at-14.23.53.jpeg?fit=1600%2C721&ssl=1\",\"contentUrl\":\"https:\/\/i0.wp.com\/lbcranes.es\/wp-content\/uploads\/2025\/10\/WhatsApp-Image-2025-10-02-at-14.23.53.jpeg?fit=1600%2C721&ssl=1\",\"width\":1600,\"height\":721,\"caption\":\"Puente gr\u00faa birra\u00edl de 34+34Tn\"},{\"@type\":\"BreadcrumbList\",\"@id\":\"https:\/\/lbcranes.es\/contenido\/cuando-es-necesario-cambiar-un-puente-grua\/#breadcrumb\",\"itemListElement\":[{\"@type\":\"ListItem\",\"position\":1,\"name\":\"Portada\",\"item\":\"https:\/\/lbcranes.es\/\"},{\"@type\":\"ListItem\",\"position\":2,\"name\":\"Contenido\",\"item\":\"https:\/\/lbcranes.es\/contenido\/\"},{\"@type\":\"ListItem\",\"position\":3,\"name\":\"\u00bfCu\u00e1ndo es necesario cambiar un puente gr\u00faa?\"}]},{\"@type\":\"WebSite\",\"@id\":\"https:\/\/lbcranes.es\/#website\",\"url\":\"https:\/\/lbcranes.es\/\",\"name\":\"LBCranes Puentes Gr\u00faa Espa\u00f1a\",\"description\":\"Venta e instalaci\u00f3n de puentes gr\u00faa y sistemas de elevaci\u00f3n para industria.\",\"publisher\":{\"@id\":\"https:\/\/lbcranes.es\/#organization\"},\"alternateName\":\"LBCranes\",\"potentialAction\":[{\"@type\":\"SearchAction\",\"target\":{\"@type\":\"EntryPoint\",\"urlTemplate\":\"https:\/\/lbcranes.es\/?s={search_term_string}\"},\"query-input\":\"required name=search_term_string\"}],\"inLanguage\":\"en-GB\"},{\"@type\":\"Organization\",\"@id\":\"https:\/\/lbcranes.es\/#organization\",\"name\":\"LBCranes Puentes Gr\u00faa\",\"alternateName\":\"LBCranes Lifting Equipments\",\"url\":\"https:\/\/lbcranes.es\/\",\"logo\":{\"@type\":\"ImageObject\",\"inLanguage\":\"en-GB\",\"@id\":\"https:\/\/lbcranes.es\/#\/schema\/logo\/image\/\",\"url\":\"https:\/\/lbcranes.es\/wp-content\/uploads\/2023\/02\/lbcranes_logo.svg\",\"contentUrl\":\"https:\/\/lbcranes.es\/wp-content\/uploads\/2023\/02\/lbcranes_logo.svg\",\"width\":1,\"height\":1,\"caption\":\"LBCranes Puentes Gr\u00faa\"},\"image\":{\"@id\":\"https:\/\/lbcranes.es\/#\/schema\/logo\/image\/\"},\"sameAs\":[\"https:\/\/www.instagram.com\/lbcranes\/\",\"https:\/\/www.linkedin.com\/company\/lbcranes-lifting-equipments\"]}]}<\/script>\n<!-- \/ Yoast SEO plugin. -->","yoast_head_json":{"title":"\u00bfCu\u00e1ndo es necesario cambiar un puente gr\u00faa? - LBCranes Puentes Gr\u00faa Espa\u00f1a","description":"Cu\u00e1ndo es necesario cambiar un puente gr\u00faa?Esta es una de las preguntas m\u00e1s frecuentes que recibimos en por parte de nuestros clientes.","robots":{"index":"index","follow":"follow","max-snippet":"max-snippet:-1","max-image-preview":"max-image-preview:large","max-video-preview":"max-video-preview:-1"},"canonical":"https:\/\/lbcranes.es\/en\/content\/cuando-es-necesario-cambiar-un-puente-grua\/","og_locale":"en_GB","og_type":"article","og_title":"\u00bfCu\u00e1ndo es necesario cambiar un puente gr\u00faa? - LBCranes Puentes Gr\u00faa Espa\u00f1a","og_description":"Cu\u00e1ndo es necesario cambiar un puente gr\u00faa?Esta es una de las preguntas m\u00e1s frecuentes que recibimos en por parte de nuestros clientes.","og_url":"https:\/\/lbcranes.es\/en\/content\/cuando-es-necesario-cambiar-un-puente-grua\/","og_site_name":"LBCranes Puentes Gr\u00faa Espa\u00f1a","article_modified_time":"2025-10-29T21:54:58+00:00","og_image":[{"width":1600,"height":721,"url":"https:\/\/lbcranes.es\/wp-content\/uploads\/2025\/10\/WhatsApp-Image-2025-10-02-at-14.23.53.jpeg","type":"image\/jpeg"}],"twitter_card":"summary_large_image","twitter_misc":{"Estimated reading time":"3 minutes"},"schema":{"@context":"https:\/\/schema.org","@graph":[{"@type":"WebPage","@id":"https:\/\/lbcranes.es\/contenido\/cuando-es-necesario-cambiar-un-puente-grua\/","url":"https:\/\/lbcranes.es\/contenido\/cuando-es-necesario-cambiar-un-puente-grua\/","name":"\u00bfCu\u00e1ndo es necesario cambiar un puente gr\u00faa? - LBCranes Puentes Gr\u00faa Espa\u00f1a","isPartOf":{"@id":"https:\/\/lbcranes.es\/#website"},"primaryImageOfPage":{"@id":"https:\/\/lbcranes.es\/contenido\/cuando-es-necesario-cambiar-un-puente-grua\/#primaryimage"},"image":{"@id":"https:\/\/lbcranes.es\/contenido\/cuando-es-necesario-cambiar-un-puente-grua\/#primaryimage"},"thumbnailUrl":"https:\/\/i0.wp.com\/lbcranes.es\/wp-content\/uploads\/2025\/10\/WhatsApp-Image-2025-10-02-at-14.23.53.jpeg?fit=1600%2C721&ssl=1","datePublished":"2025-10-29T21:53:40+00:00","dateModified":"2025-10-29T21:54:58+00:00","description":"Cu\u00e1ndo es necesario cambiar un puente gr\u00faa?Esta es una de las preguntas m\u00e1s frecuentes que recibimos en por parte de nuestros clientes.","breadcrumb":{"@id":"https:\/\/lbcranes.es\/contenido\/cuando-es-necesario-cambiar-un-puente-grua\/#breadcrumb"},"inLanguage":"en-GB","potentialAction":[{"@type":"ReadAction","target":["https:\/\/lbcranes.es\/contenido\/cuando-es-necesario-cambiar-un-puente-grua\/"]}]},{"@type":"ImageObject","inLanguage":"en-GB","@id":"https:\/\/lbcranes.es\/contenido\/cuando-es-necesario-cambiar-un-puente-grua\/#primaryimage","url":"https:\/\/i0.wp.com\/lbcranes.es\/wp-content\/uploads\/2025\/10\/WhatsApp-Image-2025-10-02-at-14.23.53.jpeg?fit=1600%2C721&ssl=1","contentUrl":"https:\/\/i0.wp.com\/lbcranes.es\/wp-content\/uploads\/2025\/10\/WhatsApp-Image-2025-10-02-at-14.23.53.jpeg?fit=1600%2C721&ssl=1","width":1600,"height":721,"caption":"Puente gr\u00faa birra\u00edl de 34+34Tn"},{"@type":"BreadcrumbList","@id":"https:\/\/lbcranes.es\/contenido\/cuando-es-necesario-cambiar-un-puente-grua\/#breadcrumb","itemListElement":[{"@type":"ListItem","position":1,"name":"Portada","item":"https:\/\/lbcranes.es\/"},{"@type":"ListItem","position":2,"name":"Contenido","item":"https:\/\/lbcranes.es\/contenido\/"},{"@type":"ListItem","position":3,"name":"\u00bfCu\u00e1ndo es necesario cambiar un puente gr\u00faa?"}]},{"@type":"WebSite","@id":"https:\/\/lbcranes.es\/#website","url":"https:\/\/lbcranes.es\/","name":"LBCranes Puentes Gr\u00faa Espa\u00f1a","description":"Venta e instalaci\u00f3n de puentes gr\u00faa y sistemas de elevaci\u00f3n para industria.","publisher":{"@id":"https:\/\/lbcranes.es\/#organization"},"alternateName":"LBCranes","potentialAction":[{"@type":"SearchAction","target":{"@type":"EntryPoint","urlTemplate":"https:\/\/lbcranes.es\/?s={search_term_string}"},"query-input":"required name=search_term_string"}],"inLanguage":"en-GB"},{"@type":"Organization","@id":"https:\/\/lbcranes.es\/#organization","name":"LBCranes Puentes Gr\u00faa","alternateName":"LBCranes Lifting Equipments","url":"https:\/\/lbcranes.es\/","logo":{"@type":"ImageObject","inLanguage":"en-GB","@id":"https:\/\/lbcranes.es\/#\/schema\/logo\/image\/","url":"https:\/\/lbcranes.es\/wp-content\/uploads\/2023\/02\/lbcranes_logo.svg","contentUrl":"https:\/\/lbcranes.es\/wp-content\/uploads\/2023\/02\/lbcranes_logo.svg","width":1,"height":1,"caption":"LBCranes Puentes Gr\u00faa"},"image":{"@id":"https:\/\/lbcranes.es\/#\/schema\/logo\/image\/"},"sameAs":["https:\/\/www.instagram.com\/lbcranes\/","https:\/\/www.linkedin.com\/company\/lbcranes-lifting-equipments"]}]}},"jetpack_sharing_enabled":true,"uagb_featured_image_src":{"full":["https:\/\/i0.wp.com\/lbcranes.es\/wp-content\/uploads\/2025\/10\/WhatsApp-Image-2025-10-02-at-14.23.53.jpeg?fit=1600%2C721&ssl=1",1600,721,false],"thumbnail":["https:\/\/i0.wp.com\/lbcranes.es\/wp-content\/uploads\/2025\/10\/WhatsApp-Image-2025-10-02-at-14.23.53.jpeg?resize=150%2C150&ssl=1",150,150,true],"medium":["https:\/\/i0.wp.com\/lbcranes.es\/wp-content\/uploads\/2025\/10\/WhatsApp-Image-2025-10-02-at-14.23.53.jpeg?fit=300%2C135&ssl=1",300,135,true],"medium_large":["https:\/\/i0.wp.com\/lbcranes.es\/wp-content\/uploads\/2025\/10\/WhatsApp-Image-2025-10-02-at-14.23.53.jpeg?fit=768%2C346&ssl=1",768,346,true],"large":["https:\/\/i0.wp.com\/lbcranes.es\/wp-content\/uploads\/2025\/10\/WhatsApp-Image-2025-10-02-at-14.23.53.jpeg?fit=1024%2C461&ssl=1",1024,461,true],"1536x1536":["https:\/\/i0.wp.com\/lbcranes.es\/wp-content\/uploads\/2025\/10\/WhatsApp-Image-2025-10-02-at-14.23.53.jpeg?fit=1536%2C692&ssl=1",1536,692,true],"2048x2048":["https:\/\/i0.wp.com\/lbcranes.es\/wp-content\/uploads\/2025\/10\/WhatsApp-Image-2025-10-02-at-14.23.53.jpeg?fit=1600%2C721&ssl=1",1600,721,true],"trp-custom-language-flag":["https:\/\/i0.wp.com\/lbcranes.es\/wp-content\/uploads\/2025\/10\/WhatsApp-Image-2025-10-02-at-14.23.53.jpeg?fit=18%2C8&ssl=1",18,8,true]},"uagb_author_info":{"display_name":"admin","author_link":"https:\/\/lbcranes.es\/en\/author\/miquelcoll\/"},"uagb_comment_info":0,"uagb_excerpt":"\u00bfCu\u00e1ndo es necesario cambiar un puente gr\u00faa? Esta es una de las preguntas m\u00e1s frecuentes que recibimos de parte de nuestros clientes, y cuya respuesta tiene un impacto directo en la&nbsp;seguridad, la&nbsp;productividad&nbsp;y los&nbsp;costes operativos&nbsp;de la empresa. Siempre decimos lo mismo, y aqu\u00ed te dejamos los principales indicadores que se\u00f1alan que ha llegado el momento de&nbsp;sustituir&hellip;","jetpack-related-posts":[],"_links":{"self":[{"href":"https:\/\/lbcranes.es\/en\/wp-json\/wp\/v2\/pages\/4542","targetHints":{"allow":["GET"]}}],"collection":[{"href":"https:\/\/lbcranes.es\/en\/wp-json\/wp\/v2\/pages"}],"about":[{"href":"https:\/\/lbcranes.es\/en\/wp-json\/wp\/v2\/types\/page"}],"author":[{"embeddable":true,"href":"https:\/\/lbcranes.es\/en\/wp-json\/wp\/v2\/users\/1"}],"replies":[{"embeddable":true,"href":"https:\/\/lbcranes.es\/en\/wp-json\/wp\/v2\/comments?post=4542"}],"version-history":[{"count":4,"href":"https:\/\/lbcranes.es\/en\/wp-json\/wp\/v2\/pages\/4542\/revisions"}],"predecessor-version":[{"id":4546,"href":"https:\/\/lbcranes.es\/en\/wp-json\/wp\/v2\/pages\/4542\/revisions\/4546"}],"up":[{"embeddable":true,"href":"https:\/\/lbcranes.es\/en\/wp-json\/wp\/v2\/pages\/2325"}],"wp:featuredmedia":[{"embeddable":true,"href":"https:\/\/lbcranes.es\/en\/wp-json\/wp\/v2\/media\/4534"}],"wp:attachment":[{"href":"https:\/\/lbcranes.es\/en\/wp-json\/wp\/v2\/media?parent=4542"}],"curies":[{"name":"wp","href":"https:\/\/api.w.org\/{rel}","templated":true}]}}