{"id":592,"date":"2023-02-27T12:03:57","date_gmt":"2023-02-27T12:03:57","guid":{"rendered":"https:\/\/lbcranes.es\/?page_id=592"},"modified":"2025-04-25T14:26:19","modified_gmt":"2025-04-25T14:26:19","slug":"sombreado-puentes-grua","status":"publish","type":"page","link":"https:\/\/lbcranes.es\/en\/chain-cable-hoists\/upgrades\/","title":{"rendered":"Zonas sombreadas"},"content":{"rendered":"<div class=\"wp-block-uagb-container uag-hide-mob uagb-block-f8843a0d alignfull uagb-is-root-container\"><div class=\"uagb-container-inner-blocks-wrap\">\n<div class=\"wp-block-uagb-advanced-heading uagb-block-1206aea5\"><h1 class=\"uagb-heading-text\">Zonas sombreadas<\/h1><\/div>\n<\/div><\/div>\n\n\n\n<div class=\"wp-block-uagb-advanced-heading uagb-block-f5dbf069\"><h2 class=\"uagb-heading-text\">S<strong>istemas de zonas de seguridad en puentes gr\u00faa<\/strong><\/h2><p class=\"uagb-desc-text\">En el entorno industrial, la seguridad es un factor clave para garantizar operaciones eficientes y sin interrupciones. Uno de los riesgos m\u00e1s comunes en el uso de puentes gr\u00faa es la posibilidad de colisiones con estructuras dentro de la nave, como oficinas, maquinaria o estanter\u00edas. Para evitar estos incidentes, se pueden implementar zonas de seguridad sombreadas, un sistema de bajo coste que mejora la protecci\u00f3n sin afectar la productividad.<\/p><\/div>\n\n\n\n<div class=\"wp-block-uagb-container uagb-block-8d458d22 alignfull uagb-is-root-container\"><div class=\"uagb-container-inner-blocks-wrap\">\n<div class=\"wp-block-uagb-container uagb-block-c657c837\">\n<div class=\"wp-block-uagb-info-box uagb-block-62e3f775 uagb-infobox__content-wrap  uagb-infobox-icon-above-title uagb-infobox-image-valign-top\"><div class=\"uagb-ifb-content\"><div class=\"uagb-ifb-title-wrap\"><h3 class=\"uagb-ifb-title\"><strong>\u00bfQu\u00e9 son las zonas de seguridad sombreadas?<\/strong><\/h3><\/div><p class=\"uagb-ifb-desc\">Las zonas sombreadas son \u00e1reas delimitadas dentro de la nave donde se restringe el movimiento del puente gr\u00faa o del carro de traslaci\u00f3n, evitando el riesgo de impacto con estructuras fijas. Su funcionamiento se basa en sensores y programaci\u00f3n espec\u00edfica que limitan la operaci\u00f3n en estas \u00e1reas seg\u00fan diferentes configuraciones.<\/p><\/div><\/div>\n<\/div>\n\n\n\n<div class=\"wp-block-uagb-container uagb-block-e89c29cd\">\n<div class=\"wp-block-uagb-image aligncenter uagb-block-a375cd85 wp-block-uagb-image--layout-default wp-block-uagb-image--effect-static wp-block-uagb-image--align-center\"><figure class=\"wp-block-uagb-image__figure\"><img decoding=\"async\" srcset=\"https:\/\/i0.wp.com\/lbcranes.es\/wp-content\/uploads\/2025\/04\/Screenshot-2025-04-25-at-16.16.29.png?resize=751%2C516&#038;ssl=1 ,https:\/\/lbcranes.es\/wp-content\/uploads\/2025\/04\/Screenshot-2025-04-25-at-16.16.29.png 780w, https:\/\/lbcranes.es\/wp-content\/uploads\/2025\/04\/Screenshot-2025-04-25-at-16.16.29.png 360w\" sizes=\"auto, (max-width: 480px) 150px\" src=\"https:\/\/i0.wp.com\/lbcranes.es\/wp-content\/uploads\/2025\/04\/Screenshot-2025-04-25-at-16.16.29.png?resize=751%2C516&#038;ssl=1\" alt=\"Sombreado puente gr\u00faa\" class=\"uag-image-4443\" width=\"751\" height=\"516\" title=\"Screenshot 2025-04-25 at 16.16.29\" loading=\"lazy\" role=\"img\" data-recalc-dims=\"1\"\/><\/figure><\/div>\n<\/div>\n<\/div><\/div>\n\n\n\n<div class=\"wp-block-uagb-container uagb-block-692f0f51 alignfull uagb-is-root-container\"><div class=\"uagb-container-inner-blocks-wrap\">\n<div class=\"wp-block-uagb-container uagb-block-b2c58325\">\n<figure class=\"wp-block-image size-full is-resized\"><img loading=\"lazy\" decoding=\"async\" width=\"721\" height=\"764\" src=\"https:\/\/i0.wp.com\/lbcranes.es\/wp-content\/uploads\/2024\/01\/WhatsApp-Image-2024-01-15-at-14.22.24-1-1.jpeg?resize=721%2C764&#038;ssl=1\" alt=\"Sistema ligero de 530kg\" class=\"wp-image-3973\" style=\"width:530px;height:357px\" srcset=\"https:\/\/i0.wp.com\/lbcranes.es\/wp-content\/uploads\/2024\/01\/WhatsApp-Image-2024-01-15-at-14.22.24-1-1.jpeg?w=721&amp;ssl=1 721w, https:\/\/i0.wp.com\/lbcranes.es\/wp-content\/uploads\/2024\/01\/WhatsApp-Image-2024-01-15-at-14.22.24-1-1.jpeg?resize=283%2C300&amp;ssl=1 283w, https:\/\/i0.wp.com\/lbcranes.es\/wp-content\/uploads\/2024\/01\/WhatsApp-Image-2024-01-15-at-14.22.24-1-1.jpeg?resize=11%2C12&amp;ssl=1 11w\" sizes=\"auto, (max-width: 721px) 100vw, 721px\" data-recalc-dims=\"1\" \/><\/figure>\n<\/div>\n\n\n\n<div class=\"wp-block-uagb-container uagb-block-374739ea\">\n<div class=\"wp-block-uagb-info-box uagb-block-45a35909 uagb-infobox__content-wrap  uagb-infobox-icon-above-title uagb-infobox-image-valign-top\"><div class=\"uagb-ifb-content\"><div class=\"uagb-ifb-title-wrap\"><h3 class=\"uagb-ifb-title\"><strong>Beneficios de las zonas de seguridad sombreadas<\/strong><\/h3><\/div><p class=\"uagb-ifb-desc\">Mayor seguridad en la nave: Se evita el riesgo de colisiones con estructuras fijas y se protegen las \u00e1reas sensibles.<br>Reducci\u00f3n de accidentes: Se minimiza la posibilidad de golpes que puedan poner en peligro a los operarios o da\u00f1ar equipos costosos.<br>Implementaci\u00f3n sencilla y de bajo coste: Es una soluci\u00f3n econ\u00f3mica dentro de las modernizaciones disponibles para puentes gr\u00faa.<br>Mayor control y eficiencia: Al delimitar zonas seguras, se optimizan los desplazamientos del puente gr\u00faa sin comprometer la operatividad.<\/p><\/div><\/div>\n\n\n\n<div class=\"wp-block-uagb-info-box uagb-block-3377e3e7 uagb-infobox__content-wrap  uagb-infobox-icon-above-title uagb-infobox-image-valign-top\"><div class=\"uagb-ifb-content\"><div class=\"uagb-ifb-title-wrap\"><h3 class=\"uagb-ifb-title\"><strong>Moderniza tu puente gr\u00faa con LBcranes<\/strong><\/h3><\/div><p class=\"uagb-ifb-desc\">En LBcranes, ofrecemos soluciones avanzadas para la modernizaci\u00f3n de puentes gr\u00faa, incluyendo la implementaci\u00f3n de zonas de seguridad sombreadas. Esta mejora tiene un coste accesible y es una opci\u00f3n ideal para aumentar la seguridad sin afectar la productividad.<\/p><\/div><\/div>\n<\/div>\n<\/div><\/div>\n\n\n\n<div class=\"wp-block-uagb-container uagb-block-3438da32 alignfull uagb-is-root-container\"><div class=\"uagb-container-inner-blocks-wrap\">\n<div class=\"wp-block-uagb-call-to-action uagb-block-46605ebd wp-block-button\"><div class=\"uagb-cta__wrap\"><p class=\"uagb-cta__desc\">\u00bfQuieres m\u00e1s informaci\u00f3n sobre esta modernizaci\u00f3n? Consulta con nuestro equipo de expertos.<\/p><\/div><div class=\"uagb-cta__buttons\"><a href=\"https:\/\/lbcranes.es\/en\/contact\" class=\"uagb-cta__button-link-wrapper wp-block-button__link\" target=\"_self\" rel=\"noopener noreferrer\">Contact<\/a><\/div><\/div>\n<\/div><\/div>","protected":false},"excerpt":{"rendered":"<p>Zonas sombreadas Sistemas de zonas de seguridad en puentes gr\u00faa En el entorno industrial, la seguridad es un factor clave para garantizar operaciones eficientes y sin interrupciones. Uno de los riesgos m\u00e1s comunes en el uso de puentes gr\u00faa es la posibilidad de colisiones con estructuras dentro de la nave, como oficinas, maquinaria o estanter\u00edas. [&hellip;]<\/p>","protected":false},"author":1,"featured_media":3835,"parent":2038,"menu_order":0,"comment_status":"closed","ping_status":"closed","template":"","meta":{"_uag_custom_page_level_css":"","site-sidebar-layout":"default","site-content-layout":"","ast-site-content-layout":"default","site-content-style":"default","site-sidebar-style":"default","ast-global-header-display":"","ast-banner-title-visibility":"","ast-main-header-display":"","ast-hfb-above-header-display":"","ast-hfb-below-header-display":"","ast-hfb-mobile-header-display":"","site-post-title":"disabled","ast-breadcrumbs-content":"","ast-featured-img":"","footer-sml-layout":"","theme-transparent-header-meta":"","adv-header-id-meta":"","stick-header-meta":"","header-above-stick-meta":"","header-main-stick-meta":"","header-below-stick-meta":"","astra-migrate-meta-layouts":"set","ast-page-background-enabled":"default","ast-page-background-meta":{"desktop":{"background-color":"var(--ast-global-color-4)","background-image":"","background-repeat":"repeat","background-position":"center center","background-size":"auto","background-attachment":"scroll","background-type":"","background-media":"","overlay-type":"","overlay-color":"","overlay-gradient":""},"tablet":{"background-color":"","background-image":"","background-repeat":"repeat","background-position":"center center","background-size":"auto","background-attachment":"scroll","background-type":"","background-media":"","overlay-type":"","overlay-color":"","overlay-gradient":""},"mobile":{"background-color":"","background-image":"","background-repeat":"repeat","background-position":"center center","background-size":"auto","background-attachment":"scroll","background-type":"","background-media":"","overlay-type":"","overlay-color":"","overlay-gradient":""}},"ast-content-background-meta":{"desktop":{"background-color":"var(--ast-global-color-5)","background-image":"","background-repeat":"repeat","background-position":"center center","background-size":"auto","background-attachment":"scroll","background-type":"","background-media":"","overlay-type":"","overlay-color":"","overlay-gradient":""},"tablet":{"background-color":"var(--ast-global-color-5)","background-image":"","background-repeat":"repeat","background-position":"center center","background-size":"auto","background-attachment":"scroll","background-type":"","background-media":"","overlay-type":"","overlay-color":"","overlay-gradient":""},"mobile":{"background-color":"var(--ast-global-color-5)","background-image":"","background-repeat":"repeat","background-position":"center center","background-size":"auto","background-attachment":"scroll","background-type":"","background-media":"","overlay-type":"","overlay-color":"","overlay-gradient":""}},"footnotes":""},"class_list":["post-592","page","type-page","status-publish","has-post-thumbnail","hentry"],"yoast_head":"<!-- This site is optimized with the Yoast SEO plugin v22.3 - https:\/\/yoast.com\/wordpress\/plugins\/seo\/ -->\n<title>Sombreado de puentes gr\u00faa - LBCranes Puentes Gr\u00faa<\/title>\n<meta name=\"description\" content=\"Para evitar estos incidentes con puentes gr\u00faa se pueden implementar zonas de seguridad sombreadas de bajo coste.\" \/>\n<meta name=\"robots\" content=\"index, follow, max-snippet:-1, max-image-preview:large, max-video-preview:-1\" \/>\n<link rel=\"canonical\" href=\"https:\/\/lbcranes.es\/en\/chain-cable-hoists\/upgrades\/\" \/>\n<meta property=\"og:locale\" content=\"en_GB\" \/>\n<meta property=\"og:type\" content=\"article\" \/>\n<meta property=\"og:title\" content=\"Sombreado de puentes gr\u00faa - LBCranes Puentes Gr\u00faa\" \/>\n<meta property=\"og:description\" content=\"Para evitar estos incidentes con puentes gr\u00faa se pueden implementar zonas de seguridad sombreadas de bajo coste.\" \/>\n<meta property=\"og:url\" content=\"https:\/\/lbcranes.es\/en\/chain-cable-hoists\/upgrades\/\" \/>\n<meta property=\"og:site_name\" content=\"LBCranes Puentes Gr\u00faa Espa\u00f1a\" \/>\n<meta property=\"article:modified_time\" content=\"2025-04-25T14:26:19+00:00\" \/>\n<meta property=\"og:image\" content=\"https:\/\/lbcranes.es\/wp-content\/uploads\/2023\/11\/WhatsApp-Image-2023-11-15-at-14.28.49.jpeg\" \/>\n\t<meta property=\"og:image:width\" content=\"1600\" \/>\n\t<meta property=\"og:image:height\" content=\"721\" \/>\n\t<meta property=\"og:image:type\" content=\"image\/jpeg\" \/>\n<meta name=\"twitter:card\" content=\"summary_large_image\" \/>\n<meta name=\"twitter:label1\" content=\"Estimated reading time\" \/>\n\t<meta name=\"twitter:data1\" content=\"2 minutes\" \/>\n<script type=\"application\/ld+json\" class=\"yoast-schema-graph\">{\"@context\":\"https:\/\/schema.org\",\"@graph\":[{\"@type\":\"WebPage\",\"@id\":\"https:\/\/lbcranes.es\/polipastos-cable-cadena\/sombreado-puentes-grua\/\",\"url\":\"https:\/\/lbcranes.es\/polipastos-cable-cadena\/sombreado-puentes-grua\/\",\"name\":\"Sombreado de puentes gr\u00faa - LBCranes Puentes Gr\u00faa\",\"isPartOf\":{\"@id\":\"https:\/\/lbcranes.es\/#website\"},\"primaryImageOfPage\":{\"@id\":\"https:\/\/lbcranes.es\/polipastos-cable-cadena\/sombreado-puentes-grua\/#primaryimage\"},\"image\":{\"@id\":\"https:\/\/lbcranes.es\/polipastos-cable-cadena\/sombreado-puentes-grua\/#primaryimage\"},\"thumbnailUrl\":\"https:\/\/i0.wp.com\/lbcranes.es\/wp-content\/uploads\/2023\/11\/WhatsApp-Image-2023-11-15-at-14.28.49.jpeg?fit=1600%2C721&ssl=1\",\"datePublished\":\"2023-02-27T12:03:57+00:00\",\"dateModified\":\"2025-04-25T14:26:19+00:00\",\"description\":\"Para evitar estos incidentes con puentes gr\u00faa se pueden implementar zonas de seguridad sombreadas de bajo coste.\",\"breadcrumb\":{\"@id\":\"https:\/\/lbcranes.es\/polipastos-cable-cadena\/sombreado-puentes-grua\/#breadcrumb\"},\"inLanguage\":\"en-GB\",\"potentialAction\":[{\"@type\":\"ReadAction\",\"target\":[\"https:\/\/lbcranes.es\/polipastos-cable-cadena\/sombreado-puentes-grua\/\"]}]},{\"@type\":\"ImageObject\",\"inLanguage\":\"en-GB\",\"@id\":\"https:\/\/lbcranes.es\/polipastos-cable-cadena\/sombreado-puentes-grua\/#primaryimage\",\"url\":\"https:\/\/i0.wp.com\/lbcranes.es\/wp-content\/uploads\/2023\/11\/WhatsApp-Image-2023-11-15-at-14.28.49.jpeg?fit=1600%2C721&ssl=1\",\"contentUrl\":\"https:\/\/i0.wp.com\/lbcranes.es\/wp-content\/uploads\/2023\/11\/WhatsApp-Image-2023-11-15-at-14.28.49.jpeg?fit=1600%2C721&ssl=1\",\"width\":1600,\"height\":721,\"caption\":\"Puente gr\u00faa monorra\u00edl 5Tn.\"},{\"@type\":\"BreadcrumbList\",\"@id\":\"https:\/\/lbcranes.es\/polipastos-cable-cadena\/sombreado-puentes-grua\/#breadcrumb\",\"itemListElement\":[{\"@type\":\"ListItem\",\"position\":1,\"name\":\"Portada\",\"item\":\"https:\/\/lbcranes.es\/\"},{\"@type\":\"ListItem\",\"position\":2,\"name\":\"Polipastos de cable y cadena\",\"item\":\"https:\/\/lbcranes.es\/polipastos-cable-cadena\/\"},{\"@type\":\"ListItem\",\"position\":3,\"name\":\"Zonas sombreadas\"}]},{\"@type\":\"WebSite\",\"@id\":\"https:\/\/lbcranes.es\/#website\",\"url\":\"https:\/\/lbcranes.es\/\",\"name\":\"LBCranes Puentes Gr\u00faa Espa\u00f1a\",\"description\":\"Venta e instalaci\u00f3n de puentes gr\u00faa y sistemas de elevaci\u00f3n para industria.\",\"publisher\":{\"@id\":\"https:\/\/lbcranes.es\/#organization\"},\"alternateName\":\"LBCranes\",\"potentialAction\":[{\"@type\":\"SearchAction\",\"target\":{\"@type\":\"EntryPoint\",\"urlTemplate\":\"https:\/\/lbcranes.es\/?s={search_term_string}\"},\"query-input\":\"required name=search_term_string\"}],\"inLanguage\":\"en-GB\"},{\"@type\":\"Organization\",\"@id\":\"https:\/\/lbcranes.es\/#organization\",\"name\":\"LBCranes Puentes Gr\u00faa\",\"alternateName\":\"LBCranes Lifting Equipments\",\"url\":\"https:\/\/lbcranes.es\/\",\"logo\":{\"@type\":\"ImageObject\",\"inLanguage\":\"en-GB\",\"@id\":\"https:\/\/lbcranes.es\/#\/schema\/logo\/image\/\",\"url\":\"https:\/\/lbcranes.es\/wp-content\/uploads\/2023\/02\/lbcranes_logo.svg\",\"contentUrl\":\"https:\/\/lbcranes.es\/wp-content\/uploads\/2023\/02\/lbcranes_logo.svg\",\"width\":1,\"height\":1,\"caption\":\"LBCranes Puentes Gr\u00faa\"},\"image\":{\"@id\":\"https:\/\/lbcranes.es\/#\/schema\/logo\/image\/\"},\"sameAs\":[\"https:\/\/www.instagram.com\/lbcranes\/\",\"https:\/\/www.linkedin.com\/company\/lbcranes-lifting-equipments\"]}]}<\/script>\n<!-- \/ Yoast SEO plugin. -->","yoast_head_json":{"title":"Sombreado de puentes gr\u00faa - LBCranes Puentes Gr\u00faa","description":"Para evitar estos incidentes con puentes gr\u00faa se pueden implementar zonas de seguridad sombreadas de bajo coste.","robots":{"index":"index","follow":"follow","max-snippet":"max-snippet:-1","max-image-preview":"max-image-preview:large","max-video-preview":"max-video-preview:-1"},"canonical":"https:\/\/lbcranes.es\/en\/chain-cable-hoists\/upgrades\/","og_locale":"en_GB","og_type":"article","og_title":"Sombreado de puentes gr\u00faa - LBCranes Puentes Gr\u00faa","og_description":"Para evitar estos incidentes con puentes gr\u00faa se pueden implementar zonas de seguridad sombreadas de bajo coste.","og_url":"https:\/\/lbcranes.es\/en\/chain-cable-hoists\/upgrades\/","og_site_name":"LBCranes Puentes Gr\u00faa Espa\u00f1a","article_modified_time":"2025-04-25T14:26:19+00:00","og_image":[{"width":1600,"height":721,"url":"https:\/\/lbcranes.es\/wp-content\/uploads\/2023\/11\/WhatsApp-Image-2023-11-15-at-14.28.49.jpeg","type":"image\/jpeg"}],"twitter_card":"summary_large_image","twitter_misc":{"Estimated reading time":"2 minutes"},"schema":{"@context":"https:\/\/schema.org","@graph":[{"@type":"WebPage","@id":"https:\/\/lbcranes.es\/polipastos-cable-cadena\/sombreado-puentes-grua\/","url":"https:\/\/lbcranes.es\/polipastos-cable-cadena\/sombreado-puentes-grua\/","name":"Sombreado de puentes gr\u00faa - LBCranes Puentes Gr\u00faa","isPartOf":{"@id":"https:\/\/lbcranes.es\/#website"},"primaryImageOfPage":{"@id":"https:\/\/lbcranes.es\/polipastos-cable-cadena\/sombreado-puentes-grua\/#primaryimage"},"image":{"@id":"https:\/\/lbcranes.es\/polipastos-cable-cadena\/sombreado-puentes-grua\/#primaryimage"},"thumbnailUrl":"https:\/\/i0.wp.com\/lbcranes.es\/wp-content\/uploads\/2023\/11\/WhatsApp-Image-2023-11-15-at-14.28.49.jpeg?fit=1600%2C721&ssl=1","datePublished":"2023-02-27T12:03:57+00:00","dateModified":"2025-04-25T14:26:19+00:00","description":"Para evitar estos incidentes con puentes gr\u00faa se pueden implementar zonas de seguridad sombreadas de bajo coste.","breadcrumb":{"@id":"https:\/\/lbcranes.es\/polipastos-cable-cadena\/sombreado-puentes-grua\/#breadcrumb"},"inLanguage":"en-GB","potentialAction":[{"@type":"ReadAction","target":["https:\/\/lbcranes.es\/polipastos-cable-cadena\/sombreado-puentes-grua\/"]}]},{"@type":"ImageObject","inLanguage":"en-GB","@id":"https:\/\/lbcranes.es\/polipastos-cable-cadena\/sombreado-puentes-grua\/#primaryimage","url":"https:\/\/i0.wp.com\/lbcranes.es\/wp-content\/uploads\/2023\/11\/WhatsApp-Image-2023-11-15-at-14.28.49.jpeg?fit=1600%2C721&ssl=1","contentUrl":"https:\/\/i0.wp.com\/lbcranes.es\/wp-content\/uploads\/2023\/11\/WhatsApp-Image-2023-11-15-at-14.28.49.jpeg?fit=1600%2C721&ssl=1","width":1600,"height":721,"caption":"Puente gr\u00faa monorra\u00edl 5Tn."},{"@type":"BreadcrumbList","@id":"https:\/\/lbcranes.es\/polipastos-cable-cadena\/sombreado-puentes-grua\/#breadcrumb","itemListElement":[{"@type":"ListItem","position":1,"name":"Portada","item":"https:\/\/lbcranes.es\/"},{"@type":"ListItem","position":2,"name":"Polipastos de cable y cadena","item":"https:\/\/lbcranes.es\/polipastos-cable-cadena\/"},{"@type":"ListItem","position":3,"name":"Zonas sombreadas"}]},{"@type":"WebSite","@id":"https:\/\/lbcranes.es\/#website","url":"https:\/\/lbcranes.es\/","name":"LBCranes Puentes Gr\u00faa Espa\u00f1a","description":"Venta e instalaci\u00f3n de puentes gr\u00faa y sistemas de elevaci\u00f3n para industria.","publisher":{"@id":"https:\/\/lbcranes.es\/#organization"},"alternateName":"LBCranes","potentialAction":[{"@type":"SearchAction","target":{"@type":"EntryPoint","urlTemplate":"https:\/\/lbcranes.es\/?s={search_term_string}"},"query-input":"required name=search_term_string"}],"inLanguage":"en-GB"},{"@type":"Organization","@id":"https:\/\/lbcranes.es\/#organization","name":"LBCranes Puentes Gr\u00faa","alternateName":"LBCranes Lifting Equipments","url":"https:\/\/lbcranes.es\/","logo":{"@type":"ImageObject","inLanguage":"en-GB","@id":"https:\/\/lbcranes.es\/#\/schema\/logo\/image\/","url":"https:\/\/lbcranes.es\/wp-content\/uploads\/2023\/02\/lbcranes_logo.svg","contentUrl":"https:\/\/lbcranes.es\/wp-content\/uploads\/2023\/02\/lbcranes_logo.svg","width":1,"height":1,"caption":"LBCranes Puentes Gr\u00faa"},"image":{"@id":"https:\/\/lbcranes.es\/#\/schema\/logo\/image\/"},"sameAs":["https:\/\/www.instagram.com\/lbcranes\/","https:\/\/www.linkedin.com\/company\/lbcranes-lifting-equipments"]}]}},"jetpack_sharing_enabled":true,"uagb_featured_image_src":{"full":["https:\/\/i0.wp.com\/lbcranes.es\/wp-content\/uploads\/2023\/11\/WhatsApp-Image-2023-11-15-at-14.28.49.jpeg?fit=1600%2C721&ssl=1",1600,721,false],"thumbnail":["https:\/\/i0.wp.com\/lbcranes.es\/wp-content\/uploads\/2023\/11\/WhatsApp-Image-2023-11-15-at-14.28.49.jpeg?resize=150%2C150&ssl=1",150,150,true],"medium":["https:\/\/i0.wp.com\/lbcranes.es\/wp-content\/uploads\/2023\/11\/WhatsApp-Image-2023-11-15-at-14.28.49.jpeg?fit=300%2C135&ssl=1",300,135,true],"medium_large":["https:\/\/i0.wp.com\/lbcranes.es\/wp-content\/uploads\/2023\/11\/WhatsApp-Image-2023-11-15-at-14.28.49.jpeg?fit=768%2C346&ssl=1",768,346,true],"large":["https:\/\/i0.wp.com\/lbcranes.es\/wp-content\/uploads\/2023\/11\/WhatsApp-Image-2023-11-15-at-14.28.49.jpeg?fit=1024%2C461&ssl=1",1024,461,true],"1536x1536":["https:\/\/i0.wp.com\/lbcranes.es\/wp-content\/uploads\/2023\/11\/WhatsApp-Image-2023-11-15-at-14.28.49.jpeg?fit=1536%2C692&ssl=1",1536,692,true],"2048x2048":["https:\/\/i0.wp.com\/lbcranes.es\/wp-content\/uploads\/2023\/11\/WhatsApp-Image-2023-11-15-at-14.28.49.jpeg?fit=1600%2C721&ssl=1",1600,721,true],"trp-custom-language-flag":["https:\/\/i0.wp.com\/lbcranes.es\/wp-content\/uploads\/2023\/11\/WhatsApp-Image-2023-11-15-at-14.28.49.jpeg?fit=18%2C8&ssl=1",18,8,true]},"uagb_author_info":{"display_name":"admin","author_link":"https:\/\/lbcranes.es\/en\/author\/miquelcoll\/"},"uagb_comment_info":0,"uagb_excerpt":"Zonas sombreadas Sistemas de zonas de seguridad en puentes gr\u00faa En el entorno industrial, la seguridad es un factor clave para garantizar operaciones eficientes y sin interrupciones. Uno de los riesgos m\u00e1s comunes en el uso de puentes gr\u00faa es la posibilidad de colisiones con estructuras dentro de la nave, como oficinas, maquinaria o estanter\u00edas.&hellip;","jetpack-related-posts":[],"_links":{"self":[{"href":"https:\/\/lbcranes.es\/en\/wp-json\/wp\/v2\/pages\/592","targetHints":{"allow":["GET"]}}],"collection":[{"href":"https:\/\/lbcranes.es\/en\/wp-json\/wp\/v2\/pages"}],"about":[{"href":"https:\/\/lbcranes.es\/en\/wp-json\/wp\/v2\/types\/page"}],"author":[{"embeddable":true,"href":"https:\/\/lbcranes.es\/en\/wp-json\/wp\/v2\/users\/1"}],"replies":[{"embeddable":true,"href":"https:\/\/lbcranes.es\/en\/wp-json\/wp\/v2\/comments?post=592"}],"version-history":[{"count":38,"href":"https:\/\/lbcranes.es\/en\/wp-json\/wp\/v2\/pages\/592\/revisions"}],"predecessor-version":[{"id":4446,"href":"https:\/\/lbcranes.es\/en\/wp-json\/wp\/v2\/pages\/592\/revisions\/4446"}],"up":[{"embeddable":true,"href":"https:\/\/lbcranes.es\/en\/wp-json\/wp\/v2\/pages\/2038"}],"wp:featuredmedia":[{"embeddable":true,"href":"https:\/\/lbcranes.es\/en\/wp-json\/wp\/v2\/media\/3835"}],"wp:attachment":[{"href":"https:\/\/lbcranes.es\/en\/wp-json\/wp\/v2\/media?parent=592"}],"curies":[{"name":"wp","href":"https:\/\/api.w.org\/{rel}","templated":true}]}}