{"id":177,"date":"2023-02-08T19:55:04","date_gmt":"2023-02-08T19:55:04","guid":{"rendered":"https:\/\/lbcranes.es\/?page_id=177"},"modified":"2023-09-13T10:11:55","modified_gmt":"2023-09-13T10:11:55","slug":"gruas-proceso","status":"publish","type":"page","link":"https:\/\/lbcranes.es\/fr\/ponts-roulants\/grues-process\/","title":{"rendered":"Grues de process"},"content":{"rendered":"<div class=\"wp-block-uagb-container uagb-block-46c6b96f alignfull uagb-is-root-container\"><div class=\"uagb-container-inner-blocks-wrap\">\n<div class=\"wp-block-uagb-advanced-heading uagb-block-c7ff6815\"><h1 class=\"uagb-heading-text\">Grues de process<\/h1><\/div>\n<\/div><\/div>\n\n\n\n<div class=\"wp-block-uagb-container uagb-block-a964bfe5 alignfull uagb-is-root-container\"><div class=\"uagb-container-inner-blocks-wrap\">\n<hr class=\"wp-block-separator has-text-color has-alpha-channel-opacity has-background\" style=\"background-color:#ffffff00;color:#ffffff00\"\/>\n\n\n\n<div class=\"inherit-container-width wp-block-group is-layout-constrained wp-block-group-is-layout-constrained\">\n<div class=\"inherit-container-width wp-block-group is-layout-constrained wp-block-group-is-layout-constrained\">\n<div class=\"wp-block-columns is-layout-flex wp-container-core-columns-is-layout-9f516129 wp-block-columns-is-layout-flex\" style=\"padding-top:var(--wp--preset--spacing--40);padding-right:var(--wp--preset--spacing--40);padding-left:var(--wp--preset--spacing--40)\">\n<div class=\"wp-block-column is-layout-flow wp-block-column-is-layout-flow\" style=\"padding-left:0\">\n<p class=\"has-text-align-left translation-block\">LBCranes fabrique et vend des grues de processus haute performance, con\u00e7ues pour <strong>manipuler des charges extr\u00eamement lourdes et r\u00e9sister \u00e0 une utilisation continue<\/strong>. Nous proposons des solutions techniques de haute qualit\u00e9 qui r\u00e9pondent aux exigences les plus complexes.<\/p>\n\n\n\n<div style=\"height:5px\" aria-hidden=\"true\" class=\"wp-block-spacer\"><\/div>\n\n\n\n<div class=\"wp-block-uagb-advanced-heading uagb-block-dbe1f715 uag-hide-mob\"><h4 class=\"uagb-heading-text\">Charges \u00e9lev\u00e9es en utilisation continue<\/h4><\/div>\n\n\n\n<div style=\"height:5px\" aria-hidden=\"true\" class=\"wp-block-spacer\"><\/div>\n\n\n\n<p class=\"has-text-align-left uag-hide-mob translation-block\">Ces grues comprennent une capacit\u00e9 de levage accrue (<strong>de 10 \u00e0 250 tonnes<\/strong>), une hauteur de levage (<strong>jusqu'\u00e0 129 m\u00e8tres<\/strong>), un groupe d'utilisation (<strong>classification ISO jusqu'\u00e0 M6<\/strong>) et un contr\u00f4le de vitesse (vitesse variable).<\/p>\n\n\n\n<p class=\"has-text-align-left uag-hide-mob\">Nos ponts automatiques sont une excellente option pour am\u00e9liorer l'efficacit\u00e9 et la s\u00e9curit\u00e9 de votre processus de production. <\/p>\n\n\n\n<p class=\"has-text-align-left uag-hide-mob\">Nous disposons d'une plateforme de maintenance standardis\u00e9e et d'un syst\u00e8me innovant de guidage du c\u00e2ble qui r\u00e9duit les contraintes sur le c\u00e2ble et prolonge la dur\u00e9e de vie de la grue.<\/p>\n\n\n\n<p>Toutes ces caract\u00e9ristiques font que nos grues de process r\u00e9pondent largement aux besoins de nos clients. La robustesse et la fiabilit\u00e9 sont les \u00e9l\u00e9ments les plus importants des grues de process, des \u00e9quipements con\u00e7us pour supporter de lourdes charges pendant de longues p\u00e9riodes. <\/p>\n<\/div>\n\n\n\n<div class=\"wp-block-column is-content-justification-right is-layout-constrained wp-container-core-column-is-layout-d0e502ac wp-block-column-is-layout-constrained\" style=\"padding-left:0;flex-basis:45%\">\n<figure class=\"wp-block-table\"><table class=\"has-border-color has-ast-global-color-0-border-color\" style=\"border-width:1px\"><tbody><tr><td>Capacit\u00e9 de levage<\/td><td>10tn -250tn<\/td><\/tr><tr><td>Hauteur de levage<\/td><td>&lt;129m<\/td><\/tr><tr><td>ISO<\/td><td>\u00c0 M6<\/td><\/tr><tr><td>Control de velocit\u00e9<\/td><td>Oui<\/td><\/tr><\/tbody><\/table><\/figure>\n\n\n\n<div class=\"wp-block-uagb-image aligncenter uagb-block-85b24609 wp-block-uagb-image--layout-default wp-block-uagb-image--effect-static wp-block-uagb-image--align-center\"><figure class=\"wp-block-uagb-image__figure\"><img decoding=\"async\" srcset=\"https:\/\/i0.wp.com\/lbcranes.es\/wp-content\/uploads\/2023\/08\/grua-de-proceso-180tn-e1694599678176-1024x969.jpg?resize=383%2C338&#038;ssl=1 \" sizes=\"auto, (max-width: 480px) 150px\" src=\"https:\/\/i0.wp.com\/lbcranes.es\/wp-content\/uploads\/2023\/08\/grua-de-proceso-180tn-e1694599678176-1024x969.jpg?resize=383%2C338&#038;ssl=1\" alt=\"grue de process LBCranes\" class=\"uag-image-2804\" width=\"383\" height=\"338\" title=\"\" loading=\"lazy\" data-recalc-dims=\"1\"\/><\/figure><\/div>\n<\/div>\n<\/div>\n\n\n\n<div class=\"wp-block-columns has-ast-global-color-0-background-color has-background is-layout-flex wp-container-core-columns-is-layout-2482a876 wp-block-columns-is-layout-flex\" style=\"margin-top:var(--wp--preset--spacing--50);margin-bottom:var(--wp--preset--spacing--50);padding-top:var(--wp--preset--spacing--80);padding-right:var(--wp--preset--spacing--80);padding-bottom:var(--wp--preset--spacing--80);padding-left:var(--wp--preset--spacing--80)\">\n<div class=\"wp-block-column is-layout-flow wp-block-column-is-layout-flow\">\n<div class=\"wp-block-uagb-advanced-heading uagb-block-db29f3df\"><h2 class=\"uagb-heading-text\">Avez-vous besoin d'une grue de process?<\/h2><p class=\"uagb-desc-text\">Nous vous proposons l'offre la plus adapt\u00e9e \u00e0 vos besoins.<\/p><\/div>\n<\/div>\n\n\n\n<div class=\"wp-block-column is-layout-flow wp-block-column-is-layout-flow\">\n<div class=\"wp-block-buttons is-content-justification-center is-layout-flex wp-container-core-buttons-is-layout-a89b3969 wp-block-buttons-is-layout-flex\">\n<div class=\"wp-block-button has-custom-font-size has-small-font-size\"><a class=\"wp-block-button__link has-ast-global-color-3-color has-white-background-color has-text-color has-background wp-element-button\" href=\"https:\/\/lbcranes.es\/fr\/contacto-2\/\" style=\"padding-top:var(--wp--preset--spacing--50);padding-right:var(--wp--preset--spacing--70);padding-bottom:var(--wp--preset--spacing--50);padding-left:var(--wp--preset--spacing--70)\">Demande de prix<\/a><\/div>\n<\/div>\n<\/div>\n<\/div>\n\n\n\n<div style=\"height:30px\" aria-hidden=\"true\" class=\"wp-block-spacer\"><\/div>\n<\/div>\n\n\n\n<div class=\"wp-block-uagb-call-to-action uagb-block-b2bf20ad wp-block-button\"><div class=\"uagb-cta__wrap\"><h3 class=\"uagb-cta__title\">L'entretien des grues de process<\/h3><p class=\"uagb-cta__desc\">Une bonne maintenance des grues de process est essentielle pour assurer leur fonctionnement \u00e0 long terme. Les grues qui fonctionnent pendant de longues p\u00e9riodes n\u00e9cessitent plus d'attention en raison de l'usure et de la fatigue qu'elles subissent. Un bon entretien r\u00e9duit le risque de d\u00e9faillance, augmente la s\u00e9curit\u00e9 op\u00e9rationnelle et prolonge la dur\u00e9e de vie de la grue.<\/p><\/div><div class=\"uagb-cta__buttons\"><a href=\"https:\/\/lbcranes.es\/fr\/maintenance-ponts-roulants\/\" class=\"uagb-cta__button-link-wrapper wp-block-button__link\" target=\"_self\" rel=\"noopener noreferrer\">Maintenance<svg xmlns=\"https:\/\/www.w3.org\/2000\/svg\" viewbox=\"0 0 512 512\"><path d=\"M504.3 273.6l-112.1 104c-6.992 6.484-17.18 8.218-25.94 4.406c-8.758-3.812-14.42-12.45-14.42-21.1L351.9 288H32C14.33 288 .0002 273.7 .0002 255.1S14.33 224 32 224h319.9l0-72c0-9.547 5.66-18.19 14.42-22c8.754-3.809 18.95-2.075 25.94 4.41l112.1 104C514.6 247.9 514.6 264.1 504.3 273.6z\"><\/path><\/svg><\/a><\/div><\/div>\n<\/div>\n<\/div><\/div>","protected":false},"excerpt":{"rendered":"<p>Gr\u00faas de proceso LBCranes fabrica y vende gr\u00faas de proceso de alto rendimiento, dise\u00f1ados para manejar cargas extremadamente altas y soportar un uso continuo. Ofrecemos soluciones t\u00e9cnicas de alta calidad que cumplen con los requisitos m\u00e1s complejos. Grandes cargas en uso continuo Estas gr\u00faas incluyen una mayor capacidad de elevaci\u00f3n (10 a 250 toneladas), altura [&hellip;]<\/p>","protected":false},"author":1,"featured_media":554,"parent":137,"menu_order":0,"comment_status":"closed","ping_status":"closed","template":"","meta":{"_uag_custom_page_level_css":"","site-sidebar-layout":"default","site-content-layout":"","ast-site-content-layout":"","site-content-style":"default","site-sidebar-style":"default","ast-global-header-display":"","ast-banner-title-visibility":"","ast-main-header-display":"","ast-hfb-above-header-display":"","ast-hfb-below-header-display":"","ast-hfb-mobile-header-display":"","site-post-title":"disabled","ast-breadcrumbs-content":"","ast-featured-img":"","footer-sml-layout":"","theme-transparent-header-meta":"","adv-header-id-meta":"","stick-header-meta":"","header-above-stick-meta":"","header-main-stick-meta":"","header-below-stick-meta":"","astra-migrate-meta-layouts":"default","ast-page-background-enabled":"default","ast-page-background-meta":{"desktop":{"background-color":"var(--ast-global-color-4)","background-image":"","background-repeat":"repeat","background-position":"center center","background-size":"auto","background-attachment":"scroll","background-type":"","background-media":"","overlay-type":"","overlay-color":"","overlay-gradient":""},"tablet":{"background-color":"","background-image":"","background-repeat":"repeat","background-position":"center center","background-size":"auto","background-attachment":"scroll","background-type":"","background-media":"","overlay-type":"","overlay-color":"","overlay-gradient":""},"mobile":{"background-color":"","background-image":"","background-repeat":"repeat","background-position":"center center","background-size":"auto","background-attachment":"scroll","background-type":"","background-media":"","overlay-type":"","overlay-color":"","overlay-gradient":""}},"ast-content-background-meta":{"desktop":{"background-color":"var(--ast-global-color-5)","background-image":"","background-repeat":"repeat","background-position":"center center","background-size":"auto","background-attachment":"scroll","background-type":"","background-media":"","overlay-type":"","overlay-color":"","overlay-gradient":""},"tablet":{"background-color":"var(--ast-global-color-5)","background-image":"","background-repeat":"repeat","background-position":"center center","background-size":"auto","background-attachment":"scroll","background-type":"","background-media":"","overlay-type":"","overlay-color":"","overlay-gradient":""},"mobile":{"background-color":"var(--ast-global-color-5)","background-image":"","background-repeat":"repeat","background-position":"center center","background-size":"auto","background-attachment":"scroll","background-type":"","background-media":"","overlay-type":"","overlay-color":"","overlay-gradient":""}},"footnotes":""},"class_list":["post-177","page","type-page","status-publish","has-post-thumbnail","hentry"],"yoast_head":"<!-- This site is optimized with the Yoast SEO plugin v22.3 - https:\/\/yoast.com\/wordpress\/plugins\/seo\/ -->\n<title>Gr\u00faas de proceso - LBCranes Puentes Gr\u00faa Espa\u00f1a<\/title>\n<meta name=\"description\" content=\"Gr\u00faas de proceso de alto rendimiento, dise\u00f1ados para manejar cargas extremadamente altas y soportar un uso continuo.\" \/>\n<meta name=\"robots\" content=\"index, follow, max-snippet:-1, max-image-preview:large, max-video-preview:-1\" \/>\n<link rel=\"canonical\" href=\"https:\/\/lbcranes.es\/fr\/ponts-roulants\/grues-process\/\" \/>\n<meta property=\"og:locale\" content=\"fr_FR\" \/>\n<meta property=\"og:type\" content=\"article\" \/>\n<meta property=\"og:title\" content=\"Gr\u00faas de proceso - LBCranes Puentes Gr\u00faa Espa\u00f1a\" \/>\n<meta property=\"og:description\" content=\"Gr\u00faas de proceso de alto rendimiento, dise\u00f1ados para manejar cargas extremadamente altas y soportar un uso continuo.\" \/>\n<meta property=\"og:url\" content=\"https:\/\/lbcranes.es\/fr\/ponts-roulants\/grues-process\/\" \/>\n<meta property=\"og:site_name\" content=\"LBCranes Puentes Gr\u00faa Espa\u00f1a\" \/>\n<meta property=\"article:modified_time\" content=\"2023-09-13T10:11:55+00:00\" \/>\n<meta property=\"og:image\" content=\"https:\/\/lbcranes.es\/wp-content\/uploads\/2023\/02\/puente_grua_birrail_lbcrane.png\" \/>\n\t<meta property=\"og:image:width\" content=\"680\" \/>\n\t<meta property=\"og:image:height\" content=\"308\" \/>\n\t<meta property=\"og:image:type\" content=\"image\/png\" \/>\n<meta name=\"twitter:card\" content=\"summary_large_image\" \/>\n<meta name=\"twitter:label1\" content=\"Dur\u00e9e de lecture estim\u00e9e\" \/>\n\t<meta name=\"twitter:data1\" content=\"2 minutes\" \/>\n<script type=\"application\/ld+json\" class=\"yoast-schema-graph\">{\"@context\":\"https:\/\/schema.org\",\"@graph\":[{\"@type\":\"WebPage\",\"@id\":\"https:\/\/lbcranes.es\/puentes-grua\/gruas-proceso\/\",\"url\":\"https:\/\/lbcranes.es\/puentes-grua\/gruas-proceso\/\",\"name\":\"Gr\u00faas de proceso - LBCranes Puentes Gr\u00faa Espa\u00f1a\",\"isPartOf\":{\"@id\":\"https:\/\/lbcranes.es\/#website\"},\"primaryImageOfPage\":{\"@id\":\"https:\/\/lbcranes.es\/puentes-grua\/gruas-proceso\/#primaryimage\"},\"image\":{\"@id\":\"https:\/\/lbcranes.es\/puentes-grua\/gruas-proceso\/#primaryimage\"},\"thumbnailUrl\":\"https:\/\/i0.wp.com\/lbcranes.es\/wp-content\/uploads\/2023\/02\/puente_grua_birrail_lbcrane.png?fit=680%2C308&ssl=1\",\"datePublished\":\"2023-02-08T19:55:04+00:00\",\"dateModified\":\"2023-09-13T10:11:55+00:00\",\"description\":\"Gr\u00faas de proceso de alto rendimiento, dise\u00f1ados para manejar cargas extremadamente altas y soportar un uso continuo.\",\"breadcrumb\":{\"@id\":\"https:\/\/lbcranes.es\/puentes-grua\/gruas-proceso\/#breadcrumb\"},\"inLanguage\":\"fr-FR\",\"potentialAction\":[{\"@type\":\"ReadAction\",\"target\":[\"https:\/\/lbcranes.es\/puentes-grua\/gruas-proceso\/\"]}]},{\"@type\":\"ImageObject\",\"inLanguage\":\"fr-FR\",\"@id\":\"https:\/\/lbcranes.es\/puentes-grua\/gruas-proceso\/#primaryimage\",\"url\":\"https:\/\/i0.wp.com\/lbcranes.es\/wp-content\/uploads\/2023\/02\/puente_grua_birrail_lbcrane.png?fit=680%2C308&ssl=1\",\"contentUrl\":\"https:\/\/i0.wp.com\/lbcranes.es\/wp-content\/uploads\/2023\/02\/puente_grua_birrail_lbcrane.png?fit=680%2C308&ssl=1\",\"width\":680,\"height\":308,\"caption\":\"Gr\u00faa de proceso para cargas pesadas.\"},{\"@type\":\"BreadcrumbList\",\"@id\":\"https:\/\/lbcranes.es\/puentes-grua\/gruas-proceso\/#breadcrumb\",\"itemListElement\":[{\"@type\":\"ListItem\",\"position\":1,\"name\":\"Portada\",\"item\":\"https:\/\/lbcranes.es\/\"},{\"@type\":\"ListItem\",\"position\":2,\"name\":\"Precio puentes gr\u00faa de calidad\",\"item\":\"https:\/\/lbcranes.es\/puentes-grua\/\"},{\"@type\":\"ListItem\",\"position\":3,\"name\":\"Gr\u00faas de proceso\"}]},{\"@type\":\"WebSite\",\"@id\":\"https:\/\/lbcranes.es\/#website\",\"url\":\"https:\/\/lbcranes.es\/\",\"name\":\"LBCranes Puentes Gr\u00faa Espa\u00f1a\",\"description\":\"Venta e instalaci\u00f3n de puentes gr\u00faa y sistemas de elevaci\u00f3n para industria.\",\"publisher\":{\"@id\":\"https:\/\/lbcranes.es\/#organization\"},\"alternateName\":\"LBCranes\",\"potentialAction\":[{\"@type\":\"SearchAction\",\"target\":{\"@type\":\"EntryPoint\",\"urlTemplate\":\"https:\/\/lbcranes.es\/?s={search_term_string}\"},\"query-input\":\"required name=search_term_string\"}],\"inLanguage\":\"fr-FR\"},{\"@type\":\"Organization\",\"@id\":\"https:\/\/lbcranes.es\/#organization\",\"name\":\"LBCranes Puentes Gr\u00faa\",\"alternateName\":\"LBCranes Lifting Equipments\",\"url\":\"https:\/\/lbcranes.es\/\",\"logo\":{\"@type\":\"ImageObject\",\"inLanguage\":\"fr-FR\",\"@id\":\"https:\/\/lbcranes.es\/#\/schema\/logo\/image\/\",\"url\":\"https:\/\/lbcranes.es\/wp-content\/uploads\/2023\/02\/lbcranes_logo.svg\",\"contentUrl\":\"https:\/\/lbcranes.es\/wp-content\/uploads\/2023\/02\/lbcranes_logo.svg\",\"width\":1,\"height\":1,\"caption\":\"LBCranes Puentes Gr\u00faa\"},\"image\":{\"@id\":\"https:\/\/lbcranes.es\/#\/schema\/logo\/image\/\"},\"sameAs\":[\"https:\/\/www.instagram.com\/lbcranes\/\",\"https:\/\/www.linkedin.com\/company\/lbcranes-lifting-equipments\"]}]}<\/script>\n<!-- \/ Yoast SEO plugin. -->","yoast_head_json":{"title":"Gr\u00faas de proceso - LBCranes Puentes Gr\u00faa Espa\u00f1a","description":"Gr\u00faas de proceso de alto rendimiento, dise\u00f1ados para manejar cargas extremadamente altas y soportar un uso continuo.","robots":{"index":"index","follow":"follow","max-snippet":"max-snippet:-1","max-image-preview":"max-image-preview:large","max-video-preview":"max-video-preview:-1"},"canonical":"https:\/\/lbcranes.es\/fr\/ponts-roulants\/grues-process\/","og_locale":"fr_FR","og_type":"article","og_title":"Gr\u00faas de proceso - LBCranes Puentes Gr\u00faa Espa\u00f1a","og_description":"Gr\u00faas de proceso de alto rendimiento, dise\u00f1ados para manejar cargas extremadamente altas y soportar un uso continuo.","og_url":"https:\/\/lbcranes.es\/fr\/ponts-roulants\/grues-process\/","og_site_name":"LBCranes Puentes Gr\u00faa Espa\u00f1a","article_modified_time":"2023-09-13T10:11:55+00:00","og_image":[{"width":680,"height":308,"url":"https:\/\/lbcranes.es\/wp-content\/uploads\/2023\/02\/puente_grua_birrail_lbcrane.png","type":"image\/png"}],"twitter_card":"summary_large_image","twitter_misc":{"Dur\u00e9e de lecture estim\u00e9e":"2 minutes"},"schema":{"@context":"https:\/\/schema.org","@graph":[{"@type":"WebPage","@id":"https:\/\/lbcranes.es\/puentes-grua\/gruas-proceso\/","url":"https:\/\/lbcranes.es\/puentes-grua\/gruas-proceso\/","name":"Gr\u00faas de proceso - LBCranes Puentes Gr\u00faa Espa\u00f1a","isPartOf":{"@id":"https:\/\/lbcranes.es\/#website"},"primaryImageOfPage":{"@id":"https:\/\/lbcranes.es\/puentes-grua\/gruas-proceso\/#primaryimage"},"image":{"@id":"https:\/\/lbcranes.es\/puentes-grua\/gruas-proceso\/#primaryimage"},"thumbnailUrl":"https:\/\/i0.wp.com\/lbcranes.es\/wp-content\/uploads\/2023\/02\/puente_grua_birrail_lbcrane.png?fit=680%2C308&ssl=1","datePublished":"2023-02-08T19:55:04+00:00","dateModified":"2023-09-13T10:11:55+00:00","description":"Gr\u00faas de proceso de alto rendimiento, dise\u00f1ados para manejar cargas extremadamente altas y soportar un uso continuo.","breadcrumb":{"@id":"https:\/\/lbcranes.es\/puentes-grua\/gruas-proceso\/#breadcrumb"},"inLanguage":"fr-FR","potentialAction":[{"@type":"ReadAction","target":["https:\/\/lbcranes.es\/puentes-grua\/gruas-proceso\/"]}]},{"@type":"ImageObject","inLanguage":"fr-FR","@id":"https:\/\/lbcranes.es\/puentes-grua\/gruas-proceso\/#primaryimage","url":"https:\/\/i0.wp.com\/lbcranes.es\/wp-content\/uploads\/2023\/02\/puente_grua_birrail_lbcrane.png?fit=680%2C308&ssl=1","contentUrl":"https:\/\/i0.wp.com\/lbcranes.es\/wp-content\/uploads\/2023\/02\/puente_grua_birrail_lbcrane.png?fit=680%2C308&ssl=1","width":680,"height":308,"caption":"Gr\u00faa de proceso para cargas pesadas."},{"@type":"BreadcrumbList","@id":"https:\/\/lbcranes.es\/puentes-grua\/gruas-proceso\/#breadcrumb","itemListElement":[{"@type":"ListItem","position":1,"name":"Portada","item":"https:\/\/lbcranes.es\/"},{"@type":"ListItem","position":2,"name":"Precio puentes gr\u00faa de calidad","item":"https:\/\/lbcranes.es\/puentes-grua\/"},{"@type":"ListItem","position":3,"name":"Gr\u00faas de proceso"}]},{"@type":"WebSite","@id":"https:\/\/lbcranes.es\/#website","url":"https:\/\/lbcranes.es\/","name":"LBCranes Puentes Gr\u00faa Espa\u00f1a","description":"Venta e instalaci\u00f3n de puentes gr\u00faa y sistemas de elevaci\u00f3n para industria.","publisher":{"@id":"https:\/\/lbcranes.es\/#organization"},"alternateName":"LBCranes","potentialAction":[{"@type":"SearchAction","target":{"@type":"EntryPoint","urlTemplate":"https:\/\/lbcranes.es\/?s={search_term_string}"},"query-input":"required name=search_term_string"}],"inLanguage":"fr-FR"},{"@type":"Organization","@id":"https:\/\/lbcranes.es\/#organization","name":"LBCranes Puentes Gr\u00faa","alternateName":"LBCranes Lifting Equipments","url":"https:\/\/lbcranes.es\/","logo":{"@type":"ImageObject","inLanguage":"fr-FR","@id":"https:\/\/lbcranes.es\/#\/schema\/logo\/image\/","url":"https:\/\/lbcranes.es\/wp-content\/uploads\/2023\/02\/lbcranes_logo.svg","contentUrl":"https:\/\/lbcranes.es\/wp-content\/uploads\/2023\/02\/lbcranes_logo.svg","width":1,"height":1,"caption":"LBCranes Puentes Gr\u00faa"},"image":{"@id":"https:\/\/lbcranes.es\/#\/schema\/logo\/image\/"},"sameAs":["https:\/\/www.instagram.com\/lbcranes\/","https:\/\/www.linkedin.com\/company\/lbcranes-lifting-equipments"]}]}},"jetpack_sharing_enabled":true,"uagb_featured_image_src":{"full":["https:\/\/i0.wp.com\/lbcranes.es\/wp-content\/uploads\/2023\/02\/puente_grua_birrail_lbcrane.png?fit=680%2C308&ssl=1",680,308,false],"thumbnail":["https:\/\/i0.wp.com\/lbcranes.es\/wp-content\/uploads\/2023\/02\/puente_grua_birrail_lbcrane.png?resize=150%2C150&ssl=1",150,150,true],"medium":["https:\/\/i0.wp.com\/lbcranes.es\/wp-content\/uploads\/2023\/02\/puente_grua_birrail_lbcrane.png?fit=300%2C136&ssl=1",300,136,true],"medium_large":["https:\/\/i0.wp.com\/lbcranes.es\/wp-content\/uploads\/2023\/02\/puente_grua_birrail_lbcrane.png?fit=680%2C308&ssl=1",680,308,true],"large":["https:\/\/i0.wp.com\/lbcranes.es\/wp-content\/uploads\/2023\/02\/puente_grua_birrail_lbcrane.png?fit=680%2C308&ssl=1",680,308,true],"1536x1536":["https:\/\/i0.wp.com\/lbcranes.es\/wp-content\/uploads\/2023\/02\/puente_grua_birrail_lbcrane.png?fit=680%2C308&ssl=1",680,308,true],"2048x2048":["https:\/\/i0.wp.com\/lbcranes.es\/wp-content\/uploads\/2023\/02\/puente_grua_birrail_lbcrane.png?fit=680%2C308&ssl=1",680,308,true],"trp-custom-language-flag":["https:\/\/i0.wp.com\/lbcranes.es\/wp-content\/uploads\/2023\/02\/puente_grua_birrail_lbcrane.png?fit=18%2C8&ssl=1",18,8,true]},"uagb_author_info":{"display_name":"admin","author_link":"https:\/\/lbcranes.es\/fr\/author\/miquelcoll\/"},"uagb_comment_info":0,"uagb_excerpt":"Gr\u00faas de proceso LBCranes fabrica y vende gr\u00faas de proceso de alto rendimiento, dise\u00f1ados para manejar cargas extremadamente altas y soportar un uso continuo. Ofrecemos soluciones t\u00e9cnicas de alta calidad que cumplen con los requisitos m\u00e1s complejos. Grandes cargas en uso continuo Estas gr\u00faas incluyen una mayor capacidad de elevaci\u00f3n (10 a 250 toneladas), altura\u2026","jetpack-related-posts":[],"_links":{"self":[{"href":"https:\/\/lbcranes.es\/fr\/wp-json\/wp\/v2\/pages\/177","targetHints":{"allow":["GET"]}}],"collection":[{"href":"https:\/\/lbcranes.es\/fr\/wp-json\/wp\/v2\/pages"}],"about":[{"href":"https:\/\/lbcranes.es\/fr\/wp-json\/wp\/v2\/types\/page"}],"author":[{"embeddable":true,"href":"https:\/\/lbcranes.es\/fr\/wp-json\/wp\/v2\/users\/1"}],"replies":[{"embeddable":true,"href":"https:\/\/lbcranes.es\/fr\/wp-json\/wp\/v2\/comments?post=177"}],"version-history":[{"count":48,"href":"https:\/\/lbcranes.es\/fr\/wp-json\/wp\/v2\/pages\/177\/revisions"}],"predecessor-version":[{"id":3057,"href":"https:\/\/lbcranes.es\/fr\/wp-json\/wp\/v2\/pages\/177\/revisions\/3057"}],"up":[{"embeddable":true,"href":"https:\/\/lbcranes.es\/fr\/wp-json\/wp\/v2\/pages\/137"}],"wp:featuredmedia":[{"embeddable":true,"href":"https:\/\/lbcranes.es\/fr\/wp-json\/wp\/v2\/media\/554"}],"wp:attachment":[{"href":"https:\/\/lbcranes.es\/fr\/wp-json\/wp\/v2\/media?parent=177"}],"curies":[{"name":"wp","href":"https:\/\/api.w.org\/{rel}","templated":true}]}}