{"id":180,"date":"2023-02-08T19:55:04","date_gmt":"2023-02-08T19:55:04","guid":{"rendered":"https:\/\/lbcranes.es\/?page_id=180"},"modified":"2023-07-26T09:46:04","modified_gmt":"2023-07-26T09:46:04","slug":"estructura-metalica-autoportante","status":"publish","type":"page","link":"https:\/\/lbcranes.es\/fr\/ponts-roulants\/structure-metallique-autoportante\/","title":{"rendered":"Structure m\u00e9tallique autoportante"},"content":{"rendered":"<div class=\"wp-block-uagb-container uagb-block-50b5575b alignfull uagb-is-root-container\"><div class=\"uagb-container-inner-blocks-wrap\">\n<div class=\"wp-block-uagb-advanced-heading uagb-block-2e60f8f4\"><h1 class=\"uagb-heading-text\">Structure m\u00e9tallique autoportante<\/h1><\/div>\n<\/div><\/div>\n\n\n\n<div class=\"wp-block-uagb-container uagb-block-5adc64e1 alignfull uagb-is-root-container\"><div class=\"uagb-container-inner-blocks-wrap\">\n<hr class=\"wp-block-separator has-text-color has-alpha-channel-opacity has-background\" style=\"background-color:#ffffff00;color:#ffffff00\"\/>\n\n\n\n<h2 class=\"wp-block-heading has-text-align-center\">Structure m\u00e9tallique autoportante<\/h2>\n\n\n\n<div class=\"inherit-container-width wp-block-group is-layout-constrained wp-block-group-is-layout-constrained\">\n<p class=\"has-text-align-center\">Chez LBcranes, nous nous attachons \u00e0 fournir des conseils complets \u00e0 nos clients afin de garantir que leur pont roulant fonctionne au maximum de ses capacit\u00e9s. Nous calculons, concevons, fabriquons et installons tous les types de piliers et de poutres en acier pour le d\u00e9placement de votre pont roulant. Ces \u00e9l\u00e9ments peuvent \u00eatre sp\u00e9cialement trait\u00e9s pour \u00eatre assembl\u00e9s et utilis\u00e9s \u00e0 l'int\u00e9rieur comme \u00e0 l'ext\u00e9rieur, dans n'importe quel type d'environnement, m\u00eame le plus difficile.<\/p>\n\n\n\n<h4 class=\"wp-block-heading has-text-align-center uag-hide-mob\">Piliers Structure LBcranes<\/h4>\n\n\n\n<p class=\"has-text-align-center uag-hide-mob translation-block\">Selon la capacit\u00e9 de levage, le poids sp\u00e9cifique, les r\u00e9actions et les conditions de la structure, nous d\u00e9terminons la conception des colonnes et des poutres de chemin de roulement sur lesquelles la grue \u00e0 pont se d\u00e9placera. Il existe plusieurs mod\u00e8les de <strong>colonnes m\u00e9talliques<\/strong>, g\u00e9n\u00e9ralement des colonnes contrevent\u00e9es, des colonnes autoportantes et des colonnes de freinage.<\/p>\n\n\n\n<h4 class=\"wp-block-heading has-text-align-center uag-hide-mob\">Poutrelles ferroviaires LBcranes<\/h4>\n\n\n\n<p class=\"has-text-align-center uag-hide-mob\">De m\u00eame, la conception des poutres de voie varie en fonction du calcul, de l'espacement des supports, des r\u00e9actions et d'un certain nombre d'autres variables. Elles peuvent \u00eatre fabriqu\u00e9es \u00e0 partir de profil\u00e9s lamin\u00e9s ou de poutres-caissons en t\u00f4le. Les poutres de rail peuvent \u00eatre mont\u00e9es \u00e0 l'int\u00e9rieur du b\u00e2timent sur des supports existants ou \u00e0 partir de l'installation de colonnes, formant une structure interne, qui peut \u00eatre ind\u00e9pendante ou contrevent\u00e9e \u00e0 la structure du b\u00e2timent.<\/p>\n\n\n\n<div style=\"height:25px\" aria-hidden=\"true\" class=\"wp-block-spacer\"><\/div>\n\n\n\n<div class=\"wp-block-uagb-call-to-action uagb-block-a64345d0 wp-block-button\"><div class=\"uagb-cta__wrap\"><p class=\"uagb-cta__desc\">Vous avez besoin d'une structure m\u00e9tallique autoportante ? Notre \u00e9quipe vous contactera dans les plus brefs d\u00e9lais.<\/p><\/div><div class=\"uagb-cta__buttons\"><a href=\"https:\/\/lbcranes.es\/fr\/contacto-2\/\" class=\"uagb-cta__button-link-wrapper wp-block-button__link\" target=\"_blank\" rel=\"noopener noreferrer\">Demand de prix<svg xmlns=\"https:\/\/www.w3.org\/2000\/svg\" viewbox=\"0 0 512 512\"><path d=\"M504.3 273.6l-112.1 104c-6.992 6.484-17.18 8.218-25.94 4.406c-8.758-3.812-14.42-12.45-14.42-21.1L351.9 288H32C14.33 288 .0002 273.7 .0002 255.1S14.33 224 32 224h319.9l0-72c0-9.547 5.66-18.19 14.42-22c8.754-3.809 18.95-2.075 25.94 4.41l112.1 104C514.6 247.9 514.6 264.1 504.3 273.6z\"><\/path><\/svg><\/a><\/div><\/div>\n<\/div>\n\n\n\n<div style=\"height:25px\" aria-hidden=\"true\" class=\"wp-block-spacer\"><\/div>\n\n\n\n<div class=\"wp-block-uagb-advanced-heading uagb-block-495c99c2\"><h2 class=\"uagb-heading-text\">Algunos de nuestros proyectos de estructuras met\u00e1licas<\/h2><\/div>\n\n\n\n\t\t\t<div class=\"wp-block-uagb-post-carousel uagb-post-grid  uagb-post__image-position-top uagb-post__image-enabled uagb-block-49eb4b97     uagb-post__arrow-outside uagb-post__items uagb-post__columns-3 is-carousel uagb-post__columns-tablet-2 uagb-post__columns-mobile-1\" data-total=\"1\" style=\"\">\n\n\t\t\t\t\t\t\t\t\t\t\t\t<article class=\"uagb-post__inner-wrap\">\t\t\t\t\t\t\t\t<div class='uagb-post__image'>\n\t\t\t\t\t\t\t\t\t<a href=\"https:\/\/lbcranes.es\/fr\/structur-metallique-de-1tn-pour-fabrication-courroies\/\" target=\"_self\" rel=\"bookmark noopener noreferrer\"><img loading=\"lazy\" decoding=\"async\" width=\"1024\" height=\"474\" src=\"https:\/\/i0.wp.com\/lbcranes.es\/wp-content\/uploads\/2023\/07\/20220915_163239-Carlos-Campoverde-Redrovan.jpg?fit=1024%2C474&amp;ssl=1\" class=\"attachment-large size-large\" alt=\"\" srcset=\"https:\/\/i0.wp.com\/lbcranes.es\/wp-content\/uploads\/2023\/07\/20220915_163239-Carlos-Campoverde-Redrovan.jpg?w=2560&amp;ssl=1 2560w, https:\/\/i0.wp.com\/lbcranes.es\/wp-content\/uploads\/2023\/07\/20220915_163239-Carlos-Campoverde-Redrovan.jpg?resize=300%2C139&amp;ssl=1 300w, https:\/\/i0.wp.com\/lbcranes.es\/wp-content\/uploads\/2023\/07\/20220915_163239-Carlos-Campoverde-Redrovan.jpg?resize=1024%2C474&amp;ssl=1 1024w, https:\/\/i0.wp.com\/lbcranes.es\/wp-content\/uploads\/2023\/07\/20220915_163239-Carlos-Campoverde-Redrovan.jpg?resize=768%2C355&amp;ssl=1 768w, https:\/\/i0.wp.com\/lbcranes.es\/wp-content\/uploads\/2023\/07\/20220915_163239-Carlos-Campoverde-Redrovan.jpg?resize=1536%2C710&amp;ssl=1 1536w, https:\/\/i0.wp.com\/lbcranes.es\/wp-content\/uploads\/2023\/07\/20220915_163239-Carlos-Campoverde-Redrovan.jpg?resize=2048%2C947&amp;ssl=1 2048w, https:\/\/i0.wp.com\/lbcranes.es\/wp-content\/uploads\/2023\/07\/20220915_163239-Carlos-Campoverde-Redrovan.jpg?resize=18%2C8&amp;ssl=1 18w\" sizes=\"auto, (max-width: 1000px) 100vw, 1000px\" \/>\t\t\t\t\t<\/a>\n\t\t\t\t\t\t\t\t\t<\/div>\n\t\t\t\t\t\t<h4 class=\"uagb-post__title uagb-post__text\">\n\t\t\t\t<a href=\"https:\/\/lbcranes.es\/fr\/structur-metallique-de-1tn-pour-fabrication-courroies\/\" target=\"_self\" rel=\"bookmark noopener noreferrer\">1Tn structure m\u00e9tallique pour la fabrication de courroies<\/a>\n\t\t\t<\/h4>\n\t\t\t\t\t\t<div class='uagb-post__text uagb-post-grid-byline'>\n\t\t\t\t\t\t\t<\/div>\n\t\t\t\t\t\t\t<div class='uagb-post__text uagb-post__excerpt'>\n\t\t\t\t\t<p>Descubre nuestro proyecto de estructura met\u00e1lica para el sector de la fabricaci\u00f3n de bandas. La&#8230;\t\t\t\t<\/div>\n\t\t\t\t\t\t<div class=\"uagb-post__text uagb-post__cta wp-block-button\">\n\t\t\t\t<a class=\"wp-block-button__link uagb-text-link\" href=\"https:\/\/lbcranes.es\/fr\/structur-metallique-de-1tn-pour-fabrication-courroies\/\" target=\"_self\" rel=\"bookmark noopener noreferrer\">Lire la suite<\/a>\n\t\t\t<\/div>\n\t\t\t\t\t\t\t\t\t\t\t\t<\/article>\n\t\t\t\t\t\t\t\t\t\t\t\t\t\t\t\t<article class=\"uagb-post__inner-wrap\">\t\t\t\t\t\t\t\t<div class='uagb-post__image'>\n\t\t\t\t\t\t\t\t\t<a href=\"https:\/\/lbcranes.es\/fr\/structure-metallique-pour-le-secteur-petrochimique\/\" target=\"_self\" rel=\"bookmark noopener noreferrer\"><img loading=\"lazy\" decoding=\"async\" width=\"1024\" height=\"474\" src=\"https:\/\/i0.wp.com\/lbcranes.es\/wp-content\/uploads\/2023\/07\/20221115_124658-Carlos-Campoverde-Redrovan.jpg?fit=1024%2C474&amp;ssl=1\" class=\"attachment-large size-large\" alt=\"Entretien d&#039;un palan \u00e9lectrique \u00e0 c\u00e2ble.\" srcset=\"https:\/\/i0.wp.com\/lbcranes.es\/wp-content\/uploads\/2023\/07\/20221115_124658-Carlos-Campoverde-Redrovan.jpg?w=2560&amp;ssl=1 2560w, https:\/\/i0.wp.com\/lbcranes.es\/wp-content\/uploads\/2023\/07\/20221115_124658-Carlos-Campoverde-Redrovan.jpg?resize=300%2C139&amp;ssl=1 300w, https:\/\/i0.wp.com\/lbcranes.es\/wp-content\/uploads\/2023\/07\/20221115_124658-Carlos-Campoverde-Redrovan.jpg?resize=1024%2C474&amp;ssl=1 1024w, https:\/\/i0.wp.com\/lbcranes.es\/wp-content\/uploads\/2023\/07\/20221115_124658-Carlos-Campoverde-Redrovan.jpg?resize=768%2C355&amp;ssl=1 768w, https:\/\/i0.wp.com\/lbcranes.es\/wp-content\/uploads\/2023\/07\/20221115_124658-Carlos-Campoverde-Redrovan.jpg?resize=1536%2C710&amp;ssl=1 1536w, https:\/\/i0.wp.com\/lbcranes.es\/wp-content\/uploads\/2023\/07\/20221115_124658-Carlos-Campoverde-Redrovan.jpg?resize=2048%2C947&amp;ssl=1 2048w, https:\/\/i0.wp.com\/lbcranes.es\/wp-content\/uploads\/2023\/07\/20221115_124658-Carlos-Campoverde-Redrovan.jpg?resize=18%2C8&amp;ssl=1 18w\" sizes=\"auto, (max-width: 1000px) 100vw, 1000px\" \/>\t\t\t\t\t<\/a>\n\t\t\t\t\t\t\t\t\t<\/div>\n\t\t\t\t\t\t<h4 class=\"uagb-post__title uagb-post__text\">\n\t\t\t\t<a href=\"https:\/\/lbcranes.es\/fr\/structure-metallique-pour-le-secteur-petrochimique\/\" target=\"_self\" rel=\"bookmark noopener noreferrer\">Installation d'une structure m\u00e9tallique pour le monorail de 1Tn<\/a>\n\t\t\t<\/h4>\n\t\t\t\t\t\t<div class='uagb-post__text uagb-post-grid-byline'>\n\t\t\t\t\t\t\t<\/div>\n\t\t\t\t\t\t\t<div class='uagb-post__text uagb-post__excerpt'>\n\t\t\t\t\t<p>Conoce este proyecto de estructura met\u00e1lica por LBCranes. Se trata de una instalaci\u00f3n de estructura&#8230;\t\t\t\t<\/div>\n\t\t\t\t\t\t<div class=\"uagb-post__text uagb-post__cta wp-block-button\">\n\t\t\t\t<a class=\"wp-block-button__link uagb-text-link\" href=\"https:\/\/lbcranes.es\/fr\/structure-metallique-pour-le-secteur-petrochimique\/\" target=\"_self\" rel=\"bookmark noopener noreferrer\">Lire la suite<\/a>\n\t\t\t<\/div>\n\t\t\t\t\t\t\t\t\t\t\t\t<\/article>\n\t\t\t\t\t\t\t\t\t\t\t<\/div>\n\t\t\t<\/div><\/div>\n\n\n\n<div style=\"height:100px\" aria-hidden=\"true\" class=\"wp-block-spacer\"><\/div>\n\n\n\n<div class=\"wp-block-uagb-container uagb-block-86a9d345 alignfull uagb-is-root-container\"><div class=\"uagb-container-inner-blocks-wrap\">\n<div class=\"wp-block-uagb-container uagb-block-c8faad9d\">\n<div class=\"wp-block-uagb-call-to-action uagb-block-c2b1fec7 wp-block-button\"><div class=\"uagb-cta__wrap\"><h3 class=\"uagb-cta__title\">Contactez nous!<\/h3><p class=\"uagb-cta__desc translation-block\"><strong>Suivez-nous sur les r\u00e9seaux sociaux<\/strong> pour rester au courant de nos actualit\u00e9s et de nos informations sur les ponts roulants et la production industrielle.<\/p><\/div><div class=\"uagb-cta__buttons\"><a href=\"https:\/\/lbcranes.es\/fr\/contacto-2\/\" class=\"uagb-cta__button-link-wrapper wp-block-button__link\" target=\"_blank\" rel=\"noopener noreferrer\">Contact<svg xmlns=\"https:\/\/www.w3.org\/2000\/svg\" viewbox=\"0 0 512 512\"><path d=\"M504.3 273.6l-112.1 104c-6.992 6.484-17.18 8.218-25.94 4.406c-8.758-3.812-14.42-12.45-14.42-21.1L351.9 288H32C14.33 288 .0002 273.7 .0002 255.1S14.33 224 32 224h319.9l0-72c0-9.547 5.66-18.19 14.42-22c8.754-3.809 18.95-2.075 25.94 4.41l112.1 104C514.6 247.9 514.6 264.1 504.3 273.6z\"><\/path><\/svg><\/a><\/div><\/div>\n<\/div>\n\n\n\n<div class=\"wp-block-uagb-container uagb-block-1107cb8b\">\n<figure class=\"wp-block-image size-large\"><img loading=\"lazy\" decoding=\"async\" width=\"1024\" height=\"358\" src=\"https:\/\/i0.wp.com\/lbcranes.es\/wp-content\/uploads\/2023\/02\/estructura_metalica_lbcranes.jpg?resize=1024%2C358&#038;ssl=1\" alt=\"Structure d&#039;acier autoportante LBCranes\" class=\"wp-image-76\" srcset=\"https:\/\/i0.wp.com\/lbcranes.es\/wp-content\/uploads\/2023\/02\/estructura_metalica_lbcranes.jpg?resize=1024%2C358&amp;ssl=1 1024w, https:\/\/i0.wp.com\/lbcranes.es\/wp-content\/uploads\/2023\/02\/estructura_metalica_lbcranes.jpg?resize=300%2C105&amp;ssl=1 300w, https:\/\/i0.wp.com\/lbcranes.es\/wp-content\/uploads\/2023\/02\/estructura_metalica_lbcranes.jpg?resize=768%2C269&amp;ssl=1 768w, https:\/\/i0.wp.com\/lbcranes.es\/wp-content\/uploads\/2023\/02\/estructura_metalica_lbcranes.jpg?resize=1536%2C538&amp;ssl=1 1536w, https:\/\/i0.wp.com\/lbcranes.es\/wp-content\/uploads\/2023\/02\/estructura_metalica_lbcranes.jpg?w=2000&amp;ssl=1 2000w\" sizes=\"auto, (max-width: 1000px) 100vw, 1000px\" data-recalc-dims=\"1\" \/><\/figure>\n<\/div>\n<\/div><\/div>","protected":false},"excerpt":{"rendered":"<p>Estructura met\u00e1lica autoportante Estructura met\u00e1lica autoportante En LBcranes nos enfocamos en brindar una asesor\u00eda integral a nuestros clientes para asegurar que su puente gr\u00faa trabaje a su m\u00e1xima capacidad. Calculamos, dise\u00f1amos, fabricamos e instalamos todo tipo de pilares y vigas carrileras de estructura met\u00e1lica para el desplazamiento de su puente gr\u00faa. Esta puede ser especialmente [&hellip;]<\/p>","protected":false},"author":1,"featured_media":0,"parent":137,"menu_order":0,"comment_status":"closed","ping_status":"closed","template":"","meta":{"_uag_custom_page_level_css":"","site-sidebar-layout":"default","site-content-layout":"","ast-site-content-layout":"","site-content-style":"default","site-sidebar-style":"default","ast-global-header-display":"","ast-banner-title-visibility":"","ast-main-header-display":"","ast-hfb-above-header-display":"","ast-hfb-below-header-display":"","ast-hfb-mobile-header-display":"","site-post-title":"disabled","ast-breadcrumbs-content":"","ast-featured-img":"","footer-sml-layout":"","theme-transparent-header-meta":"","adv-header-id-meta":"","stick-header-meta":"","header-above-stick-meta":"","header-main-stick-meta":"","header-below-stick-meta":"","astra-migrate-meta-layouts":"default","ast-page-background-enabled":"default","ast-page-background-meta":{"desktop":{"background-color":"var(--ast-global-color-4)","background-image":"","background-repeat":"repeat","background-position":"center center","background-size":"auto","background-attachment":"scroll","background-type":"","background-media":"","overlay-type":"","overlay-color":"","overlay-gradient":""},"tablet":{"background-color":"","background-image":"","background-repeat":"repeat","background-position":"center center","background-size":"auto","background-attachment":"scroll","background-type":"","background-media":"","overlay-type":"","overlay-color":"","overlay-gradient":""},"mobile":{"background-color":"","background-image":"","background-repeat":"repeat","background-position":"center center","background-size":"auto","background-attachment":"scroll","background-type":"","background-media":"","overlay-type":"","overlay-color":"","overlay-gradient":""}},"ast-content-background-meta":{"desktop":{"background-color":"var(--ast-global-color-5)","background-image":"","background-repeat":"repeat","background-position":"center center","background-size":"auto","background-attachment":"scroll","background-type":"","background-media":"","overlay-type":"","overlay-color":"","overlay-gradient":""},"tablet":{"background-color":"var(--ast-global-color-5)","background-image":"","background-repeat":"repeat","background-position":"center center","background-size":"auto","background-attachment":"scroll","background-type":"","background-media":"","overlay-type":"","overlay-color":"","overlay-gradient":""},"mobile":{"background-color":"var(--ast-global-color-5)","background-image":"","background-repeat":"repeat","background-position":"center center","background-size":"auto","background-attachment":"scroll","background-type":"","background-media":"","overlay-type":"","overlay-color":"","overlay-gradient":""}},"footnotes":""},"class_list":["post-180","page","type-page","status-publish","hentry"],"yoast_head":"<!-- This site is optimized with the Yoast SEO plugin v22.3 - https:\/\/yoast.com\/wordpress\/plugins\/seo\/ -->\n<title>Estructura met\u00e1lica autoportante - LBCranes Puentes Gr\u00faa Espa\u00f1a<\/title>\n<meta name=\"description\" content=\"Dise\u00f1amos, fabricamos e instalamos todo tipo de pilares y vigas carrileras de estructura met\u00e1lica para el desplazamiento de su puente gr\u00faa.\" \/>\n<meta name=\"robots\" content=\"index, follow, max-snippet:-1, max-image-preview:large, max-video-preview:-1\" \/>\n<link rel=\"canonical\" href=\"https:\/\/lbcranes.es\/fr\/ponts-roulants\/structure-metallique-autoportante\/\" \/>\n<meta property=\"og:locale\" content=\"fr_FR\" \/>\n<meta property=\"og:type\" content=\"article\" \/>\n<meta property=\"og:title\" content=\"Estructura met\u00e1lica autoportante - LBCranes Puentes Gr\u00faa Espa\u00f1a\" \/>\n<meta property=\"og:description\" content=\"Dise\u00f1amos, fabricamos e instalamos todo tipo de pilares y vigas carrileras de estructura met\u00e1lica para el desplazamiento de su puente gr\u00faa.\" \/>\n<meta property=\"og:url\" content=\"https:\/\/lbcranes.es\/fr\/ponts-roulants\/structure-metallique-autoportante\/\" \/>\n<meta property=\"og:site_name\" content=\"LBCranes Puentes Gr\u00faa Espa\u00f1a\" \/>\n<meta property=\"article:modified_time\" content=\"2023-07-26T09:46:04+00:00\" \/>\n<meta property=\"og:image\" content=\"https:\/\/lbcranes.es\/wp-content\/uploads\/2023\/02\/estructura_metalica_lbcranes-1024x358.jpg\" \/>\n<meta name=\"twitter:card\" content=\"summary_large_image\" \/>\n<meta name=\"twitter:label1\" content=\"Dur\u00e9e de lecture estim\u00e9e\" \/>\n\t<meta name=\"twitter:data1\" content=\"2 minutes\" \/>\n<script type=\"application\/ld+json\" class=\"yoast-schema-graph\">{\"@context\":\"https:\/\/schema.org\",\"@graph\":[{\"@type\":\"WebPage\",\"@id\":\"https:\/\/lbcranes.es\/puentes-grua\/estructura-metalica-autoportante\/\",\"url\":\"https:\/\/lbcranes.es\/puentes-grua\/estructura-metalica-autoportante\/\",\"name\":\"Estructura met\u00e1lica autoportante - LBCranes Puentes Gr\u00faa Espa\u00f1a\",\"isPartOf\":{\"@id\":\"https:\/\/lbcranes.es\/#website\"},\"primaryImageOfPage\":{\"@id\":\"https:\/\/lbcranes.es\/puentes-grua\/estructura-metalica-autoportante\/#primaryimage\"},\"image\":{\"@id\":\"https:\/\/lbcranes.es\/puentes-grua\/estructura-metalica-autoportante\/#primaryimage\"},\"thumbnailUrl\":\"https:\/\/lbcranes.es\/wp-content\/uploads\/2023\/02\/estructura_metalica_lbcranes-1024x358.jpg\",\"datePublished\":\"2023-02-08T19:55:04+00:00\",\"dateModified\":\"2023-07-26T09:46:04+00:00\",\"description\":\"Dise\u00f1amos, fabricamos e instalamos todo tipo de pilares y vigas carrileras de estructura met\u00e1lica para el desplazamiento de su puente gr\u00faa.\",\"breadcrumb\":{\"@id\":\"https:\/\/lbcranes.es\/puentes-grua\/estructura-metalica-autoportante\/#breadcrumb\"},\"inLanguage\":\"fr-FR\",\"potentialAction\":[{\"@type\":\"ReadAction\",\"target\":[\"https:\/\/lbcranes.es\/puentes-grua\/estructura-metalica-autoportante\/\"]}]},{\"@type\":\"ImageObject\",\"inLanguage\":\"fr-FR\",\"@id\":\"https:\/\/lbcranes.es\/puentes-grua\/estructura-metalica-autoportante\/#primaryimage\",\"url\":\"https:\/\/i0.wp.com\/lbcranes.es\/wp-content\/uploads\/2023\/02\/estructura_metalica_lbcranes.jpg?fit=2000%2C700&ssl=1\",\"contentUrl\":\"https:\/\/i0.wp.com\/lbcranes.es\/wp-content\/uploads\/2023\/02\/estructura_metalica_lbcranes.jpg?fit=2000%2C700&ssl=1\",\"width\":2000,\"height\":700,\"caption\":\"Estructura met\u00e1lica autoportante LBCranes\"},{\"@type\":\"BreadcrumbList\",\"@id\":\"https:\/\/lbcranes.es\/puentes-grua\/estructura-metalica-autoportante\/#breadcrumb\",\"itemListElement\":[{\"@type\":\"ListItem\",\"position\":1,\"name\":\"Portada\",\"item\":\"https:\/\/lbcranes.es\/\"},{\"@type\":\"ListItem\",\"position\":2,\"name\":\"Precio puentes gr\u00faa de calidad\",\"item\":\"https:\/\/lbcranes.es\/puentes-grua\/\"},{\"@type\":\"ListItem\",\"position\":3,\"name\":\"Estructura met\u00e1lica autoportante\"}]},{\"@type\":\"WebSite\",\"@id\":\"https:\/\/lbcranes.es\/#website\",\"url\":\"https:\/\/lbcranes.es\/\",\"name\":\"LBCranes Puentes Gr\u00faa Espa\u00f1a\",\"description\":\"Venta e instalaci\u00f3n de puentes gr\u00faa y sistemas de elevaci\u00f3n para industria.\",\"publisher\":{\"@id\":\"https:\/\/lbcranes.es\/#organization\"},\"alternateName\":\"LBCranes\",\"potentialAction\":[{\"@type\":\"SearchAction\",\"target\":{\"@type\":\"EntryPoint\",\"urlTemplate\":\"https:\/\/lbcranes.es\/?s={search_term_string}\"},\"query-input\":\"required name=search_term_string\"}],\"inLanguage\":\"fr-FR\"},{\"@type\":\"Organization\",\"@id\":\"https:\/\/lbcranes.es\/#organization\",\"name\":\"LBCranes Puentes Gr\u00faa\",\"alternateName\":\"LBCranes Lifting Equipments\",\"url\":\"https:\/\/lbcranes.es\/\",\"logo\":{\"@type\":\"ImageObject\",\"inLanguage\":\"fr-FR\",\"@id\":\"https:\/\/lbcranes.es\/#\/schema\/logo\/image\/\",\"url\":\"https:\/\/lbcranes.es\/wp-content\/uploads\/2023\/02\/lbcranes_logo.svg\",\"contentUrl\":\"https:\/\/lbcranes.es\/wp-content\/uploads\/2023\/02\/lbcranes_logo.svg\",\"width\":1,\"height\":1,\"caption\":\"LBCranes Puentes Gr\u00faa\"},\"image\":{\"@id\":\"https:\/\/lbcranes.es\/#\/schema\/logo\/image\/\"},\"sameAs\":[\"https:\/\/www.instagram.com\/lbcranes\/\",\"https:\/\/www.linkedin.com\/company\/lbcranes-lifting-equipments\"]}]}<\/script>\n<!-- \/ Yoast SEO plugin. -->","yoast_head_json":{"title":"Estructura met\u00e1lica autoportante - LBCranes Puentes Gr\u00faa Espa\u00f1a","description":"Dise\u00f1amos, fabricamos e instalamos todo tipo de pilares y vigas carrileras de estructura met\u00e1lica para el desplazamiento de su puente gr\u00faa.","robots":{"index":"index","follow":"follow","max-snippet":"max-snippet:-1","max-image-preview":"max-image-preview:large","max-video-preview":"max-video-preview:-1"},"canonical":"https:\/\/lbcranes.es\/fr\/ponts-roulants\/structure-metallique-autoportante\/","og_locale":"fr_FR","og_type":"article","og_title":"Estructura met\u00e1lica autoportante - LBCranes Puentes Gr\u00faa Espa\u00f1a","og_description":"Dise\u00f1amos, fabricamos e instalamos todo tipo de pilares y vigas carrileras de estructura met\u00e1lica para el desplazamiento de su puente gr\u00faa.","og_url":"https:\/\/lbcranes.es\/fr\/ponts-roulants\/structure-metallique-autoportante\/","og_site_name":"LBCranes Puentes Gr\u00faa Espa\u00f1a","article_modified_time":"2023-07-26T09:46:04+00:00","og_image":[{"url":"https:\/\/lbcranes.es\/wp-content\/uploads\/2023\/02\/estructura_metalica_lbcranes-1024x358.jpg"}],"twitter_card":"summary_large_image","twitter_misc":{"Dur\u00e9e de lecture estim\u00e9e":"2 minutes"},"schema":{"@context":"https:\/\/schema.org","@graph":[{"@type":"WebPage","@id":"https:\/\/lbcranes.es\/puentes-grua\/estructura-metalica-autoportante\/","url":"https:\/\/lbcranes.es\/puentes-grua\/estructura-metalica-autoportante\/","name":"Estructura met\u00e1lica autoportante - LBCranes Puentes Gr\u00faa Espa\u00f1a","isPartOf":{"@id":"https:\/\/lbcranes.es\/#website"},"primaryImageOfPage":{"@id":"https:\/\/lbcranes.es\/puentes-grua\/estructura-metalica-autoportante\/#primaryimage"},"image":{"@id":"https:\/\/lbcranes.es\/puentes-grua\/estructura-metalica-autoportante\/#primaryimage"},"thumbnailUrl":"https:\/\/lbcranes.es\/wp-content\/uploads\/2023\/02\/estructura_metalica_lbcranes-1024x358.jpg","datePublished":"2023-02-08T19:55:04+00:00","dateModified":"2023-07-26T09:46:04+00:00","description":"Dise\u00f1amos, fabricamos e instalamos todo tipo de pilares y vigas carrileras de estructura met\u00e1lica para el desplazamiento de su puente gr\u00faa.","breadcrumb":{"@id":"https:\/\/lbcranes.es\/puentes-grua\/estructura-metalica-autoportante\/#breadcrumb"},"inLanguage":"fr-FR","potentialAction":[{"@type":"ReadAction","target":["https:\/\/lbcranes.es\/puentes-grua\/estructura-metalica-autoportante\/"]}]},{"@type":"ImageObject","inLanguage":"fr-FR","@id":"https:\/\/lbcranes.es\/puentes-grua\/estructura-metalica-autoportante\/#primaryimage","url":"https:\/\/i0.wp.com\/lbcranes.es\/wp-content\/uploads\/2023\/02\/estructura_metalica_lbcranes.jpg?fit=2000%2C700&ssl=1","contentUrl":"https:\/\/i0.wp.com\/lbcranes.es\/wp-content\/uploads\/2023\/02\/estructura_metalica_lbcranes.jpg?fit=2000%2C700&ssl=1","width":2000,"height":700,"caption":"Estructura met\u00e1lica autoportante LBCranes"},{"@type":"BreadcrumbList","@id":"https:\/\/lbcranes.es\/puentes-grua\/estructura-metalica-autoportante\/#breadcrumb","itemListElement":[{"@type":"ListItem","position":1,"name":"Portada","item":"https:\/\/lbcranes.es\/"},{"@type":"ListItem","position":2,"name":"Precio puentes gr\u00faa de calidad","item":"https:\/\/lbcranes.es\/puentes-grua\/"},{"@type":"ListItem","position":3,"name":"Estructura met\u00e1lica autoportante"}]},{"@type":"WebSite","@id":"https:\/\/lbcranes.es\/#website","url":"https:\/\/lbcranes.es\/","name":"LBCranes Puentes Gr\u00faa Espa\u00f1a","description":"Venta e instalaci\u00f3n de puentes gr\u00faa y sistemas de elevaci\u00f3n para industria.","publisher":{"@id":"https:\/\/lbcranes.es\/#organization"},"alternateName":"LBCranes","potentialAction":[{"@type":"SearchAction","target":{"@type":"EntryPoint","urlTemplate":"https:\/\/lbcranes.es\/?s={search_term_string}"},"query-input":"required name=search_term_string"}],"inLanguage":"fr-FR"},{"@type":"Organization","@id":"https:\/\/lbcranes.es\/#organization","name":"LBCranes Puentes Gr\u00faa","alternateName":"LBCranes Lifting Equipments","url":"https:\/\/lbcranes.es\/","logo":{"@type":"ImageObject","inLanguage":"fr-FR","@id":"https:\/\/lbcranes.es\/#\/schema\/logo\/image\/","url":"https:\/\/lbcranes.es\/wp-content\/uploads\/2023\/02\/lbcranes_logo.svg","contentUrl":"https:\/\/lbcranes.es\/wp-content\/uploads\/2023\/02\/lbcranes_logo.svg","width":1,"height":1,"caption":"LBCranes Puentes Gr\u00faa"},"image":{"@id":"https:\/\/lbcranes.es\/#\/schema\/logo\/image\/"},"sameAs":["https:\/\/www.instagram.com\/lbcranes\/","https:\/\/www.linkedin.com\/company\/lbcranes-lifting-equipments"]}]}},"jetpack_sharing_enabled":true,"uagb_featured_image_src":{"full":false,"thumbnail":false,"medium":false,"medium_large":false,"large":false,"1536x1536":false,"2048x2048":false,"trp-custom-language-flag":false},"uagb_author_info":{"display_name":"admin","author_link":"https:\/\/lbcranes.es\/fr\/author\/miquelcoll\/"},"uagb_comment_info":0,"uagb_excerpt":"Estructura met\u00e1lica autoportante Estructura met\u00e1lica autoportante En LBcranes nos enfocamos en brindar una asesor\u00eda integral a nuestros clientes para asegurar que su puente gr\u00faa trabaje a su m\u00e1xima capacidad. Calculamos, dise\u00f1amos, fabricamos e instalamos todo tipo de pilares y vigas carrileras de estructura met\u00e1lica para el desplazamiento de su puente gr\u00faa. Esta puede ser especialmente\u2026","jetpack-related-posts":[],"_links":{"self":[{"href":"https:\/\/lbcranes.es\/fr\/wp-json\/wp\/v2\/pages\/180","targetHints":{"allow":["GET"]}}],"collection":[{"href":"https:\/\/lbcranes.es\/fr\/wp-json\/wp\/v2\/pages"}],"about":[{"href":"https:\/\/lbcranes.es\/fr\/wp-json\/wp\/v2\/types\/page"}],"author":[{"embeddable":true,"href":"https:\/\/lbcranes.es\/fr\/wp-json\/wp\/v2\/users\/1"}],"replies":[{"embeddable":true,"href":"https:\/\/lbcranes.es\/fr\/wp-json\/wp\/v2\/comments?post=180"}],"version-history":[{"count":14,"href":"https:\/\/lbcranes.es\/fr\/wp-json\/wp\/v2\/pages\/180\/revisions"}],"predecessor-version":[{"id":2710,"href":"https:\/\/lbcranes.es\/fr\/wp-json\/wp\/v2\/pages\/180\/revisions\/2710"}],"up":[{"embeddable":true,"href":"https:\/\/lbcranes.es\/fr\/wp-json\/wp\/v2\/pages\/137"}],"wp:attachment":[{"href":"https:\/\/lbcranes.es\/fr\/wp-json\/wp\/v2\/media?parent=180"}],"curies":[{"name":"wp","href":"https:\/\/api.w.org\/{rel}","templated":true}]}}