{"id":2320,"date":"2023-06-12T08:45:07","date_gmt":"2023-06-12T08:45:07","guid":{"rendered":"https:\/\/lbcranes.es\/?page_id=2320"},"modified":"2023-06-23T08:38:04","modified_gmt":"2023-06-23T08:38:04","slug":"instalacion-de-puentes-grua","status":"publish","type":"page","link":"https:\/\/lbcranes.es\/fr\/contenu\/installation-des-ponts-grue\/","title":{"rendered":"Instalaci\u00f3n de Puentes Gr\u00faa en Naves Industriales"},"content":{"rendered":"<div class=\"wp-block-uagb-advanced-heading uagb-block-90a40960\"><h2 class=\"uagb-heading-text\">Installation de ponts roulants dans les entrep\u00f4ts industriels : Efficacit\u00e9 et optimisation de l'espace<\/h2><\/div>\n\n\n\n<div style=\"height:20px\" aria-hidden=\"true\" class=\"wp-block-spacer\"><\/div>\n\n\n\n<p class=\"has-medium-font-size translation-block\">Vous pourriez \u00e9galement \u00eatre int\u00e9ress\u00e9 par... \"<a href=\"https:\/\/lbcranes.es\/fr\/contenu\/logistique-ponts-grues\/\" target=\"_self\">Ponts roulants pour la logistique et la manutention<\/a>\"<\/p>\n\n\n\n<div class=\"inherit-container-width wp-block-group is-layout-constrained wp-block-group-is-layout-constrained\">\n<div class=\"wp-block-columns is-layout-flex wp-container-core-columns-is-layout-28f84493 wp-block-columns-is-layout-flex\">\n<div class=\"wp-block-column is-layout-flow wp-block-column-is-layout-flow\">\n<p>L'installation correcte de ponts roulants dans les b\u00e2timents industriels est essentielle. Elle garantit une manutention efficace des charges lourdes et optimise l'utilisation de l'espace disponible. Dans cet article, nous examinerons l'importance de l'installation des ponts roulants dans les b\u00e2timents industriels et la mani\u00e8re de mener \u00e0 bien ce processus.<\/p>\n\n\n\n<div class=\"wp-block-uagb-advanced-heading uagb-block-676e2351\"><h4 class=\"uagb-heading-text\">Avantages des ponts roulants dans les b\u00e2timents industriels<\/h4><\/div>\n\n\n\n<ul class=\"wp-block-list\">\n<li class=\" translation-block\">Utilisation optimale de l'espace : les <a href=\"https:\/\/lbcranes.es\/fr\/ponts-roulants\/\" target=\"_self\">ponts roulants<\/a> permettent une utilisation efficace de l'espace vertical. Les zones de travail sont lib\u00e9r\u00e9es et la r\u00e9partition des charges est optimis\u00e9e.<\/li>\n\n\n\n<li>Productivit\u00e9 accrue : les ponts roulants situ\u00e9s \u00e0 des endroits strat\u00e9giques rationalisent les op\u00e9rations de chargement et de d\u00e9chargement. En outre, les temps de manutention sont r\u00e9duits et l'efficacit\u00e9 globale des processus industriels est am\u00e9lior\u00e9e.<\/li>\n\n\n\n<li>S\u00e9curit\u00e9 accrue : les ponts roulants constituent un syst\u00e8me s\u00fbr et contr\u00f4l\u00e9 pour le levage de charges. <\/li>\n<\/ul>\n<\/div>\n\n\n\n<div class=\"wp-block-column is-layout-flow wp-block-column-is-layout-flow\">\n<div class=\"wp-block-uagb-image uagb-block-bfab61d0 wp-block-uagb-image--layout-default wp-block-uagb-image--effect-static wp-block-uagb-image--align-none\"><figure class=\"wp-block-uagb-image__figure\"><img decoding=\"async\" srcset=\"https:\/\/i0.wp.com\/lbcranes.es\/wp-content\/uploads\/2023\/05\/hoist-monorrail.jpg?resize=1024%2C663&#038;ssl=1 \" sizes=\"auto, (max-width: 480px) 150px\" src=\"https:\/\/i0.wp.com\/lbcranes.es\/wp-content\/uploads\/2023\/05\/hoist-monorrail.jpg?resize=1024%2C663&#038;ssl=1\" alt=\"Hoists monorrail LBCranes\" class=\"uag-image-2040\" width=\"1024\" height=\"663\" title=\"\" loading=\"lazy\" data-recalc-dims=\"1\"\/><\/figure><\/div>\n<\/div>\n<\/div>\n\n\n\n<div class=\"wp-block-uagb-image aligncenter uagb-block-b45beb58 wp-block-uagb-image--layout-default wp-block-uagb-image--effect-static wp-block-uagb-image--align-center\"><figure class=\"wp-block-uagb-image__figure\"><img decoding=\"async\" srcset=\"https:\/\/i0.wp.com\/lbcranes.es\/wp-content\/uploads\/2023\/05\/banner-birrail-3-2.jpg?resize=893%2C374&#038;ssl=1 \" sizes=\"auto, (max-width: 480px) 150px\" src=\"https:\/\/i0.wp.com\/lbcranes.es\/wp-content\/uploads\/2023\/05\/banner-birrail-3-2.jpg?resize=893%2C374&#038;ssl=1\" alt=\"Puentes gr\u00faa birra\u00edl 3.2tn LBCranes\" class=\"uag-image-1657\" width=\"893\" height=\"374\" title=\"\" loading=\"lazy\" data-recalc-dims=\"1\"\/><\/figure><\/div>\n\n\n\n<div class=\"wp-block-columns is-layout-flex wp-container-core-columns-is-layout-28f84493 wp-block-columns-is-layout-flex\">\n<div class=\"wp-block-column is-layout-flow wp-block-column-is-layout-flow\">\n<div class=\"wp-block-uagb-advanced-heading uagb-block-ab31078f\"><h4 class=\"uagb-heading-text\">Consid\u00e9rations relatives \u00e0 l'installation de ponts roulants dans les b\u00e2timents industriels<\/h4><\/div>\n\n\n\n<ul class=\"wp-block-list\">\n<li>Analyse de la charge et de la capacit\u00e9 : une analyse approfondie des charges \u00e0 manipuler, tenant compte \u00e0 la fois du poids et des dimensions des objets, doit \u00eatre effectu\u00e9e afin de d\u00e9terminer la capacit\u00e9 requise des ponts roulants et d'assurer une installation correcte.<\/li>\n\n\n\n<li>\u00c9valuation structurelle : il est essentiel d'\u00e9valuer la r\u00e9sistance structurelle du b\u00e2timent industriel et de d\u00e9terminer les points d'ancrage appropri\u00e9s pour les ponts roulants, en veillant \u00e0 ce que la structure puisse supporter les charges et les contraintes g\u00e9n\u00e9r\u00e9es par les op\u00e9rations de levage.<\/li>\n\n\n\n<li>Conception personnalis\u00e9e : Chaque installation est unique. Une conception personnalis\u00e9e est n\u00e9cessaire pour prendre en compte l'agencement de l'espace, les flux de travail et les exigences sp\u00e9cifiques \u00e0 l'industrie, afin de garantir une solution optimale et efficace.<\/li>\n\n\n\n<li>Int\u00e9gration aux syst\u00e8mes existants : Dans de nombreux cas, les ponts roulants doivent \u00eatre int\u00e9gr\u00e9s \u00e0 d'autres syst\u00e8mes existants dans le b\u00e2timent industriel, tels que les syst\u00e8mes de convoyage ou les zones de stockage. Il est essentiel de coordonner l'installation de mani\u00e8re \u00e0 optimiser la fonctionnalit\u00e9 globale de l'environnement.<\/li>\n<\/ul>\n\n\n\n<div class=\"wp-block-uagb-advanced-heading uagb-block-e85235f6\"><h4 class=\"uagb-heading-text\">Processus d'installation dans les b\u00e2timents industriels<\/h4><\/div>\n\n\n\n<p>L'installation correcte des ponts roulants est essentielle pour optimiser l'espace, augmenter la productivit\u00e9 et garantir la s\u00e9curit\u00e9 des op\u00e9rations de manutention de charges. En examinant soigneusement les aspects techniques et en suivant un processus planifi\u00e9, on obtient une installation efficace et fonctionnelle.<\/p>\n<\/div>\n\n\n\n<div class=\"wp-block-column is-layout-flow wp-block-column-is-layout-flow\"><style id=\"wpforms-css-vars-root\">\n\t\t\t\t:root {\n\t\t\t\t\t--wpforms-field-border-radius: 3px;\n--wpforms-field-background-color: #ffffff;\n--wpforms-field-border-color: rgba( 0, 0, 0, 0.25 );\n--wpforms-field-text-color: rgba( 0, 0, 0, 0.7 );\n--wpforms-label-color: rgba( 0, 0, 0, 0.85 );\n--wpforms-label-sublabel-color: rgba( 0, 0, 0, 0.55 );\n--wpforms-label-error-color: #d63637;\n--wpforms-button-border-radius: 3px;\n--wpforms-button-background-color: #066aab;\n--wpforms-button-text-color: #ffffff;\n--wpforms-page-break-color: #066aab;\n--wpforms-field-size-input-height: 43px;\n--wpforms-field-size-input-spacing: 15px;\n--wpforms-field-size-font-size: 16px;\n--wpforms-field-size-line-height: 19px;\n--wpforms-field-size-padding-h: 14px;\n--wpforms-field-size-checkbox-size: 16px;\n--wpforms-field-size-sublabel-spacing: 5px;\n--wpforms-field-size-icon-size: 1;\n--wpforms-label-size-font-size: 16px;\n--wpforms-label-size-line-height: 19px;\n--wpforms-label-size-sublabel-font-size: 14px;\n--wpforms-label-size-sublabel-line-height: 17px;\n--wpforms-button-size-font-size: 17px;\n--wpforms-button-size-height: 41px;\n--wpforms-button-size-padding-h: 15px;\n--wpforms-button-size-margin-top: 10px;\n\n\t\t\t\t}\n\t\t\t<\/style><div class=\"wpforms-container wpforms-block wpforms-block-a609ba86-f07d-41ce-8dfd-f90c0d02081f wpforms-render-modern\" id=\"wpforms-258\"><form id=\"wpforms-form-258\" class=\"wpforms-validate wpforms-form wpforms-ajax-form\" data-formid=\"258\" method=\"post\" enctype=\"multipart\/form-data\" action=\"\/fr\/wp-json\/wp\/v2\/pages\/2320\" data-token=\"cff962780483700e78c851ec612c38ae\" data-trp-original-action=\"\/fr\/wp-json\/wp\/v2\/pages\/2320\"><noscript class=\"wpforms-error-noscript\">Veuillez activer JavaScript dans votre navigateur pour remplir ce formulaire.<\/noscript><div class=\"wpforms-hidden\" id=\"wpforms-error-noscript\">Veuillez activer JavaScript dans votre navigateur pour remplir ce formulaire.<\/div><div class=\"wpforms-field-container\"><div id=\"wpforms-258-field_0-container\" class=\"wpforms-field wpforms-field-name\" data-field-id=\"0\"><label class=\"wpforms-field-label\" for=\"wpforms-258-field_0\">Nom <span class=\"wpforms-required-label\" aria-hidden=\"true\">*<\/span><\/label><input type=\"text\" id=\"wpforms-258-field_0\" class=\"wpforms-field-medium wpforms-field-required\" name=\"wpforms[fields][0]\" aria-errormessage=\"wpforms-258-field_0-error\" required><\/div><div id=\"wpforms-258-field_5-container\" class=\"wpforms-field wpforms-field-text\" data-field-id=\"5\"><label class=\"wpforms-field-label\" for=\"wpforms-258-field_5\">Soci\u00e9t\u00e9 <span class=\"wpforms-required-label\" aria-hidden=\"true\">*<\/span><\/label><input type=\"text\" id=\"wpforms-258-field_5\" class=\"wpforms-field-medium wpforms-field-required\" name=\"wpforms[fields][5]\" aria-errormessage=\"wpforms-258-field_5-error\" required><\/div><div id=\"wpforms-258-field_7-container\" class=\"wpforms-field wpforms-field-text\" data-field-id=\"7\"><label class=\"wpforms-field-label\" for=\"wpforms-258-field_7\">Population<\/label><input type=\"text\" id=\"wpforms-258-field_7\" class=\"wpforms-field-medium\" name=\"wpforms[fields][7]\" aria-errormessage=\"wpforms-258-field_7-error\" ><\/div><div id=\"wpforms-258-field_1-container\" class=\"wpforms-field wpforms-field-email\" data-field-id=\"1\"><label class=\"wpforms-field-label\" for=\"wpforms-258-field_1\">E-mail <span class=\"wpforms-required-label\" aria-hidden=\"true\">*<\/span><\/label><input type=\"email\" id=\"wpforms-258-field_1\" class=\"wpforms-field-medium wpforms-field-required\" name=\"wpforms[fields][1]\" spellcheck=\"false\" aria-errormessage=\"wpforms-258-field_1-error\" required><\/div><div id=\"wpforms-258-field_6-container\" class=\"wpforms-field wpforms-field-number\" data-field-id=\"6\"><label class=\"wpforms-field-label\" for=\"wpforms-258-field_6\">T\u00e9l\u00e9phone <span class=\"wpforms-required-label\" aria-hidden=\"true\">*<\/span><\/label><input type=\"number\" pattern=\"\\d*\" id=\"wpforms-258-field_6\" class=\"wpforms-field-medium wpforms-field-required\" name=\"wpforms[fields][6]\" aria-errormessage=\"wpforms-258-field_6-error\" required><\/div><div id=\"wpforms-258-field_2-container\" class=\"wpforms-field wpforms-field-textarea\" data-field-id=\"2\"><label class=\"wpforms-field-label\" for=\"wpforms-258-field_2\">Message<\/label><textarea id=\"wpforms-258-field_2\" class=\"wpforms-field-small\" name=\"wpforms[fields][2]\" aria-errormessage=\"wpforms-258-field_2-error\" ><\/textarea><\/div><\/div><!-- .wpforms-field-container --><div class=\"wpforms-recaptcha-container wpforms-is-hcaptcha\" ><div class=\"g-recaptcha\" data-sitekey=\"b82122a1-01d7-45a5-a1df-117c079166a0\"><\/div><input type=\"text\" name=\"g-recaptcha-hidden\" class=\"wpforms-recaptcha-hidden\" style=\"position:absolute!important;clip:rect(0,0,0,0)!important;height:1px!important;width:1px!important;border:0!important;overflow:hidden!important;padding:0!important;margin:0!important;\" data-rule-hcaptcha=\"1\"><\/div><div class=\"wpforms-submit-container\" ><input type=\"hidden\" name=\"wpforms[id]\" value=\"258\"><input type=\"hidden\" name=\"wpforms[author]\" value=\"1\"><button type=\"submit\" name=\"wpforms[submit]\" id=\"wpforms-submit-258\" class=\"wpforms-submit\" data-alt-text=\"Enviando...\" data-submit-text=\"Enviar\" aria-live=\"assertive\" value=\"wpforms-submit\">Envoyer<\/button><img loading=\"lazy\" decoding=\"async\" src=\"https:\/\/lbcranes.es\/wp-content\/plugins\/wpforms-lite\/assets\/images\/submit-spin.svg\" class=\"wpforms-submit-spinner\" style=\"display: none;\" width=\"26\" height=\"26\" alt=\"Chargement en cours\"><\/div><input type=\"hidden\" name=\"trp-form-language\" value=\"fr\"\/><\/form><\/div>  <!-- .wpforms-container --><\/div>\n<\/div>\n<\/div>","protected":false},"excerpt":{"rendered":"<p>Instalaci\u00f3n de Puentes Gr\u00faa en Naves Industriales: Eficiencia y Optimizaci\u00f3n de Espacio Tambi\u00e9n te puede interesar&#8230; \u00abPuentes gr\u00faa para la log\u00edstica y manipulaci\u00f3n de materiales\u00ab La instalaci\u00f3n adecuada de puentes gr\u00faa en naves industriales es esencial. Garantiza una manipulaci\u00f3n eficiente de cargas pesadas y maximizar el aprovechamiento del espacio disponible. En este art\u00edculo, exploraremos la [&hellip;]<\/p>","protected":false},"author":1,"featured_media":0,"parent":2325,"menu_order":0,"comment_status":"closed","ping_status":"closed","template":"","meta":{"_uag_custom_page_level_css":"","site-sidebar-layout":"default","site-content-layout":"","ast-site-content-layout":"","site-content-style":"default","site-sidebar-style":"default","ast-global-header-display":"","ast-banner-title-visibility":"","ast-main-header-display":"","ast-hfb-above-header-display":"","ast-hfb-below-header-display":"","ast-hfb-mobile-header-display":"","site-post-title":"","ast-breadcrumbs-content":"","ast-featured-img":"","footer-sml-layout":"","theme-transparent-header-meta":"","adv-header-id-meta":"","stick-header-meta":"","header-above-stick-meta":"","header-main-stick-meta":"","header-below-stick-meta":"","astra-migrate-meta-layouts":"default","ast-page-background-enabled":"default","ast-page-background-meta":{"desktop":{"background-color":"var(--ast-global-color-4)","background-image":"","background-repeat":"repeat","background-position":"center center","background-size":"auto","background-attachment":"scroll","background-type":"","background-media":"","overlay-type":"","overlay-color":"","overlay-gradient":""},"tablet":{"background-color":"","background-image":"","background-repeat":"repeat","background-position":"center center","background-size":"auto","background-attachment":"scroll","background-type":"","background-media":"","overlay-type":"","overlay-color":"","overlay-gradient":""},"mobile":{"background-color":"","background-image":"","background-repeat":"repeat","background-position":"center center","background-size":"auto","background-attachment":"scroll","background-type":"","background-media":"","overlay-type":"","overlay-color":"","overlay-gradient":""}},"ast-content-background-meta":{"desktop":{"background-color":"var(--ast-global-color-5)","background-image":"","background-repeat":"repeat","background-position":"center center","background-size":"auto","background-attachment":"scroll","background-type":"","background-media":"","overlay-type":"","overlay-color":"","overlay-gradient":""},"tablet":{"background-color":"var(--ast-global-color-5)","background-image":"","background-repeat":"repeat","background-position":"center center","background-size":"auto","background-attachment":"scroll","background-type":"","background-media":"","overlay-type":"","overlay-color":"","overlay-gradient":""},"mobile":{"background-color":"var(--ast-global-color-5)","background-image":"","background-repeat":"repeat","background-position":"center center","background-size":"auto","background-attachment":"scroll","background-type":"","background-media":"","overlay-type":"","overlay-color":"","overlay-gradient":""}},"footnotes":""},"class_list":["post-2320","page","type-page","status-publish","hentry"],"yoast_head":"<!-- This site is optimized with the Yoast SEO plugin v22.3 - https:\/\/yoast.com\/wordpress\/plugins\/seo\/ -->\n<title>Instalaci\u00f3n de Puentes Gr\u00faa en Naves Industriales - LBCranes<\/title>\n<meta name=\"description\" content=\"La instalaci\u00f3n de puentes gr\u00faa en naves industriales es esencial para maximizar el aprovechamiento del espacio disponible.\" \/>\n<meta name=\"robots\" content=\"index, follow, max-snippet:-1, max-image-preview:large, max-video-preview:-1\" \/>\n<link rel=\"canonical\" href=\"https:\/\/lbcranes.es\/fr\/contenu\/installation-des-ponts-grue\/\" \/>\n<meta property=\"og:locale\" content=\"fr_FR\" \/>\n<meta property=\"og:type\" content=\"article\" \/>\n<meta property=\"og:title\" content=\"Instalaci\u00f3n de Puentes Gr\u00faa en Naves Industriales - LBCranes\" \/>\n<meta property=\"og:description\" content=\"La instalaci\u00f3n de puentes gr\u00faa en naves industriales es esencial para maximizar el aprovechamiento del espacio disponible.\" \/>\n<meta property=\"og:url\" content=\"https:\/\/lbcranes.es\/fr\/contenu\/installation-des-ponts-grue\/\" \/>\n<meta property=\"og:site_name\" content=\"LBCranes Puentes Gr\u00faa Espa\u00f1a\" \/>\n<meta property=\"article:modified_time\" content=\"2023-06-23T08:38:04+00:00\" \/>\n<meta property=\"og:image\" content=\"https:\/\/lbcranes.es\/wp-content\/uploads\/2023\/05\/hoist-monorrail-1024x663.jpg\" \/>\n<meta name=\"twitter:card\" content=\"summary_large_image\" \/>\n<meta name=\"twitter:label1\" content=\"Dur\u00e9e de lecture estim\u00e9e\" \/>\n\t<meta name=\"twitter:data1\" content=\"3 minutes\" \/>\n<script type=\"application\/ld+json\" class=\"yoast-schema-graph\">{\"@context\":\"https:\/\/schema.org\",\"@graph\":[{\"@type\":\"WebPage\",\"@id\":\"https:\/\/lbcranes.es\/contenido\/instalacion-de-puentes-grua\/\",\"url\":\"https:\/\/lbcranes.es\/contenido\/instalacion-de-puentes-grua\/\",\"name\":\"Instalaci\u00f3n de Puentes Gr\u00faa en Naves Industriales - LBCranes\",\"isPartOf\":{\"@id\":\"https:\/\/lbcranes.es\/#website\"},\"primaryImageOfPage\":{\"@id\":\"https:\/\/lbcranes.es\/contenido\/instalacion-de-puentes-grua\/#primaryimage\"},\"image\":{\"@id\":\"https:\/\/lbcranes.es\/contenido\/instalacion-de-puentes-grua\/#primaryimage\"},\"thumbnailUrl\":\"https:\/\/lbcranes.es\/wp-content\/uploads\/2023\/05\/hoist-monorrail-1024x663.jpg\",\"datePublished\":\"2023-06-12T08:45:07+00:00\",\"dateModified\":\"2023-06-23T08:38:04+00:00\",\"description\":\"La instalaci\u00f3n de puentes gr\u00faa en naves industriales es esencial para maximizar el aprovechamiento del espacio disponible.\",\"breadcrumb\":{\"@id\":\"https:\/\/lbcranes.es\/contenido\/instalacion-de-puentes-grua\/#breadcrumb\"},\"inLanguage\":\"fr-FR\",\"potentialAction\":[{\"@type\":\"ReadAction\",\"target\":[\"https:\/\/lbcranes.es\/contenido\/instalacion-de-puentes-grua\/\"]}]},{\"@type\":\"ImageObject\",\"inLanguage\":\"fr-FR\",\"@id\":\"https:\/\/lbcranes.es\/contenido\/instalacion-de-puentes-grua\/#primaryimage\",\"url\":\"https:\/\/i0.wp.com\/lbcranes.es\/wp-content\/uploads\/2023\/05\/hoist-monorrail-scaled.jpg?fit=2560%2C1659&ssl=1\",\"contentUrl\":\"https:\/\/i0.wp.com\/lbcranes.es\/wp-content\/uploads\/2023\/05\/hoist-monorrail-scaled.jpg?fit=2560%2C1659&ssl=1\",\"width\":2560,\"height\":1659,\"caption\":\"Polipasto de cable en monorrail LBCranes\"},{\"@type\":\"BreadcrumbList\",\"@id\":\"https:\/\/lbcranes.es\/contenido\/instalacion-de-puentes-grua\/#breadcrumb\",\"itemListElement\":[{\"@type\":\"ListItem\",\"position\":1,\"name\":\"Portada\",\"item\":\"https:\/\/lbcranes.es\/\"},{\"@type\":\"ListItem\",\"position\":2,\"name\":\"Contenido\",\"item\":\"https:\/\/lbcranes.es\/contenido\/\"},{\"@type\":\"ListItem\",\"position\":3,\"name\":\"Instalaci\u00f3n de Puentes Gr\u00faa en Naves Industriales\"}]},{\"@type\":\"WebSite\",\"@id\":\"https:\/\/lbcranes.es\/#website\",\"url\":\"https:\/\/lbcranes.es\/\",\"name\":\"LBCranes Puentes Gr\u00faa Espa\u00f1a\",\"description\":\"Venta e instalaci\u00f3n de puentes gr\u00faa y sistemas de elevaci\u00f3n para industria.\",\"publisher\":{\"@id\":\"https:\/\/lbcranes.es\/#organization\"},\"alternateName\":\"LBCranes\",\"potentialAction\":[{\"@type\":\"SearchAction\",\"target\":{\"@type\":\"EntryPoint\",\"urlTemplate\":\"https:\/\/lbcranes.es\/?s={search_term_string}\"},\"query-input\":\"required name=search_term_string\"}],\"inLanguage\":\"fr-FR\"},{\"@type\":\"Organization\",\"@id\":\"https:\/\/lbcranes.es\/#organization\",\"name\":\"LBCranes Puentes Gr\u00faa\",\"alternateName\":\"LBCranes Lifting Equipments\",\"url\":\"https:\/\/lbcranes.es\/\",\"logo\":{\"@type\":\"ImageObject\",\"inLanguage\":\"fr-FR\",\"@id\":\"https:\/\/lbcranes.es\/#\/schema\/logo\/image\/\",\"url\":\"https:\/\/lbcranes.es\/wp-content\/uploads\/2023\/02\/lbcranes_logo.svg\",\"contentUrl\":\"https:\/\/lbcranes.es\/wp-content\/uploads\/2023\/02\/lbcranes_logo.svg\",\"width\":1,\"height\":1,\"caption\":\"LBCranes Puentes Gr\u00faa\"},\"image\":{\"@id\":\"https:\/\/lbcranes.es\/#\/schema\/logo\/image\/\"},\"sameAs\":[\"https:\/\/www.instagram.com\/lbcranes\/\",\"https:\/\/www.linkedin.com\/company\/lbcranes-lifting-equipments\"]}]}<\/script>\n<!-- \/ Yoast SEO plugin. -->","yoast_head_json":{"title":"Instalaci\u00f3n de Puentes Gr\u00faa en Naves Industriales - LBCranes","description":"La instalaci\u00f3n de puentes gr\u00faa en naves industriales es esencial para maximizar el aprovechamiento del espacio disponible.","robots":{"index":"index","follow":"follow","max-snippet":"max-snippet:-1","max-image-preview":"max-image-preview:large","max-video-preview":"max-video-preview:-1"},"canonical":"https:\/\/lbcranes.es\/fr\/contenu\/installation-des-ponts-grue\/","og_locale":"fr_FR","og_type":"article","og_title":"Instalaci\u00f3n de Puentes Gr\u00faa en Naves Industriales - LBCranes","og_description":"La instalaci\u00f3n de puentes gr\u00faa en naves industriales es esencial para maximizar el aprovechamiento del espacio disponible.","og_url":"https:\/\/lbcranes.es\/fr\/contenu\/installation-des-ponts-grue\/","og_site_name":"LBCranes Puentes Gr\u00faa Espa\u00f1a","article_modified_time":"2023-06-23T08:38:04+00:00","og_image":[{"url":"https:\/\/lbcranes.es\/wp-content\/uploads\/2023\/05\/hoist-monorrail-1024x663.jpg"}],"twitter_card":"summary_large_image","twitter_misc":{"Dur\u00e9e de lecture estim\u00e9e":"3 minutes"},"schema":{"@context":"https:\/\/schema.org","@graph":[{"@type":"WebPage","@id":"https:\/\/lbcranes.es\/contenido\/instalacion-de-puentes-grua\/","url":"https:\/\/lbcranes.es\/contenido\/instalacion-de-puentes-grua\/","name":"Instalaci\u00f3n de Puentes Gr\u00faa en Naves Industriales - LBCranes","isPartOf":{"@id":"https:\/\/lbcranes.es\/#website"},"primaryImageOfPage":{"@id":"https:\/\/lbcranes.es\/contenido\/instalacion-de-puentes-grua\/#primaryimage"},"image":{"@id":"https:\/\/lbcranes.es\/contenido\/instalacion-de-puentes-grua\/#primaryimage"},"thumbnailUrl":"https:\/\/lbcranes.es\/wp-content\/uploads\/2023\/05\/hoist-monorrail-1024x663.jpg","datePublished":"2023-06-12T08:45:07+00:00","dateModified":"2023-06-23T08:38:04+00:00","description":"La instalaci\u00f3n de puentes gr\u00faa en naves industriales es esencial para maximizar el aprovechamiento del espacio disponible.","breadcrumb":{"@id":"https:\/\/lbcranes.es\/contenido\/instalacion-de-puentes-grua\/#breadcrumb"},"inLanguage":"fr-FR","potentialAction":[{"@type":"ReadAction","target":["https:\/\/lbcranes.es\/contenido\/instalacion-de-puentes-grua\/"]}]},{"@type":"ImageObject","inLanguage":"fr-FR","@id":"https:\/\/lbcranes.es\/contenido\/instalacion-de-puentes-grua\/#primaryimage","url":"https:\/\/i0.wp.com\/lbcranes.es\/wp-content\/uploads\/2023\/05\/hoist-monorrail-scaled.jpg?fit=2560%2C1659&ssl=1","contentUrl":"https:\/\/i0.wp.com\/lbcranes.es\/wp-content\/uploads\/2023\/05\/hoist-monorrail-scaled.jpg?fit=2560%2C1659&ssl=1","width":2560,"height":1659,"caption":"Polipasto de cable en monorrail LBCranes"},{"@type":"BreadcrumbList","@id":"https:\/\/lbcranes.es\/contenido\/instalacion-de-puentes-grua\/#breadcrumb","itemListElement":[{"@type":"ListItem","position":1,"name":"Portada","item":"https:\/\/lbcranes.es\/"},{"@type":"ListItem","position":2,"name":"Contenido","item":"https:\/\/lbcranes.es\/contenido\/"},{"@type":"ListItem","position":3,"name":"Instalaci\u00f3n de Puentes Gr\u00faa en Naves Industriales"}]},{"@type":"WebSite","@id":"https:\/\/lbcranes.es\/#website","url":"https:\/\/lbcranes.es\/","name":"LBCranes Puentes Gr\u00faa Espa\u00f1a","description":"Venta e instalaci\u00f3n de puentes gr\u00faa y sistemas de elevaci\u00f3n para industria.","publisher":{"@id":"https:\/\/lbcranes.es\/#organization"},"alternateName":"LBCranes","potentialAction":[{"@type":"SearchAction","target":{"@type":"EntryPoint","urlTemplate":"https:\/\/lbcranes.es\/?s={search_term_string}"},"query-input":"required name=search_term_string"}],"inLanguage":"fr-FR"},{"@type":"Organization","@id":"https:\/\/lbcranes.es\/#organization","name":"LBCranes Puentes Gr\u00faa","alternateName":"LBCranes Lifting Equipments","url":"https:\/\/lbcranes.es\/","logo":{"@type":"ImageObject","inLanguage":"fr-FR","@id":"https:\/\/lbcranes.es\/#\/schema\/logo\/image\/","url":"https:\/\/lbcranes.es\/wp-content\/uploads\/2023\/02\/lbcranes_logo.svg","contentUrl":"https:\/\/lbcranes.es\/wp-content\/uploads\/2023\/02\/lbcranes_logo.svg","width":1,"height":1,"caption":"LBCranes Puentes Gr\u00faa"},"image":{"@id":"https:\/\/lbcranes.es\/#\/schema\/logo\/image\/"},"sameAs":["https:\/\/www.instagram.com\/lbcranes\/","https:\/\/www.linkedin.com\/company\/lbcranes-lifting-equipments"]}]}},"jetpack_sharing_enabled":true,"uagb_featured_image_src":{"full":false,"thumbnail":false,"medium":false,"medium_large":false,"large":false,"1536x1536":false,"2048x2048":false,"trp-custom-language-flag":false},"uagb_author_info":{"display_name":"admin","author_link":"https:\/\/lbcranes.es\/fr\/author\/miquelcoll\/"},"uagb_comment_info":0,"uagb_excerpt":"Instalaci\u00f3n de Puentes Gr\u00faa en Naves Industriales: Eficiencia y Optimizaci\u00f3n de Espacio Tambi\u00e9n te puede interesar&#8230; \u00abPuentes gr\u00faa para la log\u00edstica y manipulaci\u00f3n de materiales\u00ab La instalaci\u00f3n adecuada de puentes gr\u00faa en naves industriales es esencial. Garantiza una manipulaci\u00f3n eficiente de cargas pesadas y maximizar el aprovechamiento del espacio disponible. En este art\u00edculo, exploraremos la\u2026","jetpack-related-posts":[],"_links":{"self":[{"href":"https:\/\/lbcranes.es\/fr\/wp-json\/wp\/v2\/pages\/2320","targetHints":{"allow":["GET"]}}],"collection":[{"href":"https:\/\/lbcranes.es\/fr\/wp-json\/wp\/v2\/pages"}],"about":[{"href":"https:\/\/lbcranes.es\/fr\/wp-json\/wp\/v2\/types\/page"}],"author":[{"embeddable":true,"href":"https:\/\/lbcranes.es\/fr\/wp-json\/wp\/v2\/users\/1"}],"replies":[{"embeddable":true,"href":"https:\/\/lbcranes.es\/fr\/wp-json\/wp\/v2\/comments?post=2320"}],"version-history":[{"count":3,"href":"https:\/\/lbcranes.es\/fr\/wp-json\/wp\/v2\/pages\/2320\/revisions"}],"predecessor-version":[{"id":2458,"href":"https:\/\/lbcranes.es\/fr\/wp-json\/wp\/v2\/pages\/2320\/revisions\/2458"}],"up":[{"embeddable":true,"href":"https:\/\/lbcranes.es\/fr\/wp-json\/wp\/v2\/pages\/2325"}],"wp:attachment":[{"href":"https:\/\/lbcranes.es\/fr\/wp-json\/wp\/v2\/media?parent=2320"}],"curies":[{"name":"wp","href":"https:\/\/api.w.org\/{rel}","templated":true}]}}