{"id":2423,"date":"2023-06-21T08:03:34","date_gmt":"2023-06-21T08:03:34","guid":{"rendered":"https:\/\/lbcranes.es\/?page_id=2423"},"modified":"2023-06-21T08:04:00","modified_gmt":"2023-06-21T08:04:00","slug":"que-puente-grua-necesito","status":"publish","type":"page","link":"https:\/\/lbcranes.es\/fr\/contenu\/pont-grue-ai-je-besoin\/","title":{"rendered":"\u00bfQu\u00e9 Puente Gr\u00faa Necesito? Encuentra la Soluci\u00f3n"},"content":{"rendered":"<div class=\"wp-block-uagb-advanced-heading uagb-block-fa0e85f2\"><h4 class=\"uagb-heading-text\">De quel pont roulant ai-je besoin ? Trouvez la solution \u00e0 vos probl\u00e8mes de levage<\/h4><\/div>\n\n\n\n<div class=\"wp-block-columns is-layout-flex wp-container-core-columns-is-layout-28f84493 wp-block-columns-is-layout-flex\">\n<div class=\"wp-block-column is-layout-flow wp-block-column-is-layout-flow\">\n<p>Il est essentiel d'identifier le bon pont roulant pour optimiser vos op\u00e9rations et garantir l'efficacit\u00e9 de la manutention de charges lourdes. <\/p>\n\n\n\n<p>Voici plusieurs facteurs \u00e0 prendre en compte lors du choix d'un pont roulant.<\/p>\n\n\n\n<div class=\"wp-block-uagb-advanced-heading uagb-block-e797fd82\"><h4 class=\"uagb-heading-text\">Analyse de vos besoins<\/h4><\/div>\n\n\n\n<p>Tenez compte de facteurs tels que le poids de la charge, la port\u00e9e requise et les espaces de travail disponibles pour d\u00e9terminer le pont roulant le mieux adapt\u00e9 \u00e0 votre entreprise. Effectuez une analyse approfondie pour identifier vos besoins pr\u00e9cis.<\/p>\n\n\n\n<p>Explorez les diff\u00e9rents types de ponts roulants, tels que les ponts monorail, les ponts \u00e0 double rail, les ponts suspendus et les ponts mont\u00e9s sur rail, afin de comprendre les caract\u00e9ristiques et les applications de chacun d'entre eux. Cela vous aidera \u00e0 prendre une d\u00e9cision en connaissance de cause.<\/p>\n<\/div>\n\n\n\n<div class=\"wp-block-column is-layout-flow wp-block-column-is-layout-flow\">\n<div class=\"wp-block-columns is-layout-flex wp-container-core-columns-is-layout-28f84493 wp-block-columns-is-layout-flex\">\n<div class=\"wp-block-column is-layout-flow wp-block-column-is-layout-flow\">\n<div class=\"wp-block-uagb-image uagb-block-145cb3e7 wp-block-uagb-image--layout-default wp-block-uagb-image--effect-static wp-block-uagb-image--align-none\"><figure class=\"wp-block-uagb-image__figure\"><img decoding=\"async\" srcset=\"https:\/\/i0.wp.com\/lbcranes.es\/wp-content\/uploads\/2023\/03\/WhatsApp-Image-2023-03-02-at-09.16.35-2-e1678438919275-1024x494.jpeg?resize=1024%2C494&#038;ssl=1 \" sizes=\"auto, (max-width: 480px) 150px\" src=\"https:\/\/i0.wp.com\/lbcranes.es\/wp-content\/uploads\/2023\/03\/WhatsApp-Image-2023-03-02-at-09.16.35-2-e1678438919275-1024x494.jpeg?resize=1024%2C494&#038;ssl=1\" alt=\"\" class=\"uag-image-700\" width=\"1024\" height=\"494\" title=\"\" loading=\"lazy\" data-recalc-dims=\"1\"\/><\/figure><\/div>\n<\/div>\n<\/div>\n<\/div>\n<\/div>\n\n\n\n<div class=\"wp-block-uagb-image aligncenter uagb-block-4b2e2e49 wp-block-uagb-image--layout-default wp-block-uagb-image--effect-static wp-block-uagb-image--align-center\"><figure class=\"wp-block-uagb-image__figure\"><img decoding=\"async\" srcset=\"https:\/\/i0.wp.com\/lbcranes.es\/wp-content\/uploads\/2023\/06\/polylux-4-scaled-e1685691320716-1024x397.jpg?resize=944%2C366&#038;ssl=1 \" sizes=\"auto, (max-width: 480px) 150px\" src=\"https:\/\/i0.wp.com\/lbcranes.es\/wp-content\/uploads\/2023\/06\/polylux-4-scaled-e1685691320716-1024x397.jpg?resize=944%2C366&#038;ssl=1\" alt=\"Pont roulant birrail LBCranes.\" class=\"uag-image-2303\" width=\"944\" height=\"366\" title=\"\" loading=\"lazy\" data-recalc-dims=\"1\"\/><\/figure><\/div>\n\n\n\n<div class=\"wp-block-columns is-layout-flex wp-container-core-columns-is-layout-28f84493 wp-block-columns-is-layout-flex\">\n<div class=\"wp-block-column is-layout-flow wp-block-column-is-layout-flow\">\n<div class=\"wp-block-uagb-advanced-heading uagb-block-9290cdd0\"><h4 class=\"uagb-heading-text\">Caract\u00e9ristiques et accessoires<\/h4><\/div>\n\n\n\n<p>Pensez aux caract\u00e9ristiques et accessoires suppl\u00e9mentaires disponibles, tels que les syst\u00e8mes de s\u00e9curit\u00e9, les commandes ergonomiques et les dispositifs de pr\u00e9hension sp\u00e9cialis\u00e9s. Ces \u00e9l\u00e9ments peuvent am\u00e9liorer la productivit\u00e9 et la s\u00e9curit\u00e9 sur votre lieu de travail.<\/p>\n\n\n\n<div class=\"wp-block-uagb-advanced-heading uagb-block-38771c5f\"><h4 class=\"uagb-heading-text\">Maintenance et assistance<\/h4><\/div>\n\n\n\n<p>Tenez compte des exigences en mati\u00e8re de maintenance et d'entretien des ponts roulants que vous envisagez d'acqu\u00e9rir. Assurez-vous d'avoir un plan d'entretien ad\u00e9quat et un acc\u00e8s \u00e0 des services de r\u00e9paration fiables pour garantir un fonctionnement optimal \u00e0 long terme. Chez LBCranes, nous offrons des services d'entretien pr\u00e9ventif et correctif ainsi qu'une assistance en cas de panne. <\/p>\n\n\n\n<p>Le choix du bon pont roulant est essentiel pour optimiser vos op\u00e9rations et assurer une manutention s\u00fbre et efficace des charges lourdes. R\u00e9fl\u00e9chissez \u00e0 vos besoins, explorez les diff\u00e9rents types, \u00e9valuez la capacit\u00e9 et la port\u00e9e, et consultez des experts pour trouver le pont roulant id\u00e9al. Am\u00e9liorez votre efficacit\u00e9 op\u00e9rationnelle avec la bonne solution !<\/p>\n<\/div>\n\n\n\n<div class=\"wp-block-column is-layout-flow wp-block-column-is-layout-flow\">\n<div class=\"wp-block-uagb-call-to-action uagb-block-94ffba7a wp-block-button\"><div class=\"uagb-cta__wrap\"><h3 class=\"uagb-cta__title\">De quel pont roulant ai-je besoin ?<\/h3><p class=\"uagb-cta__desc\">Cliquez sur le bouton et vous trouverez tous les types de ponts roulants que nous proposons et leurs sp\u00e9cifications respectives en mati\u00e8re de capacit\u00e9 de charge, de taille de trav\u00e9e, etc.<\/p><\/div><div class=\"uagb-cta__buttons\"><a href=\"https:\/\/lbcranes.es\/fr\/ponts-roulants\/\" class=\"uagb-cta__button-link-wrapper wp-block-button__link\" target=\"_self\" rel=\"noopener noreferrer\">Lire plus<\/a><\/div><\/div>\n<\/div>\n<\/div>","protected":false},"excerpt":{"rendered":"<p>\u00bfQu\u00e9 puente gr\u00faa necesito? Encuentra la soluci\u00f3n a tus problemas de elevaci\u00f3n Identificar el puente gr\u00faa correcto es esencial para optimizar tus operaciones y garantizar la eficiencia en la manipulaci\u00f3n de cargas pesadas. A continuaci\u00f3n te comentamos varios factores a tener en cuenta a la hora de escoger un puente gr\u00faa. An\u00e1lisis de tus requisitos [&hellip;]<\/p>","protected":false},"author":1,"featured_media":2304,"parent":2325,"menu_order":0,"comment_status":"closed","ping_status":"closed","template":"","meta":{"_uag_custom_page_level_css":"","site-sidebar-layout":"default","site-content-layout":"","ast-site-content-layout":"","site-content-style":"default","site-sidebar-style":"default","ast-global-header-display":"","ast-banner-title-visibility":"","ast-main-header-display":"","ast-hfb-above-header-display":"","ast-hfb-below-header-display":"","ast-hfb-mobile-header-display":"","site-post-title":"","ast-breadcrumbs-content":"","ast-featured-img":"","footer-sml-layout":"","theme-transparent-header-meta":"","adv-header-id-meta":"","stick-header-meta":"","header-above-stick-meta":"","header-main-stick-meta":"","header-below-stick-meta":"","astra-migrate-meta-layouts":"default","ast-page-background-enabled":"default","ast-page-background-meta":{"desktop":{"background-color":"var(--ast-global-color-4)","background-image":"","background-repeat":"repeat","background-position":"center center","background-size":"auto","background-attachment":"scroll","background-type":"","background-media":"","overlay-type":"","overlay-color":"","overlay-gradient":""},"tablet":{"background-color":"","background-image":"","background-repeat":"repeat","background-position":"center center","background-size":"auto","background-attachment":"scroll","background-type":"","background-media":"","overlay-type":"","overlay-color":"","overlay-gradient":""},"mobile":{"background-color":"","background-image":"","background-repeat":"repeat","background-position":"center center","background-size":"auto","background-attachment":"scroll","background-type":"","background-media":"","overlay-type":"","overlay-color":"","overlay-gradient":""}},"ast-content-background-meta":{"desktop":{"background-color":"var(--ast-global-color-5)","background-image":"","background-repeat":"repeat","background-position":"center center","background-size":"auto","background-attachment":"scroll","background-type":"","background-media":"","overlay-type":"","overlay-color":"","overlay-gradient":""},"tablet":{"background-color":"var(--ast-global-color-5)","background-image":"","background-repeat":"repeat","background-position":"center center","background-size":"auto","background-attachment":"scroll","background-type":"","background-media":"","overlay-type":"","overlay-color":"","overlay-gradient":""},"mobile":{"background-color":"var(--ast-global-color-5)","background-image":"","background-repeat":"repeat","background-position":"center center","background-size":"auto","background-attachment":"scroll","background-type":"","background-media":"","overlay-type":"","overlay-color":"","overlay-gradient":""}},"footnotes":""},"class_list":["post-2423","page","type-page","status-publish","has-post-thumbnail","hentry"],"yoast_head":"<!-- This site is optimized with the Yoast SEO plugin v22.3 - https:\/\/yoast.com\/wordpress\/plugins\/seo\/ -->\n<title>\u00bfQu\u00e9 puente gr\u00faa necesito? - LBCranes Puentes Gr\u00faa Espa\u00f1a<\/title>\n<meta name=\"description\" content=\"Descubre c\u00f3mo seleccionar el puente gr\u00faa adecuado para satisfacer tus necesidades espec\u00edficas. \u00bfQu\u00e9 puente gr\u00faa necesito?\" \/>\n<meta name=\"robots\" content=\"index, follow, max-snippet:-1, max-image-preview:large, max-video-preview:-1\" \/>\n<link rel=\"canonical\" href=\"https:\/\/lbcranes.es\/fr\/contenu\/pont-grue-ai-je-besoin\/\" \/>\n<meta property=\"og:locale\" content=\"fr_FR\" \/>\n<meta property=\"og:type\" content=\"article\" \/>\n<meta property=\"og:title\" content=\"\u00bfQu\u00e9 puente gr\u00faa necesito? - LBCranes Puentes Gr\u00faa Espa\u00f1a\" \/>\n<meta property=\"og:description\" content=\"Descubre c\u00f3mo seleccionar el puente gr\u00faa adecuado para satisfacer tus necesidades espec\u00edficas. \u00bfQu\u00e9 puente gr\u00faa necesito?\" \/>\n<meta property=\"og:url\" content=\"https:\/\/lbcranes.es\/fr\/contenu\/pont-grue-ai-je-besoin\/\" \/>\n<meta property=\"og:site_name\" content=\"LBCranes Puentes Gr\u00faa Espa\u00f1a\" \/>\n<meta property=\"article:modified_time\" content=\"2023-06-21T08:04:00+00:00\" \/>\n<meta property=\"og:image\" content=\"https:\/\/lbcranes.es\/wp-content\/uploads\/2023\/06\/polylux-5-scaled.jpg\" \/>\n\t<meta property=\"og:image:width\" content=\"2560\" \/>\n\t<meta property=\"og:image:height\" content=\"1534\" \/>\n\t<meta property=\"og:image:type\" content=\"image\/jpeg\" \/>\n<meta name=\"twitter:card\" content=\"summary_large_image\" \/>\n<meta name=\"twitter:label1\" content=\"Dur\u00e9e de lecture estim\u00e9e\" \/>\n\t<meta name=\"twitter:data1\" content=\"2 minutes\" \/>\n<script type=\"application\/ld+json\" class=\"yoast-schema-graph\">{\"@context\":\"https:\/\/schema.org\",\"@graph\":[{\"@type\":\"WebPage\",\"@id\":\"https:\/\/lbcranes.es\/contenido\/que-puente-grua-necesito\/\",\"url\":\"https:\/\/lbcranes.es\/contenido\/que-puente-grua-necesito\/\",\"name\":\"\u00bfQu\u00e9 puente gr\u00faa necesito? - LBCranes Puentes Gr\u00faa Espa\u00f1a\",\"isPartOf\":{\"@id\":\"https:\/\/lbcranes.es\/#website\"},\"primaryImageOfPage\":{\"@id\":\"https:\/\/lbcranes.es\/contenido\/que-puente-grua-necesito\/#primaryimage\"},\"image\":{\"@id\":\"https:\/\/lbcranes.es\/contenido\/que-puente-grua-necesito\/#primaryimage\"},\"thumbnailUrl\":\"https:\/\/i0.wp.com\/lbcranes.es\/wp-content\/uploads\/2023\/06\/polylux-5-scaled.jpg?fit=2560%2C1534&ssl=1\",\"datePublished\":\"2023-06-21T08:03:34+00:00\",\"dateModified\":\"2023-06-21T08:04:00+00:00\",\"description\":\"Descubre c\u00f3mo seleccionar el puente gr\u00faa adecuado para satisfacer tus necesidades espec\u00edficas. \u00bfQu\u00e9 puente gr\u00faa necesito?\",\"breadcrumb\":{\"@id\":\"https:\/\/lbcranes.es\/contenido\/que-puente-grua-necesito\/#breadcrumb\"},\"inLanguage\":\"fr-FR\",\"potentialAction\":[{\"@type\":\"ReadAction\",\"target\":[\"https:\/\/lbcranes.es\/contenido\/que-puente-grua-necesito\/\"]}]},{\"@type\":\"ImageObject\",\"inLanguage\":\"fr-FR\",\"@id\":\"https:\/\/lbcranes.es\/contenido\/que-puente-grua-necesito\/#primaryimage\",\"url\":\"https:\/\/i0.wp.com\/lbcranes.es\/wp-content\/uploads\/2023\/06\/polylux-5-scaled.jpg?fit=2560%2C1534&ssl=1\",\"contentUrl\":\"https:\/\/i0.wp.com\/lbcranes.es\/wp-content\/uploads\/2023\/06\/polylux-5-scaled.jpg?fit=2560%2C1534&ssl=1\",\"width\":2560,\"height\":1534,\"caption\":\"Puente gr\u00faa birra\u00edl 5Tn\"},{\"@type\":\"BreadcrumbList\",\"@id\":\"https:\/\/lbcranes.es\/contenido\/que-puente-grua-necesito\/#breadcrumb\",\"itemListElement\":[{\"@type\":\"ListItem\",\"position\":1,\"name\":\"Portada\",\"item\":\"https:\/\/lbcranes.es\/\"},{\"@type\":\"ListItem\",\"position\":2,\"name\":\"Contenido\",\"item\":\"https:\/\/lbcranes.es\/contenido\/\"},{\"@type\":\"ListItem\",\"position\":3,\"name\":\"\u00bfQu\u00e9 Puente Gr\u00faa Necesito? Encuentra la Soluci\u00f3n\"}]},{\"@type\":\"WebSite\",\"@id\":\"https:\/\/lbcranes.es\/#website\",\"url\":\"https:\/\/lbcranes.es\/\",\"name\":\"LBCranes Puentes Gr\u00faa Espa\u00f1a\",\"description\":\"Venta e instalaci\u00f3n de puentes gr\u00faa y sistemas de elevaci\u00f3n para industria.\",\"publisher\":{\"@id\":\"https:\/\/lbcranes.es\/#organization\"},\"alternateName\":\"LBCranes\",\"potentialAction\":[{\"@type\":\"SearchAction\",\"target\":{\"@type\":\"EntryPoint\",\"urlTemplate\":\"https:\/\/lbcranes.es\/?s={search_term_string}\"},\"query-input\":\"required name=search_term_string\"}],\"inLanguage\":\"fr-FR\"},{\"@type\":\"Organization\",\"@id\":\"https:\/\/lbcranes.es\/#organization\",\"name\":\"LBCranes Puentes Gr\u00faa\",\"alternateName\":\"LBCranes Lifting Equipments\",\"url\":\"https:\/\/lbcranes.es\/\",\"logo\":{\"@type\":\"ImageObject\",\"inLanguage\":\"fr-FR\",\"@id\":\"https:\/\/lbcranes.es\/#\/schema\/logo\/image\/\",\"url\":\"https:\/\/lbcranes.es\/wp-content\/uploads\/2023\/02\/lbcranes_logo.svg\",\"contentUrl\":\"https:\/\/lbcranes.es\/wp-content\/uploads\/2023\/02\/lbcranes_logo.svg\",\"width\":1,\"height\":1,\"caption\":\"LBCranes Puentes Gr\u00faa\"},\"image\":{\"@id\":\"https:\/\/lbcranes.es\/#\/schema\/logo\/image\/\"},\"sameAs\":[\"https:\/\/www.instagram.com\/lbcranes\/\",\"https:\/\/www.linkedin.com\/company\/lbcranes-lifting-equipments\"]}]}<\/script>\n<!-- \/ Yoast SEO plugin. -->","yoast_head_json":{"title":"\u00bfQu\u00e9 puente gr\u00faa necesito? - LBCranes Puentes Gr\u00faa Espa\u00f1a","description":"Descubre c\u00f3mo seleccionar el puente gr\u00faa adecuado para satisfacer tus necesidades espec\u00edficas. \u00bfQu\u00e9 puente gr\u00faa necesito?","robots":{"index":"index","follow":"follow","max-snippet":"max-snippet:-1","max-image-preview":"max-image-preview:large","max-video-preview":"max-video-preview:-1"},"canonical":"https:\/\/lbcranes.es\/fr\/contenu\/pont-grue-ai-je-besoin\/","og_locale":"fr_FR","og_type":"article","og_title":"\u00bfQu\u00e9 puente gr\u00faa necesito? - LBCranes Puentes Gr\u00faa Espa\u00f1a","og_description":"Descubre c\u00f3mo seleccionar el puente gr\u00faa adecuado para satisfacer tus necesidades espec\u00edficas. \u00bfQu\u00e9 puente gr\u00faa necesito?","og_url":"https:\/\/lbcranes.es\/fr\/contenu\/pont-grue-ai-je-besoin\/","og_site_name":"LBCranes Puentes Gr\u00faa Espa\u00f1a","article_modified_time":"2023-06-21T08:04:00+00:00","og_image":[{"width":2560,"height":1534,"url":"https:\/\/lbcranes.es\/wp-content\/uploads\/2023\/06\/polylux-5-scaled.jpg","type":"image\/jpeg"}],"twitter_card":"summary_large_image","twitter_misc":{"Dur\u00e9e de lecture estim\u00e9e":"2 minutes"},"schema":{"@context":"https:\/\/schema.org","@graph":[{"@type":"WebPage","@id":"https:\/\/lbcranes.es\/contenido\/que-puente-grua-necesito\/","url":"https:\/\/lbcranes.es\/contenido\/que-puente-grua-necesito\/","name":"\u00bfQu\u00e9 puente gr\u00faa necesito? - LBCranes Puentes Gr\u00faa Espa\u00f1a","isPartOf":{"@id":"https:\/\/lbcranes.es\/#website"},"primaryImageOfPage":{"@id":"https:\/\/lbcranes.es\/contenido\/que-puente-grua-necesito\/#primaryimage"},"image":{"@id":"https:\/\/lbcranes.es\/contenido\/que-puente-grua-necesito\/#primaryimage"},"thumbnailUrl":"https:\/\/i0.wp.com\/lbcranes.es\/wp-content\/uploads\/2023\/06\/polylux-5-scaled.jpg?fit=2560%2C1534&ssl=1","datePublished":"2023-06-21T08:03:34+00:00","dateModified":"2023-06-21T08:04:00+00:00","description":"Descubre c\u00f3mo seleccionar el puente gr\u00faa adecuado para satisfacer tus necesidades espec\u00edficas. \u00bfQu\u00e9 puente gr\u00faa necesito?","breadcrumb":{"@id":"https:\/\/lbcranes.es\/contenido\/que-puente-grua-necesito\/#breadcrumb"},"inLanguage":"fr-FR","potentialAction":[{"@type":"ReadAction","target":["https:\/\/lbcranes.es\/contenido\/que-puente-grua-necesito\/"]}]},{"@type":"ImageObject","inLanguage":"fr-FR","@id":"https:\/\/lbcranes.es\/contenido\/que-puente-grua-necesito\/#primaryimage","url":"https:\/\/i0.wp.com\/lbcranes.es\/wp-content\/uploads\/2023\/06\/polylux-5-scaled.jpg?fit=2560%2C1534&ssl=1","contentUrl":"https:\/\/i0.wp.com\/lbcranes.es\/wp-content\/uploads\/2023\/06\/polylux-5-scaled.jpg?fit=2560%2C1534&ssl=1","width":2560,"height":1534,"caption":"Puente gr\u00faa birra\u00edl 5Tn"},{"@type":"BreadcrumbList","@id":"https:\/\/lbcranes.es\/contenido\/que-puente-grua-necesito\/#breadcrumb","itemListElement":[{"@type":"ListItem","position":1,"name":"Portada","item":"https:\/\/lbcranes.es\/"},{"@type":"ListItem","position":2,"name":"Contenido","item":"https:\/\/lbcranes.es\/contenido\/"},{"@type":"ListItem","position":3,"name":"\u00bfQu\u00e9 Puente Gr\u00faa Necesito? Encuentra la Soluci\u00f3n"}]},{"@type":"WebSite","@id":"https:\/\/lbcranes.es\/#website","url":"https:\/\/lbcranes.es\/","name":"LBCranes Puentes Gr\u00faa Espa\u00f1a","description":"Venta e instalaci\u00f3n de puentes gr\u00faa y sistemas de elevaci\u00f3n para industria.","publisher":{"@id":"https:\/\/lbcranes.es\/#organization"},"alternateName":"LBCranes","potentialAction":[{"@type":"SearchAction","target":{"@type":"EntryPoint","urlTemplate":"https:\/\/lbcranes.es\/?s={search_term_string}"},"query-input":"required name=search_term_string"}],"inLanguage":"fr-FR"},{"@type":"Organization","@id":"https:\/\/lbcranes.es\/#organization","name":"LBCranes Puentes Gr\u00faa","alternateName":"LBCranes Lifting Equipments","url":"https:\/\/lbcranes.es\/","logo":{"@type":"ImageObject","inLanguage":"fr-FR","@id":"https:\/\/lbcranes.es\/#\/schema\/logo\/image\/","url":"https:\/\/lbcranes.es\/wp-content\/uploads\/2023\/02\/lbcranes_logo.svg","contentUrl":"https:\/\/lbcranes.es\/wp-content\/uploads\/2023\/02\/lbcranes_logo.svg","width":1,"height":1,"caption":"LBCranes Puentes Gr\u00faa"},"image":{"@id":"https:\/\/lbcranes.es\/#\/schema\/logo\/image\/"},"sameAs":["https:\/\/www.instagram.com\/lbcranes\/","https:\/\/www.linkedin.com\/company\/lbcranes-lifting-equipments"]}]}},"jetpack_sharing_enabled":true,"uagb_featured_image_src":{"full":["https:\/\/i0.wp.com\/lbcranes.es\/wp-content\/uploads\/2023\/06\/polylux-5-scaled.jpg?fit=2560%2C1534&ssl=1",2560,1534,false],"thumbnail":["https:\/\/i0.wp.com\/lbcranes.es\/wp-content\/uploads\/2023\/06\/polylux-5-scaled.jpg?resize=150%2C150&ssl=1",150,150,true],"medium":["https:\/\/i0.wp.com\/lbcranes.es\/wp-content\/uploads\/2023\/06\/polylux-5-scaled.jpg?fit=300%2C180&ssl=1",300,180,true],"medium_large":["https:\/\/i0.wp.com\/lbcranes.es\/wp-content\/uploads\/2023\/06\/polylux-5-scaled.jpg?fit=768%2C460&ssl=1",768,460,true],"large":["https:\/\/i0.wp.com\/lbcranes.es\/wp-content\/uploads\/2023\/06\/polylux-5-scaled.jpg?fit=1024%2C614&ssl=1",1024,614,true],"1536x1536":["https:\/\/i0.wp.com\/lbcranes.es\/wp-content\/uploads\/2023\/06\/polylux-5-scaled.jpg?fit=1536%2C920&ssl=1",1536,920,true],"2048x2048":["https:\/\/i0.wp.com\/lbcranes.es\/wp-content\/uploads\/2023\/06\/polylux-5-scaled.jpg?fit=2048%2C1227&ssl=1",2048,1227,true],"trp-custom-language-flag":["https:\/\/i0.wp.com\/lbcranes.es\/wp-content\/uploads\/2023\/06\/polylux-5-scaled.jpg?fit=18%2C12&ssl=1",18,12,true]},"uagb_author_info":{"display_name":"admin","author_link":"https:\/\/lbcranes.es\/fr\/author\/miquelcoll\/"},"uagb_comment_info":0,"uagb_excerpt":"\u00bfQu\u00e9 puente gr\u00faa necesito? Encuentra la soluci\u00f3n a tus problemas de elevaci\u00f3n Identificar el puente gr\u00faa correcto es esencial para optimizar tus operaciones y garantizar la eficiencia en la manipulaci\u00f3n de cargas pesadas. A continuaci\u00f3n te comentamos varios factores a tener en cuenta a la hora de escoger un puente gr\u00faa. An\u00e1lisis de tus requisitos\u2026","jetpack-related-posts":[],"_links":{"self":[{"href":"https:\/\/lbcranes.es\/fr\/wp-json\/wp\/v2\/pages\/2423","targetHints":{"allow":["GET"]}}],"collection":[{"href":"https:\/\/lbcranes.es\/fr\/wp-json\/wp\/v2\/pages"}],"about":[{"href":"https:\/\/lbcranes.es\/fr\/wp-json\/wp\/v2\/types\/page"}],"author":[{"embeddable":true,"href":"https:\/\/lbcranes.es\/fr\/wp-json\/wp\/v2\/users\/1"}],"replies":[{"embeddable":true,"href":"https:\/\/lbcranes.es\/fr\/wp-json\/wp\/v2\/comments?post=2423"}],"version-history":[{"count":2,"href":"https:\/\/lbcranes.es\/fr\/wp-json\/wp\/v2\/pages\/2423\/revisions"}],"predecessor-version":[{"id":2605,"href":"https:\/\/lbcranes.es\/fr\/wp-json\/wp\/v2\/pages\/2423\/revisions\/2605"}],"up":[{"embeddable":true,"href":"https:\/\/lbcranes.es\/fr\/wp-json\/wp\/v2\/pages\/2325"}],"wp:featuredmedia":[{"embeddable":true,"href":"https:\/\/lbcranes.es\/fr\/wp-json\/wp\/v2\/media\/2304"}],"wp:attachment":[{"href":"https:\/\/lbcranes.es\/fr\/wp-json\/wp\/v2\/media?parent=2423"}],"curies":[{"name":"wp","href":"https:\/\/api.w.org\/{rel}","templated":true}]}}